{"id":536,"date":"2023-09-03T04:38:50","date_gmt":"2023-09-03T04:38:50","guid":{"rendered":"https:\/\/labonsale.com\/?post_type=product&#038;p=536"},"modified":"2024-04-22T14:18:10","modified_gmt":"2024-04-22T14:18:10","slug":"secagem-por-pulverizacao","status":"publish","type":"product","link":"https:\/\/labonsale.com\/pt\/product\/spray-drying\/","title":{"rendered":"SECAGEM POR PULVERIZA\u00c7\u00c3O"},"content":{"rendered":"<p>Quer voc\u00ea precise de solu\u00e7\u00f5es em escala laboratorial ou industrial, nossos sistemas de \u00faltima gera\u00e7\u00e3o s\u00e3o projetados para revolucionar seus processos de secagem e atender \u00e0s diversas necessidades das ind\u00fastrias em todo o mundo.<\/p>\n<h3>Formul\u00e1rios<\/h3>\n<p>Nosso sistema de secagem por spray encontra aplica\u00e7\u00f5es em v\u00e1rios setores, incluindo, mas n\u00e3o se limitando a:<\/p>\n<ul>\n<li>Alimentos e Bebidas: Ideal para a produ\u00e7\u00e3o de caf\u00e9 instant\u00e2neo, latic\u00ednios, sabores, temperos e suplementos nutricionais.<\/li>\n<li>Farmac\u00eautica: Permite a produ\u00e7\u00e3o de medicamentos em p\u00f3, medicamentos inal\u00e1veis \u200b\u200be excipientes farmac\u00eauticos.<\/li>\n<li>Produtos qu\u00edmicos: Usados \u200b\u200bpara secar corantes, pigmentos, catalisadores e outros produtos qu\u00edmicos especializados.<\/li>\n<li>Cer\u00e2mica: Facilita a secagem de materiais cer\u00e2micos para produ\u00e7\u00e3o de p\u00f3s, revestimentos e comp\u00f3sitos.<\/li>\n<li>Biotecnologia: Permite a secagem de biomateriais, enzimas, probi\u00f3ticos e outros produtos biotecnol\u00f3gicos.<\/li>\n<\/ul>\n<figure id=\"attachment_537\" aria-describedby=\"caption-attachment-537\" style=\"width: 1200px\" class=\"wp-caption aligncenter\"><img fetchpriority=\"high\" decoding=\"async\" class=\"wp-image-537 size-full\" src=\"https:\/\/labonsale.com\/wp-content\/uploads\/2023\/09\/Spray-Dryer-Operating-State-Simulating.webp\" alt=\"Simula\u00e7\u00e3o do estado operacional de secagem por pulveriza\u00e7\u00e3o\" width=\"1200\" height=\"600\" srcset=\"https:\/\/labonsale.com\/wp-content\/uploads\/2023\/09\/Spray-Dryer-Operating-State-Simulating.webp 1200w, https:\/\/labonsale.com\/wp-content\/uploads\/2023\/09\/Spray-Dryer-Operating-State-Simulating-600x300.webp 600w, https:\/\/labonsale.com\/wp-content\/uploads\/2023\/09\/Spray-Dryer-Operating-State-Simulating-300x150.webp 300w, https:\/\/labonsale.com\/wp-content\/uploads\/2023\/09\/Spray-Dryer-Operating-State-Simulating-1024x512.webp 1024w, https:\/\/labonsale.com\/wp-content\/uploads\/2023\/09\/Spray-Dryer-Operating-State-Simulating-768x384.webp 768w\" sizes=\"(max-width: 1200px) 100vw, 1200px\" \/><figcaption id=\"caption-attachment-537\" class=\"wp-caption-text\">Simula\u00e7\u00e3o do estado operacional de secagem por pulveriza\u00e7\u00e3o<\/figcaption><\/figure>\n<p><span style=\"font-size: 16px;\">Volte para <\/span><a style=\"font-size: 16px; background-color: #ffffff;\" href=\"https:\/\/labonsale.com\/pt\/\" data-type=\"page\" data-id=\"308\">pagina inicial<\/a><\/p>\n<p>Veja mais sobre Spray Drying na\u00a0<a href=\"https:\/\/en.wikipedia.org\/wiki\/Spray_drying\" target=\"_blank\" rel=\"noopener\" data-type=\"URL\" data-id=\"https:\/\/en.wikipedia.org\/wiki\/Spray_drying\">Wikip\u00e9dia<\/a><\/p>","protected":false},"excerpt":{"rendered":"<p>Com um compromisso com a efici\u00eancia, precis\u00e3o e qualidade excepcional, oferecemos solu\u00e7\u00f5es de secagem por pulveriza\u00e7\u00e3o de ponta que levar\u00e3o seus produtos a novos patamares. Quer voc\u00ea precise de solu\u00e7\u00f5es em escala laboratorial ou industrial, nossos sistemas de \u00faltima gera\u00e7\u00e3o s\u00e3o projetados para revolucionar seus processos de secagem e atender \u00e0s diversas necessidades das ind\u00fastrias em todo o mundo. Nosso sistema de secagem por spray utiliza um processo de \u00faltima gera\u00e7\u00e3o que converte alimenta\u00e7\u00e3o l\u00edquida em p\u00f3 seco ou gr\u00e2nulos por meio de secagem r\u00e1pida. Esta t\u00e9cnica inovadora envolve a atomiza\u00e7\u00e3o da alimenta\u00e7\u00e3o l\u00edquida em got\u00edculas finas, que s\u00e3o ent\u00e3o expostas a um fluxo de g\u00e1s quente. \u00c0 medida que as gotas passam pela c\u00e2mara de secagem, a umidade evapora rapidamente, deixando para tr\u00e1s part\u00edculas secas que podem ser coletadas e processadas conforme necess\u00e1rio.<\/p>","protected":false},"featured_media":540,"comment_status":"closed","ping_status":"closed","template":"","meta":{"neve_meta_sidebar":"","neve_meta_container":"","neve_meta_enable_content_width":"off","neve_meta_content_width":100,"neve_meta_title_alignment":"","neve_meta_author_avatar":"","neve_post_elements_order":"","neve_meta_disable_header":"","neve_meta_disable_footer":"","neve_meta_disable_title":""},"product_brand":[],"product_cat":[23],"product_tag":[],"class_list":{"0":"post-536","1":"product","2":"type-product","3":"status-publish","4":"has-post-thumbnail","6":"product_cat-drying-equipment","8":"first","9":"instock","10":"shipping-taxable","11":"product-type-simple"},"_links":{"self":[{"href":"https:\/\/labonsale.com\/pt\/wp-json\/wp\/v2\/product\/536","targetHints":{"allow":["GET"]}}],"collection":[{"href":"https:\/\/labonsale.com\/pt\/wp-json\/wp\/v2\/product"}],"about":[{"href":"https:\/\/labonsale.com\/pt\/wp-json\/wp\/v2\/types\/product"}],"replies":[{"embeddable":true,"href":"https:\/\/labonsale.com\/pt\/wp-json\/wp\/v2\/comments?post=536"}],"version-history":[{"count":1,"href":"https:\/\/labonsale.com\/pt\/wp-json\/wp\/v2\/product\/536\/revisions"}],"predecessor-version":[{"id":1320,"href":"https:\/\/labonsale.com\/pt\/wp-json\/wp\/v2\/product\/536\/revisions\/1320"}],"wp:featuredmedia":[{"embeddable":true,"href":"https:\/\/labonsale.com\/pt\/wp-json\/wp\/v2\/media\/540"}],"wp:attachment":[{"href":"https:\/\/labonsale.com\/pt\/wp-json\/wp\/v2\/media?parent=536"}],"wp:term":[{"taxonomy":"product_brand","embeddable":true,"href":"https:\/\/labonsale.com\/pt\/wp-json\/wp\/v2\/product_brand?post=536"},{"taxonomy":"product_cat","embeddable":true,"href":"https:\/\/labonsale.com\/pt\/wp-json\/wp\/v2\/product_cat?post=536"},{"taxonomy":"product_tag","embeddable":true,"href":"https:\/\/labonsale.com\/pt\/wp-json\/wp\/v2\/product_tag?post=536"}],"curies":[{"name":"wp","href":"https:\/\/api.w.org\/{rel}","templated":true}]}}