{"id":522,"date":"2023-09-03T04:04:26","date_gmt":"2023-09-03T04:04:26","guid":{"rendered":"https:\/\/labonsale.com\/?post_type=product&#038;p=522"},"modified":"2024-04-22T14:18:04","modified_gmt":"2024-04-22T14:18:04","slug":"liofilizador","status":"publish","type":"product","link":"https:\/\/labonsale.com\/pt\/product\/lyophilizer\/","title":{"rendered":"Liofilizador"},"content":{"rendered":"<p>Bem-vindo ao liofilizador avan\u00e7ado da nossa empresa, que oferece solu\u00e7\u00f5es inovadoras para uma ampla gama de aplica\u00e7\u00f5es. Nossos equipamentos de \u00faltima gera\u00e7\u00e3o s\u00e3o projetados especificamente para atender \u00e0s diversas necessidades de laborat\u00f3rios, resid\u00eancias, instala\u00e7\u00f5es industriais e opera\u00e7\u00f5es em escala piloto. Nesta p\u00e1gina detalhada, exploraremos as diferentes especifica\u00e7\u00f5es e capacidades de nossos vers\u00e1teis liofilizadores, destacando seus benef\u00edcios e aplica\u00e7\u00f5es. Contate-nos hoje para descobrir solu\u00e7\u00f5es eficientes de liofiliza\u00e7\u00e3o adaptadas \u00e0s suas necessidades.<\/p>\n<h3>Tipos de liofilizador<\/h3>\n<figure id=\"attachment_524\" aria-describedby=\"caption-attachment-524\" style=\"width: 1200px\" class=\"wp-caption aligncenter\"><img fetchpriority=\"high\" decoding=\"async\" class=\"size-full wp-image-524\" src=\"https:\/\/labonsale.com\/wp-content\/uploads\/2023\/09\/Freeze-Dryer-Types.webp\" alt=\"Tipos de liofilizador\" width=\"1200\" height=\"600\" srcset=\"https:\/\/labonsale.com\/wp-content\/uploads\/2023\/09\/Freeze-Dryer-Types.webp 1200w, https:\/\/labonsale.com\/wp-content\/uploads\/2023\/09\/Freeze-Dryer-Types-600x300.webp 600w, https:\/\/labonsale.com\/wp-content\/uploads\/2023\/09\/Freeze-Dryer-Types-300x150.webp 300w, https:\/\/labonsale.com\/wp-content\/uploads\/2023\/09\/Freeze-Dryer-Types-1024x512.webp 1024w, https:\/\/labonsale.com\/wp-content\/uploads\/2023\/09\/Freeze-Dryer-Types-768x384.webp 768w\" sizes=\"(max-width: 1200px) 100vw, 1200px\" \/><figcaption id=\"caption-attachment-524\" class=\"wp-caption-text\">Tipos de liofilizador<\/figcaption><\/figure>\n<figure id=\"attachment_1294\" aria-describedby=\"caption-attachment-1294\" style=\"width: 800px\" class=\"wp-caption aligncenter\"><img decoding=\"async\" class=\"size-full wp-image-1294\" src=\"https:\/\/labonsale.com\/wp-content\/uploads\/2023\/09\/Lyophilizer-Display.webp\" alt=\"Visor do liofilizador\" width=\"800\" height=\"610\" srcset=\"https:\/\/labonsale.com\/wp-content\/uploads\/2023\/09\/Lyophilizer-Display.webp 800w, https:\/\/labonsale.com\/wp-content\/uploads\/2023\/09\/Lyophilizer-Display-300x229.webp 300w, https:\/\/labonsale.com\/wp-content\/uploads\/2023\/09\/Lyophilizer-Display-768x586.webp 768w, https:\/\/labonsale.com\/wp-content\/uploads\/2023\/09\/Lyophilizer-Display-16x12.webp 16w, https:\/\/labonsale.com\/wp-content\/uploads\/2023\/09\/Lyophilizer-Display-600x458.webp 600w\" sizes=\"(max-width: 800px) 100vw, 800px\" \/><figcaption id=\"caption-attachment-1294\" class=\"wp-caption-text\">Visor do liofilizador<\/figcaption><\/figure>\n<figure id=\"attachment_532\" aria-describedby=\"caption-attachment-532\" style=\"width: 800px\" class=\"wp-caption aligncenter\"><img decoding=\"async\" class=\"size-full wp-image-532\" src=\"https:\/\/labonsale.com\/wp-content\/uploads\/2023\/09\/Lyophilizer-Real-Shot.webp\" alt=\"Liofilizador Real Shot\" width=\"800\" height=\"800\" srcset=\"https:\/\/labonsale.com\/wp-content\/uploads\/2023\/09\/Lyophilizer-Real-Shot.webp 800w, https:\/\/labonsale.com\/wp-content\/uploads\/2023\/09\/Lyophilizer-Real-Shot-300x300.webp 300w, https:\/\/labonsale.com\/wp-content\/uploads\/2023\/09\/Lyophilizer-Real-Shot-100x100.webp 100w, https:\/\/labonsale.com\/wp-content\/uploads\/2023\/09\/Lyophilizer-Real-Shot-600x600.webp 600w, https:\/\/labonsale.com\/wp-content\/uploads\/2023\/09\/Lyophilizer-Real-Shot-150x150.webp 150w, https:\/\/labonsale.com\/wp-content\/uploads\/2023\/09\/Lyophilizer-Real-Shot-768x768.webp 768w\" sizes=\"(max-width: 800px) 100vw, 800px\" \/><figcaption id=\"caption-attachment-532\" class=\"wp-caption-text\">Liofilizador Real Shot<\/figcaption><\/figure>\n<figure id=\"attachment_1299\" aria-describedby=\"caption-attachment-1299\" style=\"width: 800px\" class=\"wp-caption aligncenter\"><img loading=\"lazy\" decoding=\"async\" class=\"size-full wp-image-1299\" src=\"https:\/\/labonsale.com\/wp-content\/uploads\/2023\/09\/Lyophilizer-Real-Shot-1.webp\" alt=\"Liofilizador Real Shot\" width=\"800\" height=\"800\" srcset=\"https:\/\/labonsale.com\/wp-content\/uploads\/2023\/09\/Lyophilizer-Real-Shot-1.webp 800w, https:\/\/labonsale.com\/wp-content\/uploads\/2023\/09\/Lyophilizer-Real-Shot-1-300x300.webp 300w, https:\/\/labonsale.com\/wp-content\/uploads\/2023\/09\/Lyophilizer-Real-Shot-1-150x150.webp 150w, https:\/\/labonsale.com\/wp-content\/uploads\/2023\/09\/Lyophilizer-Real-Shot-1-768x768.webp 768w, https:\/\/labonsale.com\/wp-content\/uploads\/2023\/09\/Lyophilizer-Real-Shot-1-12x12.webp 12w, https:\/\/labonsale.com\/wp-content\/uploads\/2023\/09\/Lyophilizer-Real-Shot-1-600x600.webp 600w, https:\/\/labonsale.com\/wp-content\/uploads\/2023\/09\/Lyophilizer-Real-Shot-1-100x100.webp 100w\" sizes=\"(max-width: 800px) 100vw, 800px\" \/><figcaption id=\"caption-attachment-1299\" class=\"wp-caption-text\">Liofilizador Real Shot<\/figcaption><\/figure>\n<figure id=\"attachment_1302\" aria-describedby=\"caption-attachment-1302\" style=\"width: 800px\" class=\"wp-caption aligncenter\"><img loading=\"lazy\" decoding=\"async\" class=\"size-full wp-image-1302\" src=\"https:\/\/labonsale.com\/wp-content\/uploads\/2023\/09\/Lyophilizer-Packing.jpg\" alt=\"Embalagem Liofilizadora\" width=\"800\" height=\"800\" srcset=\"https:\/\/labonsale.com\/wp-content\/uploads\/2023\/09\/Lyophilizer-Packing.jpg 800w, https:\/\/labonsale.com\/wp-content\/uploads\/2023\/09\/Lyophilizer-Packing-300x300.jpg 300w, https:\/\/labonsale.com\/wp-content\/uploads\/2023\/09\/Lyophilizer-Packing-150x150.jpg 150w, https:\/\/labonsale.com\/wp-content\/uploads\/2023\/09\/Lyophilizer-Packing-768x768.jpg 768w, https:\/\/labonsale.com\/wp-content\/uploads\/2023\/09\/Lyophilizer-Packing-12x12.jpg 12w, https:\/\/labonsale.com\/wp-content\/uploads\/2023\/09\/Lyophilizer-Packing-600x600.jpg 600w, https:\/\/labonsale.com\/wp-content\/uploads\/2023\/09\/Lyophilizer-Packing-100x100.jpg 100w\" sizes=\"(max-width: 800px) 100vw, 800px\" \/><figcaption id=\"caption-attachment-1302\" class=\"wp-caption-text\">Embalagem Liofilizadora<\/figcaption><\/figure>\n<h3 class=\"has-ast-global-color-0-color has-text-color has-medium-font-size wp-block-heading\"><strong>Est\u00e1gios de liofiliza\u00e7\u00e3o<\/strong><\/h3>\n<p>Existem quatro etapas no processo completo de liofiliza\u00e7\u00e3o: pr\u00e9-tratamento, congelamento, secagem prim\u00e1ria e secagem secund\u00e1ria.<\/p>\n<h4 class=\"wp-block-heading\"><strong>Pr\u00e9-tratamento<\/strong><\/h4>\n<p>O pr\u00e9-tratamento inclui qualquer m\u00e9todo de tratamento do produto antes do congelamento. Isso pode incluir concentra\u00e7\u00e3o do produto, revis\u00e3o da formula\u00e7\u00e3o (isto \u00e9, adi\u00e7\u00e3o de componentes para aumentar a estabilidade, preservar a apar\u00eancia e\/ou melhorar o processamento), diminuir um solvente de alta press\u00e3o de vapor ou aumentar a \u00e1rea de superf\u00edcie.<\/p>\n<h4 class=\"wp-block-heading\"><strong>Congelamento e recozimento<\/strong><\/h4>\n<p>Durante a fase de congelamento, o material \u00e9 resfriado abaixo do seu ponto triplo, a temperatura na qual as fases s\u00f3lida, l\u00edquida e gasosa do material podem coexistir. Isso garante que a sublima\u00e7\u00e3o, em vez da fus\u00e3o, ocorrer\u00e1 nas etapas seguintes.<\/p>\n<h4 class=\"wp-block-heading\"><strong>Bens estruturalmente sens\u00edveis<\/strong><\/h4>\n<p>No caso de bens onde \u00e9 necess\u00e1ria a preserva\u00e7\u00e3o da estrutura, como alimentos ou objectos com c\u00e9lulas anteriormente vivas, grandes cristais de gelo quebrar\u00e3o as paredes celulares, o que pode resultar numa textura cada vez mais pobre e na perda de conte\u00fado nutritivo. Neste caso, o congelamento \u00e9 feito rapidamente, a fim de baixar rapidamente o material abaixo do seu ponto eut\u00e9tico, evitando assim a forma\u00e7\u00e3o de grandes cristais de gelo. Normalmente, as temperaturas de congelamento est\u00e3o entre \u221250 \u00b0C (\u221258 \u00b0F) e \u221280 \u00b0C (\u2212112 \u00b0F).<\/p>\n<h4 class=\"wp-block-heading\"><strong>Secagem prim\u00e1ria<\/strong><\/h4>\n<p>Durante a fase de secagem prim\u00e1ria, a press\u00e3o \u00e9 reduzida (at\u00e9 alguns milibares) e calor suficiente \u00e9 fornecido ao material para que o gelo sublime. A quantidade de calor necess\u00e1ria pode ser calculada usando o calor latente de sublima\u00e7\u00e3o das mol\u00e9culas sublimadoras. Nesta fase inicial de secagem, cerca de 95% da \u00e1gua do material \u00e9 sublimada.<\/p>\n<h4 class=\"wp-block-heading\"><strong>Secagem secund\u00e1ria<\/strong><\/h4>\n<p>A fase de secagem secund\u00e1ria visa remover mol\u00e9culas de \u00e1gua descongelada, uma vez que o gelo foi removido na fase de secagem prim\u00e1ria. Esta parte do processo de liofiliza\u00e7\u00e3o \u00e9 governada pelas isotermas de adsor\u00e7\u00e3o do material. Nesta fase, a temperatura \u00e9 elevada mais do que na fase de secagem prim\u00e1ria, podendo at\u00e9 estar acima de 0 \u00b0C (32 \u00b0F), para quebrar quaisquer intera\u00e7\u00f5es f\u00edsico-qu\u00edmicas que se formaram entre as mol\u00e9culas de \u00e1gua e o material congelado.<\/p>\n<p>Ap\u00f3s a conclus\u00e3o do processo de liofiliza\u00e7\u00e3o, o v\u00e1cuo geralmente \u00e9 quebrado com um g\u00e1s inerte, como o nitrog\u00eanio, antes que o material seja selado. Ao final da opera\u00e7\u00e3o, o teor final de \u00e1gua residual no produto \u00e9 extremamente baixo, em torno de 1% a 4%.<\/p>\n<div class=\"mceTemp\"><\/div>\n<figure id=\"attachment_1300\" aria-describedby=\"caption-attachment-1300\" style=\"width: 800px\" class=\"wp-caption aligncenter\"><img loading=\"lazy\" decoding=\"async\" class=\"size-full wp-image-1300\" src=\"https:\/\/labonsale.com\/wp-content\/uploads\/2023\/09\/Lyophilizer-Details.webp\" alt=\"Detalhes do liofilizador\" width=\"800\" height=\"1685\" srcset=\"https:\/\/labonsale.com\/wp-content\/uploads\/2023\/09\/Lyophilizer-Details.webp 800w, https:\/\/labonsale.com\/wp-content\/uploads\/2023\/09\/Lyophilizer-Details-142x300.webp 142w, https:\/\/labonsale.com\/wp-content\/uploads\/2023\/09\/Lyophilizer-Details-486x1024.webp 486w, https:\/\/labonsale.com\/wp-content\/uploads\/2023\/09\/Lyophilizer-Details-768x1618.webp 768w, https:\/\/labonsale.com\/wp-content\/uploads\/2023\/09\/Lyophilizer-Details-729x1536.webp 729w, https:\/\/labonsale.com\/wp-content\/uploads\/2023\/09\/Lyophilizer-Details-6x12.webp 6w, https:\/\/labonsale.com\/wp-content\/uploads\/2023\/09\/Lyophilizer-Details-600x1264.webp 600w\" sizes=\"(max-width: 800px) 100vw, 800px\" \/><figcaption id=\"caption-attachment-1300\" class=\"wp-caption-text\">Detalhes do liofilizador<\/figcaption><\/figure>\n<figure id=\"attachment_1301\" aria-describedby=\"caption-attachment-1301\" style=\"width: 800px\" class=\"wp-caption aligncenter\"><img loading=\"lazy\" decoding=\"async\" class=\"size-full wp-image-1301\" src=\"https:\/\/labonsale.com\/wp-content\/uploads\/2023\/09\/Lyophilizer-Details-1.webp\" alt=\"Detalhes do liofilizador(1)\" width=\"800\" height=\"2466\" srcset=\"https:\/\/labonsale.com\/wp-content\/uploads\/2023\/09\/Lyophilizer-Details-1.webp 800w, https:\/\/labonsale.com\/wp-content\/uploads\/2023\/09\/Lyophilizer-Details-1-97x300.webp 97w, https:\/\/labonsale.com\/wp-content\/uploads\/2023\/09\/Lyophilizer-Details-1-332x1024.webp 332w, https:\/\/labonsale.com\/wp-content\/uploads\/2023\/09\/Lyophilizer-Details-1-768x2367.webp 768w, https:\/\/labonsale.com\/wp-content\/uploads\/2023\/09\/Lyophilizer-Details-1-498x1536.webp 498w, https:\/\/labonsale.com\/wp-content\/uploads\/2023\/09\/Lyophilizer-Details-1-664x2048.webp 664w, https:\/\/labonsale.com\/wp-content\/uploads\/2023\/09\/Lyophilizer-Details-1-4x12.webp 4w, https:\/\/labonsale.com\/wp-content\/uploads\/2023\/09\/Lyophilizer-Details-1-600x1850.webp 600w\" sizes=\"(max-width: 800px) 100vw, 800px\" \/><figcaption id=\"caption-attachment-1301\" class=\"wp-caption-text\">Detalhes do liofilizador(1)<\/figcaption><\/figure>\n<figure id=\"attachment_528\" aria-describedby=\"caption-attachment-528\" style=\"width: 1200px\" class=\"wp-caption aligncenter\"><img loading=\"lazy\" decoding=\"async\" class=\"size-full wp-image-528\" src=\"https:\/\/labonsale.com\/wp-content\/uploads\/2023\/09\/Lyophilizer-Application.webp\" alt=\"Aplica\u00e7\u00e3o Liofilizador\" width=\"1200\" height=\"600\" srcset=\"https:\/\/labonsale.com\/wp-content\/uploads\/2023\/09\/Lyophilizer-Application.webp 1200w, https:\/\/labonsale.com\/wp-content\/uploads\/2023\/09\/Lyophilizer-Application-600x300.webp 600w, https:\/\/labonsale.com\/wp-content\/uploads\/2023\/09\/Lyophilizer-Application-300x150.webp 300w, https:\/\/labonsale.com\/wp-content\/uploads\/2023\/09\/Lyophilizer-Application-1024x512.webp 1024w, https:\/\/labonsale.com\/wp-content\/uploads\/2023\/09\/Lyophilizer-Application-768x384.webp 768w\" sizes=\"(max-width: 1200px) 100vw, 1200px\" \/><figcaption id=\"caption-attachment-528\" class=\"wp-caption-text\">Aplica\u00e7\u00e3o Liofilizador<\/figcaption><\/figure>\n<figure id=\"attachment_531\" aria-describedby=\"caption-attachment-531\" style=\"width: 1200px\" class=\"wp-caption aligncenter\"><img loading=\"lazy\" decoding=\"async\" class=\"size-full wp-image-531\" src=\"https:\/\/labonsale.com\/wp-content\/uploads\/2023\/09\/Lyophilizer-Customer-Feedback.webp\" alt=\"Feedback do cliente sobre liofilizador\" width=\"1200\" height=\"600\" srcset=\"https:\/\/labonsale.com\/wp-content\/uploads\/2023\/09\/Lyophilizer-Customer-Feedback.webp 1200w, https:\/\/labonsale.com\/wp-content\/uploads\/2023\/09\/Lyophilizer-Customer-Feedback-600x300.webp 600w, https:\/\/labonsale.com\/wp-content\/uploads\/2023\/09\/Lyophilizer-Customer-Feedback-300x150.webp 300w, https:\/\/labonsale.com\/wp-content\/uploads\/2023\/09\/Lyophilizer-Customer-Feedback-1024x512.webp 1024w, https:\/\/labonsale.com\/wp-content\/uploads\/2023\/09\/Lyophilizer-Customer-Feedback-768x384.webp 768w\" sizes=\"(max-width: 1200px) 100vw, 1200px\" \/><figcaption id=\"caption-attachment-531\" class=\"wp-caption-text\">Feedback do cliente sobre liofilizador<\/figcaption><\/figure>\n<figure id=\"attachment_535\" aria-describedby=\"caption-attachment-535\" style=\"width: 750px\" class=\"wp-caption aligncenter\"><img loading=\"lazy\" decoding=\"async\" class=\"size-full wp-image-535\" src=\"https:\/\/labonsale.com\/wp-content\/uploads\/2023\/09\/Lyophilizer-Installation-Process.webp\" alt=\"Processo de instala\u00e7\u00e3o do liofilizador\" width=\"750\" height=\"938\" srcset=\"https:\/\/labonsale.com\/wp-content\/uploads\/2023\/09\/Lyophilizer-Installation-Process.webp 750w, https:\/\/labonsale.com\/wp-content\/uploads\/2023\/09\/Lyophilizer-Installation-Process-600x750.webp 600w, https:\/\/labonsale.com\/wp-content\/uploads\/2023\/09\/Lyophilizer-Installation-Process-240x300.webp 240w\" sizes=\"(max-width: 750px) 100vw, 750px\" \/><figcaption id=\"caption-attachment-535\" class=\"wp-caption-text\">Processo de instala\u00e7\u00e3o do liofilizador<\/figcaption><\/figure>\n<p>Volte para\u00a0<a href=\"https:\/\/labonsale.com\/pt\/\" data-type=\"page\" data-id=\"308\">pagina inicial<\/a><\/p>\n<p>Veja mais sobre liofiliza\u00e7\u00e3o em\u00a0<a href=\"https:\/\/en.wikipedia.org\/wiki\/Freeze-drying#Technological_industry\" target=\"_blank\" rel=\"noopener\">Wikip\u00e9dia<\/a><\/p>","protected":false},"excerpt":{"rendered":"<p>Conhe\u00e7a o Liofilizador da nossa empresa, equipado com recursos avan\u00e7ados para aplica\u00e7\u00f5es de laborat\u00f3rio, uso dom\u00e9stico, industrial e liofiliza\u00e7\u00e3o em escala piloto. Aprenda sobre suas especifica\u00e7\u00f5es, benef\u00edcios e aplica\u00e7\u00f5es. Contate-nos hoje para obter a melhor solu\u00e7\u00e3o de liofiliza\u00e7\u00e3o.<\/p>","protected":false},"featured_media":1755,"comment_status":"closed","ping_status":"closed","template":"","meta":{"neve_meta_sidebar":"","neve_meta_container":"","neve_meta_enable_content_width":"off","neve_meta_content_width":100,"neve_meta_title_alignment":"","neve_meta_author_avatar":"","neve_post_elements_order":"","neve_meta_disable_header":"","neve_meta_disable_footer":"","neve_meta_disable_title":""},"product_brand":[],"product_cat":[23],"product_tag":[38,42,45,43,44],"class_list":{"0":"post-522","1":"product","2":"type-product","3":"status-publish","4":"has-post-thumbnail","6":"product_cat-drying-equipment","7":"product_tag-customized","8":"product_tag-drying-area0-1100","9":"product_tag-industrial-scale","10":"product_tag-lab-scale","11":"product_tag-pilot-scale","13":"first","14":"instock","15":"shipping-taxable","16":"product-type-simple"},"_links":{"self":[{"href":"https:\/\/labonsale.com\/pt\/wp-json\/wp\/v2\/product\/522","targetHints":{"allow":["GET"]}}],"collection":[{"href":"https:\/\/labonsale.com\/pt\/wp-json\/wp\/v2\/product"}],"about":[{"href":"https:\/\/labonsale.com\/pt\/wp-json\/wp\/v2\/types\/product"}],"replies":[{"embeddable":true,"href":"https:\/\/labonsale.com\/pt\/wp-json\/wp\/v2\/comments?post=522"}],"version-history":[{"count":1,"href":"https:\/\/labonsale.com\/pt\/wp-json\/wp\/v2\/product\/522\/revisions"}],"predecessor-version":[{"id":1295,"href":"https:\/\/labonsale.com\/pt\/wp-json\/wp\/v2\/product\/522\/revisions\/1295"}],"wp:featuredmedia":[{"embeddable":true,"href":"https:\/\/labonsale.com\/pt\/wp-json\/wp\/v2\/media\/1755"}],"wp:attachment":[{"href":"https:\/\/labonsale.com\/pt\/wp-json\/wp\/v2\/media?parent=522"}],"wp:term":[{"taxonomy":"product_brand","embeddable":true,"href":"https:\/\/labonsale.com\/pt\/wp-json\/wp\/v2\/product_brand?post=522"},{"taxonomy":"product_cat","embeddable":true,"href":"https:\/\/labonsale.com\/pt\/wp-json\/wp\/v2\/product_cat?post=522"},{"taxonomy":"product_tag","embeddable":true,"href":"https:\/\/labonsale.com\/pt\/wp-json\/wp\/v2\/product_tag?post=522"}],"curies":[{"name":"wp","href":"https:\/\/api.w.org\/{rel}","templated":true}]}}