{"id":494,"date":"2023-09-03T03:23:48","date_gmt":"2023-09-03T03:23:48","guid":{"rendered":"https:\/\/labonsale.com\/?post_type=product&#038;p=494"},"modified":"2024-04-22T14:18:31","modified_gmt":"2024-04-22T14:18:31","slug":"forno-de-secagem-a-vacuo","status":"publish","type":"product","link":"https:\/\/labonsale.com\/pt\/product\/vacuum-drying-oven\/","title":{"rendered":"FORNO DE SECAGEM A V\u00c1CUO"},"content":{"rendered":"<p>O forno de secagem a v\u00e1cuo encontra ampla aplica\u00e7\u00e3o em v\u00e1rios campos, incluindo bioqu\u00edmica, engenharia qu\u00edmica, farmac\u00eautica, assist\u00eancia m\u00e9dica, sa\u00fade p\u00fablica, pesquisa cient\u00edfica agr\u00edcola e prote\u00e7\u00e3o ambiental. \u00c9 particularmente adequado para a secagem r\u00e1pida e eficiente de materiais sens\u00edveis ao calor, facilmente decompostos e facilmente oxidados e componentes complexos. Al\u00e9m disso, \u00e9 altamente eficaz para desinfec\u00e7\u00e3o, esteriliza\u00e7\u00e3o e secagem de v\u00e1rios recipientes de vidro.<\/p>\n<p>Projetado especificamente para atender subst\u00e2ncias sens\u00edveis ao calor, facilmente decompostas e facilmente oxidadas, nosso forno de secagem a v\u00e1cuo utiliza secagem em alta temperatura sob condi\u00e7\u00f5es de v\u00e1cuo. Isto reduz significativamente o ponto de ebuli\u00e7\u00e3o e a press\u00e3o de vapor, criando um processo de aquecimento livre de poeira e n\u00e3o turbulento. O ambiente de secagem suave facilita a coleta, descarga e reutiliza\u00e7\u00e3o de vapores de solvente. Al\u00e9m disso, o ambiente livre de oxig\u00eanio ou de g\u00e1s inerte garante que o armazenamento, o aquecimento, o teste e a secagem ocorram sem oxida\u00e7\u00e3o, preservando a integridade das amostras de teste.<\/p>\n<figure id=\"attachment_1282\" aria-describedby=\"caption-attachment-1282\" style=\"width: 800px\" class=\"wp-caption aligncenter\"><img fetchpriority=\"high\" decoding=\"async\" class=\"size-full wp-image-1282\" src=\"https:\/\/labonsale.com\/wp-content\/uploads\/2023\/09\/Vacuum-Drying-Oven-Volume.webp\" alt=\"Volume do forno de secagem a v\u00e1cuo\" width=\"800\" height=\"539\" srcset=\"https:\/\/labonsale.com\/wp-content\/uploads\/2023\/09\/Vacuum-Drying-Oven-Volume.webp 800w, https:\/\/labonsale.com\/wp-content\/uploads\/2023\/09\/Vacuum-Drying-Oven-Volume-300x202.webp 300w, https:\/\/labonsale.com\/wp-content\/uploads\/2023\/09\/Vacuum-Drying-Oven-Volume-768x517.webp 768w, https:\/\/labonsale.com\/wp-content\/uploads\/2023\/09\/Vacuum-Drying-Oven-Volume-18x12.webp 18w, https:\/\/labonsale.com\/wp-content\/uploads\/2023\/09\/Vacuum-Drying-Oven-Volume-600x404.webp 600w\" sizes=\"(max-width: 800px) 100vw, 800px\" \/><figcaption id=\"caption-attachment-1282\" class=\"wp-caption-text\">Volume do forno de secagem a v\u00e1cuo<\/figcaption><\/figure>\n<p>Oferecemos uma sele\u00e7\u00e3o de fornos de secagem a v\u00e1cuo com capacidade de 20 a 500 litros, constru\u00eddos com materiais como chapa de ferro, a\u00e7o inoxid\u00e1vel 201 e a\u00e7o inoxid\u00e1vel 304. Nossa linha de produtos inclui uma variedade de op\u00e7\u00f5es personaliz\u00e1veis \u200b\u200bpara atender \u00e0s suas necessidades espec\u00edficas. Essas op\u00e7\u00f5es abrangem diversos tamanhos de c\u00e2maras, par\u00e2metros de temperatura, sistemas de controle e recursos complementares, todos projetados para atender \u00e0s suas demandas espec\u00edficas.<\/p>\n<table style=\"border-collapse: collapse; width: 462.02pt;\" border=\"0\" width=\"616\" cellspacing=\"0\" cellpadding=\"0\">\n<tbody>\n<tr style=\"height: 13.50pt;\">\n<td style=\"height: 13.50pt; width: 112.50pt;\" width=\"150\" height=\"18\">Volume<\/td>\n<td style=\"width: 349.50pt;\" width=\"466\">25L, 50L, 90L, 215L, 500L, personalizado<\/td>\n<\/tr>\n<tr style=\"height: 13.50pt;\">\n<td style=\"height: 13.50pt;\" height=\"18\">Material<\/td>\n<td>Chapa de ferro, a\u00e7o inoxid\u00e1vel 201, a\u00e7o inoxid\u00e1vel 304<\/td>\n<\/tr>\n<\/tbody>\n<\/table>\n<h3>Foto real do produto<\/h3>\n<figure id=\"attachment_1279\" aria-describedby=\"caption-attachment-1279\" style=\"width: 800px\" class=\"wp-caption aligncenter\"><img decoding=\"async\" class=\"size-full wp-image-1279\" src=\"https:\/\/labonsale.com\/wp-content\/uploads\/2023\/09\/Vacuum-Drying-Oven-1.webp\" alt=\"FORNO DE SECAGEM A V\u00c1CUO\" width=\"800\" height=\"800\" srcset=\"https:\/\/labonsale.com\/wp-content\/uploads\/2023\/09\/Vacuum-Drying-Oven-1.webp 800w, https:\/\/labonsale.com\/wp-content\/uploads\/2023\/09\/Vacuum-Drying-Oven-1-300x300.webp 300w, https:\/\/labonsale.com\/wp-content\/uploads\/2023\/09\/Vacuum-Drying-Oven-1-150x150.webp 150w, https:\/\/labonsale.com\/wp-content\/uploads\/2023\/09\/Vacuum-Drying-Oven-1-768x768.webp 768w, https:\/\/labonsale.com\/wp-content\/uploads\/2023\/09\/Vacuum-Drying-Oven-1-12x12.webp 12w, https:\/\/labonsale.com\/wp-content\/uploads\/2023\/09\/Vacuum-Drying-Oven-1-600x600.webp 600w, https:\/\/labonsale.com\/wp-content\/uploads\/2023\/09\/Vacuum-Drying-Oven-1-100x100.webp 100w\" sizes=\"(max-width: 800px) 100vw, 800px\" \/><figcaption id=\"caption-attachment-1279\" class=\"wp-caption-text\">FORNO DE SECAGEM A V\u00c1CUO<\/figcaption><\/figure>\n<figure id=\"attachment_1280\" aria-describedby=\"caption-attachment-1280\" style=\"width: 800px\" class=\"wp-caption aligncenter\"><img decoding=\"async\" class=\"size-full wp-image-1280\" src=\"https:\/\/labonsale.com\/wp-content\/uploads\/2023\/09\/Vacuum-Drying-Oven3.webp\" alt=\"Vacuum Drying Oven(3)\" width=\"800\" height=\"800\" srcset=\"https:\/\/labonsale.com\/wp-content\/uploads\/2023\/09\/Vacuum-Drying-Oven3.webp 800w, https:\/\/labonsale.com\/wp-content\/uploads\/2023\/09\/Vacuum-Drying-Oven3-300x300.webp 300w, https:\/\/labonsale.com\/wp-content\/uploads\/2023\/09\/Vacuum-Drying-Oven3-150x150.webp 150w, https:\/\/labonsale.com\/wp-content\/uploads\/2023\/09\/Vacuum-Drying-Oven3-768x768.webp 768w, https:\/\/labonsale.com\/wp-content\/uploads\/2023\/09\/Vacuum-Drying-Oven3-12x12.webp 12w, https:\/\/labonsale.com\/wp-content\/uploads\/2023\/09\/Vacuum-Drying-Oven3-600x600.webp 600w, https:\/\/labonsale.com\/wp-content\/uploads\/2023\/09\/Vacuum-Drying-Oven3-100x100.webp 100w\" sizes=\"(max-width: 800px) 100vw, 800px\" \/><figcaption id=\"caption-attachment-1280\" class=\"wp-caption-text\">FORNO DE SECAGEM A V\u00c1CUO<\/figcaption><\/figure>\n<figure id=\"attachment_1278\" aria-describedby=\"caption-attachment-1278\" style=\"width: 800px\" class=\"wp-caption aligncenter\"><img loading=\"lazy\" decoding=\"async\" class=\"size-full wp-image-1278\" src=\"https:\/\/labonsale.com\/wp-content\/uploads\/2023\/09\/Vacuum-Drying-Oven1.webp\" alt=\"Vacuum Drying Oven(1)\" width=\"800\" height=\"800\" srcset=\"https:\/\/labonsale.com\/wp-content\/uploads\/2023\/09\/Vacuum-Drying-Oven1.webp 800w, https:\/\/labonsale.com\/wp-content\/uploads\/2023\/09\/Vacuum-Drying-Oven1-300x300.webp 300w, https:\/\/labonsale.com\/wp-content\/uploads\/2023\/09\/Vacuum-Drying-Oven1-150x150.webp 150w, https:\/\/labonsale.com\/wp-content\/uploads\/2023\/09\/Vacuum-Drying-Oven1-768x768.webp 768w, https:\/\/labonsale.com\/wp-content\/uploads\/2023\/09\/Vacuum-Drying-Oven1-12x12.webp 12w, https:\/\/labonsale.com\/wp-content\/uploads\/2023\/09\/Vacuum-Drying-Oven1-600x600.webp 600w, https:\/\/labonsale.com\/wp-content\/uploads\/2023\/09\/Vacuum-Drying-Oven1-100x100.webp 100w\" sizes=\"(max-width: 800px) 100vw, 800px\" \/><figcaption id=\"caption-attachment-1278\" class=\"wp-caption-text\">FORNO DE SECAGEM A V\u00c1CUO<\/figcaption><\/figure>\n<figure id=\"attachment_1281\" aria-describedby=\"caption-attachment-1281\" style=\"width: 800px\" class=\"wp-caption aligncenter\"><img loading=\"lazy\" decoding=\"async\" class=\"size-full wp-image-1281\" src=\"https:\/\/labonsale.com\/wp-content\/uploads\/2023\/09\/Vacuum-Drying-Oven-Hole.webp\" alt=\"Furo do forno de secagem a v\u00e1cuo\" width=\"800\" height=\"800\" srcset=\"https:\/\/labonsale.com\/wp-content\/uploads\/2023\/09\/Vacuum-Drying-Oven-Hole.webp 800w, https:\/\/labonsale.com\/wp-content\/uploads\/2023\/09\/Vacuum-Drying-Oven-Hole-300x300.webp 300w, https:\/\/labonsale.com\/wp-content\/uploads\/2023\/09\/Vacuum-Drying-Oven-Hole-150x150.webp 150w, https:\/\/labonsale.com\/wp-content\/uploads\/2023\/09\/Vacuum-Drying-Oven-Hole-768x768.webp 768w, https:\/\/labonsale.com\/wp-content\/uploads\/2023\/09\/Vacuum-Drying-Oven-Hole-12x12.webp 12w, https:\/\/labonsale.com\/wp-content\/uploads\/2023\/09\/Vacuum-Drying-Oven-Hole-600x600.webp 600w, https:\/\/labonsale.com\/wp-content\/uploads\/2023\/09\/Vacuum-Drying-Oven-Hole-100x100.webp 100w\" sizes=\"(max-width: 800px) 100vw, 800px\" \/><figcaption id=\"caption-attachment-1281\" class=\"wp-caption-text\">Furo do forno de secagem a v\u00e1cuo<\/figcaption><\/figure>\n<h3>Componente do produto <strong>do forno de secagem a v\u00e1cuo<\/strong><\/h3>\n<figure id=\"attachment_1276\" aria-describedby=\"caption-attachment-1276\" style=\"width: 800px\" class=\"wp-caption aligncenter\"><img loading=\"lazy\" decoding=\"async\" class=\"size-full wp-image-1276\" src=\"https:\/\/labonsale.com\/wp-content\/uploads\/2023\/09\/Vacuum-Drying-Oven-Parts.webp\" alt=\"Vacuum Drying Oven Parts\" width=\"800\" height=\"750\" srcset=\"https:\/\/labonsale.com\/wp-content\/uploads\/2023\/09\/Vacuum-Drying-Oven-Parts.webp 800w, https:\/\/labonsale.com\/wp-content\/uploads\/2023\/09\/Vacuum-Drying-Oven-Parts-300x281.webp 300w, https:\/\/labonsale.com\/wp-content\/uploads\/2023\/09\/Vacuum-Drying-Oven-Parts-768x720.webp 768w, https:\/\/labonsale.com\/wp-content\/uploads\/2023\/09\/Vacuum-Drying-Oven-Parts-13x12.webp 13w, https:\/\/labonsale.com\/wp-content\/uploads\/2023\/09\/Vacuum-Drying-Oven-Parts-600x563.webp 600w\" sizes=\"(max-width: 800px) 100vw, 800px\" \/><figcaption id=\"caption-attachment-1276\" class=\"wp-caption-text\">Componente de forno de secagem a v\u00e1cuo<\/figcaption><\/figure>\n<p>Nosso forno de secagem a v\u00e1cuo \u00e9 uma solu\u00e7\u00e3o de secagem de \u00faltima gera\u00e7\u00e3o projetada para atender \u00e0s exigentes necessidades das ind\u00fastrias que exigem processos de secagem eficientes e precisos. Com tecnologia avan\u00e7ada e artesanato meticuloso, este forno oferece desempenho superior, qualidade de produto excepcional e confiabilidade incompar\u00e1vel.<\/p>\n<h3><strong>Caracter\u00edsticas principais<\/strong> e<strong> Tecnologias<\/strong><\/h3>\n<p>Controle preciso de temperatura:<br \/>\nNossos fornos de secagem a v\u00e1cuo utilizam sistemas de controle de temperatura de \u00faltima gera\u00e7\u00e3o, permitindo aos usu\u00e1rios definir e manter temperaturas de secagem precisas com flutua\u00e7\u00f5es m\u00ednimas. Isto garante resultados de secagem consistentes e confi\u00e1veis, mesmo para materiais sens\u00edveis ao calor.<\/p>\n<p>Aquecimento Uniforme:<br \/>\nPara obter uma distribui\u00e7\u00e3o uniforme de calor, nossos fornos de secagem a v\u00e1cuo empregam elementos de aquecimento avan\u00e7ados e sistemas de circula\u00e7\u00e3o de ar. Esse recurso de design garante uma secagem homog\u00eanea em toda a c\u00e2mara, eliminando o risco de pontos quentes e garantindo uma qualidade uniforme do produto.<\/p>\n<p>Sistema de V\u00e1cuo:<br \/>\nO sistema de v\u00e1cuo integrado em nossos fornos permite um controle preciso sobre o ambiente de secagem. Ao diminuir a press\u00e3o, os compostos vol\u00e1teis podem evaporar a temperaturas mais baixas, preservando a integridade e as propriedades dos materiais que est\u00e3o sendo secos.<\/p>\n<p>Recursos de seguran\u00e7a:<br \/>\nPriorizamos a seguran\u00e7a de nossos usu\u00e1rios e de suas opera\u00e7\u00f5es. Nossos fornos de secagem a v\u00e1cuo s\u00e3o equipados com v\u00e1rios recursos de seguran\u00e7a, como v\u00e1lvulas autom\u00e1ticas de libera\u00e7\u00e3o de press\u00e3o, prote\u00e7\u00e3o contra superaquecimento e intertravamentos de portas, garantindo processos de secagem seguros e protegidos.<\/p>\n<h3>Benef\u00edcios dos fornos de secagem a v\u00e1cuo:<\/h3>\n<p>Melhor qualidade do produto:<br \/>\nAs condi\u00e7\u00f5es de baixa temperatura e press\u00e3o reduzida em nossos fornos de secagem a v\u00e1cuo minimizam o estresse t\u00e9rmico e evitam a oxida\u00e7\u00e3o, resultando em maior qualidade do produto. Isto \u00e9 especialmente cr\u00edtico para materiais delicados ou sens\u00edveis, produtos farmac\u00eauticos, componentes eletr\u00f4nicos e subst\u00e2ncias sens\u00edveis ao calor.<br \/>\nTempos de secagem mais r\u00e1pidos:<br \/>\nDevido ao ponto de ebuli\u00e7\u00e3o reduzido da \u00e1gua sob condi\u00e7\u00f5es de v\u00e1cuo, nossos fornos podem reduzir significativamente os tempos de secagem em compara\u00e7\u00e3o com os m\u00e9todos de secagem tradicionais. Esse aumento de efici\u00eancia se traduz em maior produtividade e redu\u00e7\u00e3o no consumo de energia.<\/p>\n<p>Aplica\u00e7\u00f5es vers\u00e1teis:<br \/>\nNossos fornos de secagem a v\u00e1cuo encontram aplica\u00e7\u00f5es em v\u00e1rios setores. Eles s\u00e3o ideais para secar materiais sens\u00edveis ao calor, como pol\u00edmeros, produtos farmac\u00eauticos, componentes eletr\u00f4nicos e produtos aliment\u00edcios. Al\u00e9m disso, eles s\u00e3o utilizados em laborat\u00f3rios de pesquisa, instala\u00e7\u00f5es de fabrica\u00e7\u00e3o e departamentos de controle de qualidade.<\/p>\n<p>Custo e efici\u00eancia energ\u00e9tica:<br \/>\nAo empregar tecnologias avan\u00e7adas de secagem, nossos fornos de secagem a v\u00e1cuo oferecem excelente custo e efici\u00eancia energ\u00e9tica. Os tempos de secagem reduzidos e as temperaturas operacionais mais baixas contribuem para a economia de energia, enquanto a melhor qualidade do produto reduz a necessidade de retrabalho ou desperd\u00edcio, levando \u00e0 otimiza\u00e7\u00e3o de custos.<\/p>\n<p>Op\u00e7\u00f5es de personaliza\u00e7\u00e3o:<br \/>\nEntendemos que cada setor e aplica\u00e7\u00e3o possuem requisitos exclusivos. Portanto, oferecemos uma gama de op\u00e7\u00f5es de personaliza\u00e7\u00e3o para nossos fornos de secagem a v\u00e1cuo. Isso inclui diferentes tamanhos de c\u00e2maras, faixas de temperatura, sistemas de controle e recursos adicionais adaptados \u00e0s suas necessidades espec\u00edficas.<\/p>\n<p>Garantia e servi\u00e7o p\u00f3s-venda:<br \/>\nEstamos comprometidos em fornecer atendimento e suporte ao cliente de alto n\u00edvel. Todos os nossos fornos de secagem a v\u00e1cuo v\u00eam com garantia abrangente, garantindo tranquilidade. Al\u00e9m disso, nossa experiente equipe t\u00e9cnica est\u00e1 prontamente dispon\u00edvel para auxiliar na instala\u00e7\u00e3o, treinamento, manuten\u00e7\u00e3o e solu\u00e7\u00e3o de problemas, garantindo opera\u00e7\u00f5es tranquilas e ininterruptas.<\/p>\n<p>Volte para\u00a0<a href=\"https:\/\/labonsale.com\/pt\/\" data-type=\"page\" data-id=\"308\">pagina inicial<\/a><\/p>\n<p>Veja mais sobre secagem a v\u00e1cuo em\u00a0<a href=\"https:\/\/en.wikipedia.org\/wiki\/Vacuum_drying\" target=\"_blank\" rel=\"noopener\" data-type=\"URL\" data-id=\"https:\/\/en.wikipedia.org\/wiki\/Vacuum_drying\">Wikip\u00e9dia<\/a><\/p>","protected":false},"excerpt":{"rendered":"<p>Experimente um desempenho de secagem superior e uma qualidade de produto excepcional com nosso avan\u00e7ado forno de secagem a v\u00e1cuo, a solu\u00e7\u00e3o ideal para processos de secagem eficientes e confi\u00e1veis. Eleve seus processos de secagem a novos patamares de precis\u00e3o e qualidade.<\/p>\n<p>Volume: 25L, 50L, 90L, 215L, 500L, personalizado<\/p>\n<p>Material: Chapa de ferro, a\u00e7o inoxid\u00e1vel 201, a\u00e7o inoxid\u00e1vel 304<\/p>","protected":false},"featured_media":1289,"comment_status":"closed","ping_status":"closed","template":"","meta":{"neve_meta_sidebar":"","neve_meta_container":"","neve_meta_enable_content_width":"off","neve_meta_content_width":100,"neve_meta_title_alignment":"","neve_meta_author_avatar":"","neve_post_elements_order":"","neve_meta_disable_header":"","neve_meta_disable_footer":"","neve_meta_disable_title":""},"product_brand":[],"product_cat":[23],"product_tag":[38,37,35],"class_list":{"0":"post-494","1":"product","2":"type-product","3":"status-publish","4":"has-post-thumbnail","6":"product_cat-drying-equipment","7":"product_tag-customized","8":"product_tag-from-20l-to-500l","9":"product_tag-high-quality","11":"first","12":"instock","13":"shipping-taxable","14":"product-type-simple"},"_links":{"self":[{"href":"https:\/\/labonsale.com\/pt\/wp-json\/wp\/v2\/product\/494","targetHints":{"allow":["GET"]}}],"collection":[{"href":"https:\/\/labonsale.com\/pt\/wp-json\/wp\/v2\/product"}],"about":[{"href":"https:\/\/labonsale.com\/pt\/wp-json\/wp\/v2\/types\/product"}],"replies":[{"embeddable":true,"href":"https:\/\/labonsale.com\/pt\/wp-json\/wp\/v2\/comments?post=494"}],"version-history":[{"count":1,"href":"https:\/\/labonsale.com\/pt\/wp-json\/wp\/v2\/product\/494\/revisions"}],"predecessor-version":[{"id":1273,"href":"https:\/\/labonsale.com\/pt\/wp-json\/wp\/v2\/product\/494\/revisions\/1273"}],"wp:featuredmedia":[{"embeddable":true,"href":"https:\/\/labonsale.com\/pt\/wp-json\/wp\/v2\/media\/1289"}],"wp:attachment":[{"href":"https:\/\/labonsale.com\/pt\/wp-json\/wp\/v2\/media?parent=494"}],"wp:term":[{"taxonomy":"product_brand","embeddable":true,"href":"https:\/\/labonsale.com\/pt\/wp-json\/wp\/v2\/product_brand?post=494"},{"taxonomy":"product_cat","embeddable":true,"href":"https:\/\/labonsale.com\/pt\/wp-json\/wp\/v2\/product_cat?post=494"},{"taxonomy":"product_tag","embeddable":true,"href":"https:\/\/labonsale.com\/pt\/wp-json\/wp\/v2\/product_tag?post=494"}],"curies":[{"name":"wp","href":"https:\/\/api.w.org\/{rel}","templated":true}]}}