{"id":408,"date":"2023-09-02T16:31:37","date_gmt":"2023-09-02T16:31:37","guid":{"rendered":"https:\/\/labonsale.com\/?post_type=product&#038;p=408"},"modified":"2024-05-28T15:24:28","modified_gmt":"2024-05-28T15:24:28","slug":"extrator-de-circuito-fechado","status":"publish","type":"product","link":"https:\/\/labonsale.com\/pt\/product\/closed-loop-extractor\/","title":{"rendered":"Extrator de circuito fechado"},"content":{"rendered":"<p>Welcome to our comprehensive choosing guide on closed loop extractors, including the highly sought-after closed loop BHO extractor, closed loop extractors, closed loop extractor kits, and closed loop butane extractors. Our cutting-edge closed loop extractor products are designed to extract solvents efficiently from solid matter, making them widely used in various industries. From extracting plant essence through ethanol washing to producing cannabis concentrates, our closed loop extraction systems offer unparalleled performance and quality.<\/p>\n<p>All closed loop extractor parts can be customized, you can also upgrade the closed-loop extractor, please contact us for a quote.<\/p>\n<p>At its core, a closed loop extractor is a specialized device that excels at separating solvents from solid matter. It plays a crucial role in many industrial processes, particularly in the extraction of essence from plants through ethanol washing. By employing a closed loop extraction system, the plant extract is efficiently obtained from the foliage of the plant, ensuring maximum yield and preserving the integrity of the extracted compounds.<\/p>\n<figure id=\"attachment_409\" aria-describedby=\"caption-attachment-409\" style=\"width: 1200px\" class=\"wp-caption aligncenter\"><img fetchpriority=\"high\" decoding=\"async\" class=\"size-full wp-image-409\" src=\"https:\/\/labonsale.com\/wp-content\/uploads\/2023\/09\/ETR-Closed-Loop-Extractor.webp\" alt=\"ETR Closed Loop Extractor\" width=\"1200\" height=\"600\" srcset=\"https:\/\/labonsale.com\/wp-content\/uploads\/2023\/09\/ETR-Closed-Loop-Extractor.webp 1200w, https:\/\/labonsale.com\/wp-content\/uploads\/2023\/09\/ETR-Closed-Loop-Extractor-600x300.webp 600w, https:\/\/labonsale.com\/wp-content\/uploads\/2023\/09\/ETR-Closed-Loop-Extractor-300x150.webp 300w, https:\/\/labonsale.com\/wp-content\/uploads\/2023\/09\/ETR-Closed-Loop-Extractor-1024x512.webp 1024w, https:\/\/labonsale.com\/wp-content\/uploads\/2023\/09\/ETR-Closed-Loop-Extractor-768x384.webp 768w\" sizes=\"(max-width: 1200px) 100vw, 1200px\" \/><figcaption id=\"caption-attachment-409\" class=\"wp-caption-text\">Closed Loop Extractor<\/figcaption><\/figure>\n<h3 class=\"has-ast-global-color-0-color has-text-color has-medium-font-size wp-block-heading\"><strong>Technical Parameter<\/strong><\/h3>\n<div class=\"supsystic-table-loader spinner\"style=\"background-color:#000000\"><\/div><div id=\"supsystic-table-1_21954\" class=\"supsystic-tables-wrap \" style=\" visibility: hidden; \" ><table id=\"supsystic-table-1\" class=\"supsystic-table ColWithMergeCellsAlign border stripe hover lightboxImg cell-border\" data-id=\"1\" data-view-id=\"1_21954\" data-title=\"Closed Loop Extractor\" data-currency-format=\"$1,000.00\" data-percent-format=\"10.00%\" data-date-format=\"DD.MM.YYYY\" data-time-format=\"HH:mm\" data-features=\"[&quot;after_table_loaded_script&quot;,&quot;auto_width&quot;]\" data-search-value=\"\" data-lightbox-img=\"\" data-head-rows-count=\"1\" data-pagination-length=\"50,100,All\" data-auto-index=\"off\" data-searching-settings=\"{&quot;columnSearchPosition&quot;:&quot;bottom&quot;,&quot;minChars&quot;:&quot;0&quot;}\" data-lang=\"default\" data-override=\"{&quot;emptyTable&quot;:&quot;&quot;,&quot;info&quot;:&quot;&quot;,&quot;infoEmpty&quot;:&quot;&quot;,&quot;infoFiltered&quot;:&quot;&quot;,&quot;lengthMenu&quot;:&quot;&quot;,&quot;search&quot;:&quot;&quot;,&quot;previous&quot;:&quot;&quot;,&quot;next&quot;:&quot;&quot;,&quot;zeroRecords&quot;:&quot;&quot;,&quot;exportLabel&quot;:&quot;&quot;,&quot;file&quot;:&quot;default&quot;}\" data-merged=\"[{&quot;row&quot;:5,&quot;col&quot;:1,&quot;rowspan&quot;:1,&quot;colspan&quot;:5,&quot;removed&quot;:false},{&quot;row&quot;:6,&quot;col&quot;:1,&quot;rowspan&quot;:1,&quot;colspan&quot;:5,&quot;removed&quot;:false},{&quot;row&quot;:7,&quot;col&quot;:1,&quot;rowspan&quot;:1,&quot;colspan&quot;:5,&quot;removed&quot;:false}]\" data-responsive-mode=\"2\" data-from-history=\"0\" ><thead><tr><th class=\"\" style=\"width:; padding: 0 !important;\"><\/th><th class=\"\" style=\"width:; padding: 0 !important;\"><\/th><th class=\"\" style=\"width:; padding: 0 !important;\"><\/th><th class=\"\" style=\"width:; padding: 0 !important;\"><\/th><th class=\"\" style=\"width:; padding: 0 !important;\"><\/th><th class=\"\" style=\"width:; padding: 0 !important;\"><\/th><\/tr><\/thead><tbody><tr style=\"height:px\" ><td data-cell-id=\"A1\" data-x=\"0\" data-y=\"1\" data-db-index=\"1\" class=\"htMiddle htLeft\" data-cell-type=\"text\" data-original-value=\"Model\" data-order=\"Model\" >Model <\/td><td data-cell-id=\"B1\" data-x=\"1\" data-y=\"1\" data-db-index=\"1\" class=\"htCenter htMiddle\" data-cell-type=\"text\" data-original-value=\"BH-05\" data-order=\"BH-05\" >BH-05 <\/td><td data-cell-id=\"C1\" data-x=\"2\" data-y=\"1\" data-db-index=\"1\" class=\"htCenter htMiddle\" data-cell-type=\"text\" data-original-value=\"BH-10\" data-order=\"BH-10\" >BH-10 <\/td><td data-cell-id=\"D1\" data-x=\"3\" data-y=\"1\" data-db-index=\"1\" class=\"htCenter htMiddle\" data-cell-type=\"text\" data-original-value=\"BH-20\" data-order=\"BH-20\" >BH-20 <\/td><td data-cell-id=\"E1\" data-x=\"4\" data-y=\"1\" data-db-index=\"1\" class=\"htCenter htMiddle\" data-cell-type=\"text\" data-original-value=\"BH-40\" data-order=\"BH-40\" >BH-40 <\/td><td data-cell-id=\"F1\" data-x=\"5\" data-y=\"1\" data-db-index=\"1\" class=\"htCenter htMiddle\" data-cell-type=\"text\" data-original-value=\"BH-80\" data-order=\"BH-80\" >BH-80 <\/td><\/tr><tr style=\"height:px\" ><td data-cell-id=\"A2\" data-x=\"0\" data-y=\"2\" data-db-index=\"2\" class=\"htMiddle htLeft\" data-cell-type=\"text\" data-original-value=\"Solvent Tank Full Volume\/Recommended Volume\" data-order=\"Solvent Tank Full Volume\/Recommended Volume\" >Solvent Tank Full Volume\/Recommended Volume <\/td><td data-cell-id=\"B2\" data-x=\"1\" data-y=\"2\" data-db-index=\"2\" class=\"htCenter htMiddle\" data-cell-type=\"text\" data-original-value=\"36L \/ 25L\" data-order=\"36L \/ 25L\" >36L \/ 25L <\/td><td data-cell-id=\"C2\" data-x=\"2\" data-y=\"2\" data-db-index=\"2\" class=\"htCenter htMiddle\" data-cell-type=\"text\" data-original-value=\"60L \/ 50L\" data-order=\"60L \/ 50L\" >60L \/ 50L <\/td><td data-cell-id=\"D2\" data-x=\"3\" data-y=\"2\" data-db-index=\"2\" class=\"htCenter htMiddle\" data-cell-type=\"text\" data-original-value=\"128L \/ 100L\" data-order=\"128L \/ 100L\" >128L \/ 100L <\/td><td data-cell-id=\"E2\" data-x=\"4\" data-y=\"2\" data-db-index=\"2\" class=\"htCenter htMiddle\" data-cell-type=\"text\" data-original-value=\"182L \/ 150L\" data-order=\"182L \/ 150L\" >182L \/ 150L <\/td><td data-cell-id=\"F2\" data-x=\"5\" data-y=\"2\" data-db-index=\"2\" class=\"htCenter htMiddle\" data-cell-type=\"text\" data-original-value=\"239L \/ 200L\" data-order=\"239L \/ 200L\" >239L \/ 200L <\/td><\/tr><tr style=\"height:px\" ><td data-cell-id=\"A3\" data-x=\"0\" data-y=\"3\" data-db-index=\"3\" class=\"htMiddle htLeft\" data-cell-type=\"text\" data-original-value=\"Material Column Recommended Capacity\" data-order=\"Material Column Recommended Capacity\" >Material Column Recommended Capacity <\/td><td data-cell-id=\"B3\" data-x=\"1\" data-y=\"3\" data-db-index=\"3\" class=\"htCenter htMiddle\" data-cell-type=\"text\" data-original-value=\"5 lb\" data-order=\"5 lb\" >5 lb <\/td><td data-cell-id=\"C3\" data-x=\"2\" data-y=\"3\" data-db-index=\"3\" class=\"htCenter htMiddle\" data-cell-type=\"text\" data-original-value=\"10 lb\" data-order=\"10 lb\" >10 lb <\/td><td data-cell-id=\"D3\" data-x=\"3\" data-y=\"3\" data-db-index=\"3\" class=\"htCenter htMiddle\" data-cell-type=\"text\" data-original-value=\"20 lb\" data-order=\"20 lb\" >20 lb <\/td><td data-cell-id=\"E3\" data-x=\"4\" data-y=\"3\" data-db-index=\"3\" class=\"htCenter htMiddle\" data-cell-type=\"text\" data-original-value=\"40 lb\" data-order=\"40 lb\" >40 lb <\/td><td data-cell-id=\"F3\" data-x=\"5\" data-y=\"3\" data-db-index=\"3\" class=\"htCenter htMiddle\" data-cell-type=\"text\" data-original-value=\"80 lb\" data-order=\"80 lb\" >80 lb <\/td><\/tr><tr style=\"height:px\" ><td data-cell-id=\"A4\" data-x=\"0\" data-y=\"4\" data-db-index=\"4\" class=\"htMiddle htLeft\" data-cell-type=\"text\" data-original-value=\"CRC Volume\" data-order=\"CRC Volume\" >CRC Volume <\/td><td data-cell-id=\"B4\" data-x=\"1\" data-y=\"4\" data-db-index=\"4\" class=\"htCenter htMiddle\" data-cell-type=\"text\" data-original-value=\"5 L\" data-order=\"5 L\" >5 L <\/td><td data-cell-id=\"C4\" data-x=\"2\" data-y=\"4\" data-db-index=\"4\" class=\"htCenter htMiddle\" data-cell-type=\"text\" data-original-value=\"5 L\" data-order=\"5 L\" >5 L <\/td><td data-cell-id=\"D4\" data-x=\"3\" data-y=\"4\" data-db-index=\"4\" class=\"htCenter htMiddle\" data-cell-type=\"text\" data-original-value=\"10 L\" data-order=\"10 L\" >10 L <\/td><td data-cell-id=\"E4\" data-x=\"4\" data-y=\"4\" data-db-index=\"4\" class=\"htCenter htMiddle\" data-cell-type=\"text\" data-original-value=\"10 L\" data-order=\"10 L\" >10 L <\/td><td data-cell-id=\"F4\" data-x=\"5\" data-y=\"4\" data-db-index=\"4\" class=\"htCenter htMiddle\" data-cell-type=\"text\" data-original-value=\"10 L\" data-order=\"10 L\" >10 L <\/td><\/tr><tr style=\"height:px\" ><td data-cell-id=\"A5\" data-x=\"0\" data-y=\"5\" data-db-index=\"5\" class=\"htMiddle htLeft\" data-cell-type=\"text\" data-original-value=\"Collection Tank Full Volume\/Recommended Volume\" data-order=\"Collection Tank Full Volume\/Recommended Volume\" >Collection Tank Full Volume\/Recommended Volume <\/td><td data-cell-id=\"B5\" data-x=\"1\" data-y=\"5\" data-db-index=\"5\" class=\"htCenter htMiddle\" data-cell-type=\"text\" data-original-value=\"41L \/ 25L\" data-order=\"41L \/ 25L\" >41L \/ 25L <\/td><td data-cell-id=\"C5\" data-x=\"2\" data-y=\"5\" data-db-index=\"5\" class=\"htCenter htMiddle\" data-cell-type=\"text\" data-original-value=\"65L \/ 50L\" data-order=\"65L \/ 50L\" >65L \/ 50L <\/td><td data-cell-id=\"D5\" data-x=\"3\" data-y=\"5\" data-db-index=\"5\" class=\"htCenter htMiddle\" data-cell-type=\"text\" data-original-value=\"136L \/ 100L\" data-order=\"136L \/ 100L\" >136L \/ 100L <\/td><td data-cell-id=\"E5\" data-x=\"4\" data-y=\"5\" data-db-index=\"5\" class=\"htCenter htMiddle\" data-cell-type=\"text\" data-original-value=\"190L \/ 150L\" data-order=\"190L \/ 150L\" >190L \/ 150L <\/td><td data-cell-id=\"F5\" data-x=\"5\" data-y=\"5\" data-db-index=\"5\" class=\"htCenter htMiddle\" data-cell-type=\"text\" data-original-value=\"247L \/ 200L\" data-order=\"247L \/ 200L\" >247L \/ 200L <\/td><\/tr><tr style=\"height:px\" ><td data-cell-id=\"A6\" data-x=\"0\" data-y=\"6\" data-db-index=\"6\" class=\"htMiddle htLeft\" data-cell-type=\"text\" data-original-value=\"Condenser Size(\u2205*H)\" data-order=\"Condenser Size(\u2205*H)\" >Condenser Size(\u2205*H) <\/td><td data-cell-id=\"B6\" data-x=\"1\" data-y=\"6\" data-db-index=\"6\" class=\"htCenter htMiddle\" data-cell-type=\"text\" data-original-value=\"8&quot; X 12&quot;\" data-order=\"8&quot; X 12&quot;\" data-colspan=\"5\" data-rowspan=\"1\" >8\" X 12\" <\/td><td data-cell-id=\"C6\" data-x=\"2\" data-y=\"6\" data-db-index=\"6\" class=\"htCenter htMiddle\" data-cell-type=\"text\" data-original-value=\"\" data-order=\"\" data-hide=\"true\" ><\/td><td data-cell-id=\"D6\" data-x=\"3\" data-y=\"6\" data-db-index=\"6\" class=\"htCenter htMiddle\" data-cell-type=\"text\" data-original-value=\"\" data-order=\"\" data-hide=\"true\" ><\/td><td data-cell-id=\"E6\" data-x=\"4\" data-y=\"6\" data-db-index=\"6\" class=\"htCenter htMiddle\" data-cell-type=\"text\" data-original-value=\"\" data-order=\"\" data-hide=\"true\" ><\/td><td data-cell-id=\"F6\" data-x=\"5\" data-y=\"6\" data-db-index=\"6\" class=\"htCenter htMiddle\" data-cell-type=\"text\" data-original-value=\"\" data-order=\"\" data-hide=\"true\" ><\/td><\/tr><tr style=\"height:px\" ><td data-cell-id=\"A7\" data-x=\"0\" data-y=\"7\" data-db-index=\"7\" class=\"htMiddle htLeft\" data-cell-type=\"text\" data-original-value=\"Operating Temperature\" data-order=\"Operating Temperature\" >Operating Temperature <\/td><td data-cell-id=\"B7\" data-x=\"1\" data-y=\"7\" data-db-index=\"7\" class=\"htCenter htMiddle\" data-cell-type=\"text\" data-original-value=\"-40 ~ 40\u2103\" data-order=\"-40 ~ 40\u2103\" data-colspan=\"5\" data-rowspan=\"1\" >-40 ~ 40\u2103 <\/td><td data-cell-id=\"C7\" data-x=\"2\" data-y=\"7\" data-db-index=\"7\" class=\"htCenter htMiddle\" data-cell-type=\"text\" data-original-value=\"\" data-order=\"\" data-hide=\"true\" ><\/td><td data-cell-id=\"D7\" data-x=\"3\" data-y=\"7\" data-db-index=\"7\" class=\"htCenter htMiddle\" data-cell-type=\"text\" data-original-value=\"\" data-order=\"\" data-hide=\"true\" ><\/td><td data-cell-id=\"E7\" data-x=\"4\" data-y=\"7\" data-db-index=\"7\" class=\"htCenter htMiddle\" data-cell-type=\"text\" data-original-value=\"\" data-order=\"\" data-hide=\"true\" ><\/td><td data-cell-id=\"F7\" data-x=\"5\" data-y=\"7\" data-db-index=\"7\" class=\"htCenter htMiddle\" data-cell-type=\"text\" data-original-value=\"\" data-order=\"\" data-hide=\"true\" ><\/td><\/tr><tr style=\"height:px\" ><td data-cell-id=\"A8\" data-x=\"0\" data-y=\"8\" data-db-index=\"8\" class=\"htMiddle htLeft\" data-cell-type=\"text\" data-original-value=\"Operating Pressure\" data-order=\"Operating Pressure\" >Operating Pressure <\/td><td data-cell-id=\"B8\" data-x=\"1\" data-y=\"8\" data-db-index=\"8\" class=\"htCenter htMiddle\" data-cell-type=\"text\" data-original-value=\" 50 ~ 150PSI\" data-order=\" 50 ~ 150PSI\" data-colspan=\"5\" data-rowspan=\"1\" > 50 ~ 150PSI <\/td><td data-cell-id=\"C8\" data-x=\"2\" data-y=\"8\" data-db-index=\"8\" class=\"htCenter htMiddle\" data-cell-type=\"text\" data-original-value=\"\" data-order=\"\" data-hide=\"true\" ><\/td><td data-cell-id=\"D8\" data-x=\"3\" data-y=\"8\" data-db-index=\"8\" class=\"htCenter htMiddle\" data-cell-type=\"text\" data-original-value=\"\" data-order=\"\" data-hide=\"true\" ><\/td><td data-cell-id=\"E8\" data-x=\"4\" data-y=\"8\" data-db-index=\"8\" class=\"htCenter htMiddle\" data-cell-type=\"text\" data-original-value=\"\" data-order=\"\" data-hide=\"true\" ><\/td><td data-cell-id=\"F8\" data-x=\"5\" data-y=\"8\" data-db-index=\"8\" class=\"htCenter htMiddle\" data-cell-type=\"text\" data-original-value=\"\" data-order=\"\" data-hide=\"true\" ><\/td><\/tr><tr style=\"height:px\" ><td data-cell-id=\"A9\" data-x=\"0\" data-y=\"9\" data-db-index=\"9\" class=\"htMiddle htLeft\" data-cell-type=\"text\" data-original-value=\"Dimension\uff08mm\uff09\" data-order=\"Dimension\uff08mm\uff09\" >Dimension\uff08mm\uff09 <\/td><td data-cell-id=\"B9\" data-x=\"1\" data-y=\"9\" data-db-index=\"9\" class=\"htCenter htMiddle\" data-cell-type=\"text\" data-original-value=\"1120x910x1400\" data-order=\"1120x910x1400\" >1120x910x1400 <\/td><td data-cell-id=\"C9\" data-x=\"2\" data-y=\"9\" data-db-index=\"9\" class=\"htCenter htMiddle\" data-cell-type=\"text\" data-original-value=\"3000x910x1550\" data-order=\"3000x910x1550\" >3000x910x1550 <\/td><td data-cell-id=\"D9\" data-x=\"3\" data-y=\"9\" data-db-index=\"9\" class=\"htCenter htMiddle\" data-cell-type=\"text\" data-original-value=\"3100x910x1550\" data-order=\"3100x910x1550\" >3100x910x1550 <\/td><td data-cell-id=\"E9\" data-x=\"4\" data-y=\"9\" data-db-index=\"9\" class=\"htCenter htMiddle\" data-cell-type=\"text\" data-original-value=\"3150x910x2000\" data-order=\"3150x910x2000\" >3150x910x2000 <\/td><td data-cell-id=\"F9\" data-x=\"5\" data-y=\"9\" data-db-index=\"9\" class=\"htCenter htMiddle\" data-cell-type=\"text\" data-original-value=\"4000x910x2000\" data-order=\"4000x910x2000\" >4000x910x2000 <\/td><\/tr><\/tbody><\/table><!-- \/#supsystic-table-1.supsystic-table --><\/div><!-- \/.supsystic-tables-wrap --><!-- Tables Generator by Supsystic --><!-- Version:1.10.47 --><!-- http:\/\/supsystic.com\/ --><a title=\"WordPress Data Table Plugin\" style=\"display:none;\" href=\"https:\/\/supsystic.com\/plugins\/wordpress-data-table-plugin\/?utm_medium=love_link\" target=\"_blank\" rel=\"noopener\">WordPress Data Table Plugin<\/a>\n<h3 class=\"has-ast-global-color-0-color has-text-color has-medium-font-size wp-block-heading\"><strong>Product Component<\/strong><\/h3>\n<figure id=\"attachment_410\" aria-describedby=\"caption-attachment-410\" style=\"width: 800px\" class=\"wp-caption aligncenter\"><img decoding=\"async\" class=\"size-full wp-image-410\" src=\"https:\/\/labonsale.com\/wp-content\/uploads\/2023\/09\/Closed-Loop-Extractors-Component.webp\" alt=\"Closed Loop Extractors Component\" width=\"800\" height=\"800\" srcset=\"https:\/\/labonsale.com\/wp-content\/uploads\/2023\/09\/Closed-Loop-Extractors-Component.webp 800w, https:\/\/labonsale.com\/wp-content\/uploads\/2023\/09\/Closed-Loop-Extractors-Component-300x300.webp 300w, https:\/\/labonsale.com\/wp-content\/uploads\/2023\/09\/Closed-Loop-Extractors-Component-100x100.webp 100w, https:\/\/labonsale.com\/wp-content\/uploads\/2023\/09\/Closed-Loop-Extractors-Component-600x600.webp 600w, https:\/\/labonsale.com\/wp-content\/uploads\/2023\/09\/Closed-Loop-Extractors-Component-150x150.webp 150w, https:\/\/labonsale.com\/wp-content\/uploads\/2023\/09\/Closed-Loop-Extractors-Component-768x768.webp 768w\" sizes=\"(max-width: 800px) 100vw, 800px\" \/><figcaption id=\"caption-attachment-410\" class=\"wp-caption-text\">Closed Loop Extractors Component<\/figcaption><\/figure>\n<h3 class=\"has-ast-global-color-0-color has-text-color has-medium-font-size wp-block-heading\"><strong>Closed Loop Extraction Process<\/strong><\/h3>\n<p>The closed loop extraction process involves placing the foliage in a solvent, typically ethanol, within the closed loop extractor. The plant material is thoroughly washed with ethanol, allowing the soluble essence to dissolve into the solvent. Throughout the washing process, the closed loop extractor ensures a controlled and contained environment, preventing any leakage of solvents or unwanted substances. The dissolved essence is then collected in a separate tank, ready for further processing and utilization.<\/p>\n<h3>Applications of Closed Loop Extractors Plant Essence Extraction<\/h3>\n<p>The use of closed loop extractors is widespread in the extraction of plant essences for various industries, including perfumery, food and beverage, and herbal medicine. By utilizing ethanol washing and closed loop extraction systems, valuable essential oils, flavors, and aromatic compounds can be efficiently obtained from plant materials. This process not only ensures the purity and potency of the extracted essence but also minimizes waste and maximizes productivity.<\/p>\n<h3>Cannabis Concentrate Production<\/h3>\n<p>In recent years, closed loop extractors have gained significant popularity in the cannabis industry for their ability to produce high-quality cannabis concentrates. Closed loop BHO extractors, specifically designed for butane hash oil extraction, are widely used to extract cannabinoids and terpenes from cannabis plant material. The closed loop extraction method enables precise control over the extraction parameters, resulting in potent, flavorful concentrates that cater to the diverse demands of the market.<\/p>\n<h3>Advantages of Our Closed Loop Extractors Safety and Efficiency<\/h3>\n<p>Our closed loop extractors prioritize safety throughout the extraction process. With their robust construction and advanced safety features, such as pressure gauges and high-quality valves, they ensure a secure working environment. Additionally, our extractors are designed for optimal efficiency, minimizing solvent loss and maximizing the extraction yield, thereby enhancing productivity and cost-effectiveness.<\/p>\n<p>Versatility and Customization: We understand that different industries and applications have unique extraction requirements. That&#8217;s why our closed loop extractors offer versatility and customization options. From various sizes to different materials and additional features, we provide tailored solutions that align with your specific needs. Whether you require a compact closed loop extractor for small-scale operations or a large-scale industrial system, we have the right solution for you.<\/p>\n<h3>Closed Loop Extractor Kit Comprehensive Kit Components<\/h3>\n<p>Our closed loop extractor kits are meticulously designed to provide a complete and ready-to-use extraction solution. Each kit includes essential components such as extractor vessels, collection tanks, valves, fittings, and pressure gauges. With our comprehensive kit, you can set up your closed loop extraction system seamlessly and embark on your extraction journey without delay.<\/p>\n<p>Superior Quality and Durability: We take pride in offering high-quality closed loop extractor kits that are built to withstand the rigors of industrial applications. Crafted from premium materials and engineered with precision, our extractors and kit components ensure long-lasting durability and reliable performance. You can trust our products to deliver consistent and efficient extraction results, time after time.<\/p>\n<p>When it comes to efficient and reliable solvent extraction, our closed loop extractors are the epitome of excellence. Whether you&#8217;re extracting plant essences or producing cannabis concentrates, our state-of-the-art closed loop BHO extractors and kits provide unparalleled performance, safety, and customization options. Invest in our closed loop extractor products and experience the power of efficient extraction in your industry. Contact us today to explore our wide range of closed loop extractors and discover the perfect solution for your needs.<\/p>\n<p>&nbsp;<\/p>\n<p>Go back to\u00a0<a href=\"https:\/\/labonsale.com\/\" data-type=\"page\" data-id=\"308\">homepage<\/a><\/p>\n<p>View more about Extraction on\u00a0<a href=\"https:\/\/en.wikipedia.org\/wiki\/Extraction\" target=\"_blank\" rel=\"noopener\" data-type=\"URL\" data-id=\"https:\/\/en.wikipedia.org\/wiki\/Batch_reactor\">Wikipedia<\/a><\/p>\n<p>&nbsp;<\/p>\n","protected":false},"excerpt":{"rendered":"<p>Descubra o melhor extrator de circuito fechado para extra\u00e7\u00e3o eficiente de solventes. Desbloqueie o poder da extra\u00e7\u00e3o de ess\u00eancias vegetais e da produ\u00e7\u00e3o de concentrado de cannabis com nosso extrator de circuito fechado de alta qualidade. Clique agora para mais detalhes!<\/p>","protected":false},"featured_media":411,"comment_status":"closed","ping_status":"closed","template":"","meta":{"neve_meta_sidebar":"","neve_meta_container":"","neve_meta_enable_content_width":"off","neve_meta_content_width":100,"neve_meta_title_alignment":"","neve_meta_author_avatar":"","neve_post_elements_order":"","neve_meta_disable_header":"","neve_meta_disable_footer":"","neve_meta_disable_title":""},"product_brand":[],"product_cat":[24],"product_tag":[],"class_list":{"0":"post-408","1":"product","2":"type-product","3":"status-publish","4":"has-post-thumbnail","6":"product_cat-extraction-equipment","8":"first","9":"instock","10":"shipping-taxable","11":"product-type-simple"},"_links":{"self":[{"href":"https:\/\/labonsale.com\/pt\/wp-json\/wp\/v2\/product\/408","targetHints":{"allow":["GET"]}}],"collection":[{"href":"https:\/\/labonsale.com\/pt\/wp-json\/wp\/v2\/product"}],"about":[{"href":"https:\/\/labonsale.com\/pt\/wp-json\/wp\/v2\/types\/product"}],"replies":[{"embeddable":true,"href":"https:\/\/labonsale.com\/pt\/wp-json\/wp\/v2\/comments?post=408"}],"version-history":[{"count":2,"href":"https:\/\/labonsale.com\/pt\/wp-json\/wp\/v2\/product\/408\/revisions"}],"predecessor-version":[{"id":2221,"href":"https:\/\/labonsale.com\/pt\/wp-json\/wp\/v2\/product\/408\/revisions\/2221"}],"wp:featuredmedia":[{"embeddable":true,"href":"https:\/\/labonsale.com\/pt\/wp-json\/wp\/v2\/media\/411"}],"wp:attachment":[{"href":"https:\/\/labonsale.com\/pt\/wp-json\/wp\/v2\/media?parent=408"}],"wp:term":[{"taxonomy":"product_brand","embeddable":true,"href":"https:\/\/labonsale.com\/pt\/wp-json\/wp\/v2\/product_brand?post=408"},{"taxonomy":"product_cat","embeddable":true,"href":"https:\/\/labonsale.com\/pt\/wp-json\/wp\/v2\/product_cat?post=408"},{"taxonomy":"product_tag","embeddable":true,"href":"https:\/\/labonsale.com\/pt\/wp-json\/wp\/v2\/product_tag?post=408"}],"curies":[{"name":"wp","href":"https:\/\/api.w.org\/{rel}","templated":true}]}}