{"id":365,"date":"2023-09-02T15:32:38","date_gmt":"2023-09-02T15:32:38","guid":{"rendered":"https:\/\/labonsale.com\/?post_type=product&#038;p=365"},"modified":"2024-05-13T07:44:49","modified_gmt":"2024-05-13T07:44:49","slug":"destilacao-molecular","status":"publish","type":"product","link":"https:\/\/labonsale.com\/pt\/product\/molecular-distillation\/","title":{"rendered":"Destila\u00e7\u00e3o Molecular"},"content":{"rendered":"<p>Bem-vindo ao nosso guia completo sobre destila\u00e7\u00e3o molecular, a melhor m\u00e1quina de separa\u00e7\u00e3o t\u00e9rmica projetada especificamente para materiais sens\u00edveis ao calor. Com sua natureza suave incompar\u00e1vel, a destila\u00e7\u00e3o molecular minimiza a degrada\u00e7\u00e3o t\u00e9rmica, tornando-a a escolha preferida para separa\u00e7\u00e3o, purifica\u00e7\u00e3o e concentra\u00e7\u00e3o de produtos naturais e mol\u00e9culas complexas e termicamente sens\u00edveis. Neste artigo, exploraremos os meandros da destila\u00e7\u00e3o molecular, suas aplica\u00e7\u00f5es em diversas ind\u00fastrias e seus benef\u00edcios excepcionais. Junte-se a n\u00f3s enquanto mergulhamos no fascinante mundo da destila\u00e7\u00e3o molecular e descubra por que ela \u00e9 uma virada de jogo nos campos qu\u00edmico, farmac\u00eautico, petroqu\u00edmico, especiarias, pl\u00e1sticos, petr\u00f3leo e outros.<\/p>\n<p>A destila\u00e7\u00e3o molecular, tamb\u00e9m conhecida como destila\u00e7\u00e3o de filme limpo, \u00e9 um processo de separa\u00e7\u00e3o t\u00e9rmica de \u00faltima gera\u00e7\u00e3o que se destaca pelo tratamento suave de materiais sens\u00edveis ao calor. \u00c9 amplamente reconhecida como a forma mais delicada de destila\u00e7\u00e3o, causando degrada\u00e7\u00e3o t\u00e9rmica m\u00ednima ao produto. Esta t\u00e9cnica se destaca na separa\u00e7\u00e3o, purifica\u00e7\u00e3o e concentra\u00e7\u00e3o de produtos naturais e mol\u00e9culas complexas e termicamente sens\u00edveis.<\/p>\n<p>A destila\u00e7\u00e3o molecular opera segundo os princ\u00edpios da destila\u00e7\u00e3o a v\u00e1cuo de caminho curto, caracterizada por uma press\u00e3o de v\u00e1cuo extremamente baixa de 0,01 torr ou menos. Um destilador molecular \u00e9 empregado para realizar esse processo preciso. Durante a destila\u00e7\u00e3o molecular, o l\u00edquido destilado \u00e9 exposto a altas temperaturas em um ambiente de alto v\u00e1cuo (cerca de 10-4 mmHg) na coluna de destila\u00e7\u00e3o. O evaporador e o condensador est\u00e3o posicionados pr\u00f3ximos, com uma dist\u00e2ncia m\u00ednima de aproximadamente 2 cm. Esta configura\u00e7\u00e3o garante a exposi\u00e7\u00e3o de curto prazo do l\u00edquido a altas temperaturas e facilita a separa\u00e7\u00e3o eficiente. Na destila\u00e7\u00e3o molecular, os fluidos operam sob regime de fluxo molecular livre, onde o caminho livre m\u00e9dio das mol\u00e9culas \u00e9 compar\u00e1vel ao tamanho do equipamento.<\/p>\n<p>Ao contr\u00e1rio dos m\u00e9todos convencionais de destila\u00e7\u00e3o, a destila\u00e7\u00e3o molecular n\u00e3o depende de press\u00e3o para evapora\u00e7\u00e3o. Em vez disso, ele capitaliza o movimento da linha de vis\u00e3o das mol\u00e9culas. Para conseguir isso, \u00e9 criado um curto caminho entre uma superf\u00edcie quente (coberta com uma pel\u00edcula de alimenta\u00e7\u00e3o) e uma superf\u00edcie fria. Esta configura\u00e7\u00e3o permite o fluxo direto de vapor sem a necessidade de uma fase gasosa cont\u00ednua, resultando em uma separa\u00e7\u00e3o ideal e minimizando a decomposi\u00e7\u00e3o t\u00e9rmica e a perda de componentes valiosos.<\/p>\n<h3>Classifica\u00e7\u00e3o\u00a0de Destila\u00e7\u00e3o Molecular<\/h3>\n<figure id=\"attachment_366\" aria-describedby=\"caption-attachment-366\" style=\"width: 800px\" class=\"wp-caption aligncenter\"><img fetchpriority=\"high\" decoding=\"async\" class=\"wp-image-366 size-full\" src=\"https:\/\/labonsale.com\/wp-content\/uploads\/2023\/09\/Classification-of-Molecular-Distillation.webp\" alt=\"Classifica\u00e7\u00e3o\u00a0de Destila\u00e7\u00e3o Molecular\" width=\"800\" height=\"400\" srcset=\"https:\/\/labonsale.com\/wp-content\/uploads\/2023\/09\/Classification-of-Molecular-Distillation.webp 800w, https:\/\/labonsale.com\/wp-content\/uploads\/2023\/09\/Classification-of-Molecular-Distillation-600x300.webp 600w, https:\/\/labonsale.com\/wp-content\/uploads\/2023\/09\/Classification-of-Molecular-Distillation-300x150.webp 300w, https:\/\/labonsale.com\/wp-content\/uploads\/2023\/09\/Classification-of-Molecular-Distillation-768x384.webp 768w\" sizes=\"(max-width: 800px) 100vw, 800px\" \/><figcaption id=\"caption-attachment-366\" class=\"wp-caption-text\">Classifica\u00e7\u00e3o\u00a0de Destila\u00e7\u00e3o Molecular<\/figcaption><\/figure>\n<figure id=\"attachment_367\" aria-describedby=\"caption-attachment-367\" style=\"width: 800px\" class=\"wp-caption aligncenter\"><img decoding=\"async\" class=\"size-full wp-image-367\" src=\"https:\/\/labonsale.com\/wp-content\/uploads\/2023\/09\/Classification-of-Molecular-Distillation-2.webp\" alt=\"Classifica\u00e7\u00e3o\u00a0de Destila\u00e7\u00e3o Molecular\" width=\"800\" height=\"400\" srcset=\"https:\/\/labonsale.com\/wp-content\/uploads\/2023\/09\/Classification-of-Molecular-Distillation-2.webp 800w, https:\/\/labonsale.com\/wp-content\/uploads\/2023\/09\/Classification-of-Molecular-Distillation-2-600x300.webp 600w, https:\/\/labonsale.com\/wp-content\/uploads\/2023\/09\/Classification-of-Molecular-Distillation-2-300x150.webp 300w, https:\/\/labonsale.com\/wp-content\/uploads\/2023\/09\/Classification-of-Molecular-Distillation-2-768x384.webp 768w\" sizes=\"(max-width: 800px) 100vw, 800px\" \/><figcaption id=\"caption-attachment-367\" class=\"wp-caption-text\">Classifica\u00e7\u00e3o\u00a0de Destila\u00e7\u00e3o Molecular<\/figcaption><\/figure>\n<h3 class=\"has-ast-global-color-0-color has-text-color has-medium-font-size wp-block-heading\"><strong>Aplicativo<\/strong><\/h3>\n<figure id=\"attachment_368\" aria-describedby=\"caption-attachment-368\" style=\"width: 800px\" class=\"wp-caption aligncenter\"><img decoding=\"async\" class=\"size-full wp-image-368\" src=\"https:\/\/labonsale.com\/wp-content\/uploads\/2023\/09\/Application-Of-Molecular-Distillation.webp\" alt=\"Aplica\u00e7\u00e3o de destila\u00e7\u00e3o molecular\" width=\"800\" height=\"400\" srcset=\"https:\/\/labonsale.com\/wp-content\/uploads\/2023\/09\/Application-Of-Molecular-Distillation.webp 800w, https:\/\/labonsale.com\/wp-content\/uploads\/2023\/09\/Application-Of-Molecular-Distillation-600x300.webp 600w, https:\/\/labonsale.com\/wp-content\/uploads\/2023\/09\/Application-Of-Molecular-Distillation-300x150.webp 300w, https:\/\/labonsale.com\/wp-content\/uploads\/2023\/09\/Application-Of-Molecular-Distillation-768x384.webp 768w\" sizes=\"(max-width: 800px) 100vw, 800px\" \/><figcaption id=\"caption-attachment-368\" class=\"wp-caption-text\">Aplica\u00e7\u00e3o de destila\u00e7\u00e3o molecular<\/figcaption><\/figure>\n<p>A destila\u00e7\u00e3o molecular encontra amplas aplica\u00e7\u00f5es em v\u00e1rios setores, gra\u00e7as \u00e0 sua capacidade incompar\u00e1vel de lidar com materiais sens\u00edveis ao calor. Vamos explorar alguns setores-chave onde a destila\u00e7\u00e3o molecular \u00e9 crucial:<\/p>\n<p><strong>Ind\u00fastria qu\u00edmica: <\/strong>A destila\u00e7\u00e3o molecular desempenha um papel vital na separa\u00e7\u00e3o e purifica\u00e7\u00e3o de compostos qu\u00edmicos complexos, permitindo a produ\u00e7\u00e3o de produtos de alta qualidade.<\/p>\n<p><strong>Ind\u00fastria farmac\u00eautica<\/strong>: Com suas capacidades de separa\u00e7\u00e3o suaves e eficientes, a destila\u00e7\u00e3o molecular \u00e9 indispens\u00e1vel na fabrica\u00e7\u00e3o farmac\u00eautica. Permite a extra\u00e7\u00e3o e purifica\u00e7\u00e3o de compostos delicados, como vitaminas e \u00e1cidos graxos poliinsaturados.<\/p>\n<p><strong>Ind\u00fastria Petroqu\u00edmica<\/strong>: A destila\u00e7\u00e3o molecular \u00e9 amplamente utilizada no setor petroqu\u00edmico para purificar produtos petrol\u00edferos, incluindo lubrificantes, ceras e especialidades qu\u00edmicas.<\/p>\n<p><strong>Especiarias e Aromas<\/strong>: A ind\u00fastria de produtos naturais se beneficia muito com a destila\u00e7\u00e3o molecular, pois auxilia na concentra\u00e7\u00e3o e purifica\u00e7\u00e3o de compostos arom\u00e1ticos encontrados em especiarias, \u00f3leos essenciais e aromatizantes.<\/p>\n<p><strong>Ind\u00fastria de Pl\u00e1sticos<\/strong>: A destila\u00e7\u00e3o molecular desempenha um papel crucial na produ\u00e7\u00e3o de pl\u00e1sticos de alta qualidade, removendo impurezas e separando eficazmente misturas de pol\u00edmeros.<\/p>\n<p><strong>Ind\u00fastria Petrol\u00edfera<\/strong>: Na ind\u00fastria do petr\u00f3leo, a destila\u00e7\u00e3o molecular auxilia no refino do petr\u00f3leo bruto, permitindo a separa\u00e7\u00e3o de diferentes fra\u00e7\u00f5es com base em seus pontos de ebuli\u00e7\u00e3o e pesos moleculares.<\/p>\n<h3>Vantagens<\/h3>\n<p>A destila\u00e7\u00e3o molecular oferece in\u00fameras vantagens sobre as t\u00e9cnicas convencionais de destila\u00e7\u00e3o:<br \/>\n<strong>Tratamento Suave<\/strong>: Sendo a forma mais suave de destila\u00e7\u00e3o, a destila\u00e7\u00e3o molecular minimiza a degrada\u00e7\u00e3o t\u00e9rmica, preservando a integridade dos materiais sens\u00edveis ao calor e garantindo produtos da mais alta qualidade.<\/p>\n<p><strong>Processo N\u00e3o T\u00f3xico<\/strong>: Ao contr\u00e1rio das t\u00e9cnicas que empregam solventes como agentes de separa\u00e7\u00e3o, a destila\u00e7\u00e3o molecular evita preocupa\u00e7\u00f5es com toxicidade, tornando-a uma escolha segura e ecologicamente correta.<\/p>\n<p><strong>Perdas M\u00ednimas<\/strong>: Operando sob condi\u00e7\u00f5es de v\u00e1cuo, a destila\u00e7\u00e3o molecular reduz significativamente as perdas devido \u00e0 decomposi\u00e7\u00e3o t\u00e9rmica, garantindo rendimento ideal e preservando os componentes valiosos da alimenta\u00e7\u00e3o.<\/p>\n<p><strong>Processo de Alimenta\u00e7\u00e3o Cont\u00ednua<\/strong>: A destila\u00e7\u00e3o molecular pode ser perfeitamente integrada em um processo de alimenta\u00e7\u00e3o cont\u00ednua, permitindo a extra\u00e7\u00e3o eficiente do destilado sem a necessidade de quebrar o v\u00e1cuo. Isso economiza tempo, aumenta a produtividade e agiliza os fluxos de trabalho de produ\u00e7\u00e3o.<\/p>\n<h3>Gama abrangente de solu\u00e7\u00f5es de destila\u00e7\u00e3o molecular<\/h3>\n<p>Em nossa empresa, oferecemos uma ampla gama de sistemas de destila\u00e7\u00e3o molecular adaptados para atender \u00e0s suas necessidades espec\u00edficas. Nossa linha de produtos inclui:<br \/>\n<strong>Destila\u00e7\u00e3o Molecular de Vidro<\/strong>: Projetados para oferecer versatilidade e facilidade de uso, nossos sistemas de destila\u00e7\u00e3o molecular de vidro s\u00e3o adequados para uma ampla gama de aplica\u00e7\u00f5es.<\/p>\n<p>Destila\u00e7\u00e3o Molecular em A\u00e7o Inoxid\u00e1vel: Constru\u00eddos para durabilidade e longevidade, nossos sistemas de destila\u00e7\u00e3o molecular em a\u00e7o inoxid\u00e1vel garantem excelente desempenho mesmo em ambientes industriais exigentes.<\/p>\n<p><strong>Destila\u00e7\u00e3o Molecular Hybird<\/strong>: Nossos sistemas h\u00edbridos de destila\u00e7\u00e3o molecular combinam os benef\u00edcios dos componentes de vidro e a\u00e7o inoxid\u00e1vel, oferecendo o melhor dos dois mundos.<\/p>\n<p><strong>Est\u00e1gio duplo, est\u00e1gio triplo, destila\u00e7\u00e3o molecular multiest\u00e1gio<\/strong>: Fornecemos sistemas avan\u00e7ados de destila\u00e7\u00e3o molecular em v\u00e1rios est\u00e1gios que permitem maior efici\u00eancia de separa\u00e7\u00e3o e purifica\u00e7\u00e3o, atendendo at\u00e9 mesmo \u00e0s aplica\u00e7\u00f5es mais complexas.<\/p>\n<p>Com nosso compromisso com a personaliza\u00e7\u00e3o, podemos adaptar nossos sistemas de destila\u00e7\u00e3o molecular para atender \u00e0s suas necessidades exclusivas. Nossa equipe de especialistas trabalhar\u00e1 em estreita colabora\u00e7\u00e3o com voc\u00ea para entender suas necessidades e fornecer uma solu\u00e7\u00e3o que atenda perfeitamente \u00e0s suas demandas operacionais.<\/p>\n<p>A destila\u00e7\u00e3o molecular \u00e9 a solu\u00e7\u00e3o definitiva para separa\u00e7\u00e3o t\u00e9rmica suave, proporcionando resultados excepcionais para materiais sens\u00edveis ao calor. Com seu tratamento suave, degrada\u00e7\u00e3o t\u00e9rmica minimizada e precis\u00e3o incompar\u00e1vel, a destila\u00e7\u00e3o molecular tornou-se uma ferramenta indispens\u00e1vel em in\u00fameras ind\u00fastrias, incluindo qu\u00edmica, farmac\u00eautica, petroqu\u00edmica, especiarias, pl\u00e1sticos e petr\u00f3leo.<\/p>\n<p>Ao abra\u00e7ar o poder da destila\u00e7\u00e3o molecular, voc\u00ea pode desbloquear novas possibilidades para o seu neg\u00f3cio e alcan\u00e7ar os mais altos n\u00edveis de separa\u00e7\u00e3o, purifica\u00e7\u00e3o e concentra\u00e7\u00e3o. Contate-nos hoje para explorar nossa ampla linha de solu\u00e7\u00f5es de destila\u00e7\u00e3o molecular e experimentar o auge da tecnologia de separa\u00e7\u00e3o t\u00e9rmica. Invista em nossos produtos de destila\u00e7\u00e3o molecular de \u00faltima gera\u00e7\u00e3o e leve suas opera\u00e7\u00f5es a novos patamares.<\/p>\n<p>&nbsp;<\/p>\n<p>Volte para\u00a0<a href=\"https:\/\/labonsale.com\/pt\/\" data-type=\"page\" data-id=\"308\">pagina inicial<\/a><\/p>\n<p>Veja mais sobre Destila\u00e7\u00e3o Molecular em\u00a0<a href=\"https:\/\/en.wikipedia.org\/wiki\/Molecular_distillation\" target=\"_blank\" rel=\"noopener\" data-type=\"URL\" data-id=\"https:\/\/en.wikipedia.org\/wiki\/Vacuum_drying\">Wikip\u00e9dia<\/a><\/p>","protected":false},"excerpt":{"rendered":"<p>Descubra o poder da Destila\u00e7\u00e3o Molecular: A tecnologia de separa\u00e7\u00e3o t\u00e9rmica mais suave para materiais sens\u00edveis ao calor. Explore nossas solu\u00e7\u00f5es inovadoras e revolucione seus processos de separa\u00e7\u00e3o, purifica\u00e7\u00e3o e concentra\u00e7\u00e3o.<\/p>\n<p>*Vidro\/a\u00e7o inoxid\u00e1vel\/s\u00e9rie h\u00edbrida de destila\u00e7\u00e3o molecular<\/p>\n<p>*Effective evaporation area (m\u00b2) : 0.05 &#8211; 6.5<\/p>\n<p>*A destila\u00e7\u00e3o de filme limpo em v\u00e1rios est\u00e1gios atualizada est\u00e1 dispon\u00edvel<\/p>\n<p>*Servi\u00e7os personalizados est\u00e3o dispon\u00edveis<\/p>\n<p><strong>Download do cat\u00e1logo:<\/strong><a href=\"https:\/\/labonsale.com\/wp-content\/uploads\/2024\/05\/Folheto-de-Destilacao-Molecular.pdf?trp-edit-translation=preview\" target=\"_blank\" rel=\"noopener\">Folheto de Destila\u00e7\u00e3o Molecular.pdf<\/a><\/p>","protected":false},"featured_media":374,"comment_status":"closed","ping_status":"closed","template":"","meta":{"neve_meta_sidebar":"","neve_meta_container":"","neve_meta_enable_content_width":"off","neve_meta_content_width":100,"neve_meta_title_alignment":"","neve_meta_author_avatar":"","neve_post_elements_order":"","neve_meta_disable_header":"","neve_meta_disable_footer":"","neve_meta_disable_title":""},"product_brand":[],"product_cat":[22],"product_tag":[38,48],"class_list":{"0":"post-365","1":"product","2":"type-product","3":"status-publish","4":"has-post-thumbnail","6":"product_cat-distillation-equipment","7":"product_tag-customized","8":"product_tag-oem-odm","10":"first","11":"instock","12":"shipping-taxable","13":"product-type-simple"},"_links":{"self":[{"href":"https:\/\/labonsale.com\/pt\/wp-json\/wp\/v2\/product\/365","targetHints":{"allow":["GET"]}}],"collection":[{"href":"https:\/\/labonsale.com\/pt\/wp-json\/wp\/v2\/product"}],"about":[{"href":"https:\/\/labonsale.com\/pt\/wp-json\/wp\/v2\/types\/product"}],"replies":[{"embeddable":true,"href":"https:\/\/labonsale.com\/pt\/wp-json\/wp\/v2\/comments?post=365"}],"version-history":[{"count":2,"href":"https:\/\/labonsale.com\/pt\/wp-json\/wp\/v2\/product\/365\/revisions"}],"predecessor-version":[{"id":2057,"href":"https:\/\/labonsale.com\/pt\/wp-json\/wp\/v2\/product\/365\/revisions\/2057"}],"wp:featuredmedia":[{"embeddable":true,"href":"https:\/\/labonsale.com\/pt\/wp-json\/wp\/v2\/media\/374"}],"wp:attachment":[{"href":"https:\/\/labonsale.com\/pt\/wp-json\/wp\/v2\/media?parent=365"}],"wp:term":[{"taxonomy":"product_brand","embeddable":true,"href":"https:\/\/labonsale.com\/pt\/wp-json\/wp\/v2\/product_brand?post=365"},{"taxonomy":"product_cat","embeddable":true,"href":"https:\/\/labonsale.com\/pt\/wp-json\/wp\/v2\/product_cat?post=365"},{"taxonomy":"product_tag","embeddable":true,"href":"https:\/\/labonsale.com\/pt\/wp-json\/wp\/v2\/product_tag?post=365"}],"curies":[{"name":"wp","href":"https:\/\/api.w.org\/{rel}","templated":true}]}}