{"id":1913,"date":"2024-04-10T04:13:30","date_gmt":"2024-04-10T04:13:30","guid":{"rendered":"https:\/\/labonsale.com\/?post_type=product&#038;p=1913"},"modified":"2024-04-28T06:48:12","modified_gmt":"2024-04-28T06:48:12","slug":"resfriador","status":"publish","type":"product","link":"https:\/\/labonsale.com\/pt\/product\/chiller\/","title":{"rendered":"Refrigerador"},"content":{"rendered":"<p>A Labonsale \u00e9 especializada na fabrica\u00e7\u00e3o de equipamentos de extra\u00e7\u00e3o, incluindo sistemas de resfriamento que fornecem uma fonte de frio consistente para equipamentos de laborat\u00f3rio. Esses resfriadores utilizam refrigera\u00e7\u00e3o mec\u00e2nica e s\u00e3o utilizados em v\u00e1rios setores, como farmac\u00eautico, processamento de alimentos, metalurgia, pesquisa cient\u00edfica, engenharia gen\u00e9tica e engenharia de pol\u00edmeros, onde a manuten\u00e7\u00e3o de baixas temperaturas \u00e9 essencial.<\/p>\n<h2>O QUE \u00c9 UM CHILLER?<\/h2>\n<p>Um resfriador industrial serve como um componente crucial em v\u00e1rios ambientes industriais, facilitando o controle de temperatura para m\u00e1quinas, ambientes industriais e fluidos de processo, extraindo calor do sistema e dissipando-o em outro lugar. Sua funcionalidade depende do princ\u00edpio da refrigera\u00e7\u00e3o, em que o calor \u00e9 transferido de um refrigerante l\u00edquido atrav\u00e9s de v\u00e1rios ciclos, como compress\u00e3o de vapor, refrigera\u00e7\u00e3o por absor\u00e7\u00e3o ou refrigera\u00e7\u00e3o por adsor\u00e7\u00e3o.<\/p>\n<p>O processo envolve a circula\u00e7\u00e3o do l\u00edquido resfriado atrav\u00e9s de um trocador de calor para regular a temperatura do equipamento ou de outros fluxos de processo, como ar ou \u00e1gua. \u00c9 imperativo gerir o calor residual gerado durante a refrigera\u00e7\u00e3o, quer atrav\u00e9s da sua exaust\u00e3o para o ambiente, quer, para maior efici\u00eancia, recuperando-o para fins de aquecimento. Os chillers de compress\u00e3o de vapor empregam diferentes tipos de compressores, como scroll herm\u00e9tico, parafusos semi-herm\u00e9ticos ou compressores centr\u00edfugos, enquanto o lado de condensa\u00e7\u00e3o pode ser resfriado por ar ou \u00e1gua. Em muitos casos, mesmo os chillers resfriados a \u00e1gua utilizam torres de resfriamento com tiragem induzida ou for\u00e7ada para resfriamento.<\/p>\n<p>Os chillers de absor\u00e7\u00e3o e adsor\u00e7\u00e3o necessitam de uma fonte de calor para funcionar de forma eficaz. A \u00e1gua gelada derivada desses sistemas encontra ampla aplica\u00e7\u00e3o no resfriamento e na desumidifica\u00e7\u00e3o do ar em instala\u00e7\u00f5es comerciais, industriais e institucionais de m\u00e9dio a grande porte. Os chillers resfriados a \u00e1gua podem utilizar resfriamento l\u00edquido por meio de torres de resfriamento, resfriamento a ar ou resfriamento evaporativo, oferecendo efici\u00eancia e benef\u00edcios ambientais em rela\u00e7\u00e3o \u00e0s alternativas resfriadas a ar.<\/p>\n<h2>COMPONENTES PRINCIPAIS DO SISTEMA DE REFRIGERA\u00c7\u00c3O DO CHILLER<\/h2>\n<p>Os chillers s\u00e3o compostos por quatro componentes essenciais: um evaporador, um compressor, um condensador e uma unidade de expans\u00e3o. Cada sistema de resfriamento tamb\u00e9m inclui um refrigerante.<\/p>\n<p>O processo come\u00e7a com o refrigerante de baixa press\u00e3o entrando no evaporador, onde absorve calor e sofre uma mudan\u00e7a de fase para g\u00e1s. O g\u00e1s ent\u00e3o segue para o compressor, o que aumenta sua press\u00e3o.<\/p>\n<p>O refrigerante de alta press\u00e3o viaja para o condensador, onde libera calor para a \u00e1gua de resfriamento de uma torre ou do ar circundante, condensando-se em um l\u00edquido de alta press\u00e3o. Esse l\u00edquido flui ent\u00e3o para a unidade de expans\u00e3o, onde uma v\u00e1lvula regula seu fluxo, reduzindo a press\u00e3o e iniciando novamente o processo de resfriamento.<\/p>\n<p>Esta sequ\u00eancia de eventos constitui o ciclo de refrigera\u00e7\u00e3o, essencial para o funcionamento do chiller.<\/p>\n<ol>\n<li>Bobina de resfriamento: Constru\u00edda em a\u00e7o inoxid\u00e1vel 304 para propriedades anticorrosivas e f\u00e1cil manuten\u00e7\u00e3o.<\/li>\n<li>Condensador: Elimina o calor do refrigerante circulando \u00e1gua ou soprando ar frio sobre a tubula\u00e7\u00e3o do condensador.<\/li>\n<li>Separador de \u00d3leo: Essencial para separar o \u00f3leo lubrificante do vapor de alta press\u00e3o, garantindo uma opera\u00e7\u00e3o segura e eficiente. Al\u00e9m disso, absorve \u00e1gua, filtra impurezas e mant\u00e9m a integridade do sistema de tubula\u00e7\u00e3o.<\/li>\n<li>Compressor: O compressor eleva o g\u00e1s de baixa press\u00e3o para g\u00e1s de alta press\u00e3o, conduzindo o ciclo de refrigera\u00e7\u00e3o e facilitando o resfriamento do processo, criando o gradiente de press\u00e3o necess\u00e1rio. A regula\u00e7\u00e3o da taxa de fluxo \u00e9 obtida ajustando o superaquecimento na extremidade do evaporador.<\/li>\n<li>Trocador de Calor de Placas: Oferece alta efici\u00eancia de troca de calor, m\u00ednima perda de calor, estrutura compacta e leve e maior vida \u00fatil.Filtro Secador: Respons\u00e1vel por absorver \u00e1gua e filtrar impurezas, garantindo o fluxo cont\u00ednuo do sistema de tubula\u00e7\u00e3o.<\/li>\n<li>Evaporador: O evaporador, posicionado entre a v\u00e1lvula de expans\u00e3o e o condensador, funciona para absorver o calor dos processos associados e transferi-lo para o refrigerante circulante. Posteriormente, o refrigerante \u00e9 direcionado para uma torre de resfriamento ou para um sistema refrigerado a ar, dependendo da configura\u00e7\u00e3o do chiller.<\/li>\n<li>V\u00e1lvula de Expans\u00e3o T\u00e9rmica: A v\u00e1lvula de expans\u00e3o t\u00e9rmica expande o refrigerante para reduzir a press\u00e3o, melhorando a remo\u00e7\u00e3o de calor do evaporador.<\/li>\n<\/ol>\n<h2>DETALHES<\/h2>\n<figure id=\"attachment_1941\" aria-describedby=\"caption-attachment-1941\" style=\"width: 800px\" class=\"wp-caption aligncenter\"><img fetchpriority=\"high\" decoding=\"async\" class=\"size-full wp-image-1941\" src=\"https:\/\/labonsale.com\/wp-content\/uploads\/2024\/04\/Chiller-Details.webp\" alt=\"Detalhes do resfriador\" width=\"800\" height=\"800\" srcset=\"https:\/\/labonsale.com\/wp-content\/uploads\/2024\/04\/Chiller-Details.webp 800w, https:\/\/labonsale.com\/wp-content\/uploads\/2024\/04\/Chiller-Details-300x300.webp 300w, https:\/\/labonsale.com\/wp-content\/uploads\/2024\/04\/Chiller-Details-150x150.webp 150w, https:\/\/labonsale.com\/wp-content\/uploads\/2024\/04\/Chiller-Details-768x768.webp 768w, https:\/\/labonsale.com\/wp-content\/uploads\/2024\/04\/Chiller-Details-12x12.webp 12w, https:\/\/labonsale.com\/wp-content\/uploads\/2024\/04\/Chiller-Details-600x600.webp 600w, https:\/\/labonsale.com\/wp-content\/uploads\/2024\/04\/Chiller-Details-100x100.webp 100w\" sizes=\"(max-width: 800px) 100vw, 800px\" \/><figcaption id=\"caption-attachment-1941\" class=\"wp-caption-text\">Detalhes do resfriador<\/figcaption><\/figure>\n<figure id=\"attachment_1939\" aria-describedby=\"caption-attachment-1939\" style=\"width: 800px\" class=\"wp-caption aligncenter\"><img decoding=\"async\" class=\"wp-image-1939 size-full\" src=\"https:\/\/labonsale.com\/wp-content\/uploads\/2024\/04\/Chiller-High-Precision-Micro-Computer-Control.webp\" alt=\"Controle de microcomputador de alta precis\u00e3o do resfriador\" width=\"800\" height=\"752\" srcset=\"https:\/\/labonsale.com\/wp-content\/uploads\/2024\/04\/Chiller-High-Precision-Micro-Computer-Control.webp 800w, https:\/\/labonsale.com\/wp-content\/uploads\/2024\/04\/Chiller-High-Precision-Micro-Computer-Control-300x282.webp 300w, https:\/\/labonsale.com\/wp-content\/uploads\/2024\/04\/Chiller-High-Precision-Micro-Computer-Control-768x722.webp 768w, https:\/\/labonsale.com\/wp-content\/uploads\/2024\/04\/Chiller-High-Precision-Micro-Computer-Control-13x12.webp 13w, https:\/\/labonsale.com\/wp-content\/uploads\/2024\/04\/Chiller-High-Precision-Micro-Computer-Control-600x564.webp 600w\" sizes=\"(max-width: 800px) 100vw, 800px\" \/><figcaption id=\"caption-attachment-1939\" class=\"wp-caption-text\">Controle de microcomputador de alta precis\u00e3o do resfriador<\/figcaption><\/figure>\n<figure id=\"attachment_1940\" aria-describedby=\"caption-attachment-1940\" style=\"width: 800px\" class=\"wp-caption aligncenter\"><img decoding=\"async\" class=\"size-full wp-image-1940\" src=\"https:\/\/labonsale.com\/wp-content\/uploads\/2024\/04\/High-Quality-Chiller-Spare-Parts.webp\" alt=\"Pe\u00e7as sobressalentes de resfriadores de alta qualidade\" width=\"800\" height=\"800\" srcset=\"https:\/\/labonsale.com\/wp-content\/uploads\/2024\/04\/High-Quality-Chiller-Spare-Parts.webp 800w, https:\/\/labonsale.com\/wp-content\/uploads\/2024\/04\/High-Quality-Chiller-Spare-Parts-300x300.webp 300w, https:\/\/labonsale.com\/wp-content\/uploads\/2024\/04\/High-Quality-Chiller-Spare-Parts-150x150.webp 150w, https:\/\/labonsale.com\/wp-content\/uploads\/2024\/04\/High-Quality-Chiller-Spare-Parts-768x768.webp 768w, https:\/\/labonsale.com\/wp-content\/uploads\/2024\/04\/High-Quality-Chiller-Spare-Parts-12x12.webp 12w, https:\/\/labonsale.com\/wp-content\/uploads\/2024\/04\/High-Quality-Chiller-Spare-Parts-600x600.webp 600w, https:\/\/labonsale.com\/wp-content\/uploads\/2024\/04\/High-Quality-Chiller-Spare-Parts-100x100.webp 100w\" sizes=\"(max-width: 800px) 100vw, 800px\" \/><figcaption id=\"caption-attachment-1940\" class=\"wp-caption-text\">Pe\u00e7as sobressalentes de resfriadores de alta qualidade<\/figcaption><\/figure>\n<h2>VANTAGENS E CARACTER\u00cdSTICAS DO SISTEMA DE REFRIGERA\u00c7\u00c3O DO CHILLER<\/h2>\n<ol>\n<li>Efici\u00eancia Energ\u00e9tica: Durante o ver\u00e3o e em condi\u00e7\u00f5es de temperatura ambiente elevada, o sistema de refrigera\u00e7\u00e3o da \u00e1gua facilita a reciclagem da \u00e1gua dentro do circuito do sistema, conservando recursos h\u00eddricos significativos.<\/li>\n<li>Efici\u00eancia aprimorada: Uma \u00fanica unidade de resfriamento pode atender aos requisitos de resfriamento de v\u00e1rios dispositivos externos simultaneamente, garantindo um fornecimento cont\u00ednuo de fontes de \u00e1gua de baixa e temperatura constante, tornando-a ideal para experimentos de condensa\u00e7\u00e3o.<\/li>\n<li>Precis\u00e3o de temperatura: Equipado com tecnologia de controle de temperatura PID e um sensor PT100 integrado, o sistema de resfriamento garante alta precis\u00e3o de controle de temperatura. Al\u00e9m disso, possui display digital de temperatura para opera\u00e7\u00e3o intuitiva.<\/li>\n<li>Garantia de seguran\u00e7a: O sistema de resfriamento do chiller incorpora funcionalidade de autodiagn\u00f3stico juntamente com prote\u00e7\u00e3o contra sobrecarga, garantindo altos n\u00edveis de seguran\u00e7a durante a opera\u00e7\u00e3o.<\/li>\n<li>Compatibilidade vers\u00e1til: Com a capacidade de ser combinado com uma variedade de instrumentos, como evaporadores rotativos, reatores de vidro, tanques de fermenta\u00e7\u00e3o, equipamentos de liofiliza\u00e7\u00e3o e reatores biofarmac\u00eauticos, o sistema de resfriamento oferece excelente compatibilidade.<\/li>\n<\/ol>\n<h2>Formul\u00e1rios<\/h2>\n<p>Como fabricante l\u00edder de chillers de refrigera\u00e7\u00e3o, nossos sistemas encontram aplica\u00e7\u00e3o em v\u00e1rios setores, incluindo:<\/p>\n<ul>\n<li>Instrumentos Anal\u00edticos: Espectr\u00f4metros de absor\u00e7\u00e3o at\u00f4mica, espectr\u00f4metros de massa, polar\u00edmetros.<\/li>\n<li>Equipamento Cient\u00edfico Experimental: Evaporadores rotativos de bomba molecular, destiladores, dispositivos de fermenta\u00e7\u00e3o, lasers e dispositivos de prototipagem r\u00e1pida de metal.<\/li>\n<li>Campo Bioqu\u00edmico: Refrat\u00f4metros Abbe, espectr\u00f4metros de absor\u00e7\u00e3o at\u00f4mica, ICP-MS, ICP, espectr\u00f4metros de resson\u00e2ncia magn\u00e9tica nuclear (NMR), c\u00e2meras CCD, fermentadores biol\u00f3gicos e reatores qu\u00edmicos (sintetizadores).<\/li>\n<li>Campo de material: microsc\u00f3pios eletr\u00f4nicos, m\u00e1quinas de difra\u00e7\u00e3o de raios X (XRD), espectr\u00f4metros de fluoresc\u00eancia de raios X (XRF), equipamentos de revestimento por pulveriza\u00e7\u00e3o cat\u00f3dica a v\u00e1cuo, sistemas de grava\u00e7\u00e3o ICP e v\u00e1rios equipamentos semicondutores.<\/li>\n<li>Campo M\u00e9dico: M\u00e1quinas de resson\u00e2ncia magn\u00e9tica (MRI) supercondutoras, aceleradores lineares, tom\u00f3grafos, m\u00e1quinas de NMR de baixo campo magn\u00e9tico, m\u00e1quinas de raios X, m\u00e1quinas de terapia por microondas e equipamentos m\u00e9dicos de resfriamento, como tampas frias e mantas de resfriamento.<\/li>\n<li>Campos F\u00edsicos e Qu\u00edmicos: Lasers, campos magn\u00e9ticos, bombas diversas (bombas moleculares, bombas de difus\u00e3o, bombas de \u00edons) e equipamentos de resfriamento de \u00e1gua.<\/li>\n<\/ul>\n<h2>PRINC\u00cdPIOS DE TRABALHO<\/h2>\n<ul>\n<li>Mudan\u00e7a de fase: O refrigerante l\u00edquido sofre uma mudan\u00e7a de fase para g\u00e1s quando aquecido e reverte para l\u00edquido quando super-resfriado.<\/li>\n<li>Fluxo de calor: A energia t\u00e9rmica se move naturalmente de \u00e1reas de alta concentra\u00e7\u00e3o para \u00e1reas de menor concentra\u00e7\u00e3o.<\/li>\n<li>Ponto de ebuli\u00e7\u00e3o: O ponto de ebuli\u00e7\u00e3o de um l\u00edquido diminui com a press\u00e3o reduzida e aumenta com o aumento da press\u00e3o.<\/li>\n<\/ul>\n<h2>COMO FUNCIONA UM CHILLER?<\/h2>\n<p>Os chillers industriais operam com base em dois princ\u00edpios principais: absor\u00e7\u00e3o de calor e compress\u00e3o de vapor.<\/p>\n<p>Os chillers de absor\u00e7\u00e3o de calor utilizam trocadores de calor para extrair calor dos processos e dissip\u00e1-lo externamente. Esses trocadores de calor normalmente consistem em tubula\u00e7\u00f5es contendo fluidos refrigerantes como ar, \u00e1gua ou uma mistura.<\/p>\n<p>Os resfriadores de compress\u00e3o de vapor, por outro lado, circulam o l\u00edquido refrigerante atrav\u00e9s de processos que requerem resfriamento. Isso retira calor dos processos para o refrigerante, que \u00e9 ent\u00e3o circulado para um sistema de refrigerante para resfriamento e prepara\u00e7\u00e3o para o pr\u00f3ximo ciclo de resfriamento.<\/p>\n<h2>Instru\u00e7\u00f5es de opera\u00e7\u00e3o<\/h2>\n<ul>\n<li>Certifique-se de que o refrigerador de resfriamento seja colocado em um ambiente seco e bem ventilado, com um espa\u00e7o livre de pelo menos 30 cm ao seu redor para evitar obstru\u00e7\u00f5es.<\/li>\n<li>Antes da opera\u00e7\u00e3o, encha o tanque acima da bomba de circula\u00e7\u00e3o do l\u00edquido refrigerante de baixa temperatura com o meio l\u00edquido apropriado.<\/li>\n<li>Certifique-se de que a fonte de alimenta\u00e7\u00e3o conectada ao chiller atenda ou exceda o requisito total de energia do equipamento. Al\u00e9m disso, o aterramento adequado \u00e9 essencial para a opera\u00e7\u00e3o segura e est\u00e1vel do equipamento.<\/li>\n<li>Ao ativar o interruptor de refrigera\u00e7\u00e3o, aguarde um atraso de tr\u00eas minutos antes que o compressor comece a operar.<\/li>\n<li>Durante a opera\u00e7\u00e3o do resfriador, siga as especifica\u00e7\u00f5es de uso de temperatura e evite contato direto com o tanque para evitar queimaduras pelo frio.<\/li>\n<li>Ao utilizar a circula\u00e7\u00e3o externa, inspecione e fixe meticulosamente as conex\u00f5es dos tubos para evitar desprendimentos e poss\u00edveis vazamentos.<\/li>\n<li>Depois de concluir os experimentos, desligue sequencialmente o interruptor da bomba de circula\u00e7\u00e3o, o interruptor de refrigera\u00e7\u00e3o e o interruptor de alimenta\u00e7\u00e3o dos instrumentos que necessitam de resfriamento. Posteriormente, desative o interruptor de seguran\u00e7a e desconecte o plugue de alimenta\u00e7\u00e3o.<\/li>\n<li>Se o chiller n\u00e3o for utilizado por um longo per\u00edodo, \u00e9 recomendado drenar o l\u00edquido refrigerante e enxaguar o sistema com \u00e1gua limpa.<\/li>\n<li>Monitore regularmente o n\u00edvel do l\u00edquido no tanque e reabaste\u00e7a imediatamente conforme necess\u00e1rio para evitar a opera\u00e7\u00e3o do equipamento sem l\u00edquido refrigerante suficiente.<\/li>\n<\/ul>\n<p>&nbsp;<\/p>\n<p>&nbsp;<\/p>\n<p>Para instala\u00e7\u00f5es que utilizam fluidos de processo ou m\u00e1quinas pesadas, a utiliza\u00e7\u00e3o de um sistema de resfriamento industrial torna-se imperativa para regular as temperaturas dentro dos processos e componentes da m\u00e1quina. Obter insights sobre os mecanismos operacionais dos chillers industriais e explorar a diversidade de tipos de chillers dispon\u00edveis facilita a tomada de decis\u00f5es informadas e adaptadas aos requisitos espec\u00edficos de resfriamento.<\/p>\n<p>&nbsp;<\/p>\n<p>Volte para\u00a0<a href=\"https:\/\/labonsale.com\/pt\/\">pagina inicial<\/a><\/p>\n<p>Veja mais sobre o Chiller em <a href=\"https:\/\/en.wikipedia.org\/wiki\/Chiller\" target=\"_blank\" rel=\"noopener\">Wikip\u00e9dia<\/a><\/p>","protected":false},"excerpt":{"rendered":"<p>\u2744\ufe0fAtualize seu sistema de resfriamento de laborat\u00f3rio com nossos resfriadores eficientes! Mantenha seu equipamento funcionando perfeitamente. Descubra hoje solu\u00e7\u00f5es de refrigera\u00e7\u00e3o confi\u00e1veis!<\/p>\n<p>*Faixa de temperatura: -120\u00b0C~RT<\/p>\n<p>*Chiller de estrutura aberta\/chiller herm\u00e9tico est\u00e3o dispon\u00edveis<\/p>\n<p>*Da escala de laborat\u00f3rio \u00e0 escala industrial<\/p>","protected":false},"featured_media":1935,"comment_status":"closed","ping_status":"closed","template":"","meta":{"neve_meta_sidebar":"","neve_meta_container":"","neve_meta_enable_content_width":"off","neve_meta_content_width":100,"neve_meta_title_alignment":"","neve_meta_author_avatar":"","neve_post_elements_order":"","neve_meta_disable_header":"","neve_meta_disable_footer":"","neve_meta_disable_title":""},"product_brand":[],"product_cat":[51],"product_tag":[49,38,45,43],"class_list":{"0":"post-1913","1":"product","2":"type-product","3":"status-publish","4":"has-post-thumbnail","6":"product_cat-temp-control-equipment","7":"product_tag-ce-certification","8":"product_tag-customized","9":"product_tag-industrial-scale","10":"product_tag-lab-scale","12":"first","13":"instock","14":"shipping-taxable","15":"product-type-simple"},"_links":{"self":[{"href":"https:\/\/labonsale.com\/pt\/wp-json\/wp\/v2\/product\/1913","targetHints":{"allow":["GET"]}}],"collection":[{"href":"https:\/\/labonsale.com\/pt\/wp-json\/wp\/v2\/product"}],"about":[{"href":"https:\/\/labonsale.com\/pt\/wp-json\/wp\/v2\/types\/product"}],"replies":[{"embeddable":true,"href":"https:\/\/labonsale.com\/pt\/wp-json\/wp\/v2\/comments?post=1913"}],"version-history":[{"count":1,"href":"https:\/\/labonsale.com\/pt\/wp-json\/wp\/v2\/product\/1913\/revisions"}],"predecessor-version":[{"id":1934,"href":"https:\/\/labonsale.com\/pt\/wp-json\/wp\/v2\/product\/1913\/revisions\/1934"}],"wp:featuredmedia":[{"embeddable":true,"href":"https:\/\/labonsale.com\/pt\/wp-json\/wp\/v2\/media\/1935"}],"wp:attachment":[{"href":"https:\/\/labonsale.com\/pt\/wp-json\/wp\/v2\/media?parent=1913"}],"wp:term":[{"taxonomy":"product_brand","embeddable":true,"href":"https:\/\/labonsale.com\/pt\/wp-json\/wp\/v2\/product_brand?post=1913"},{"taxonomy":"product_cat","embeddable":true,"href":"https:\/\/labonsale.com\/pt\/wp-json\/wp\/v2\/product_cat?post=1913"},{"taxonomy":"product_tag","embeddable":true,"href":"https:\/\/labonsale.com\/pt\/wp-json\/wp\/v2\/product_tag?post=1913"}],"curies":[{"name":"wp","href":"https:\/\/api.w.org\/{rel}","templated":true}]}}