{"id":1883,"date":"2024-03-15T15:13:55","date_gmt":"2024-03-15T15:13:55","guid":{"rendered":"https:\/\/labonsale.com\/?post_type=product&#038;p=1883"},"modified":"2024-04-22T14:17:06","modified_gmt":"2024-04-22T14:17:06","slug":"extracao-supercritica-de-co2","status":"publish","type":"product","link":"https:\/\/labonsale.com\/pt\/product\/supercritical-co2-extraction\/","title":{"rendered":"Extra\u00e7\u00e3o supercr\u00edtica de CO2"},"content":{"rendered":"<p>A extra\u00e7\u00e3o supercr\u00edtica com CO2 \u00e9 um processo que separa um componente, conhecido como extratante, de outro componente, denominado matriz, utilizando fluidos supercr\u00edticos, sendo o di\u00f3xido de carbono (CO2) o solvente predominante. Os extratores supercr\u00edticos de CO2 da Labonsale s\u00e3o conhecidos por produzir \u00f3leos mais seguros, limpos e puros a partir de materiais vegetais bot\u00e2nicos, encontrando ampla aplica\u00e7\u00e3o em ind\u00fastrias como aliment\u00edcia, cosm\u00e9tica e farmac\u00eautica.<\/p>\n<p>Labonsale \u00e9 um fornecedor l\u00edder de solu\u00e7\u00f5es de extra\u00e7\u00e3o supercr\u00edtica de CO2 na China, oferecendo uma variedade de modelos padr\u00e3o e personalizados adaptados \u00e0s suas necessidades. Nosso equipamento abrange v\u00e1rios volumes e classifica\u00e7\u00f5es de press\u00e3o, com capacidades de produ\u00e7\u00e3o que variam de 5 libras de biomassa seca por dia a 15.000 libras por dia. Com um prazo de entrega t\u00edpico de apenas um m\u00eas, garantimos pronta entrega para cumprir os prazos do seu projeto.<\/p>\n<p>Al\u00e9m de nossas ofertas de equipamentos, nos especializamos em fornecer solu\u00e7\u00f5es completas de extra\u00e7\u00e3o bot\u00e2nica, especialmente para extra\u00e7\u00f5es de c\u00e2nhamo e cannabis. Com mais de 100 sistemas extratores de CO2 supercr\u00edticos comissionados em todo o mundo, trazemos ampla experi\u00eancia e conhecimento para cada projeto, garantindo \u00f3timos resultados para nossos clientes.<\/p>\n<h2>O QUE \u00c9 EXTRA\u00c7\u00c3O SUPERCR\u00cdTICA DE CO2?<\/h2>\n<p>A extra\u00e7\u00e3o com fluido supercr\u00edtico \u00e9 uma t\u00e9cnica que separa extratos de uma matriz de mistura usando fluidos supercr\u00edticos. Entre esses fluidos, o di\u00f3xido de carbono (CO2) \u00e9 o mais utilizado. Os fluidos supercr\u00edticos existem em um estado \u00fanico entre gases e l\u00edquidos, conhecido como estado supercr\u00edtico, que ocorre quando a press\u00e3o e a temperatura ultrapassam o ponto cr\u00edtico. Nesse estado, o fluido apresenta caracter\u00edsticas tanto de l\u00edquidos quanto de gases, com densidade semelhante \u00e0 dos l\u00edquidos e viscosidade mais pr\u00f3xima da dos gases. Esta propriedade torna os fluidos supercr\u00edticos, como o CO2, altamente eficazes como agentes de extra\u00e7\u00e3o. Eles podem dissolver seletivamente compostos alvo com base na polaridade, ponto de ebuli\u00e7\u00e3o e peso molecular. No geral, devido \u00e0s suas propriedades \u00fanicas, os fluidos supercr\u00edticos servem como solventes de extra\u00e7\u00e3o ideais em diversas ind\u00fastrias, oferecendo vantagens como opera\u00e7\u00e3o em baixa temperatura, res\u00edduo m\u00ednimo em extratos e processos de extra\u00e7\u00e3o eficientes.<\/p>\n<h2>PRINC\u00cdPIO DE EXTRA\u00c7\u00c3O SUPERCR\u00cdTICA DE DI\u00d3XIDO DE CARBONO<\/h2>\n<p>O princ\u00edpio por tr\u00e1s de uma m\u00e1quina de extra\u00e7\u00e3o supercr\u00edtica de CO2 e de seu processo de separa\u00e7\u00e3o depende da intera\u00e7\u00e3o entre a capacidade de dissolu\u00e7\u00e3o do fluido supercr\u00edtico e sua densidade, que \u00e9 governada pela press\u00e3o e temperatura. Sob temperatura e press\u00e3o especiais (temperatura superior a 31 graus Celsius e press\u00e3o superior a 1071 PSI), o CO2 entra em um estado supercr\u00edtico. O di\u00f3xido de carbono torna-se depois disso um fluido supercr\u00edtico com baixa viscosidade e sem tens\u00e3o interfacial, melhorando assim a sua capacidade de solubilidade e, portanto, alcan\u00e7ando maior efici\u00eancia de extra\u00e7\u00e3o. No estado supercr\u00edtico, o fluido entra em contato com a subst\u00e2ncia a ser separada, possibilitando a extra\u00e7\u00e3o seletiva dos componentes com base em fatores como polaridade, ponto de ebuli\u00e7\u00e3o e peso molecular. \u00c9 importante notar que o extrato obtido em cada faixa de press\u00e3o pode n\u00e3o ser \u00fanico, mas atrav\u00e9s do controle preciso das condi\u00e7\u00f5es, uma mistura ideal de componentes pode ser alcan\u00e7ada. Posteriormente, ao descomprimir e aumentar a temperatura, o fluido supercr\u00edtico \u00e9 convertido novamente em g\u00e1s normal, permitindo a separa\u00e7\u00e3o e purifica\u00e7\u00e3o do material extra\u00eddo. Assim, o processo altamente cr\u00edtico de extra\u00e7\u00e3o de fluido de CO2 combina perfeitamente procedimentos de extra\u00e7\u00e3o e separa\u00e7\u00e3o, resultando em uma purifica\u00e7\u00e3o eficiente e eficaz.<\/p>\n<h2 class=\"font_4 wixui-rich-text__text\"><span class=\"wixui-rich-text__text\">COMO FUNCIONA O EXTRATOR SUPERCR\u00cdTICO DE CO2?<\/span><\/h2>\n<ol>\n<li>Coloque cannabis na c\u00e2mara.<\/li>\n<li>O CO2 entra no estado supercr\u00edtico sob condi\u00e7\u00f5es ideais de temperatura e press\u00e3o.<\/li>\n<li>O CO2 supercr\u00edtico dissolve a cannabis.<\/li>\n<li>A mistura l\u00edquida contendo \u00f3leo de cannabis \u00e9 transportada para o separador pelo CO2 supercr\u00edtico.<\/li>\n<li>Ao chegar ao separador, o CO2 supercr\u00edtico reverte para a fase gasosa e se separa do l\u00edquido devido \u00e0 diminui\u00e7\u00e3o da press\u00e3o.<\/li>\n<li>O g\u00e1s CO2 \u00e9 direcionado para um tanque de armazenamento para uso futuro.<\/li>\n<li>Entretanto, o \u00f3leo de cannabis e outros compostos depositam-se no fundo do separador.<\/li>\n<li>O \u00f3leo e os compostos coletados s\u00e3o transferidos para um recipiente para etapas subsequentes de tratamento.<\/li>\n<\/ol>\n<figure id=\"attachment_1886\" aria-describedby=\"caption-attachment-1886\" style=\"width: 800px\" class=\"wp-caption aligncenter\"><img fetchpriority=\"high\" decoding=\"async\" class=\"size-full wp-image-1886\" src=\"https:\/\/labonsale.com\/wp-content\/uploads\/2024\/03\/how-supercritical-extraction-works.webp\" alt=\"como funciona a extra\u00e7\u00e3o supercr\u00edtica\" width=\"800\" height=\"600\" srcset=\"https:\/\/labonsale.com\/wp-content\/uploads\/2024\/03\/how-supercritical-extraction-works.webp 800w, https:\/\/labonsale.com\/wp-content\/uploads\/2024\/03\/how-supercritical-extraction-works-300x225.webp 300w, https:\/\/labonsale.com\/wp-content\/uploads\/2024\/03\/how-supercritical-extraction-works-768x576.webp 768w, https:\/\/labonsale.com\/wp-content\/uploads\/2024\/03\/how-supercritical-extraction-works-16x12.webp 16w, https:\/\/labonsale.com\/wp-content\/uploads\/2024\/03\/how-supercritical-extraction-works-600x450.webp 600w\" sizes=\"(max-width: 800px) 100vw, 800px\" \/><figcaption id=\"caption-attachment-1886\" class=\"wp-caption-text\">como funciona a extra\u00e7\u00e3o supercr\u00edtica<\/figcaption><\/figure>\n<h2>DETALHES<\/h2>\n<figure id=\"attachment_1890\" aria-describedby=\"caption-attachment-1890\" style=\"width: 720px\" class=\"wp-caption aligncenter\"><img decoding=\"async\" class=\"size-full wp-image-1890\" src=\"https:\/\/labonsale.com\/wp-content\/uploads\/2024\/03\/Supercritical-CO2-Extraction-Real-Shot-1.webp\" alt=\"Extra\u00e7\u00e3o supercr\u00edtica de CO2 Real Shot-1\" width=\"720\" height=\"576\" srcset=\"https:\/\/labonsale.com\/wp-content\/uploads\/2024\/03\/Supercritical-CO2-Extraction-Real-Shot-1.webp 720w, https:\/\/labonsale.com\/wp-content\/uploads\/2024\/03\/Supercritical-CO2-Extraction-Real-Shot-1-300x240.webp 300w, https:\/\/labonsale.com\/wp-content\/uploads\/2024\/03\/Supercritical-CO2-Extraction-Real-Shot-1-15x12.webp 15w, https:\/\/labonsale.com\/wp-content\/uploads\/2024\/03\/Supercritical-CO2-Extraction-Real-Shot-1-600x480.webp 600w\" sizes=\"(max-width: 720px) 100vw, 720px\" \/><figcaption id=\"caption-attachment-1890\" class=\"wp-caption-text\">Extra\u00e7\u00e3o supercr\u00edtica de CO2 Real Shot-1<\/figcaption><\/figure>\n<figure id=\"attachment_1889\" aria-describedby=\"caption-attachment-1889\" style=\"width: 719px\" class=\"wp-caption aligncenter\"><img decoding=\"async\" class=\"size-full wp-image-1889\" src=\"https:\/\/labonsale.com\/wp-content\/uploads\/2024\/03\/Supercritical-CO2-Extraction-Real-Shot-2.webp\" alt=\"Extra\u00e7\u00e3o supercr\u00edtica de CO2 Real Shot-2\" width=\"719\" height=\"720\" srcset=\"https:\/\/labonsale.com\/wp-content\/uploads\/2024\/03\/Supercritical-CO2-Extraction-Real-Shot-2.webp 719w, https:\/\/labonsale.com\/wp-content\/uploads\/2024\/03\/Supercritical-CO2-Extraction-Real-Shot-2-300x300.webp 300w, https:\/\/labonsale.com\/wp-content\/uploads\/2024\/03\/Supercritical-CO2-Extraction-Real-Shot-2-150x150.webp 150w, https:\/\/labonsale.com\/wp-content\/uploads\/2024\/03\/Supercritical-CO2-Extraction-Real-Shot-2-12x12.webp 12w, https:\/\/labonsale.com\/wp-content\/uploads\/2024\/03\/Supercritical-CO2-Extraction-Real-Shot-2-600x601.webp 600w, https:\/\/labonsale.com\/wp-content\/uploads\/2024\/03\/Supercritical-CO2-Extraction-Real-Shot-2-100x100.webp 100w\" sizes=\"(max-width: 719px) 100vw, 719px\" \/><figcaption id=\"caption-attachment-1889\" class=\"wp-caption-text\">Extra\u00e7\u00e3o supercr\u00edtica de CO2 Real Shot-2<\/figcaption><\/figure>\n<figure id=\"attachment_1888\" aria-describedby=\"caption-attachment-1888\" style=\"width: 719px\" class=\"wp-caption aligncenter\"><img loading=\"lazy\" decoding=\"async\" class=\"size-full wp-image-1888\" src=\"https:\/\/labonsale.com\/wp-content\/uploads\/2024\/03\/Supercritical-CO2-Extraction-Real-Shot-3.webp\" alt=\"Extra\u00e7\u00e3o supercr\u00edtica de CO2 Real Shot-3\" width=\"719\" height=\"720\" srcset=\"https:\/\/labonsale.com\/wp-content\/uploads\/2024\/03\/Supercritical-CO2-Extraction-Real-Shot-3.webp 719w, https:\/\/labonsale.com\/wp-content\/uploads\/2024\/03\/Supercritical-CO2-Extraction-Real-Shot-3-300x300.webp 300w, https:\/\/labonsale.com\/wp-content\/uploads\/2024\/03\/Supercritical-CO2-Extraction-Real-Shot-3-150x150.webp 150w, https:\/\/labonsale.com\/wp-content\/uploads\/2024\/03\/Supercritical-CO2-Extraction-Real-Shot-3-12x12.webp 12w, https:\/\/labonsale.com\/wp-content\/uploads\/2024\/03\/Supercritical-CO2-Extraction-Real-Shot-3-600x601.webp 600w, https:\/\/labonsale.com\/wp-content\/uploads\/2024\/03\/Supercritical-CO2-Extraction-Real-Shot-3-100x100.webp 100w\" sizes=\"(max-width: 719px) 100vw, 719px\" \/><figcaption id=\"caption-attachment-1888\" class=\"wp-caption-text\">Extra\u00e7\u00e3o supercr\u00edtica de CO2 Real Shot-3<\/figcaption><\/figure>\n<figure id=\"attachment_1887\" aria-describedby=\"caption-attachment-1887\" style=\"width: 719px\" class=\"wp-caption aligncenter\"><img loading=\"lazy\" decoding=\"async\" class=\"size-full wp-image-1887\" src=\"https:\/\/labonsale.com\/wp-content\/uploads\/2024\/03\/Supercritical-CO2-Extraction-Real-Shot-4.webp\" alt=\"Extra\u00e7\u00e3o supercr\u00edtica de CO2 Real Shot-4\" width=\"719\" height=\"720\" srcset=\"https:\/\/labonsale.com\/wp-content\/uploads\/2024\/03\/Supercritical-CO2-Extraction-Real-Shot-4.webp 719w, https:\/\/labonsale.com\/wp-content\/uploads\/2024\/03\/Supercritical-CO2-Extraction-Real-Shot-4-300x300.webp 300w, https:\/\/labonsale.com\/wp-content\/uploads\/2024\/03\/Supercritical-CO2-Extraction-Real-Shot-4-150x150.webp 150w, https:\/\/labonsale.com\/wp-content\/uploads\/2024\/03\/Supercritical-CO2-Extraction-Real-Shot-4-12x12.webp 12w, https:\/\/labonsale.com\/wp-content\/uploads\/2024\/03\/Supercritical-CO2-Extraction-Real-Shot-4-600x601.webp 600w, https:\/\/labonsale.com\/wp-content\/uploads\/2024\/03\/Supercritical-CO2-Extraction-Real-Shot-4-100x100.webp 100w\" sizes=\"(max-width: 719px) 100vw, 719px\" \/><figcaption id=\"caption-attachment-1887\" class=\"wp-caption-text\">Extra\u00e7\u00e3o supercr\u00edtica de CO2 Real Shot-4<\/figcaption><\/figure>\n<figure id=\"attachment_1891\" aria-describedby=\"caption-attachment-1891\" style=\"width: 720px\" class=\"wp-caption aligncenter\"><img loading=\"lazy\" decoding=\"async\" class=\"size-full wp-image-1891\" src=\"https:\/\/labonsale.com\/wp-content\/uploads\/2024\/03\/Supercritical-CO2-Extraction-Real-Shot-5.webp\" alt=\"Extra\u00e7\u00e3o supercr\u00edtica de CO2 Real Shot-5\" width=\"720\" height=\"720\" srcset=\"https:\/\/labonsale.com\/wp-content\/uploads\/2024\/03\/Supercritical-CO2-Extraction-Real-Shot-5.webp 720w, https:\/\/labonsale.com\/wp-content\/uploads\/2024\/03\/Supercritical-CO2-Extraction-Real-Shot-5-300x300.webp 300w, https:\/\/labonsale.com\/wp-content\/uploads\/2024\/03\/Supercritical-CO2-Extraction-Real-Shot-5-150x150.webp 150w, https:\/\/labonsale.com\/wp-content\/uploads\/2024\/03\/Supercritical-CO2-Extraction-Real-Shot-5-12x12.webp 12w, https:\/\/labonsale.com\/wp-content\/uploads\/2024\/03\/Supercritical-CO2-Extraction-Real-Shot-5-600x600.webp 600w, https:\/\/labonsale.com\/wp-content\/uploads\/2024\/03\/Supercritical-CO2-Extraction-Real-Shot-5-100x100.webp 100w\" sizes=\"(max-width: 720px) 100vw, 720px\" \/><figcaption id=\"caption-attachment-1891\" class=\"wp-caption-text\">Extra\u00e7\u00e3o supercr\u00edtica de CO2 Real Shot-5<\/figcaption><\/figure>\n<figure id=\"attachment_1892\" aria-describedby=\"caption-attachment-1892\" style=\"width: 766px\" class=\"wp-caption aligncenter\"><img loading=\"lazy\" decoding=\"async\" class=\"size-full wp-image-1892\" src=\"https:\/\/labonsale.com\/wp-content\/uploads\/2024\/03\/Supercritical-CO2-Extraction-Real-Shot-6.webp\" alt=\"Extra\u00e7\u00e3o supercr\u00edtica de CO2 Real Shot-6\" width=\"766\" height=\"585\" srcset=\"https:\/\/labonsale.com\/wp-content\/uploads\/2024\/03\/Supercritical-CO2-Extraction-Real-Shot-6.webp 766w, https:\/\/labonsale.com\/wp-content\/uploads\/2024\/03\/Supercritical-CO2-Extraction-Real-Shot-6-300x229.webp 300w, https:\/\/labonsale.com\/wp-content\/uploads\/2024\/03\/Supercritical-CO2-Extraction-Real-Shot-6-16x12.webp 16w, https:\/\/labonsale.com\/wp-content\/uploads\/2024\/03\/Supercritical-CO2-Extraction-Real-Shot-6-600x458.webp 600w\" sizes=\"(max-width: 766px) 100vw, 766px\" \/><figcaption id=\"caption-attachment-1892\" class=\"wp-caption-text\">Extra\u00e7\u00e3o supercr\u00edtica de CO2 Real Shot-6<\/figcaption><\/figure>\n<h2>MODELOS E COMPONENTES<\/h2>\n<p>O equipamento de extra\u00e7\u00e3o de CO2 supercr\u00edtico vem em v\u00e1rios modelos, incluindo SFE-5L, SFE-10L, SFE-25L e SFE-50L. Esses sistemas consistem em componentes essenciais como refrigerador, tanque de armazenamento de g\u00e1s, bomba de di\u00f3xido de carbono l\u00edquido, bomba modificadora, bomba de mat\u00e9ria-prima, trocador de calor, extrator, descarregador, v\u00e1lvula de alimenta\u00e7\u00e3o, v\u00e1lvula de descarga, v\u00e1lvula de al\u00edvio de press\u00e3o, man\u00f4metro, cilindro de nitrog\u00eanio, e tanques para armazenamento de mat\u00e9ria-prima e modificadores. Al\u00e9m disso, as bombas de CO2 de alta press\u00e3o s\u00e3o componentes integrantes destes sistemas.<\/p>\n<h2>Benef\u00edcios<\/h2>\n<ul>\n<li>Classifica\u00e7\u00e3o de press\u00e3o mais alta: Labonsale oferece extratores de CO2 supercr\u00edticos com classifica\u00e7\u00e3o de press\u00e3o de at\u00e9 50 Mpa (7250 PSI), superando os concorrentes.<\/li>\n<li>Dupla prote\u00e7\u00e3o de seguran\u00e7a: Nossos extratores possuem medidores de prote\u00e7\u00e3o contra sobrepress\u00e3o e v\u00e1lvulas de seguran\u00e7a, garantindo medidas de seguran\u00e7a aprimoradas.<\/li>\n<li>Vers\u00e1til: Adequado para aplica\u00e7\u00f5es laboratoriais e industriais, com capacidades de recipientes que variam de 0,5L a 3000L.<\/li>\n<li>Comissionamento e treinamento: Oferecemos servi\u00e7os de comissionamento e treinamento no local ou remoto para garantir uma opera\u00e7\u00e3o ideal.<\/li>\n<li>Econ\u00f4mico: Nossos extratores oferecem menor consumo de energia e etanol, al\u00e9m de ocuparem menos espa\u00e7o, resultando em economia de custos.<\/li>\n<li>Seguran\u00e7a: Utilizando CO2 n\u00e3o t\u00f3xico e n\u00e3o inflam\u00e1vel, nosso processo de extra\u00e7\u00e3o \u00e9 mais seguro em compara\u00e7\u00e3o com m\u00e9todos alternativos.<\/li>\n<li>Acessibilidade: Equipados com controlador PLC autom\u00e1tico e procedimentos operacionais padr\u00e3o (SOP) completos, nossos extratores oferecem facilidade de uso.<\/li>\n<li>Suporte: Labonsale oferece prazos de entrega curtos de um m\u00eas, juntamente com design de solu\u00e7\u00f5es prontas para uso e suporte de personaliza\u00e7\u00e3o.<\/li>\n<\/ul>\n<h2>VANTAGEM<\/h2>\n<ul>\n<li>Recupera\u00e7\u00e3o eficiente de CO2: O sistema de circuito fechado da Labonsale pode recuperar mais de 95% do CO2, garantindo o m\u00ednimo de desperd\u00edcio e impacto ambiental.<\/li>\n<li>Controle Preciso: Nossos sistemas permitem f\u00e1cil ajuste e controle preciso de press\u00e3o e temperatura, otimizando as condi\u00e7\u00f5es de extra\u00e7\u00e3o.<\/li>\n<li>Bomba de alta press\u00e3o: Apresentando uma bomba de alta press\u00e3o de CO2 de alta efici\u00eancia, nossos sistemas podem aumentar rapidamente a press\u00e3o para processos de extra\u00e7\u00e3o eficientes.<\/li>\n<li>Design f\u00e1cil de usar: Os sistemas de extra\u00e7\u00e3o de CO2 da Labonsale apresentam um design de rota de fluxo de CO2 f\u00e1cil de usar, completo com um fluxograma autoexplicativo para treinamento e opera\u00e7\u00e3o simples.<\/li>\n<li>F\u00e1cil instala\u00e7\u00e3o: Com 99% do sistema pr\u00e9-montado antes do envio, a instala\u00e7\u00e3o no local do cliente \u00e9 simples e descomplicada.<\/li>\n<li>Longevidade aprimorada da bomba: Nossos sistemas incorporam um design especial no sistema de pist\u00e3o da bomba, prolongando a vida \u00fatil da bomba e exigindo manuten\u00e7\u00e3o m\u00ednima.<\/li>\n<li>Baixa temperatura de extra\u00e7\u00e3o: Projetados para baixas temperaturas de extra\u00e7\u00e3o, nossos sistemas s\u00e3o ideais para extrair e purificar compostos sens\u00edveis ao calor, preservando sua integridade.<\/li>\n<\/ul>\n<h2>Estudo de caso<\/h2>\n<p>Para extrair o \u00f3leo essencial de pe\u00f4nia usando equipamento de extra\u00e7\u00e3o supercr\u00edtica de CO2, \u00e9 seguido um processo sistem\u00e1tico:<\/p>\n<ol>\n<li>Limpeza: As ra\u00edzes, caules, folhas e flores das pe\u00f4nias s\u00e3o bem lavados para remover impurezas e sujeira. Ap\u00f3s a limpeza, a \u00e1gua \u00e9 drenada para uso posterior.<\/li>\n<li>Secagem: As pe\u00f4nias lavadas s\u00e3o ent\u00e3o enviadas para uma sala de secagem equipada com equipamento de secagem. O processo de secagem envolve manter uma temperatura entre 40 e 70 graus Celsius durante 3 a 8 horas para reduzir o teor de umidade para menos de 7%.<\/li>\n<li>Pulveriza\u00e7\u00e3o: Depois de secos, as ra\u00edzes, caules, folhas e flores s\u00e3o pulverizados em palha usando um pulverizador de palha, resultando em restos de pe\u00f4nia.<\/li>\n<li>Extra\u00e7\u00e3o: Aproximadamente 300kg de peda\u00e7os de pe\u00f4nia s\u00e3o colocados no extrator, garantindo uma veda\u00e7\u00e3o herm\u00e9tica. O l\u00edquido do tanque de armazenamento \u00e9 bombeado para o vaporizador atrav\u00e9s de uma bomba de alta press\u00e3o. Em seguida, ele entra no extrator em um estado fluido cr\u00edtico para extra\u00e7\u00e3o.<\/li>\n<li>Ajuste de press\u00e3o e temperatura: A press\u00e3o e a temperatura dentro do extrator s\u00e3o ajustadas entre 10Mpa a 45 Mpa e 32 \u2103 a 80 \u2103, respectivamente. O fluido misturado passa por separa\u00e7\u00e3o descompressiva no separador, com press\u00e3o controlada entre 4MPa a 10Mpa e temperatura variando de 20 \u2103 a 80 \u2103.<\/li>\n<li>Extra\u00e7\u00e3o e Separa\u00e7\u00e3o: Tome cuidado para evitar press\u00e3o excessiva dentro do extrator. O fluido rico em \u00f3leo essencial de pe\u00f4nia \u00e9 direcionado para o separador, onde sofre separa\u00e7\u00e3o do CO2. O \u00f3leo essencial puro separado \u00e9 resfriado pelo liquidificador e retorna ao tanque de armazenamento de l\u00edquido, completando o ciclo de extra\u00e7\u00e3o.<\/li>\n<li>Recupera\u00e7\u00e3o e descarte de CO2: O g\u00e1s CO2 no tanque de g\u00e1s residual \u00e9 recuperado pelo compressor para extra\u00e7\u00e3o adicional e armazenado no tanque de armazenamento de CO2 l\u00edquido. O \u00f3leo essencial de pe\u00f4nia extra\u00eddo \u00e9 liberado e medido periodicamente para fins de controle de qualidade, enquanto os restos de pe\u00f4nia restantes s\u00e3o descarregados pela tampa inferior do extrator.<\/li>\n<\/ol>\n<h2>Aplicativo<\/h2>\n<ul>\n<li>Extra\u00e7\u00e3o de mol\u00e9culas biologicamente ativas de plantas medicinais, incluindo extra\u00e7\u00e3o e separa\u00e7\u00e3o de alcal\u00f3ides.<\/li>\n<li>Extra\u00e7\u00e3o de lip\u00eddios de diferentes microrganismos, para recupera\u00e7\u00e3o lip\u00eddica ou remo\u00e7\u00e3o de glicos\u00eddeos e prote\u00ednas.<\/li>\n<li>Extra\u00e7\u00e3o de subst\u00e2ncias anticancer\u00edgenas de diversas plantas, como paclitaxel da casca e ramos de Taxus chinensis para preven\u00e7\u00e3o e tratamento do c\u00e2ncer.<\/li>\n<li>Extra\u00e7\u00e3o de vitaminas, principalmente vitamina E.<\/li>\n<li>Purifica\u00e7\u00e3o de diversas subst\u00e2ncias ativas, naturais ou sint\u00e9ticas, para eliminar mol\u00e9culas indesejadas (por exemplo, pesticidas) e obter produtos purificados.<\/li>\n<li>Processamento de extratos naturais antibacterianos ou antioxidantes de ervas e especiarias como manjeric\u00e3o, tomilho, alho e cebola, bem como vegetais como camomila, pimenta em p\u00f3, alca\u00e7uz e sementes de erva-doce.<\/li>\n<\/ul>\n<p>&nbsp;<\/p>\n<p>Volte para\u00a0<a href=\"https:\/\/labonsale.com\/pt\/\">pagina inicial<\/a><\/p>\n<p>Veja mais sobre extra\u00e7\u00e3o com fluido supercr\u00edtico em <a href=\"https:\/\/en.wikipedia.org\/wiki\/Supercritical_fluid_extraction\" target=\"_blank\" rel=\"noopener\">Wikip\u00e9dia<\/a><\/p>","protected":false},"excerpt":{"rendered":"<p>Desvende os segredos da extra\u00e7\u00e3o supercr\u00edtica de CO2! Mergulhe no m\u00e9todo revolucion\u00e1rio que est\u00e1 conquistando as ind\u00fastrias.<\/p>\n<p>* Menor consumo de energia e etanol<\/p>\n<p>*Do processamento de 5 libras de biomassa seca por dia a 15.000 libras por dia.<\/p>\n<p>*Controlador PLC autom\u00e1tico e SOP completo dispon\u00edveis<\/p>\n<p>*Design e personaliza\u00e7\u00e3o de solu\u00e7\u00f5es chave na m\u00e3o<\/p>","protected":false},"featured_media":1899,"comment_status":"closed","ping_status":"closed","template":"","meta":{"neve_meta_sidebar":"","neve_meta_container":"","neve_meta_enable_content_width":"off","neve_meta_content_width":100,"neve_meta_title_alignment":"","neve_meta_author_avatar":"","neve_post_elements_order":"","neve_meta_disable_header":"","neve_meta_disable_footer":"","neve_meta_disable_title":""},"product_brand":[],"product_cat":[24],"product_tag":[38],"class_list":{"0":"post-1883","1":"product","2":"type-product","3":"status-publish","4":"has-post-thumbnail","6":"product_cat-extraction-equipment","7":"product_tag-customized","9":"first","10":"instock","11":"shipping-taxable","12":"product-type-simple"},"_links":{"self":[{"href":"https:\/\/labonsale.com\/pt\/wp-json\/wp\/v2\/product\/1883","targetHints":{"allow":["GET"]}}],"collection":[{"href":"https:\/\/labonsale.com\/pt\/wp-json\/wp\/v2\/product"}],"about":[{"href":"https:\/\/labonsale.com\/pt\/wp-json\/wp\/v2\/types\/product"}],"replies":[{"embeddable":true,"href":"https:\/\/labonsale.com\/pt\/wp-json\/wp\/v2\/comments?post=1883"}],"version-history":[{"count":0,"href":"https:\/\/labonsale.com\/pt\/wp-json\/wp\/v2\/product\/1883\/revisions"}],"wp:featuredmedia":[{"embeddable":true,"href":"https:\/\/labonsale.com\/pt\/wp-json\/wp\/v2\/media\/1899"}],"wp:attachment":[{"href":"https:\/\/labonsale.com\/pt\/wp-json\/wp\/v2\/media?parent=1883"}],"wp:term":[{"taxonomy":"product_brand","embeddable":true,"href":"https:\/\/labonsale.com\/pt\/wp-json\/wp\/v2\/product_brand?post=1883"},{"taxonomy":"product_cat","embeddable":true,"href":"https:\/\/labonsale.com\/pt\/wp-json\/wp\/v2\/product_cat?post=1883"},{"taxonomy":"product_tag","embeddable":true,"href":"https:\/\/labonsale.com\/pt\/wp-json\/wp\/v2\/product_tag?post=1883"}],"curies":[{"name":"wp","href":"https:\/\/api.w.org\/{rel}","templated":true}]}}