{"id":983,"date":"2023-09-25T05:47:56","date_gmt":"2023-09-25T05:47:56","guid":{"rendered":"https:\/\/labonsale.com\/?page_id=983"},"modified":"2023-10-02T16:21:57","modified_gmt":"2023-10-02T16:21:57","slug":"logistica","status":"publish","type":"page","link":"https:\/\/labonsale.com\/pt\/logistics\/","title":{"rendered":"Log\u00edstica"},"content":{"rendered":"<div data-elementor-type=\"wp-page\" data-elementor-id=\"983\" class=\"elementor elementor-983\" data-elementor-post-type=\"page\">\n\t\t\t\t<div class=\"elementor-element elementor-element-d60cc1f e-flex e-con-boxed e-con e-parent\" data-id=\"d60cc1f\" data-element_type=\"container\" data-e-type=\"container\">\n\t\t\t\t\t<div class=\"e-con-inner\">\n\t\t\t\t<div class=\"elementor-element elementor-element-e76862c elementor-widget elementor-widget-heading\" data-id=\"e76862c\" data-element_type=\"widget\" data-e-type=\"widget\" data-widget_type=\"heading.default\">\n\t\t\t\t<div class=\"elementor-widget-container\">\n\t\t\t\t\t<h1 class=\"elementor-heading-title elementor-size-default\">Log\u00edstica<\/h1>\t\t\t\t<\/div>\n\t\t\t\t<\/div>\n\t\t\t\t\t<\/div>\n\t\t\t\t<\/div>\n\t\t<div class=\"elementor-element elementor-element-674ed0f3 e-con-full e-flex e-con e-parent\" data-id=\"674ed0f3\" data-element_type=\"container\" data-e-type=\"container\" data-settings=\"{&quot;background_background&quot;:&quot;classic&quot;}\">\n\t\t<div class=\"elementor-element elementor-element-38a98cc6 e-con-full e-flex e-con e-child\" data-id=\"38a98cc6\" data-element_type=\"container\" data-e-type=\"container\" data-settings=\"{&quot;background_background&quot;:&quot;classic&quot;}\">\n\t\t\t\t<div class=\"elementor-element elementor-element-26157890 elementor-widget elementor-widget-heading\" data-id=\"26157890\" data-element_type=\"widget\" data-e-type=\"widget\" data-widget_type=\"heading.default\">\n\t\t\t\t<div class=\"elementor-widget-container\">\n\t\t\t\t\t<p class=\"elementor-heading-title elementor-size-default\">Servi\u00e7os<\/p>\t\t\t\t<\/div>\n\t\t\t\t<\/div>\n\t\t\t\t<div class=\"elementor-element elementor-element-73111ea1 elementor-widget elementor-widget-heading\" data-id=\"73111ea1\" data-element_type=\"widget\" data-e-type=\"widget\" data-widget_type=\"heading.default\">\n\t\t\t\t<div class=\"elementor-widget-container\">\n\t\t\t\t\t<h2 class=\"elementor-heading-title elementor-size-default\">Excel\u00eancia Log\u00edstica<\/h2>\t\t\t\t<\/div>\n\t\t\t\t<\/div>\n\t\t\t\t<div class=\"elementor-element elementor-element-61817001 elementor-widget elementor-widget-text-editor\" data-id=\"61817001\" data-element_type=\"widget\" data-e-type=\"widget\" data-widget_type=\"text-editor.default\">\n\t\t\t\t<div class=\"elementor-widget-container\">\n\t\t\t\t\t\t\t\t\t<p>Na Labonsale, levamos a log\u00edstica a s\u00e9rio para garantir uma experi\u00eancia perfeita para nossos clientes. Nosso compromisso de entregar seus pedidos com rapidez, seguran\u00e7a e economia est\u00e1 no centro de nossa estrat\u00e9gia log\u00edstica.<\/p>\t\t\t\t\t\t\t\t<\/div>\n\t\t\t\t<\/div>\n\t\t\t\t<\/div>\n\t\t<div class=\"elementor-element elementor-element-d85d5e8 e-con-full e-flex e-con e-child\" data-id=\"d85d5e8\" data-element_type=\"container\" data-e-type=\"container\">\n\t\t\t\t<div class=\"elementor-element elementor-element-118fa65c animated-slow elementor-invisible elementor-widget elementor-widget-icon-box\" data-id=\"118fa65c\" data-element_type=\"widget\" data-e-type=\"widget\" data-settings=\"{&quot;_animation&quot;:&quot;fadeIn&quot;,&quot;_animation_delay&quot;:&quot;0&quot;}\" data-widget_type=\"icon-box.default\">\n\t\t\t\t<div class=\"elementor-widget-container\">\n\t\t\t\t\t\t\t<div class=\"elementor-icon-box-wrapper\">\n\n\t\t\t\n\t\t\t\t\t\t<div class=\"elementor-icon-box-content\">\n\n\t\t\t\t\t\t\t\t\t<h3 class=\"elementor-icon-box-title\">\n\t\t\t\t\t\t<span  >\n\t\t\t\t\t\t\tEmbalagem\t\t\t\t\t\t<\/span>\n\t\t\t\t\t<\/h3>\n\t\t\t\t\n\t\t\t\t\t\t\t\t\t<p class=\"elementor-icon-box-description\">\n\t\t\t\t\t\tCompreendemos a import\u00e2ncia de garantir que seus produtos cheguem at\u00e9 voc\u00ea em perfeitas condi\u00e7\u00f5es. \u00c9 por isso que empregamos t\u00e9cnicas e materiais de embalagem de \u00faltima gera\u00e7\u00e3o para proteger suas valiosas compras durante o transporte.\t\t\t\t\t<\/p>\n\t\t\t\t\n\t\t\t<\/div>\n\t\t\t\n\t\t<\/div>\n\t\t\t\t\t\t<\/div>\n\t\t\t\t<\/div>\n\t\t\t\t<div class=\"elementor-element elementor-element-4dac6afe animated-slow elementor-invisible elementor-widget elementor-widget-icon-box\" data-id=\"4dac6afe\" data-element_type=\"widget\" data-e-type=\"widget\" data-settings=\"{&quot;_animation&quot;:&quot;fadeIn&quot;,&quot;_animation_delay&quot;:&quot;200&quot;}\" data-widget_type=\"icon-box.default\">\n\t\t\t\t<div class=\"elementor-widget-container\">\n\t\t\t\t\t\t\t<div class=\"elementor-icon-box-wrapper\">\n\n\t\t\t\n\t\t\t\t\t\t<div class=\"elementor-icon-box-content\">\n\n\t\t\t\t\t\t\t\t\t<h3 class=\"elementor-icon-box-title\">\n\t\t\t\t\t\t<span  >\n\t\t\t\t\t\t\tM\u00e9todos de Envio\t\t\t\t\t\t<\/span>\n\t\t\t\t\t<\/h3>\n\t\t\t\t\n\t\t\t\t\t\t\t\t\t<p class=\"elementor-icon-box-description\">\n\t\t\t\t\t\tOferecemos uma variedade de op\u00e7\u00f5es de remessa internacional, incluindo DHL, UPS, TNT, EMS e muito mais, permitindo que voc\u00ea selecione aquela que se adapta ao seu cronograma e or\u00e7amento. Alternativamente, voc\u00ea pode usar seu agente de transporte preferido para maior flexibilidade. Oferecemos v\u00e1rios m\u00e9todos de envio para atender \u00e0s suas necessidades.\t\t\t\t\t<\/p>\n\t\t\t\t\n\t\t\t<\/div>\n\t\t\t\n\t\t<\/div>\n\t\t\t\t\t\t<\/div>\n\t\t\t\t<\/div>\n\t\t\t\t<div class=\"elementor-element elementor-element-3cdb97d8 animated-slow elementor-invisible elementor-widget elementor-widget-icon-box\" data-id=\"3cdb97d8\" data-element_type=\"widget\" data-e-type=\"widget\" data-settings=\"{&quot;_animation&quot;:&quot;fadeIn&quot;,&quot;_animation_delay&quot;:&quot;300&quot;}\" data-widget_type=\"icon-box.default\">\n\t\t\t\t<div class=\"elementor-widget-container\">\n\t\t\t\t\t\t\t<div class=\"elementor-icon-box-wrapper\">\n\n\t\t\t\n\t\t\t\t\t\t<div class=\"elementor-icon-box-content\">\n\n\t\t\t\t\t\t\t\t\t<h3 class=\"elementor-icon-box-title\">\n\t\t\t\t\t\t<span  >\n\t\t\t\t\t\t\tSuporte ao cliente\t\t\t\t\t\t<\/span>\n\t\t\t\t\t<\/h3>\n\t\t\t\t\n\t\t\t\t\t\t\t\t\t<p class=\"elementor-icon-box-description\">\n\t\t\t\t\t\tNa Labonsale, temos o compromisso de fornecer n\u00e3o apenas produtos de alta qualidade, mas tamb\u00e9m uma experi\u00eancia de suporte ao cliente de alto n\u00edvel. Nossa dedicada equipe de suporte ao cliente est\u00e1 aqui para ajud\u00e1-lo com quaisquer d\u00favidas ou preocupa\u00e7\u00f5es relacionadas \u00e0 log\u00edstica que voc\u00ea possa ter. Sinta-se \u00e0 vontade para entrar em contato conosco para obter suporte em rela\u00e7\u00e3o ao envio, rastreamento ou qualquer outro assunto log\u00edstico.\t\t\t\t\t<\/p>\n\t\t\t\t\n\t\t\t<\/div>\n\t\t\t\n\t\t<\/div>\n\t\t\t\t\t\t<\/div>\n\t\t\t\t<\/div>\n\t\t\t\t<\/div>\n\t\t\t\t<\/div>\n\t\t<div class=\"elementor-element elementor-element-40517c4 e-flex e-con-boxed e-con e-parent\" data-id=\"40517c4\" data-element_type=\"container\" data-e-type=\"container\">\n\t\t\t\t\t<div class=\"e-con-inner\">\n\t\t\t\t<div class=\"elementor-element elementor-element-f5ae93f elementor-widget elementor-widget-heading\" data-id=\"f5ae93f\" data-element_type=\"widget\" data-e-type=\"widget\" data-widget_type=\"heading.default\">\n\t\t\t\t<div class=\"elementor-widget-container\">\n\t\t\t\t\t<h3 class=\"elementor-heading-title elementor-size-default\">Embalagem<\/h3>\t\t\t\t<\/div>\n\t\t\t\t<\/div>\n\t\t\t\t<div class=\"elementor-element elementor-element-31b35c8 elementor-widget elementor-widget-text-editor\" data-id=\"31b35c8\" data-element_type=\"widget\" data-e-type=\"widget\" data-widget_type=\"text-editor.default\">\n\t\t\t\t<div class=\"elementor-widget-container\">\n\t\t\t\t\t\t\t\t\t<ul><li>Caixa de madeira com inser\u00e7\u00f5es isolantes e espuma protetora;<\/li><li>Podem estar dispon\u00edveis embalagens neutras e personalizadas.<\/li><\/ul>\t\t\t\t\t\t\t\t<\/div>\n\t\t\t\t<\/div>\n\t\t\t\t\t<\/div>\n\t\t\t\t<\/div>\n\t\t<div class=\"elementor-element elementor-element-1376848 e-flex e-con-boxed e-con e-parent\" data-id=\"1376848\" data-element_type=\"container\" data-e-type=\"container\">\n\t\t\t\t\t<div class=\"e-con-inner\">\n\t\t<div class=\"elementor-element elementor-element-3e29d70 e-con-full e-flex e-con e-child\" data-id=\"3e29d70\" data-element_type=\"container\" data-e-type=\"container\">\n\t\t\t\t<div class=\"elementor-element elementor-element-e2350b3 elementor-widget elementor-widget-image\" data-id=\"e2350b3\" data-element_type=\"widget\" data-e-type=\"widget\" data-widget_type=\"image.default\">\n\t\t\t\t<div class=\"elementor-widget-container\">\n\t\t\t\t\t\t\t\t\t\t\t\t\t\t\t<img decoding=\"async\" src=\"https:\/\/labonsale.com\/wp-content\/uploads\/2023\/10\/Fumigation-free-wooden-box-packaging.webp\" title=\"Embalagem em caixa de madeira sem fumiga\u00e7\u00e3o\" alt=\"Embalagem em caixa de madeira sem fumiga\u00e7\u00e3o\" loading=\"lazy\" \/>\t\t\t\t\t\t\t\t\t\t\t\t\t\t\t<\/div>\n\t\t\t\t<\/div>\n\t\t\t\t<\/div>\n\t\t<div class=\"elementor-element elementor-element-6bea099 e-con-full e-flex e-con e-child\" data-id=\"6bea099\" data-element_type=\"container\" data-e-type=\"container\">\n\t\t\t\t<div class=\"elementor-element elementor-element-4ce437e elementor-widget elementor-widget-image\" data-id=\"4ce437e\" data-element_type=\"widget\" data-e-type=\"widget\" data-widget_type=\"image.default\">\n\t\t\t\t<div class=\"elementor-widget-container\">\n\t\t\t\t\t\t\t\t\t\t\t\t\t\t\t<img decoding=\"async\" src=\"https:\/\/labonsale.com\/wp-content\/uploads\/2023\/10\/Wooden-case-with-insulation-inserts-and-protective-foam.webp\" title=\"Wooden case with insulation inserts and protective foam\" alt=\"Wooden case with insulation inserts and protective foam\" loading=\"lazy\" \/>\t\t\t\t\t\t\t\t\t\t\t\t\t\t\t<\/div>\n\t\t\t\t<\/div>\n\t\t\t\t<\/div>\n\t\t\t\t\t<\/div>\n\t\t\t\t<\/div>\n\t\t<div class=\"elementor-element elementor-element-4eb6d28 e-flex e-con-boxed e-con e-parent\" data-id=\"4eb6d28\" data-element_type=\"container\" data-e-type=\"container\">\n\t\t\t\t\t<div class=\"e-con-inner\">\n\t\t\t\t<div class=\"elementor-element elementor-element-045a40f elementor-widget elementor-widget-heading\" data-id=\"045a40f\" data-element_type=\"widget\" data-e-type=\"widget\" data-widget_type=\"heading.default\">\n\t\t\t\t<div class=\"elementor-widget-container\">\n\t\t\t\t\t<h3 class=\"elementor-heading-title elementor-size-default\">M\u00e9todos de Envio<\/h3>\t\t\t\t<\/div>\n\t\t\t\t<\/div>\n\t\t\t\t\t<\/div>\n\t\t\t\t<\/div>\n\t\t<div class=\"elementor-element elementor-element-a0d02f0 e-flex e-con-boxed e-con e-parent\" data-id=\"a0d02f0\" data-element_type=\"container\" data-e-type=\"container\">\n\t\t\t\t\t<div class=\"e-con-inner\">\n\t\t<div class=\"elementor-element elementor-element-d85c738 e-con-full e-flex e-con e-child\" data-id=\"d85c738\" data-element_type=\"container\" data-e-type=\"container\">\n\t\t\t\t<div class=\"elementor-element elementor-element-8204c2f elementor-widget elementor-widget-text-editor\" data-id=\"8204c2f\" data-element_type=\"widget\" data-e-type=\"widget\" data-widget_type=\"text-editor.default\">\n\t\t\t\t<div class=\"elementor-widget-container\">\n\t\t\t\t\t\t\t\t\t<p>Podemos enviar produtos para voc\u00ea por Expresso Internacional, como DHL, UPS, TNT, EMS e assim por diante, voc\u00ea tamb\u00e9m pode escolher o produto apropriado com base em seu cronograma e or\u00e7amento. Al\u00e9m disso, voc\u00ea pode optar por usar seu agente de remessa. V\u00e1rios m\u00e9todos de envio est\u00e3o dispon\u00edveis.<\/p>\t\t\t\t\t\t\t\t<\/div>\n\t\t\t\t<\/div>\n\t\t\t\t<\/div>\n\t\t<div class=\"elementor-element elementor-element-957b4bd e-con-full e-flex e-con e-child\" data-id=\"957b4bd\" data-element_type=\"container\" data-e-type=\"container\">\n\t\t\t\t<div class=\"elementor-element elementor-element-9cfa6de elementor-widget elementor-widget-image\" data-id=\"9cfa6de\" data-element_type=\"widget\" data-e-type=\"widget\" data-widget_type=\"image.default\">\n\t\t\t\t<div class=\"elementor-widget-container\">\n\t\t\t\t\t\t\t\t\t\t\t\t\t\t\t<img decoding=\"async\" src=\"https:\/\/labonsale.com\/wp-content\/uploads\/2023\/10\/Shipping-Method.webp\" title=\"Shipping Method\" alt=\"Shipping Method\" loading=\"lazy\" \/>\t\t\t\t\t\t\t\t\t\t\t\t\t\t\t<\/div>\n\t\t\t\t<\/div>\n\t\t\t\t<\/div>\n\t\t\t\t\t<\/div>\n\t\t\t\t<\/div>\n\t\t<div class=\"elementor-element elementor-element-a149fc2 e-flex e-con-boxed e-con e-parent\" data-id=\"a149fc2\" data-element_type=\"container\" data-e-type=\"container\">\n\t\t\t\t\t<div class=\"e-con-inner\">\n\t\t\t\t<div class=\"elementor-element elementor-element-4e2a147 elementor-widget elementor-widget-heading\" data-id=\"4e2a147\" data-element_type=\"widget\" data-e-type=\"widget\" data-widget_type=\"heading.default\">\n\t\t\t\t<div class=\"elementor-widget-container\">\n\t\t\t\t\t<h3 class=\"elementor-heading-title elementor-size-default\">Warranty &amp; Service:<\/h3>\t\t\t\t<\/div>\n\t\t\t\t<\/div>\n\t\t\t\t<div class=\"elementor-element elementor-element-6728b07 elementor-widget elementor-widget-text-editor\" data-id=\"6728b07\" data-element_type=\"widget\" data-e-type=\"widget\" data-widget_type=\"text-editor.default\">\n\t\t\t\t<div class=\"elementor-widget-container\">\n\t\t\t\t\t\t\t\t\t<p>\u25cfPr\u00e9-servi\u00e7o<br \/>\u2013Atendimento online 24 horas por dia, 7 dias por semana para sua consulta<br \/>\u2013Ajude a escolher o modelo certo ou forne\u00e7a uma solu\u00e7\u00e3o pronta para uso<br \/>\u25cfServi\u00e7o intermedi\u00e1rio<br \/>\u2013 Fornecer a voc\u00ea a melhor oferta<br \/>\u2013Escolha o prazo de pagamento para sua conveni\u00eancia<br \/>\u2013Organize a produ\u00e7\u00e3o e entrega o mais r\u00e1pido poss\u00edvel e atualize voc\u00ea sobre o progresso<br \/>\u2013Forne\u00e7a o valor da fatura conforme desejar para diminuir seu imposto<br \/>\u25cfServi\u00e7o p\u00f3s-venda<br \/>\u2013Servi\u00e7o de garantia de 1 ano e manuten\u00e7\u00e3o vital\u00edcia<br \/>\u2013Troca gratuita para algumas pe\u00e7as<br \/>\u2013Consulta t\u00e9cnica on-line<br \/>\u2013DVD de instala\u00e7\u00e3o gr\u00e1tis<\/p>\t\t\t\t\t\t\t\t<\/div>\n\t\t\t\t<\/div>\n\t\t\t\t\t<\/div>\n\t\t\t\t<\/div>\n\t\t<div class=\"elementor-element elementor-element-6e8a1b0 e-flex e-con-boxed e-con e-parent\" data-id=\"6e8a1b0\" data-element_type=\"container\" data-e-type=\"container\">\n\t\t\t\t\t<div class=\"e-con-inner\">\n\t\t\t\t<div class=\"elementor-element elementor-element-227aa56 elementor-widget elementor-widget-heading\" data-id=\"227aa56\" data-element_type=\"widget\" data-e-type=\"widget\" data-widget_type=\"heading.default\">\n\t\t\t\t<div class=\"elementor-widget-container\">\n\t\t\t\t\t<h3 class=\"elementor-heading-title elementor-size-default\">TERMO DE PAGAMENTO<\/h3>\t\t\t\t<\/div>\n\t\t\t\t<\/div>\n\t\t\t\t<div class=\"elementor-element elementor-element-aebff5c elementor-widget elementor-widget-text-editor\" data-id=\"aebff5c\" data-element_type=\"widget\" data-e-type=\"widget\" data-widget_type=\"text-editor.default\">\n\t\t\t\t<div class=\"elementor-widget-container\">\n\t\t\t\t\t\t\t\t\t<p>T\/T, cart\u00e3o de cr\u00e9dito, Paypal, etc.<\/p>\t\t\t\t\t\t\t\t<\/div>\n\t\t\t\t<\/div>\n\t\t\t\t\t<\/div>\n\t\t\t\t<\/div>\n\t\t\t\t<\/div>","protected":false},"excerpt":{"rendered":"<p>Logistics services Logistics Excellence At Labonsale, we take logistics seriously to ensure a seamless experience for our customers. Our commitment to delivering your orders promptly, securely, and cost-effectively is at the heart of our logistics strategy. Packaging We understand the importance of ensuring that your products reach you in pristine condition. That&#8217;s why we employ&hellip;&nbsp;<a href=\"https:\/\/labonsale.com\/pt\/logistics\/\" class=\"\" rel=\"bookmark\">Ler mais &raquo;<span class=\"screen-reader-text\">Log\u00edstica<\/span><\/a><\/p>","protected":false},"author":1,"featured_media":0,"parent":0,"menu_order":0,"comment_status":"closed","ping_status":"closed","template":"page-templates\/template-pagebuilder-full-width.php","meta":{"neve_meta_sidebar":"","neve_meta_container":"","neve_meta_enable_content_width":"","neve_meta_content_width":0,"neve_meta_title_alignment":"","neve_meta_author_avatar":"","neve_post_elements_order":"","neve_meta_disable_header":"","neve_meta_disable_footer":"","neve_meta_disable_title":"","footnotes":""},"class_list":["post-983","page","type-page","status-publish","hentry"],"_links":{"self":[{"href":"https:\/\/labonsale.com\/pt\/wp-json\/wp\/v2\/pages\/983","targetHints":{"allow":["GET"]}}],"collection":[{"href":"https:\/\/labonsale.com\/pt\/wp-json\/wp\/v2\/pages"}],"about":[{"href":"https:\/\/labonsale.com\/pt\/wp-json\/wp\/v2\/types\/page"}],"author":[{"embeddable":true,"href":"https:\/\/labonsale.com\/pt\/wp-json\/wp\/v2\/users\/1"}],"replies":[{"embeddable":true,"href":"https:\/\/labonsale.com\/pt\/wp-json\/wp\/v2\/comments?post=983"}],"version-history":[{"count":52,"href":"https:\/\/labonsale.com\/pt\/wp-json\/wp\/v2\/pages\/983\/revisions"}],"predecessor-version":[{"id":1121,"href":"https:\/\/labonsale.com\/pt\/wp-json\/wp\/v2\/pages\/983\/revisions\/1121"}],"wp:attachment":[{"href":"https:\/\/labonsale.com\/pt\/wp-json\/wp\/v2\/media?parent=983"}],"curies":[{"name":"wp","href":"https:\/\/api.w.org\/{rel}","templated":true}]}}