{"id":1786,"date":"2024-02-23T05:58:11","date_gmt":"2024-02-23T05:58:11","guid":{"rendered":"https:\/\/labonsale.com\/?page_id=1786"},"modified":"2024-10-11T03:08:11","modified_gmt":"2024-10-11T03:08:11","slug":"obrigado-pela-sua-pergunta","status":"publish","type":"page","link":"https:\/\/labonsale.com\/pt\/thanks-for-your-inquiry\/","title":{"rendered":"thanks for your inquiry"},"content":{"rendered":"<div data-elementor-type=\"wp-page\" data-elementor-id=\"1786\" class=\"elementor elementor-1786\" data-elementor-post-type=\"page\">\n\t\t\t\t<div class=\"elementor-element elementor-element-14ae3cb e-flex e-con-boxed e-con e-parent\" data-id=\"14ae3cb\" data-element_type=\"container\" data-e-type=\"container\">\n\t\t\t\t\t<div class=\"e-con-inner\">\n\t\t\t\t<div class=\"elementor-element elementor-element-bbc250a elementor-widget elementor-widget-heading\" data-id=\"bbc250a\" data-element_type=\"widget\" data-e-type=\"widget\" data-widget_type=\"heading.default\">\n\t\t\t\t<div class=\"elementor-widget-container\">\n\t\t\t\t\t<h2 class=\"elementor-heading-title elementor-size-default\">Obrigado!<\/h2>\t\t\t\t<\/div>\n\t\t\t\t<\/div>\n\t\t\t\t\t<\/div>\n\t\t\t\t<\/div>\n\t\t<div class=\"elementor-element elementor-element-e7e4a3f e-flex e-con-boxed e-con e-parent\" data-id=\"e7e4a3f\" data-element_type=\"container\" data-e-type=\"container\">\n\t\t\t\t\t<div class=\"e-con-inner\">\n\t\t\t\t<div class=\"elementor-element elementor-element-70e49af elementor-widget elementor-widget-text-editor\" data-id=\"70e49af\" data-element_type=\"widget\" data-e-type=\"widget\" data-widget_type=\"text-editor.default\">\n\t\t\t\t<div class=\"elementor-widget-container\">\n\t\t\t\t\t\t\t\t\t<p>Sua mensagem foi enviada com sucesso!<\/p>\n<p>Obrigado por entrar em contato com a Labonsale! Recebemos sua consulta e estamos felizes que voc\u00ea esteja nos considerando para suas necessidades de laborat\u00f3rio.<\/p>\n<p>Nossa equipe se dedica a fornecer um servi\u00e7o excepcional, e entraremos em contato com voc\u00ea o mais breve poss\u00edvel para abordar suas perguntas e requisitos. Enquanto isso, sinta-se \u00e0 vontade para explorar nosso site para obter mais informa\u00e7\u00f5es sobre nossos produtos e servi\u00e7os.<\/p>\n<p>Na Labonsale, nos esfor\u00e7amos para tornar sua experi\u00eancia de aquisi\u00e7\u00e3o de laborat\u00f3rio perfeita e eficiente. Estamos ansiosos pela oportunidade de ajud\u00e1-lo a encontrar as solu\u00e7\u00f5es perfeitas para seus esfor\u00e7os de pesquisa.<\/p>\n<p>Caso tenha alguma d\u00favida urgente ou precise de assist\u00eancia imediata, n\u00e3o hesite em entrar em contato com nossa equipe de suporte ao cliente online.<\/p>\n<p>Obrigado mais uma vez por escolher a Labonsale. Agradecemos a oportunidade de atend\u00ea-lo.<\/p>\n<p>Atenciosamente,<\/p>\n<p>Equipe Labonsale<\/p>\t\t\t\t\t\t\t\t<\/div>\n\t\t\t\t<\/div>\n\t\t\t\t\t<\/div>\n\t\t\t\t<\/div>\n\t\t\t\t<\/div>","protected":false},"excerpt":{"rendered":"<p>Thanks! Your message has been sent successfully! Thank you for reaching out to Labonsale! We have received your inquiry and are thrilled that you are considering us for your laboratory needs. Our team is dedicated to providing exceptional service, and we will get back to you as soon as possible to address your questions and&hellip;&nbsp;<a href=\"https:\/\/labonsale.com\/pt\/thanks-for-your-inquiry\/\" class=\"\" rel=\"bookmark\">Ler mais &raquo;<span class=\"screen-reader-text\">thanks for your inquiry<\/span><\/a><\/p>","protected":false},"author":1,"featured_media":0,"parent":0,"menu_order":0,"comment_status":"closed","ping_status":"closed","template":"","meta":{"neve_meta_sidebar":"","neve_meta_container":"","neve_meta_enable_content_width":"","neve_meta_content_width":0,"neve_meta_title_alignment":"","neve_meta_author_avatar":"","neve_post_elements_order":"","neve_meta_disable_header":"","neve_meta_disable_footer":"","neve_meta_disable_title":"","footnotes":""},"class_list":["post-1786","page","type-page","status-publish","hentry"],"_links":{"self":[{"href":"https:\/\/labonsale.com\/pt\/wp-json\/wp\/v2\/pages\/1786","targetHints":{"allow":["GET"]}}],"collection":[{"href":"https:\/\/labonsale.com\/pt\/wp-json\/wp\/v2\/pages"}],"about":[{"href":"https:\/\/labonsale.com\/pt\/wp-json\/wp\/v2\/types\/page"}],"author":[{"embeddable":true,"href":"https:\/\/labonsale.com\/pt\/wp-json\/wp\/v2\/users\/1"}],"replies":[{"embeddable":true,"href":"https:\/\/labonsale.com\/pt\/wp-json\/wp\/v2\/comments?post=1786"}],"version-history":[{"count":19,"href":"https:\/\/labonsale.com\/pt\/wp-json\/wp\/v2\/pages\/1786\/revisions"}],"predecessor-version":[{"id":2848,"href":"https:\/\/labonsale.com\/pt\/wp-json\/wp\/v2\/pages\/1786\/revisions\/2848"}],"wp:attachment":[{"href":"https:\/\/labonsale.com\/pt\/wp-json\/wp\/v2\/media?parent=1786"}],"curies":[{"name":"wp","href":"https:\/\/api.w.org\/{rel}","templated":true}]}}