{"id":494,"date":"2023-09-03T03:23:48","date_gmt":"2023-09-03T03:23:48","guid":{"rendered":"https:\/\/labonsale.com\/?post_type=product&#038;p=494"},"modified":"2024-04-22T14:18:31","modified_gmt":"2024-04-22T14:18:31","slug":"vacuum-droogoven","status":"publish","type":"product","link":"https:\/\/labonsale.com\/nl\/product\/vacuum-drying-oven\/","title":{"rendered":"VACU\u00dcM DROOGOVEN"},"content":{"rendered":"<p>De vacu\u00fcmdroogoven vindt uitgebreide toepassing op verschillende gebieden, waaronder biochemie, chemische technologie, farmaceutische producten, medische zorg, volksgezondheid, landbouwwetenschappelijk onderzoek en milieubescherming. Het is bijzonder geschikt voor het snel en effici\u00ebnt drogen van warmtegevoelige, gemakkelijk afbreekbare, gemakkelijk geoxideerde materialen en complexe componenten. Bovendien is het zeer effectief voor de desinfectie, sterilisatie en droging van verschillende glazen containers.<\/p>\n<p>Onze vacu\u00fcmdroogoven is speciaal ontworpen voor hittegevoelige, gemakkelijk afbreekbare en gemakkelijk geoxideerde stoffen en maakt gebruik van drogen op hoge temperatuur onder vacu\u00fcmomstandigheden. Hierdoor worden het kookpunt en de dampdruk aanzienlijk verlaagd, waardoor een stofvrij en niet-turbuleus verwarmingsproces ontstaat. De zachte droogomgeving vergemakkelijkt het eenvoudig verzamelen, afvoeren en hergebruiken van dampen van oplosmiddelen. Bovendien zorgt de zuurstofvrije of inerte gasomgeving ervoor dat opslag, verwarming, testen en drogen plaatsvinden zonder oxidatie, waardoor de integriteit van de testmonsters behouden blijft.<\/p>\n<figure id=\"attachment_1282\" aria-describedby=\"caption-attachment-1282\" style=\"width: 800px\" class=\"wp-caption aligncenter\"><img fetchpriority=\"high\" decoding=\"async\" class=\"size-full wp-image-1282\" src=\"https:\/\/labonsale.com\/wp-content\/uploads\/2023\/09\/Vacuum-Drying-Oven-Volume.webp\" alt=\"Volume vacu\u00fcmdroogoven\" width=\"800\" height=\"539\" srcset=\"https:\/\/labonsale.com\/wp-content\/uploads\/2023\/09\/Vacuum-Drying-Oven-Volume.webp 800w, https:\/\/labonsale.com\/wp-content\/uploads\/2023\/09\/Vacuum-Drying-Oven-Volume-300x202.webp 300w, https:\/\/labonsale.com\/wp-content\/uploads\/2023\/09\/Vacuum-Drying-Oven-Volume-768x517.webp 768w, https:\/\/labonsale.com\/wp-content\/uploads\/2023\/09\/Vacuum-Drying-Oven-Volume-18x12.webp 18w, https:\/\/labonsale.com\/wp-content\/uploads\/2023\/09\/Vacuum-Drying-Oven-Volume-600x404.webp 600w\" sizes=\"(max-width: 800px) 100vw, 800px\" \/><figcaption id=\"caption-attachment-1282\" class=\"wp-caption-text\">Volume vacu\u00fcmdroogoven<\/figcaption><\/figure>\n<p>We bieden een selectie vacu\u00fcmdroogovens met een capaciteit van 20 tot 500 liter, gemaakt van materialen zoals ijzeren plaat, 201 roestvrij staal en 304 roestvrij staal. Onze productlijn omvat een verscheidenheid aan aanpasbare opties om aan uw specifieke vereisten te voldoen. Deze opties omvatten diverse kamergroottes, temperatuurparameters, regelsystemen en aanvullende functies, allemaal ontworpen om aan uw specifieke eisen te voldoen.<\/p>\n<table style=\"border-collapse: collapse; width: 462.02pt;\" border=\"0\" width=\"616\" cellspacing=\"0\" cellpadding=\"0\">\n<tbody>\n<tr style=\"height: 13.50pt;\">\n<td style=\"height: 13.50pt; width: 112.50pt;\" width=\"150\" height=\"18\">Volume<\/td>\n<td style=\"width: 349.50pt;\" width=\"466\">25L, 50L, 90L, 215L, 500L, aangepast<\/td>\n<\/tr>\n<tr style=\"height: 13.50pt;\">\n<td style=\"height: 13.50pt;\" height=\"18\">Materiaal<\/td>\n<td>IJzeren plaat, roestvrij staal 201, roestvrij staal 304<\/td>\n<\/tr>\n<\/tbody>\n<\/table>\n<h3>Product Echt schot<\/h3>\n<figure id=\"attachment_1279\" aria-describedby=\"caption-attachment-1279\" style=\"width: 800px\" class=\"wp-caption aligncenter\"><img decoding=\"async\" class=\"size-full wp-image-1279\" src=\"https:\/\/labonsale.com\/wp-content\/uploads\/2023\/09\/Vacuum-Drying-Oven-1.webp\" alt=\"VACU\u00dcM DROOGOVEN\" width=\"800\" height=\"800\" srcset=\"https:\/\/labonsale.com\/wp-content\/uploads\/2023\/09\/Vacuum-Drying-Oven-1.webp 800w, https:\/\/labonsale.com\/wp-content\/uploads\/2023\/09\/Vacuum-Drying-Oven-1-300x300.webp 300w, https:\/\/labonsale.com\/wp-content\/uploads\/2023\/09\/Vacuum-Drying-Oven-1-150x150.webp 150w, https:\/\/labonsale.com\/wp-content\/uploads\/2023\/09\/Vacuum-Drying-Oven-1-768x768.webp 768w, https:\/\/labonsale.com\/wp-content\/uploads\/2023\/09\/Vacuum-Drying-Oven-1-12x12.webp 12w, https:\/\/labonsale.com\/wp-content\/uploads\/2023\/09\/Vacuum-Drying-Oven-1-600x600.webp 600w, https:\/\/labonsale.com\/wp-content\/uploads\/2023\/09\/Vacuum-Drying-Oven-1-100x100.webp 100w\" sizes=\"(max-width: 800px) 100vw, 800px\" \/><figcaption id=\"caption-attachment-1279\" class=\"wp-caption-text\">VACU\u00dcM DROOGOVEN<\/figcaption><\/figure>\n<figure id=\"attachment_1280\" aria-describedby=\"caption-attachment-1280\" style=\"width: 800px\" class=\"wp-caption aligncenter\"><img decoding=\"async\" class=\"size-full wp-image-1280\" src=\"https:\/\/labonsale.com\/wp-content\/uploads\/2023\/09\/Vacuum-Drying-Oven3.webp\" alt=\"Vacuum Drying Oven(3)\" width=\"800\" height=\"800\" srcset=\"https:\/\/labonsale.com\/wp-content\/uploads\/2023\/09\/Vacuum-Drying-Oven3.webp 800w, https:\/\/labonsale.com\/wp-content\/uploads\/2023\/09\/Vacuum-Drying-Oven3-300x300.webp 300w, https:\/\/labonsale.com\/wp-content\/uploads\/2023\/09\/Vacuum-Drying-Oven3-150x150.webp 150w, https:\/\/labonsale.com\/wp-content\/uploads\/2023\/09\/Vacuum-Drying-Oven3-768x768.webp 768w, https:\/\/labonsale.com\/wp-content\/uploads\/2023\/09\/Vacuum-Drying-Oven3-12x12.webp 12w, https:\/\/labonsale.com\/wp-content\/uploads\/2023\/09\/Vacuum-Drying-Oven3-600x600.webp 600w, https:\/\/labonsale.com\/wp-content\/uploads\/2023\/09\/Vacuum-Drying-Oven3-100x100.webp 100w\" sizes=\"(max-width: 800px) 100vw, 800px\" \/><figcaption id=\"caption-attachment-1280\" class=\"wp-caption-text\">VACU\u00dcM DROOGOVEN<\/figcaption><\/figure>\n<figure id=\"attachment_1278\" aria-describedby=\"caption-attachment-1278\" style=\"width: 800px\" class=\"wp-caption aligncenter\"><img loading=\"lazy\" decoding=\"async\" class=\"size-full wp-image-1278\" src=\"https:\/\/labonsale.com\/wp-content\/uploads\/2023\/09\/Vacuum-Drying-Oven1.webp\" alt=\"Vacuum Drying Oven(1)\" width=\"800\" height=\"800\" srcset=\"https:\/\/labonsale.com\/wp-content\/uploads\/2023\/09\/Vacuum-Drying-Oven1.webp 800w, https:\/\/labonsale.com\/wp-content\/uploads\/2023\/09\/Vacuum-Drying-Oven1-300x300.webp 300w, https:\/\/labonsale.com\/wp-content\/uploads\/2023\/09\/Vacuum-Drying-Oven1-150x150.webp 150w, https:\/\/labonsale.com\/wp-content\/uploads\/2023\/09\/Vacuum-Drying-Oven1-768x768.webp 768w, https:\/\/labonsale.com\/wp-content\/uploads\/2023\/09\/Vacuum-Drying-Oven1-12x12.webp 12w, https:\/\/labonsale.com\/wp-content\/uploads\/2023\/09\/Vacuum-Drying-Oven1-600x600.webp 600w, https:\/\/labonsale.com\/wp-content\/uploads\/2023\/09\/Vacuum-Drying-Oven1-100x100.webp 100w\" sizes=\"(max-width: 800px) 100vw, 800px\" \/><figcaption id=\"caption-attachment-1278\" class=\"wp-caption-text\">VACU\u00dcM DROOGOVEN<\/figcaption><\/figure>\n<figure id=\"attachment_1281\" aria-describedby=\"caption-attachment-1281\" style=\"width: 800px\" class=\"wp-caption aligncenter\"><img loading=\"lazy\" decoding=\"async\" class=\"size-full wp-image-1281\" src=\"https:\/\/labonsale.com\/wp-content\/uploads\/2023\/09\/Vacuum-Drying-Oven-Hole.webp\" alt=\"Gat voor vacu\u00fcmdroogoven\" width=\"800\" height=\"800\" srcset=\"https:\/\/labonsale.com\/wp-content\/uploads\/2023\/09\/Vacuum-Drying-Oven-Hole.webp 800w, https:\/\/labonsale.com\/wp-content\/uploads\/2023\/09\/Vacuum-Drying-Oven-Hole-300x300.webp 300w, https:\/\/labonsale.com\/wp-content\/uploads\/2023\/09\/Vacuum-Drying-Oven-Hole-150x150.webp 150w, https:\/\/labonsale.com\/wp-content\/uploads\/2023\/09\/Vacuum-Drying-Oven-Hole-768x768.webp 768w, https:\/\/labonsale.com\/wp-content\/uploads\/2023\/09\/Vacuum-Drying-Oven-Hole-12x12.webp 12w, https:\/\/labonsale.com\/wp-content\/uploads\/2023\/09\/Vacuum-Drying-Oven-Hole-600x600.webp 600w, https:\/\/labonsale.com\/wp-content\/uploads\/2023\/09\/Vacuum-Drying-Oven-Hole-100x100.webp 100w\" sizes=\"(max-width: 800px) 100vw, 800px\" \/><figcaption id=\"caption-attachment-1281\" class=\"wp-caption-text\">Gat voor vacu\u00fcmdroogoven<\/figcaption><\/figure>\n<h3>Productcomponent <strong>van een vacu\u00fcmdroogoven<\/strong><\/h3>\n<figure id=\"attachment_1276\" aria-describedby=\"caption-attachment-1276\" style=\"width: 800px\" class=\"wp-caption aligncenter\"><img loading=\"lazy\" decoding=\"async\" class=\"size-full wp-image-1276\" src=\"https:\/\/labonsale.com\/wp-content\/uploads\/2023\/09\/Vacuum-Drying-Oven-Parts.webp\" alt=\"Vacuum Drying Oven Parts\" width=\"800\" height=\"750\" srcset=\"https:\/\/labonsale.com\/wp-content\/uploads\/2023\/09\/Vacuum-Drying-Oven-Parts.webp 800w, https:\/\/labonsale.com\/wp-content\/uploads\/2023\/09\/Vacuum-Drying-Oven-Parts-300x281.webp 300w, https:\/\/labonsale.com\/wp-content\/uploads\/2023\/09\/Vacuum-Drying-Oven-Parts-768x720.webp 768w, https:\/\/labonsale.com\/wp-content\/uploads\/2023\/09\/Vacuum-Drying-Oven-Parts-13x12.webp 13w, https:\/\/labonsale.com\/wp-content\/uploads\/2023\/09\/Vacuum-Drying-Oven-Parts-600x563.webp 600w\" sizes=\"(max-width: 800px) 100vw, 800px\" \/><figcaption id=\"caption-attachment-1276\" class=\"wp-caption-text\">Component voor vacu\u00fcmdroogoven<\/figcaption><\/figure>\n<p>Onze vacu\u00fcmdroogoven is een ultramoderne droogoplossing die is ontworpen om te voldoen aan de veeleisende behoeften van industrie\u00ebn die effici\u00ebnte en nauwkeurige droogprocessen vereisen. Met geavanceerde technologie en nauwgezet vakmanschap biedt deze oven superieure prestaties, uitzonderlijke productkwaliteit en onge\u00ebvenaarde betrouwbaarheid.<\/p>\n<h3><strong>Belangrijkste kenmerken<\/strong> En<strong> Technologie\u00ebn<\/strong><\/h3>\n<p>Nauwkeurige temperatuurregeling:<br \/>\nOnze vacu\u00fcmdroogovens maken gebruik van de modernste temperatuurcontrolesystemen, waardoor gebruikers nauwkeurige droogtemperaturen kunnen instellen en behouden met minimale schommelingen. Dit zorgt voor consistente en betrouwbare droogresultaten, zelfs voor warmtegevoelige materialen.<\/p>\n<p>Uniforme verwarming:<br \/>\nOm een \u200b\u200buniforme warmteverdeling te bereiken, maken onze vacu\u00fcmdroogovens gebruik van geavanceerde verwarmingselementen en luchtcirculatiesystemen. Dit ontwerpkenmerk garandeert een homogene droging in de hele kamer, waardoor het risico op hotspots wordt ge\u00eblimineerd en een uniforme productkwaliteit wordt gegarandeerd.<\/p>\n<p>Vacu\u00fcmsysteem:<br \/>\nHet integrale vacu\u00fcmsysteem in onze ovens maakt nauwkeurige controle over de droogomgeving mogelijk. Door de druk te verlagen kunnen vluchtige verbindingen bij lagere temperaturen verdampen, waardoor de integriteit en eigenschappen van de te drogen materialen behouden blijven.<\/p>\n<p>Veiligheidsvoorzieningen:<br \/>\nWij geven prioriteit aan de veiligheid van onze gebruikers en hun activiteiten. Onze vacu\u00fcmdroogovens zijn uitgerust met meerdere veiligheidsvoorzieningen, zoals automatische drukontlastkleppen, bescherming tegen oververhitting en deurvergrendeling, waardoor veilige droogprocessen worden gegarandeerd.<\/p>\n<h3>Voordelen van vacu\u00fcmdroogovens:<\/h3>\n<p>Verbeterde productkwaliteit:<br \/>\nDe lage temperatuur en verminderde druk in onze vacu\u00fcmdroogovens minimaliseren de thermische stress en voorkomen oxidatie, wat resulteert in een hogere productkwaliteit. Dit is vooral van cruciaal belang voor delicate of gevoelige materialen, farmaceutische producten, elektronische componenten en warmtegevoelige stoffen.<br \/>\nSnellere droogtijden:<br \/>\nVanwege het verlaagde kookpunt van water onder vacu\u00fcmomstandigheden kunnen onze ovens de droogtijden aanzienlijk verkorten in vergelijking met traditionele droogmethoden. Deze verhoogde effici\u00ebntie vertaalt zich in een verbeterde productiviteit en een lager energieverbruik.<\/p>\n<p>Veelzijdige toepassingen:<br \/>\nOnze vacu\u00fcmdroogovens vinden toepassingen in verschillende industrie\u00ebn. Ze zijn ideaal voor het drogen van warmtegevoelige materialen, zoals polymeren, farmaceutische producten, elektronische componenten en voedingsmiddelen. Bovendien worden ze gebruikt in onderzoekslaboratoria, productiefaciliteiten en kwaliteitscontroleafdelingen.<\/p>\n<p>Kosten- en energie-effici\u00ebntie:<br \/>\nDoor gebruik te maken van geavanceerde droogtechnologie\u00ebn bieden onze vacu\u00fcmdroogovens uitstekende kosten- en energie-effici\u00ebntie. De kortere droogtijden en lagere bedrijfstemperaturen dragen bij aan energiebesparingen, terwijl de verbeterde productkwaliteit de behoefte aan nabewerking of verspilling vermindert, wat leidt tot kostenoptimalisatie.<\/p>\n<p>Maatwerkopties:<br \/>\nWe begrijpen dat elke branche en toepassing unieke vereisten heeft. Daarom bieden wij een scala aan aanpassingsmogelijkheden voor onze vacu\u00fcmdroogovens. Deze omvatten verschillende kamergroottes, temperatuurbereiken, besturingssystemen en extra functies die zijn afgestemd op uw specifieke behoeften.<\/p>\n<p>Garantie en after-sales service:<br \/>\nWij doen er alles aan om eersteklas klantenservice en ondersteuning te bieden. Al onze vacu\u00fcmdroogovens worden geleverd met een uitgebreide garantie, zodat u zich geen zorgen hoeft te maken. Bovendien staat ons ervaren technische team klaar om te helpen met installatie, training, onderhoud en probleemoplossing, zodat een soepele en ononderbroken werking wordt gegarandeerd.<\/p>\n<p>Ga terug naar\u00a0<a href=\"https:\/\/labonsale.com\/nl\/\" data-type=\"page\" data-id=\"308\">Startpagina<\/a><\/p>\n<p>Bekijk meer over Vacu\u00fcmdrogen op\u00a0<a href=\"https:\/\/en.wikipedia.org\/wiki\/Vacuum_drying\" target=\"_blank\" rel=\"noopener\" data-type=\"URL\" data-id=\"https:\/\/en.wikipedia.org\/wiki\/Vacuum_drying\">Wikipedia<\/a><\/p>","protected":false},"excerpt":{"rendered":"<p>Ervaar superieure droogprestaties en uitzonderlijke productkwaliteit met onze geavanceerde vacu\u00fcmdroogoven, de ideale oplossing voor effici\u00ebnte en betrouwbare droogprocessen. Til uw droogprocessen naar nieuwe hoogten van precisie en kwaliteit.<\/p>\n<p>Volume: 25L, 50L, 90L, 215L, 500L, aangepast<\/p>\n<p>Materiaal: ijzeren plaat, roestvrij staal 201, roestvrij staal 304<\/p>","protected":false},"featured_media":1289,"comment_status":"closed","ping_status":"closed","template":"","meta":{"neve_meta_sidebar":"","neve_meta_container":"","neve_meta_enable_content_width":"off","neve_meta_content_width":100,"neve_meta_title_alignment":"","neve_meta_author_avatar":"","neve_post_elements_order":"","neve_meta_disable_header":"","neve_meta_disable_footer":"","neve_meta_disable_title":""},"product_brand":[],"product_cat":[23],"product_tag":[38,37,35],"class_list":{"0":"post-494","1":"product","2":"type-product","3":"status-publish","4":"has-post-thumbnail","6":"product_cat-drying-equipment","7":"product_tag-customized","8":"product_tag-from-20l-to-500l","9":"product_tag-high-quality","11":"first","12":"instock","13":"shipping-taxable","14":"product-type-simple"},"_links":{"self":[{"href":"https:\/\/labonsale.com\/nl\/wp-json\/wp\/v2\/product\/494","targetHints":{"allow":["GET"]}}],"collection":[{"href":"https:\/\/labonsale.com\/nl\/wp-json\/wp\/v2\/product"}],"about":[{"href":"https:\/\/labonsale.com\/nl\/wp-json\/wp\/v2\/types\/product"}],"replies":[{"embeddable":true,"href":"https:\/\/labonsale.com\/nl\/wp-json\/wp\/v2\/comments?post=494"}],"version-history":[{"count":1,"href":"https:\/\/labonsale.com\/nl\/wp-json\/wp\/v2\/product\/494\/revisions"}],"predecessor-version":[{"id":1273,"href":"https:\/\/labonsale.com\/nl\/wp-json\/wp\/v2\/product\/494\/revisions\/1273"}],"wp:featuredmedia":[{"embeddable":true,"href":"https:\/\/labonsale.com\/nl\/wp-json\/wp\/v2\/media\/1289"}],"wp:attachment":[{"href":"https:\/\/labonsale.com\/nl\/wp-json\/wp\/v2\/media?parent=494"}],"wp:term":[{"taxonomy":"product_brand","embeddable":true,"href":"https:\/\/labonsale.com\/nl\/wp-json\/wp\/v2\/product_brand?post=494"},{"taxonomy":"product_cat","embeddable":true,"href":"https:\/\/labonsale.com\/nl\/wp-json\/wp\/v2\/product_cat?post=494"},{"taxonomy":"product_tag","embeddable":true,"href":"https:\/\/labonsale.com\/nl\/wp-json\/wp\/v2\/product_tag?post=494"}],"curies":[{"name":"wp","href":"https:\/\/api.w.org\/{rel}","templated":true}]}}