{"id":536,"date":"2023-09-03T04:38:50","date_gmt":"2023-09-03T04:38:50","guid":{"rendered":"https:\/\/labonsale.com\/?post_type=product&#038;p=536"},"modified":"2024-04-22T14:18:10","modified_gmt":"2024-04-22T14:18:10","slug":"sechage-par-pulverisation","status":"publish","type":"product","link":"https:\/\/labonsale.com\/fr\/product\/spray-drying\/","title":{"rendered":"S\u00c9CHAGE PAR PULV\u00c9RISATION"},"content":{"rendered":"<p>Que vous ayez besoin de solutions \u00e0 l'\u00e9chelle du laboratoire ou \u00e0 l'\u00e9chelle industrielle, nos syst\u00e8mes de pointe sont con\u00e7us pour r\u00e9volutionner vos processus de s\u00e9chage et r\u00e9pondre aux divers besoins des industries du monde entier.<\/p>\n<h3>Applications<\/h3>\n<p>Notre syst\u00e8me de s\u00e9chage par pulv\u00e9risation trouve des applications dans diverses industries, notamment :<\/p>\n<ul>\n<li>Aliments et boissons\u00a0: Id\u00e9al pour produire du caf\u00e9 instantan\u00e9, des produits laitiers, des ar\u00f4mes, des \u00e9pices et des suppl\u00e9ments nutritionnels.<\/li>\n<li>Produits pharmaceutiques\u00a0: permet la production de m\u00e9dicaments en poudre, de m\u00e9dicaments inhalables et d'excipients pharmaceutiques.<\/li>\n<li>Produits chimiques\u00a0: utilis\u00e9s pour s\u00e9cher les colorants, les pigments, les catalyseurs et autres produits chimiques sp\u00e9cialis\u00e9s.<\/li>\n<li>C\u00e9ramiques : Facilite le s\u00e9chage des mat\u00e9riaux c\u00e9ramiques pour la production de poudres, de rev\u00eatements et de composites.<\/li>\n<li>Biotechnologie : Permet le s\u00e9chage de biomat\u00e9riaux, d'enzymes, de probiotiques et d'autres produits biotechnologiques.<\/li>\n<\/ul>\n<figure id=\"attachment_537\" aria-describedby=\"caption-attachment-537\" style=\"width: 1200px\" class=\"wp-caption aligncenter\"><img fetchpriority=\"high\" decoding=\"async\" class=\"wp-image-537 size-full\" src=\"https:\/\/labonsale.com\/wp-content\/uploads\/2023\/09\/Spray-Dryer-Operating-State-Simulating.webp\" alt=\"Simulation de l\u2019\u00e9tat de fonctionnement du s\u00e9chage par pulv\u00e9risation\" width=\"1200\" height=\"600\" srcset=\"https:\/\/labonsale.com\/wp-content\/uploads\/2023\/09\/Spray-Dryer-Operating-State-Simulating.webp 1200w, https:\/\/labonsale.com\/wp-content\/uploads\/2023\/09\/Spray-Dryer-Operating-State-Simulating-600x300.webp 600w, https:\/\/labonsale.com\/wp-content\/uploads\/2023\/09\/Spray-Dryer-Operating-State-Simulating-300x150.webp 300w, https:\/\/labonsale.com\/wp-content\/uploads\/2023\/09\/Spray-Dryer-Operating-State-Simulating-1024x512.webp 1024w, https:\/\/labonsale.com\/wp-content\/uploads\/2023\/09\/Spray-Dryer-Operating-State-Simulating-768x384.webp 768w\" sizes=\"(max-width: 1200px) 100vw, 1200px\" \/><figcaption id=\"caption-attachment-537\" class=\"wp-caption-text\">Simulation de l\u2019\u00e9tat de fonctionnement du s\u00e9chage par pulv\u00e9risation<\/figcaption><\/figure>\n<p><span style=\"font-size: 16px;\">Revenir \u00e0 <\/span><a style=\"font-size: 16px; background-color: #ffffff;\" href=\"https:\/\/labonsale.com\/fr\/\" data-type=\"page\" data-id=\"308\">page d'accueil<\/a><\/p>\n<p>En savoir plus sur le s\u00e9chage par pulv\u00e9risation sur\u00a0<a href=\"https:\/\/en.wikipedia.org\/wiki\/Spray_drying\" target=\"_blank\" rel=\"noopener\" data-type=\"URL\" data-id=\"https:\/\/en.wikipedia.org\/wiki\/Spray_drying\">Wikip\u00e9dia<\/a><\/p>","protected":false},"excerpt":{"rendered":"<p>Avec un engagement envers l\u2019efficacit\u00e9, la pr\u00e9cision et une qualit\u00e9 exceptionnelle, nous proposons des solutions de s\u00e9chage par pulv\u00e9risation de pointe qui propulseront vos produits vers de nouveaux sommets. Que vous ayez besoin de solutions \u00e0 l'\u00e9chelle du laboratoire ou \u00e0 l'\u00e9chelle industrielle, nos syst\u00e8mes de pointe sont con\u00e7us pour r\u00e9volutionner vos processus de s\u00e9chage et r\u00e9pondre aux divers besoins des industries du monde entier. Notre syst\u00e8me de s\u00e9chage par pulv\u00e9risation utilise un processus de pointe qui convertit les aliments liquides en poudre s\u00e8che ou en granul\u00e9s gr\u00e2ce \u00e0 un s\u00e9chage rapide. Cette technique innovante consiste \u00e0 atomiser la charge liquide en fines gouttelettes, qui sont ensuite expos\u00e9es \u00e0 un flux de gaz chaud. Au fur et \u00e0 mesure que les gouttelettes traversent la chambre de s\u00e9chage, l'humidit\u00e9 s'\u00e9vapore rapidement, laissant derri\u00e8re elles des particules s\u00e8ches qui peuvent \u00eatre collect\u00e9es et trait\u00e9es ult\u00e9rieurement selon les besoins.<\/p>","protected":false},"featured_media":540,"comment_status":"closed","ping_status":"closed","template":"","meta":{"neve_meta_sidebar":"","neve_meta_container":"","neve_meta_enable_content_width":"off","neve_meta_content_width":100,"neve_meta_title_alignment":"","neve_meta_author_avatar":"","neve_post_elements_order":"","neve_meta_disable_header":"","neve_meta_disable_footer":"","neve_meta_disable_title":""},"product_brand":[],"product_cat":[23],"product_tag":[],"class_list":{"0":"post-536","1":"product","2":"type-product","3":"status-publish","4":"has-post-thumbnail","6":"product_cat-drying-equipment","8":"first","9":"instock","10":"shipping-taxable","11":"product-type-simple"},"_links":{"self":[{"href":"https:\/\/labonsale.com\/fr\/wp-json\/wp\/v2\/product\/536","targetHints":{"allow":["GET"]}}],"collection":[{"href":"https:\/\/labonsale.com\/fr\/wp-json\/wp\/v2\/product"}],"about":[{"href":"https:\/\/labonsale.com\/fr\/wp-json\/wp\/v2\/types\/product"}],"replies":[{"embeddable":true,"href":"https:\/\/labonsale.com\/fr\/wp-json\/wp\/v2\/comments?post=536"}],"version-history":[{"count":1,"href":"https:\/\/labonsale.com\/fr\/wp-json\/wp\/v2\/product\/536\/revisions"}],"predecessor-version":[{"id":1320,"href":"https:\/\/labonsale.com\/fr\/wp-json\/wp\/v2\/product\/536\/revisions\/1320"}],"wp:featuredmedia":[{"embeddable":true,"href":"https:\/\/labonsale.com\/fr\/wp-json\/wp\/v2\/media\/540"}],"wp:attachment":[{"href":"https:\/\/labonsale.com\/fr\/wp-json\/wp\/v2\/media?parent=536"}],"wp:term":[{"taxonomy":"product_brand","embeddable":true,"href":"https:\/\/labonsale.com\/fr\/wp-json\/wp\/v2\/product_brand?post=536"},{"taxonomy":"product_cat","embeddable":true,"href":"https:\/\/labonsale.com\/fr\/wp-json\/wp\/v2\/product_cat?post=536"},{"taxonomy":"product_tag","embeddable":true,"href":"https:\/\/labonsale.com\/fr\/wp-json\/wp\/v2\/product_tag?post=536"}],"curies":[{"name":"wp","href":"https:\/\/api.w.org\/{rel}","templated":true}]}}