{"id":509,"date":"2023-09-03T03:48:03","date_gmt":"2023-09-03T03:48:03","guid":{"rendered":"https:\/\/labonsale.com\/?post_type=product&#038;p=509"},"modified":"2024-08-25T07:49:08","modified_gmt":"2024-08-25T07:49:08","slug":"reacteur-en-verre","status":"publish","type":"product","link":"https:\/\/labonsale.com\/fr\/product\/glass-reactor\/","title":{"rendered":"\/\u00a0R\u00e9acteur en verre"},"content":{"rendered":"<p>Les r\u00e9acteurs en verre et les \u00e9quipements de traitement Labonsale garantissent des performances optimales pour les laboratoires, les usines pilotes\/laboratoires kilom\u00e9triques et les processus de production. Nos syst\u00e8mes s'\u00e9tendent de la synth\u00e8se en laboratoire \u00e0 la mise \u00e0 l'\u00e9chelle et \u00e0 la production, offrant une qualit\u00e9 de premier ordre.<\/p>\n<p>Fabriqu\u00e9s avec les meilleurs composants en verre borosilicat\u00e9 et des mat\u00e9riaux r\u00e9sistants \u00e0 la corrosion comme l'acier doubl\u00e9 de verre, les fluoropolym\u00e8res et l'Hastelloy\u00ae, les appareils et syst\u00e8mes Labonsale privil\u00e9gient la durabilit\u00e9. Ces r\u00e9acteurs pr\u00e9sentent des performances, une fiabilit\u00e9 et une adaptabilit\u00e9 exceptionnelles pour diverses applications, notamment les r\u00e9actions chimiques, l'optimisation des processus, la synth\u00e8se, la distillation, etc.<\/p>\n<p>Sp\u00e9cialis\u00e9s dans les solutions cl\u00e9 en main, nous fournissons des ensembles complets comprenant tous les accessoires et \u00e9quipements essentiels, am\u00e9liorant ainsi l\u2019efficacit\u00e9 de vos exp\u00e9riences. Notre gamme de produits comprend des r\u00e9acteurs en verre monocouche, double couche et triple couche, avec des options de m\u00e9canisme de levage manuel ou \u00e9lectrique. Pour une personnalisation plus pouss\u00e9e, notre usine propose des services tels que la mise \u00e0 niveau vers des syst\u00e8mes antid\u00e9flagrants, un traitement anticorrosion par pulv\u00e9risation de PTFE et l'ajout de syst\u00e8mes de filtration et de cristallisation.<\/p>\n<p>Choisissez Labonsale pour des solutions de r\u00e9acteurs en verre de pointe adapt\u00e9es pour r\u00e9pondre \u00e0 vos besoins sp\u00e9cifiques et am\u00e9liorer le succ\u00e8s de vos exp\u00e9riences.<\/p>\n<div class=\"nv-iframe-embed\"><iframe title=\"LabOnsale: Discover the Best High Quality Glass Reactor Provider!\" width=\"1200\" height=\"675\" src=\"https:\/\/www.youtube.com\/embed\/aqsAKn4cEy4?feature=oembed\" frameborder=\"0\" allow=\"accelerometer; autoplay; clipboard-write; encrypted-media; gyroscope; picture-in-picture; web-share\" referrerpolicy=\"strict-origin-when-cross-origin\" allowfullscreen><\/iframe><\/div>\n<h3>Avantages du r\u00e9acteur en verre<\/h3>\n<ul>\n<li>Verre borosilicat\u00e9<\/li>\n<li>Condenseur double couche<\/li>\n<li>Bobine de cuivre pur<\/li>\n<li>Convertisseur de fr\u00e9quence<\/li>\n<li>Syst\u00e8me de contr\u00f4le intelligent<\/li>\n<li>Syst\u00e8me d'affichage num\u00e9rique intelligent<\/li>\n<\/ul>\n<figure id=\"attachment_519\" aria-describedby=\"caption-attachment-519\" style=\"width: 750px\" class=\"wp-caption aligncenter\"><img fetchpriority=\"high\" decoding=\"async\" class=\"size-full wp-image-519\" src=\"https:\/\/labonsale.com\/wp-content\/uploads\/2023\/09\/Glass-Reactor-Advantages.webp\" alt=\"Glass Reactor Advantages\" width=\"750\" height=\"1000\" srcset=\"https:\/\/labonsale.com\/wp-content\/uploads\/2023\/09\/Glass-Reactor-Advantages.webp 750w, https:\/\/labonsale.com\/wp-content\/uploads\/2023\/09\/Glass-Reactor-Advantages-600x800.webp 600w, https:\/\/labonsale.com\/wp-content\/uploads\/2023\/09\/Glass-Reactor-Advantages-225x300.webp 225w\" sizes=\"(max-width: 750px) 100vw, 750px\" \/><figcaption id=\"caption-attachment-519\" class=\"wp-caption-text\">Avantages du r\u00e9acteur en verre<\/figcaption><\/figure>\n<p>Revenir \u00e0\u00a0<a href=\"https:\/\/labonsale.com\/fr\/\" data-type=\"page\" data-id=\"308\">page d'accueil<\/a><\/p>\n<p>En savoir plus sur Batch Reactor sur\u00a0<a href=\"https:\/\/en.wikipedia.org\/wiki\/Batch_reactor\" target=\"_blank\" rel=\"noopener\" data-type=\"URL\" data-id=\"https:\/\/en.wikipedia.org\/wiki\/Vacuum_drying\">Wikip\u00e9dia<\/a><\/p>","protected":false},"excerpt":{"rendered":"<p>Nos r\u00e9acteurs en verre offrent des performances, une fiabilit\u00e9 et une polyvalence de premier ordre. Explorez des solutions cl\u00e9 en main pour une efficacit\u00e9 optimale. Maximisez d\u00e8s maintenant vos exp\u00e9riences avec excellence.\ud83e\uddea\ud83d\udd25<\/p>\n<p>*Volume : 1 \u00e0 200 litres<\/p>\n<p>*Simple couche, double couche et triple couche disponibles<\/p>\n<p>*Ascenseur manuel \/ Ascenseur \u00e9lectrique<\/p>\n<p>*Prestations personnalis\u00e9es<\/p>\n<p>*Vide\u00a0: 0,098\u00a0MPa<\/p>\n<p>*Temp\u00e9rature\u00a0: -120 \u2103 ~ + 350 \u2103<\/p>\n<p><strong>T\u00e9l\u00e9chargement du catalogue\u00a0:<\/strong><a href=\"https:\/\/labonsale.com\/wp-content\/uploads\/2024\/08\/Brochure-Labonsale-Reacteur-en-verre.pdf\" target=\"_blank\" rel=\"noopener\">Brochure sur le r\u00e9acteur en verre.pdf<\/a><\/p>","protected":false},"featured_media":515,"comment_status":"closed","ping_status":"closed","template":"","meta":{"neve_meta_sidebar":"","neve_meta_container":"","neve_meta_enable_content_width":"off","neve_meta_content_width":100,"neve_meta_title_alignment":"","neve_meta_author_avatar":"","neve_post_elements_order":"","neve_meta_disable_header":"","neve_meta_disable_footer":"","neve_meta_disable_title":""},"product_brand":[],"product_cat":[25],"product_tag":[38,48],"class_list":{"0":"post-509","1":"product","2":"type-product","3":"status-publish","4":"has-post-thumbnail","6":"product_cat-reaction-equipment","7":"product_tag-customized","8":"product_tag-oem-odm","10":"first","11":"instock","12":"shipping-taxable","13":"product-type-simple"},"_links":{"self":[{"href":"https:\/\/labonsale.com\/fr\/wp-json\/wp\/v2\/product\/509","targetHints":{"allow":["GET"]}}],"collection":[{"href":"https:\/\/labonsale.com\/fr\/wp-json\/wp\/v2\/product"}],"about":[{"href":"https:\/\/labonsale.com\/fr\/wp-json\/wp\/v2\/types\/product"}],"replies":[{"embeddable":true,"href":"https:\/\/labonsale.com\/fr\/wp-json\/wp\/v2\/comments?post=509"}],"version-history":[{"count":5,"href":"https:\/\/labonsale.com\/fr\/wp-json\/wp\/v2\/product\/509\/revisions"}],"predecessor-version":[{"id":2741,"href":"https:\/\/labonsale.com\/fr\/wp-json\/wp\/v2\/product\/509\/revisions\/2741"}],"wp:featuredmedia":[{"embeddable":true,"href":"https:\/\/labonsale.com\/fr\/wp-json\/wp\/v2\/media\/515"}],"wp:attachment":[{"href":"https:\/\/labonsale.com\/fr\/wp-json\/wp\/v2\/media?parent=509"}],"wp:term":[{"taxonomy":"product_brand","embeddable":true,"href":"https:\/\/labonsale.com\/fr\/wp-json\/wp\/v2\/product_brand?post=509"},{"taxonomy":"product_cat","embeddable":true,"href":"https:\/\/labonsale.com\/fr\/wp-json\/wp\/v2\/product_cat?post=509"},{"taxonomy":"product_tag","embeddable":true,"href":"https:\/\/labonsale.com\/fr\/wp-json\/wp\/v2\/product_tag?post=509"}],"curies":[{"name":"wp","href":"https:\/\/api.w.org\/{rel}","templated":true}]}}