{"id":494,"date":"2023-09-03T03:23:48","date_gmt":"2023-09-03T03:23:48","guid":{"rendered":"https:\/\/labonsale.com\/?post_type=product&#038;p=494"},"modified":"2024-04-22T14:18:31","modified_gmt":"2024-04-22T14:18:31","slug":"four-de-sechage-sous-vide","status":"publish","type":"product","link":"https:\/\/labonsale.com\/fr\/product\/vacuum-drying-oven\/","title":{"rendered":"FOUR DE S\u00c9CHAGE SOUS VIDE"},"content":{"rendered":"<p>L'\u00e9tuve de s\u00e9chage sous vide trouve de nombreuses applications dans divers domaines, notamment la biochimie, le g\u00e9nie chimique, les produits pharmaceutiques, les soins m\u00e9dicaux, la sant\u00e9 publique, la recherche scientifique agricole et la protection de l'environnement. Il est particuli\u00e8rement adapt\u00e9 au s\u00e9chage rapide et efficace de mat\u00e9riaux et de composants complexes sensibles \u00e0 la chaleur, facilement d\u00e9compos\u00e9s et facilement oxyd\u00e9s. De plus, il est tr\u00e8s efficace pour la d\u00e9sinfection, la st\u00e9rilisation et le s\u00e9chage de divers r\u00e9cipients en verre.<\/p>\n<p>Sp\u00e9cialement con\u00e7ue pour r\u00e9pondre aux substances sensibles \u00e0 la chaleur, facilement d\u00e9compos\u00e9es et facilement oxyd\u00e9es, notre \u00e9tuve de s\u00e9chage sous vide utilise un s\u00e9chage \u00e0 haute temp\u00e9rature sous vide. Cela r\u00e9duit consid\u00e9rablement le point d\u2019\u00e9bullition et la pression de vapeur, cr\u00e9ant ainsi un processus de chauffage sans poussi\u00e8re et non turbulent. L'environnement de s\u00e9chage doux facilite la collecte, l'\u00e9vacuation et la r\u00e9utilisation des vapeurs de solvants. De plus, l'environnement sans oxyg\u00e8ne ou gaz inerte garantit que le stockage, le chauffage, les tests et le s\u00e9chage s'effectuent sans oxydation, pr\u00e9servant ainsi l'int\u00e9grit\u00e9 des \u00e9chantillons de test.<\/p>\n<figure id=\"attachment_1282\" aria-describedby=\"caption-attachment-1282\" style=\"width: 800px\" class=\"wp-caption aligncenter\"><img fetchpriority=\"high\" decoding=\"async\" class=\"size-full wp-image-1282\" src=\"https:\/\/labonsale.com\/wp-content\/uploads\/2023\/09\/Vacuum-Drying-Oven-Volume.webp\" alt=\"Volume du four de s\u00e9chage sous vide\" width=\"800\" height=\"539\" srcset=\"https:\/\/labonsale.com\/wp-content\/uploads\/2023\/09\/Vacuum-Drying-Oven-Volume.webp 800w, https:\/\/labonsale.com\/wp-content\/uploads\/2023\/09\/Vacuum-Drying-Oven-Volume-300x202.webp 300w, https:\/\/labonsale.com\/wp-content\/uploads\/2023\/09\/Vacuum-Drying-Oven-Volume-768x517.webp 768w, https:\/\/labonsale.com\/wp-content\/uploads\/2023\/09\/Vacuum-Drying-Oven-Volume-18x12.webp 18w, https:\/\/labonsale.com\/wp-content\/uploads\/2023\/09\/Vacuum-Drying-Oven-Volume-600x404.webp 600w\" sizes=\"(max-width: 800px) 100vw, 800px\" \/><figcaption id=\"caption-attachment-1282\" class=\"wp-caption-text\">Volume du four de s\u00e9chage sous vide<\/figcaption><\/figure>\n<p>Nous proposons une s\u00e9lection d'\u00e9tuves de s\u00e9chage sous vide d'une capacit\u00e9 de 20 \u00e0 500 litres, construites \u00e0 partir de mat\u00e9riaux tels que des plaques de fer, de l'acier inoxydable 201 et de l'acier inoxydable 304. Notre gamme de produits comprend une vari\u00e9t\u00e9 d'options personnalisables pour r\u00e9pondre \u00e0 vos besoins pr\u00e9cis. Ces options englobent diverses tailles de chambre, param\u00e8tres de temp\u00e9rature, syst\u00e8mes de contr\u00f4le et fonctionnalit\u00e9s suppl\u00e9mentaires, tous con\u00e7us pour r\u00e9pondre \u00e0 vos demandes sp\u00e9cifiques.<\/p>\n<table style=\"border-collapse: collapse; width: 462.02pt;\" border=\"0\" width=\"616\" cellspacing=\"0\" cellpadding=\"0\">\n<tbody>\n<tr style=\"height: 13.50pt;\">\n<td style=\"height: 13.50pt; width: 112.50pt;\" width=\"150\" height=\"18\">Volume<\/td>\n<td style=\"width: 349.50pt;\" width=\"466\">25L, 50L, 90L, 215L, 500L, personnalis\u00e9<\/td>\n<\/tr>\n<tr style=\"height: 13.50pt;\">\n<td style=\"height: 13.50pt;\" height=\"18\">Mat\u00e9riel<\/td>\n<td>Plaque de fer, acier inoxydable 201, acier inoxydable 304<\/td>\n<\/tr>\n<\/tbody>\n<\/table>\n<h3>Produit tir r\u00e9el<\/h3>\n<figure id=\"attachment_1279\" aria-describedby=\"caption-attachment-1279\" style=\"width: 800px\" class=\"wp-caption aligncenter\"><img decoding=\"async\" class=\"size-full wp-image-1279\" src=\"https:\/\/labonsale.com\/wp-content\/uploads\/2023\/09\/Vacuum-Drying-Oven-1.webp\" alt=\"FOUR DE S\u00c9CHAGE SOUS VIDE\" width=\"800\" height=\"800\" srcset=\"https:\/\/labonsale.com\/wp-content\/uploads\/2023\/09\/Vacuum-Drying-Oven-1.webp 800w, https:\/\/labonsale.com\/wp-content\/uploads\/2023\/09\/Vacuum-Drying-Oven-1-300x300.webp 300w, https:\/\/labonsale.com\/wp-content\/uploads\/2023\/09\/Vacuum-Drying-Oven-1-150x150.webp 150w, https:\/\/labonsale.com\/wp-content\/uploads\/2023\/09\/Vacuum-Drying-Oven-1-768x768.webp 768w, https:\/\/labonsale.com\/wp-content\/uploads\/2023\/09\/Vacuum-Drying-Oven-1-12x12.webp 12w, https:\/\/labonsale.com\/wp-content\/uploads\/2023\/09\/Vacuum-Drying-Oven-1-600x600.webp 600w, https:\/\/labonsale.com\/wp-content\/uploads\/2023\/09\/Vacuum-Drying-Oven-1-100x100.webp 100w\" sizes=\"(max-width: 800px) 100vw, 800px\" \/><figcaption id=\"caption-attachment-1279\" class=\"wp-caption-text\">FOUR DE S\u00c9CHAGE SOUS VIDE<\/figcaption><\/figure>\n<figure id=\"attachment_1280\" aria-describedby=\"caption-attachment-1280\" style=\"width: 800px\" class=\"wp-caption aligncenter\"><img decoding=\"async\" class=\"size-full wp-image-1280\" src=\"https:\/\/labonsale.com\/wp-content\/uploads\/2023\/09\/Vacuum-Drying-Oven3.webp\" alt=\"Vacuum Drying Oven(3)\" width=\"800\" height=\"800\" srcset=\"https:\/\/labonsale.com\/wp-content\/uploads\/2023\/09\/Vacuum-Drying-Oven3.webp 800w, https:\/\/labonsale.com\/wp-content\/uploads\/2023\/09\/Vacuum-Drying-Oven3-300x300.webp 300w, https:\/\/labonsale.com\/wp-content\/uploads\/2023\/09\/Vacuum-Drying-Oven3-150x150.webp 150w, https:\/\/labonsale.com\/wp-content\/uploads\/2023\/09\/Vacuum-Drying-Oven3-768x768.webp 768w, https:\/\/labonsale.com\/wp-content\/uploads\/2023\/09\/Vacuum-Drying-Oven3-12x12.webp 12w, https:\/\/labonsale.com\/wp-content\/uploads\/2023\/09\/Vacuum-Drying-Oven3-600x600.webp 600w, https:\/\/labonsale.com\/wp-content\/uploads\/2023\/09\/Vacuum-Drying-Oven3-100x100.webp 100w\" sizes=\"(max-width: 800px) 100vw, 800px\" \/><figcaption id=\"caption-attachment-1280\" class=\"wp-caption-text\">FOUR DE S\u00c9CHAGE SOUS VIDE<\/figcaption><\/figure>\n<figure id=\"attachment_1278\" aria-describedby=\"caption-attachment-1278\" style=\"width: 800px\" class=\"wp-caption aligncenter\"><img loading=\"lazy\" decoding=\"async\" class=\"size-full wp-image-1278\" src=\"https:\/\/labonsale.com\/wp-content\/uploads\/2023\/09\/Vacuum-Drying-Oven1.webp\" alt=\"Vacuum Drying Oven(1)\" width=\"800\" height=\"800\" srcset=\"https:\/\/labonsale.com\/wp-content\/uploads\/2023\/09\/Vacuum-Drying-Oven1.webp 800w, https:\/\/labonsale.com\/wp-content\/uploads\/2023\/09\/Vacuum-Drying-Oven1-300x300.webp 300w, https:\/\/labonsale.com\/wp-content\/uploads\/2023\/09\/Vacuum-Drying-Oven1-150x150.webp 150w, https:\/\/labonsale.com\/wp-content\/uploads\/2023\/09\/Vacuum-Drying-Oven1-768x768.webp 768w, https:\/\/labonsale.com\/wp-content\/uploads\/2023\/09\/Vacuum-Drying-Oven1-12x12.webp 12w, https:\/\/labonsale.com\/wp-content\/uploads\/2023\/09\/Vacuum-Drying-Oven1-600x600.webp 600w, https:\/\/labonsale.com\/wp-content\/uploads\/2023\/09\/Vacuum-Drying-Oven1-100x100.webp 100w\" sizes=\"(max-width: 800px) 100vw, 800px\" \/><figcaption id=\"caption-attachment-1278\" class=\"wp-caption-text\">FOUR DE S\u00c9CHAGE SOUS VIDE<\/figcaption><\/figure>\n<figure id=\"attachment_1281\" aria-describedby=\"caption-attachment-1281\" style=\"width: 800px\" class=\"wp-caption aligncenter\"><img loading=\"lazy\" decoding=\"async\" class=\"size-full wp-image-1281\" src=\"https:\/\/labonsale.com\/wp-content\/uploads\/2023\/09\/Vacuum-Drying-Oven-Hole.webp\" alt=\"Trou du four de s\u00e9chage sous vide\" width=\"800\" height=\"800\" srcset=\"https:\/\/labonsale.com\/wp-content\/uploads\/2023\/09\/Vacuum-Drying-Oven-Hole.webp 800w, https:\/\/labonsale.com\/wp-content\/uploads\/2023\/09\/Vacuum-Drying-Oven-Hole-300x300.webp 300w, https:\/\/labonsale.com\/wp-content\/uploads\/2023\/09\/Vacuum-Drying-Oven-Hole-150x150.webp 150w, https:\/\/labonsale.com\/wp-content\/uploads\/2023\/09\/Vacuum-Drying-Oven-Hole-768x768.webp 768w, https:\/\/labonsale.com\/wp-content\/uploads\/2023\/09\/Vacuum-Drying-Oven-Hole-12x12.webp 12w, https:\/\/labonsale.com\/wp-content\/uploads\/2023\/09\/Vacuum-Drying-Oven-Hole-600x600.webp 600w, https:\/\/labonsale.com\/wp-content\/uploads\/2023\/09\/Vacuum-Drying-Oven-Hole-100x100.webp 100w\" sizes=\"(max-width: 800px) 100vw, 800px\" \/><figcaption id=\"caption-attachment-1281\" class=\"wp-caption-text\">Trou du four de s\u00e9chage sous vide<\/figcaption><\/figure>\n<h3>Composant du produit <strong>de l'\u00e9tuve de s\u00e9chage sous vide<\/strong><\/h3>\n<figure id=\"attachment_1276\" aria-describedby=\"caption-attachment-1276\" style=\"width: 800px\" class=\"wp-caption aligncenter\"><img loading=\"lazy\" decoding=\"async\" class=\"size-full wp-image-1276\" src=\"https:\/\/labonsale.com\/wp-content\/uploads\/2023\/09\/Vacuum-Drying-Oven-Parts.webp\" alt=\"Vacuum Drying Oven Parts\" width=\"800\" height=\"750\" srcset=\"https:\/\/labonsale.com\/wp-content\/uploads\/2023\/09\/Vacuum-Drying-Oven-Parts.webp 800w, https:\/\/labonsale.com\/wp-content\/uploads\/2023\/09\/Vacuum-Drying-Oven-Parts-300x281.webp 300w, https:\/\/labonsale.com\/wp-content\/uploads\/2023\/09\/Vacuum-Drying-Oven-Parts-768x720.webp 768w, https:\/\/labonsale.com\/wp-content\/uploads\/2023\/09\/Vacuum-Drying-Oven-Parts-13x12.webp 13w, https:\/\/labonsale.com\/wp-content\/uploads\/2023\/09\/Vacuum-Drying-Oven-Parts-600x563.webp 600w\" sizes=\"(max-width: 800px) 100vw, 800px\" \/><figcaption id=\"caption-attachment-1276\" class=\"wp-caption-text\">Composant du four de s\u00e9chage sous vide<\/figcaption><\/figure>\n<p>Notre \u00e9tuve de s\u00e9chage sous vide est une solution de s\u00e9chage de pointe con\u00e7ue pour r\u00e9pondre aux besoins exigeants des industries n\u00e9cessitant des processus de s\u00e9chage efficaces et pr\u00e9cis. Gr\u00e2ce \u00e0 une technologie avanc\u00e9e et un savoir-faire m\u00e9ticuleux, ce four offre des performances sup\u00e9rieures, une qualit\u00e9 de produit exceptionnelle et une fiabilit\u00e9 in\u00e9gal\u00e9e.<\/p>\n<h3><strong>Principales caract\u00e9ristiques<\/strong> et<strong> Les technologies<\/strong><\/h3>\n<p>Contr\u00f4le pr\u00e9cis de la temp\u00e9rature\u00a0:<br \/>\nnos \u00e9tuves de s\u00e9chage sous vide utilisent des syst\u00e8mes de contr\u00f4le de temp\u00e9rature de pointe, permettant aux utilisateurs de d\u00e9finir et de maintenir des temp\u00e9ratures de s\u00e9chage pr\u00e9cises avec des fluctuations minimales. Cela garantit des r\u00e9sultats de s\u00e9chage constants et fiables, m\u00eame pour les mat\u00e9riaux sensibles \u00e0 la chaleur.<\/p>\n<p>Chauffage uniforme\u00a0:<br \/>\npour obtenir une r\u00e9partition uniforme de la chaleur, nos \u00e9tuves de s\u00e9chage sous vide utilisent des \u00e9l\u00e9ments chauffants et des syst\u00e8mes de circulation d'air avanc\u00e9s. Cette caract\u00e9ristique de conception garantit un s\u00e9chage homog\u00e8ne dans toute la chambre, \u00e9liminant le risque de points chauds et garantissant une qualit\u00e9 de produit uniforme.<\/p>\n<p>Syst\u00e8me de vide :<br \/>\nLe syst\u00e8me de vide int\u00e9gr\u00e9 \u00e0 nos fours permet un contr\u00f4le pr\u00e9cis de l\u2019environnement de s\u00e9chage. En abaissant la pression, les compos\u00e9s volatils peuvent s'\u00e9vaporer \u00e0 des temp\u00e9ratures plus basses, pr\u00e9servant ainsi l'int\u00e9grit\u00e9 et les propri\u00e9t\u00e9s des mat\u00e9riaux s\u00e9ch\u00e9s.<\/p>\n<p>Caract\u00e9ristiques de s\u00e9curit\u00e9\u00a0:<br \/>\nNous accordons la priorit\u00e9 \u00e0 la s\u00e9curit\u00e9 de nos utilisateurs et de leurs op\u00e9rations. Nos \u00e9tuves de s\u00e9chage sous vide sont \u00e9quip\u00e9es de plusieurs dispositifs de s\u00e9curit\u00e9, tels que des soupapes de surpression automatiques, une protection contre la surchauffe et des verrouillages de porte, garantissant des processus de s\u00e9chage s\u00fbrs et s\u00e9curis\u00e9s.<\/p>\n<h3>Avantages des \u00e9tuves de s\u00e9chage sous vide :<\/h3>\n<p>Qualit\u00e9 du produit am\u00e9lior\u00e9e :<br \/>\nLes conditions de basse temp\u00e9rature et de pression r\u00e9duite dans nos \u00e9tuves de s\u00e9chage sous vide minimisent le stress thermique et emp\u00eachent l'oxydation, ce qui se traduit par une meilleure qualit\u00e9 du produit. Ceci est particuli\u00e8rement critique pour les mat\u00e9riaux d\u00e9licats ou sensibles, les produits pharmaceutiques, les composants \u00e9lectroniques et les substances sensibles \u00e0 la chaleur.<br \/>\nTemps de s\u00e9chage plus rapides :<br \/>\nen raison du point d'\u00e9bullition r\u00e9duit de l'eau sous vide, nos fours peuvent r\u00e9duire consid\u00e9rablement les temps de s\u00e9chage par rapport aux m\u00e9thodes de s\u00e9chage traditionnelles. Cette efficacit\u00e9 accrue se traduit par une productivit\u00e9 am\u00e9lior\u00e9e et une consommation d\u2019\u00e9nergie r\u00e9duite.<\/p>\n<p>Applications polyvalentes :<br \/>\nnos \u00e9tuves de s\u00e9chage sous vide trouvent des applications dans diverses industries. Ils sont id\u00e9aux pour s\u00e9cher des mat\u00e9riaux sensibles \u00e0 la chaleur, tels que les polym\u00e8res, les produits pharmaceutiques, les composants \u00e9lectroniques et les produits alimentaires. De plus, ils sont utilis\u00e9s dans les laboratoires de recherche, les installations de fabrication et les services de contr\u00f4le qualit\u00e9.<\/p>\n<p>Co\u00fbt et efficacit\u00e9 \u00e9nerg\u00e9tique\u00a0:<br \/>\nEn employant des technologies de s\u00e9chage avanc\u00e9es, nos \u00e9tuves de s\u00e9chage sous vide offrent un excellent co\u00fbt et une excellente efficacit\u00e9 \u00e9nerg\u00e9tique. Les temps de s\u00e9chage r\u00e9duits et les temp\u00e9ratures de fonctionnement plus basses contribuent aux \u00e9conomies d'\u00e9nergie, tandis que la qualit\u00e9 am\u00e9lior\u00e9e du produit r\u00e9duit le besoin de reprise ou de gaspillage, conduisant \u00e0 une optimisation des co\u00fbts.<\/p>\n<p>Options de personnalisation\u00a0:<br \/>\nnous comprenons que chaque secteur et chaque application a des exigences uniques. C'est pourquoi nous proposons une gamme d'options de personnalisation pour nos \u00e9tuves de s\u00e9chage sous vide. Ceux-ci incluent diff\u00e9rentes tailles de chambre, plages de temp\u00e9rature, syst\u00e8mes de contr\u00f4le et fonctionnalit\u00e9s suppl\u00e9mentaires adapt\u00e9es \u00e0 vos besoins sp\u00e9cifiques.<\/p>\n<p>Garantie et service apr\u00e8s-vente :<br \/>\nnous nous engageons \u00e0 fournir un service client et une assistance de premier ordre. Toutes nos \u00e9tuves de s\u00e9chage sous vide b\u00e9n\u00e9ficient d\u2019une garantie compl\u00e8te, vous garantissant une tranquillit\u00e9 d\u2019esprit. De plus, notre \u00e9quipe technique exp\u00e9riment\u00e9e est facilement disponible pour vous aider \u00e0 l'installation, \u00e0 la formation, \u00e0 la maintenance et au d\u00e9pannage, garantissant ainsi des op\u00e9rations fluides et ininterrompues.<\/p>\n<p>Revenir \u00e0\u00a0<a href=\"https:\/\/labonsale.com\/fr\/\" data-type=\"page\" data-id=\"308\">page d'accueil<\/a><\/p>\n<p>En savoir plus sur le s\u00e9chage sous vide sur\u00a0<a href=\"https:\/\/en.wikipedia.org\/wiki\/Vacuum_drying\" target=\"_blank\" rel=\"noopener\" data-type=\"URL\" data-id=\"https:\/\/en.wikipedia.org\/wiki\/Vacuum_drying\">Wikip\u00e9dia<\/a><\/p>","protected":false},"excerpt":{"rendered":"<p>B\u00e9n\u00e9ficiez de performances de s\u00e9chage sup\u00e9rieures et d'une qualit\u00e9 de produit exceptionnelle avec notre \u00e9tuve de s\u00e9chage sous vide avanc\u00e9e, la solution id\u00e9ale pour des processus de s\u00e9chage efficaces et fiables. \u00c9levez vos processus de s\u00e9chage vers de nouveaux sommets de pr\u00e9cision et de qualit\u00e9.<\/p>\n<p>Volume\u00a0: 25L, 50L, 90L, 215L, 500L, personnalis\u00e9<\/p>\n<p>Mat\u00e9riau : plaque de fer, acier inoxydable 201, acier inoxydable 304.<\/p>","protected":false},"featured_media":1289,"comment_status":"closed","ping_status":"closed","template":"","meta":{"neve_meta_sidebar":"","neve_meta_container":"","neve_meta_enable_content_width":"off","neve_meta_content_width":100,"neve_meta_title_alignment":"","neve_meta_author_avatar":"","neve_post_elements_order":"","neve_meta_disable_header":"","neve_meta_disable_footer":"","neve_meta_disable_title":""},"product_brand":[],"product_cat":[23],"product_tag":[38,37,35],"class_list":{"0":"post-494","1":"product","2":"type-product","3":"status-publish","4":"has-post-thumbnail","6":"product_cat-drying-equipment","7":"product_tag-customized","8":"product_tag-from-20l-to-500l","9":"product_tag-high-quality","11":"first","12":"instock","13":"shipping-taxable","14":"product-type-simple"},"_links":{"self":[{"href":"https:\/\/labonsale.com\/fr\/wp-json\/wp\/v2\/product\/494","targetHints":{"allow":["GET"]}}],"collection":[{"href":"https:\/\/labonsale.com\/fr\/wp-json\/wp\/v2\/product"}],"about":[{"href":"https:\/\/labonsale.com\/fr\/wp-json\/wp\/v2\/types\/product"}],"replies":[{"embeddable":true,"href":"https:\/\/labonsale.com\/fr\/wp-json\/wp\/v2\/comments?post=494"}],"version-history":[{"count":1,"href":"https:\/\/labonsale.com\/fr\/wp-json\/wp\/v2\/product\/494\/revisions"}],"predecessor-version":[{"id":1273,"href":"https:\/\/labonsale.com\/fr\/wp-json\/wp\/v2\/product\/494\/revisions\/1273"}],"wp:featuredmedia":[{"embeddable":true,"href":"https:\/\/labonsale.com\/fr\/wp-json\/wp\/v2\/media\/1289"}],"wp:attachment":[{"href":"https:\/\/labonsale.com\/fr\/wp-json\/wp\/v2\/media?parent=494"}],"wp:term":[{"taxonomy":"product_brand","embeddable":true,"href":"https:\/\/labonsale.com\/fr\/wp-json\/wp\/v2\/product_brand?post=494"},{"taxonomy":"product_cat","embeddable":true,"href":"https:\/\/labonsale.com\/fr\/wp-json\/wp\/v2\/product_cat?post=494"},{"taxonomy":"product_tag","embeddable":true,"href":"https:\/\/labonsale.com\/fr\/wp-json\/wp\/v2\/product_tag?post=494"}],"curies":[{"name":"wp","href":"https:\/\/api.w.org\/{rel}","templated":true}]}}