{"id":365,"date":"2023-09-02T15:32:38","date_gmt":"2023-09-02T15:32:38","guid":{"rendered":"https:\/\/labonsale.com\/?post_type=product&#038;p=365"},"modified":"2024-05-13T07:44:49","modified_gmt":"2024-05-13T07:44:49","slug":"distillation-moleculaire","status":"publish","type":"product","link":"https:\/\/labonsale.com\/fr\/product\/molecular-distillation\/","title":{"rendered":"Distillation mol\u00e9culaire"},"content":{"rendered":"<p>Bienvenue dans notre guide complet sur la distillation mol\u00e9culaire, la meilleure machine de s\u00e9paration thermique con\u00e7ue sp\u00e9cifiquement pour les mat\u00e9riaux sensibles \u00e0 la chaleur. Gr\u00e2ce \u00e0 sa nature douce sans pr\u00e9c\u00e9dent, la distillation mol\u00e9culaire minimise la d\u00e9gradation thermique, ce qui en fait le choix privil\u00e9gi\u00e9 pour la s\u00e9paration, la purification et la concentration de produits naturels et de mol\u00e9cules complexes et thermiquement sensibles. Dans cet article, nous explorerons les subtilit\u00e9s de la distillation mol\u00e9culaire, ses applications dans diverses industries et ses avantages exceptionnels. Rejoignez-nous pour plonger dans le monde fascinant de la distillation mol\u00e9culaire et d\u00e9couvrez pourquoi elle change la donne dans les domaines chimique, pharmaceutique, p\u00e9trochimique, des \u00e9pices, des plastiques, du p\u00e9trole et autres.<\/p>\n<p>La distillation mol\u00e9culaire, \u00e9galement appel\u00e9e distillation \u00e0 film essuy\u00e9, est un proc\u00e9d\u00e9 de s\u00e9paration thermique de pointe qui se distingue par son traitement doux des mat\u00e9riaux sensibles \u00e0 la chaleur. Elle est largement reconnue comme la forme de distillation la plus d\u00e9licate, provoquant une d\u00e9gradation thermique minime du produit. Cette technique excelle dans la s\u00e9paration, la purification et la concentration de produits naturels et de mol\u00e9cules complexes et thermiquement sensibles.<\/p>\n<p>La distillation mol\u00e9culaire fonctionne selon les principes de la distillation sous vide \u00e0 court trajet, caract\u00e9ris\u00e9e par une pression sous vide extr\u00eamement faible de 0,01 torr ou moins. Un alambic mol\u00e9culaire est utilis\u00e9 pour effectuer ce processus pr\u00e9cis. Pendant la distillation mol\u00e9culaire, le liquide distill\u00e9 est expos\u00e9 \u00e0 des temp\u00e9ratures \u00e9lev\u00e9es dans un environnement sous vide pouss\u00e9 (environ 10 \u00e0 4 mmHg) dans la colonne de distillation. L'\u00e9vaporateur et le condenseur sont plac\u00e9s \u00e0 proximit\u00e9 imm\u00e9diate, avec une distance minimale d'environ 2 cm. Cette configuration garantit une exposition \u00e0 court terme du liquide \u00e0 des temp\u00e9ratures \u00e9lev\u00e9es et facilite une s\u00e9paration efficace. Dans la distillation mol\u00e9culaire, les fluides fonctionnent sous le r\u00e9gime d'\u00e9coulement mol\u00e9culaire libre, o\u00f9 le libre parcours moyen des mol\u00e9cules est comparable \u00e0 la taille de l'\u00e9quipement.<\/p>\n<p>Contrairement aux m\u00e9thodes de distillation conventionnelles, la distillation mol\u00e9culaire ne repose pas sur la pression pour l\u2019\u00e9vaporation. Au lieu de cela, il capitalise sur le mouvement en ligne de mire des mol\u00e9cules. Pour y parvenir, un court chemin est cr\u00e9\u00e9 entre une surface chaude (recouverte d'un film de nourriture) et une surface froide. Cette configuration permet un flux de vapeur direct sans avoir besoin d'une phase gazeuse continue, ce qui entra\u00eene une s\u00e9paration optimale tout en minimisant la d\u00e9composition thermique et la perte de composants pr\u00e9cieux.<\/p>\n<h3>Classification\u00a0de la distillation mol\u00e9culaire<\/h3>\n<figure id=\"attachment_366\" aria-describedby=\"caption-attachment-366\" style=\"width: 800px\" class=\"wp-caption aligncenter\"><img fetchpriority=\"high\" decoding=\"async\" class=\"wp-image-366 size-full\" src=\"https:\/\/labonsale.com\/wp-content\/uploads\/2023\/09\/Classification-of-Molecular-Distillation.webp\" alt=\"Classification\u00a0de la distillation mol\u00e9culaire\" width=\"800\" height=\"400\" srcset=\"https:\/\/labonsale.com\/wp-content\/uploads\/2023\/09\/Classification-of-Molecular-Distillation.webp 800w, https:\/\/labonsale.com\/wp-content\/uploads\/2023\/09\/Classification-of-Molecular-Distillation-600x300.webp 600w, https:\/\/labonsale.com\/wp-content\/uploads\/2023\/09\/Classification-of-Molecular-Distillation-300x150.webp 300w, https:\/\/labonsale.com\/wp-content\/uploads\/2023\/09\/Classification-of-Molecular-Distillation-768x384.webp 768w\" sizes=\"(max-width: 800px) 100vw, 800px\" \/><figcaption id=\"caption-attachment-366\" class=\"wp-caption-text\">Classification\u00a0de la distillation mol\u00e9culaire<\/figcaption><\/figure>\n<figure id=\"attachment_367\" aria-describedby=\"caption-attachment-367\" style=\"width: 800px\" class=\"wp-caption aligncenter\"><img decoding=\"async\" class=\"size-full wp-image-367\" src=\"https:\/\/labonsale.com\/wp-content\/uploads\/2023\/09\/Classification-of-Molecular-Distillation-2.webp\" alt=\"Classification\u00a0de la distillation mol\u00e9culaire\" width=\"800\" height=\"400\" srcset=\"https:\/\/labonsale.com\/wp-content\/uploads\/2023\/09\/Classification-of-Molecular-Distillation-2.webp 800w, https:\/\/labonsale.com\/wp-content\/uploads\/2023\/09\/Classification-of-Molecular-Distillation-2-600x300.webp 600w, https:\/\/labonsale.com\/wp-content\/uploads\/2023\/09\/Classification-of-Molecular-Distillation-2-300x150.webp 300w, https:\/\/labonsale.com\/wp-content\/uploads\/2023\/09\/Classification-of-Molecular-Distillation-2-768x384.webp 768w\" sizes=\"(max-width: 800px) 100vw, 800px\" \/><figcaption id=\"caption-attachment-367\" class=\"wp-caption-text\">Classification\u00a0de la distillation mol\u00e9culaire<\/figcaption><\/figure>\n<h3 class=\"has-ast-global-color-0-color has-text-color has-medium-font-size wp-block-heading\"><strong>Application<\/strong><\/h3>\n<figure id=\"attachment_368\" aria-describedby=\"caption-attachment-368\" style=\"width: 800px\" class=\"wp-caption aligncenter\"><img decoding=\"async\" class=\"size-full wp-image-368\" src=\"https:\/\/labonsale.com\/wp-content\/uploads\/2023\/09\/Application-Of-Molecular-Distillation.webp\" alt=\"Application de la distillation mol\u00e9culaire\" width=\"800\" height=\"400\" srcset=\"https:\/\/labonsale.com\/wp-content\/uploads\/2023\/09\/Application-Of-Molecular-Distillation.webp 800w, https:\/\/labonsale.com\/wp-content\/uploads\/2023\/09\/Application-Of-Molecular-Distillation-600x300.webp 600w, https:\/\/labonsale.com\/wp-content\/uploads\/2023\/09\/Application-Of-Molecular-Distillation-300x150.webp 300w, https:\/\/labonsale.com\/wp-content\/uploads\/2023\/09\/Application-Of-Molecular-Distillation-768x384.webp 768w\" sizes=\"(max-width: 800px) 100vw, 800px\" \/><figcaption id=\"caption-attachment-368\" class=\"wp-caption-text\">Application de la distillation mol\u00e9culaire<\/figcaption><\/figure>\n<p>La distillation mol\u00e9culaire trouve de nombreuses applications dans diverses industries, gr\u00e2ce \u00e0 sa capacit\u00e9 in\u00e9gal\u00e9e \u00e0 manipuler des mat\u00e9riaux sensibles \u00e0 la chaleur. Explorons quelques secteurs cl\u00e9s dans lesquels la distillation mol\u00e9culaire est cruciale\u00a0:<\/p>\n<p><strong>Industrie chimique: <\/strong>La distillation mol\u00e9culaire joue un r\u00f4le essentiel dans la s\u00e9paration et la purification de compos\u00e9s chimiques complexes, permettant la production de produits de haute qualit\u00e9.<\/p>\n<p><strong>Industrie pharmaceutique<\/strong>: Gr\u00e2ce \u00e0 ses capacit\u00e9s de s\u00e9paration douces et efficaces, la distillation mol\u00e9culaire est indispensable dans la fabrication pharmaceutique. Il permet l\u2019extraction et la purification de compos\u00e9s d\u00e9licats, tels que les vitamines et les acides gras polyinsatur\u00e9s.<\/p>\n<p><strong>Industrie p\u00e9trochimique<\/strong>: La distillation mol\u00e9culaire est largement utilis\u00e9e dans le secteur p\u00e9trochimique pour purifier les produits p\u00e9troliers, notamment les lubrifiants, les cires et les produits chimiques sp\u00e9cialis\u00e9s.<\/p>\n<p><strong>\u00c9pices et ar\u00f4mes<\/strong>: L'industrie des produits naturels b\u00e9n\u00e9ficie grandement de la distillation mol\u00e9culaire, car elle contribue \u00e0 la concentration et \u00e0 la purification des compos\u00e9s aromatiques pr\u00e9sents dans les \u00e9pices, les huiles essentielles et les ar\u00f4mes.<\/p>\n<p><strong>Industrie du plastique<\/strong>: La distillation mol\u00e9culaire joue un r\u00f4le crucial dans la production de plastiques de haute qualit\u00e9 en \u00e9liminant les impuret\u00e9s et en s\u00e9parant efficacement les m\u00e9langes de polym\u00e8res.<\/p>\n<p><strong>Industrie p\u00e9troli\u00e8re<\/strong>: Dans l'industrie p\u00e9troli\u00e8re, la distillation mol\u00e9culaire participe au raffinage du p\u00e9trole brut, permettant la s\u00e9paration de diff\u00e9rentes fractions en fonction de leurs points d'\u00e9bullition et de leur poids mol\u00e9culaire.<\/p>\n<h3>Avantages<\/h3>\n<p>La distillation mol\u00e9culaire offre de nombreux avantages par rapport aux techniques de distillation conventionnelles :<br \/>\n<strong>Traitement doux<\/strong>: En tant que forme de distillation la plus douce, la distillation mol\u00e9culaire minimise la d\u00e9gradation thermique, pr\u00e9servant l'int\u00e9grit\u00e9 des mat\u00e9riaux sensibles \u00e0 la chaleur et garantissant des produits de la plus haute qualit\u00e9.<\/p>\n<p><strong>Processus non toxique<\/strong>: Contrairement aux techniques qui utilisent des solvants comme agents de s\u00e9paration, la distillation mol\u00e9culaire \u00e9vite les probl\u00e8mes de toxicit\u00e9, ce qui en fait un choix s\u00fbr et respectueux de l'environnement.<\/p>\n<p><strong>Pertes minimales<\/strong>: Op\u00e9rant sous vide, la distillation mol\u00e9culaire r\u00e9duit consid\u00e9rablement les pertes dues \u00e0 la d\u00e9composition thermique, garantissant un rendement optimal et pr\u00e9servant les composants pr\u00e9cieux de l'alimentation.<\/p>\n<p><strong>Processus d'alimentation continue<\/strong>: La distillation mol\u00e9culaire peut \u00eatre int\u00e9gr\u00e9e de mani\u00e8re transparente dans un processus d'alimentation continue, permettant une extraction efficace du distillat sans avoir besoin de rompre le vide. Cela permet de gagner du temps, d'augmenter la productivit\u00e9 et de rationaliser les flux de production.<\/p>\n<h3>Gamme compl\u00e8te de solutions de distillation mol\u00e9culaire<\/h3>\n<p>Dans notre entreprise, nous proposons une gamme compl\u00e8te de syst\u00e8mes de distillation mol\u00e9culaire adapt\u00e9s pour r\u00e9pondre \u00e0 vos besoins sp\u00e9cifiques. Notre gamme de produits comprend\u00a0:<br \/>\n<strong>Distillation mol\u00e9culaire en verre<\/strong>: Con\u00e7us pour la polyvalence et la facilit\u00e9 d\u2019utilisation, nos syst\u00e8mes de distillation mol\u00e9culaire en verre conviennent \u00e0 une large gamme d\u2019applications.<\/p>\n<p>Distillation mol\u00e9culaire en acier inoxydable : Con\u00e7us pour la durabilit\u00e9 et la long\u00e9vit\u00e9, nos syst\u00e8mes de distillation mol\u00e9culaire en acier inoxydable garantissent d'excellentes performances m\u00eame dans les environnements industriels exigeants.<\/p>\n<p><strong>Distillation mol\u00e9culaire hybride<\/strong>: Nos syst\u00e8mes de distillation mol\u00e9culaire hybrides combinent les avantages des composants en verre et en acier inoxydable, offrant le meilleur des deux mondes.<\/p>\n<p><strong>Distillation mol\u00e9culaire \u00e0 deux \u00e9tages, \u00e0 trois \u00e9tages et \u00e0 plusieurs \u00e9tages<\/strong>: Nous fournissons des syst\u00e8mes avanc\u00e9s de distillation mol\u00e9culaire \u00e0 plusieurs \u00e9tages qui permettent une efficacit\u00e9 de s\u00e9paration et de purification am\u00e9lior\u00e9e, r\u00e9pondant m\u00eame aux applications les plus complexes.<\/p>\n<p>Gr\u00e2ce \u00e0 notre engagement en faveur de la personnalisation, nous pouvons adapter nos syst\u00e8mes de distillation mol\u00e9culaire pour r\u00e9pondre \u00e0 vos exigences uniques. Notre \u00e9quipe d'experts travaillera en \u00e9troite collaboration avec vous pour comprendre vos besoins et vous proposer une solution parfaitement adapt\u00e9e \u00e0 vos exigences op\u00e9rationnelles.<\/p>\n<p>La distillation mol\u00e9culaire est la solution ultime pour une s\u00e9paration thermique douce, offrant des r\u00e9sultats exceptionnels pour les mat\u00e9riaux sensibles \u00e0 la chaleur. Gr\u00e2ce \u00e0 son traitement doux, \u00e0 sa d\u00e9gradation thermique minimis\u00e9e et \u00e0 sa pr\u00e9cision in\u00e9gal\u00e9e, la distillation mol\u00e9culaire est devenue un outil indispensable dans de nombreuses industries, notamment celles de la chimie, de la pharmaceutique, de la p\u00e9trochimie, des \u00e9pices, des plastiques et du p\u00e9trole.<\/p>\n<p>En adoptant la puissance de la distillation mol\u00e9culaire, vous pouvez ouvrir de nouvelles possibilit\u00e9s pour votre entreprise et atteindre les plus hauts niveaux de s\u00e9paration, de purification et de concentration. Contactez-nous d\u00e8s aujourd'hui pour explorer notre gamme compl\u00e8te de solutions de distillation mol\u00e9culaire et d\u00e9couvrir le summum de la technologie de s\u00e9paration thermique. Investissez dans nos produits de distillation mol\u00e9culaire de pointe et propulsez vos op\u00e9rations vers de nouveaux sommets.<\/p>\n<p>&nbsp;<\/p>\n<p>Revenir \u00e0\u00a0<a href=\"https:\/\/labonsale.com\/fr\/\" data-type=\"page\" data-id=\"308\">page d'accueil<\/a><\/p>\n<p>En savoir plus sur la distillation mol\u00e9culaire sur\u00a0<a href=\"https:\/\/en.wikipedia.org\/wiki\/Molecular_distillation\" target=\"_blank\" rel=\"noopener\" data-type=\"URL\" data-id=\"https:\/\/en.wikipedia.org\/wiki\/Vacuum_drying\">Wikip\u00e9dia<\/a><\/p>","protected":false},"excerpt":{"rendered":"<p>D\u00e9couvrez la puissance de la distillation mol\u00e9culaire\u00a0: la technologie de s\u00e9paration thermique la plus douce pour les mat\u00e9riaux sensibles \u00e0 la chaleur. D\u00e9couvrez nos solutions innovantes et r\u00e9volutionnez vos processus de s\u00e9paration, de purification et de concentration.<\/p>\n<p>*Verre\/acier inoxydable\/distillation mol\u00e9culaire s\u00e9rie hybride<\/p>\n<p>*Effective evaporation area (m\u00b2) : 0.05 &#8211; 6.5<\/p>\n<p>*Une distillation \u00e0 film essuy\u00e9 en plusieurs \u00e9tapes am\u00e9lior\u00e9e est disponible<\/p>\n<p>*Des services personnalis\u00e9s sont disponibles<\/p>\n<p><strong>T\u00e9l\u00e9chargement du catalogue\u00a0:<\/strong><a href=\"https:\/\/labonsale.com\/wp-content\/uploads\/2024\/05\/Brochure-sur-la-distillation-moleculaire.pdf?trp-edit-translation=preview\" target=\"_blank\" rel=\"noopener\">Brochure sur la distillation mol\u00e9culaire.pdf<\/a><\/p>","protected":false},"featured_media":374,"comment_status":"closed","ping_status":"closed","template":"","meta":{"neve_meta_sidebar":"","neve_meta_container":"","neve_meta_enable_content_width":"off","neve_meta_content_width":100,"neve_meta_title_alignment":"","neve_meta_author_avatar":"","neve_post_elements_order":"","neve_meta_disable_header":"","neve_meta_disable_footer":"","neve_meta_disable_title":""},"product_brand":[],"product_cat":[22],"product_tag":[38,48],"class_list":{"0":"post-365","1":"product","2":"type-product","3":"status-publish","4":"has-post-thumbnail","6":"product_cat-distillation-equipment","7":"product_tag-customized","8":"product_tag-oem-odm","10":"first","11":"instock","12":"shipping-taxable","13":"product-type-simple"},"_links":{"self":[{"href":"https:\/\/labonsale.com\/fr\/wp-json\/wp\/v2\/product\/365","targetHints":{"allow":["GET"]}}],"collection":[{"href":"https:\/\/labonsale.com\/fr\/wp-json\/wp\/v2\/product"}],"about":[{"href":"https:\/\/labonsale.com\/fr\/wp-json\/wp\/v2\/types\/product"}],"replies":[{"embeddable":true,"href":"https:\/\/labonsale.com\/fr\/wp-json\/wp\/v2\/comments?post=365"}],"version-history":[{"count":2,"href":"https:\/\/labonsale.com\/fr\/wp-json\/wp\/v2\/product\/365\/revisions"}],"predecessor-version":[{"id":2057,"href":"https:\/\/labonsale.com\/fr\/wp-json\/wp\/v2\/product\/365\/revisions\/2057"}],"wp:featuredmedia":[{"embeddable":true,"href":"https:\/\/labonsale.com\/fr\/wp-json\/wp\/v2\/media\/374"}],"wp:attachment":[{"href":"https:\/\/labonsale.com\/fr\/wp-json\/wp\/v2\/media?parent=365"}],"wp:term":[{"taxonomy":"product_brand","embeddable":true,"href":"https:\/\/labonsale.com\/fr\/wp-json\/wp\/v2\/product_brand?post=365"},{"taxonomy":"product_cat","embeddable":true,"href":"https:\/\/labonsale.com\/fr\/wp-json\/wp\/v2\/product_cat?post=365"},{"taxonomy":"product_tag","embeddable":true,"href":"https:\/\/labonsale.com\/fr\/wp-json\/wp\/v2\/product_tag?post=365"}],"curies":[{"name":"wp","href":"https:\/\/api.w.org\/{rel}","templated":true}]}}