{"id":1913,"date":"2024-04-10T04:13:30","date_gmt":"2024-04-10T04:13:30","guid":{"rendered":"https:\/\/labonsale.com\/?post_type=product&#038;p=1913"},"modified":"2024-04-28T06:48:12","modified_gmt":"2024-04-28T06:48:12","slug":"refroidisseur","status":"publish","type":"product","link":"https:\/\/labonsale.com\/fr\/product\/chiller\/","title":{"rendered":"Refroidisseur"},"content":{"rendered":"<p>Labonsale se sp\u00e9cialise dans la fabrication d'\u00e9quipements d'extraction, y compris des syst\u00e8mes de refroidissement qui fournissent une source de froid constante pour les \u00e9quipements de laboratoire. Ces refroidisseurs utilisent la r\u00e9frig\u00e9ration m\u00e9canique et sont utilis\u00e9s dans diverses industries telles que les produits pharmaceutiques, la transformation des aliments, la m\u00e9tallurgie, la recherche scientifique, le g\u00e9nie g\u00e9n\u00e9tique et l'ing\u00e9nierie des polym\u00e8res, o\u00f9 le maintien de basses temp\u00e9ratures est essentiel.<\/p>\n<h2>QU'EST-CE QU'UN REFROIDISSEUR ?<\/h2>\n<p>Un refroidisseur industriel constitue un \u00e9l\u00e9ment crucial dans de nombreux environnements industriels, facilitant le contr\u00f4le de la temp\u00e9rature des machines, des environnements industriels et des fluides de traitement en extrayant la chaleur du syst\u00e8me et en la dissipant ailleurs. Sa fonctionnalit\u00e9 repose sur le principe de la r\u00e9frig\u00e9ration, dans lequel la chaleur est transf\u00e9r\u00e9e d'un liquide de refroidissement \u00e0 travers divers cycles tels que la compression de vapeur, la r\u00e9frig\u00e9ration par absorption ou la r\u00e9frig\u00e9ration par adsorption.<\/p>\n<p>Le processus consiste \u00e0 faire circuler le liquide refroidi \u00e0 travers un \u00e9changeur de chaleur pour r\u00e9guler les temp\u00e9ratures des \u00e9quipements ou d'autres flux de processus comme l'air ou l'eau. Il est imp\u00e9ratif de g\u00e9rer la chaleur perdue g\u00e9n\u00e9r\u00e9e lors de la r\u00e9frig\u00e9ration, soit en l\u2019\u00e9vacuant dans le milieu ambiant, soit, pour une meilleure efficacit\u00e9, en la r\u00e9cup\u00e9rant \u00e0 des fins de chauffage. Les refroidisseurs \u00e0 compression de vapeur utilisent diff\u00e9rents types de compresseurs tels que des compresseurs herm\u00e9tiques \u00e0 spirale, \u00e0 vis semi-herm\u00e9tiques ou centrifuges, tandis que le c\u00f4t\u00e9 condensation peut \u00eatre refroidi par air ou par eau. Dans de nombreux cas, m\u00eame les refroidisseurs refroidis par eau utilisent des tours de refroidissement \u00e0 tirage induit ou forc\u00e9 pour le refroidissement.<\/p>\n<p>Les refroidisseurs \u00e0 absorption et \u00e0 adsorption n\u00e9cessitent une source de chaleur pour fonctionner efficacement. L'eau glac\u00e9e d\u00e9riv\u00e9e de ces syst\u00e8mes trouve de nombreuses applications dans le refroidissement et la d\u00e9shumidification de l'air dans les installations commerciales, industrielles et institutionnelles de moyenne \u00e0 grande taille. Les refroidisseurs refroidis par eau peuvent utiliser le refroidissement par liquide via des tours de refroidissement, le refroidissement par air ou le refroidissement par \u00e9vaporation, offrant ainsi des avantages en termes d'efficacit\u00e9 et d'environnement par rapport aux alternatives refroidies par air.<\/p>\n<h2>COMPOSANTS PRINCIPAUX DU SYST\u00c8ME DE REFROIDISSEMENT DU REFROIDISSEUR<\/h2>\n<p>Les refroidisseurs sont compos\u00e9s de quatre composants essentiels : un \u00e9vaporateur, un compresseur, un condenseur et une unit\u00e9 d'expansion. Chaque syst\u00e8me de refroidissement comprend \u00e9galement un r\u00e9frig\u00e9rant.<\/p>\n<p>Le processus commence par l\u2019entr\u00e9e du r\u00e9frig\u00e9rant basse pression dans l\u2019\u00e9vaporateur, o\u00f9 il absorbe la chaleur et subit un changement de phase en gaz. Le gaz se d\u00e9place ensuite vers le compresseur, qui augmente sa pression.<\/p>\n<p>Le r\u00e9frig\u00e9rant haute pression se d\u00e9place vers le condenseur, o\u00f9 il lib\u00e8re de la chaleur vers l'eau de refroidissement provenant d'une tour ou de l'air ambiant, se condensant en un liquide \u00e0 haute pression. Ce liquide s'\u00e9coule ensuite vers l'unit\u00e9 de d\u00e9tente, o\u00f9 une vanne r\u00e9gule son d\u00e9bit, r\u00e9duisant la pression et relan\u00e7ant le processus de refroidissement.<\/p>\n<p>Cette s\u00e9quence d\u2019\u00e9v\u00e9nements constitue le cycle de r\u00e9frig\u00e9ration, essentiel au fonctionnement du refroidisseur.<\/p>\n<ol>\n<li>Serpentin de refroidissement\u00a0: construit en acier inoxydable 304 pour des propri\u00e9t\u00e9s anticorrosion et un entretien facile.<\/li>\n<li>Condenseur\u00a0: \u00e9limine la chaleur du r\u00e9frig\u00e9rant en faisant circuler de l'eau ou en soufflant de l'air frais sur la tuyauterie du condenseur.<\/li>\n<li>S\u00e9parateur d'huile\u00a0: essentiel pour s\u00e9parer l'huile lubrifiante de la vapeur \u00e0 haute pression, garantissant un fonctionnement s\u00fbr et efficace. De plus, il absorbe l\u2019eau, filtre les impuret\u00e9s et maintient l\u2019int\u00e9grit\u00e9 du syst\u00e8me de canalisations.<\/li>\n<li>Compresseur\u00a0: le compresseur \u00e9l\u00e8ve le gaz basse pression en gaz haute pression, entra\u00eenant le cycle de r\u00e9frig\u00e9ration et facilitant le refroidissement du processus en cr\u00e9ant le gradient de pression requis. La r\u00e9gulation du d\u00e9bit s\u2019effectue en ajustant la surchauffe \u00e0 l\u2019extr\u00e9mit\u00e9 de l\u2019\u00e9vaporateur.<\/li>\n<li>\u00c9changeur de chaleur \u00e0 plaques\u00a0: offre une efficacit\u00e9 d'\u00e9change thermique \u00e9lev\u00e9e, une perte de chaleur minimale, une structure compacte et l\u00e9g\u00e8re et une dur\u00e9e de vie prolong\u00e9e. Filtre d\u00e9shydrateur\u00a0: responsable de l'absorption de l'eau et du filtrage des impuret\u00e9s, assurant ainsi le flux continu du syst\u00e8me de canalisations.<\/li>\n<li>\u00c9vaporateur\u00a0: L'\u00e9vaporateur, positionn\u00e9 entre le d\u00e9tendeur et le condenseur, a pour fonction d'absorber la chaleur des processus associ\u00e9s et de la transf\u00e9rer au r\u00e9frig\u00e9rant en circulation. Par la suite, le r\u00e9frig\u00e9rant est dirig\u00e9 soit vers une tour de refroidissement, soit vers un syst\u00e8me refroidi par air, selon la configuration du refroidisseur.<\/li>\n<li>D\u00e9tendeur thermique\u00a0: Le d\u00e9tendeur thermique dilate le r\u00e9frig\u00e9rant \u00e0 une pression plus basse, am\u00e9liorant ainsi l'\u00e9vacuation de la chaleur de l'\u00e9vaporateur.<\/li>\n<\/ol>\n<h2>D\u00c9TAILS<\/h2>\n<figure id=\"attachment_1941\" aria-describedby=\"caption-attachment-1941\" style=\"width: 800px\" class=\"wp-caption aligncenter\"><img fetchpriority=\"high\" decoding=\"async\" class=\"size-full wp-image-1941\" src=\"https:\/\/labonsale.com\/wp-content\/uploads\/2024\/04\/Chiller-Details.webp\" alt=\"D\u00e9tails du refroidisseur\" width=\"800\" height=\"800\" srcset=\"https:\/\/labonsale.com\/wp-content\/uploads\/2024\/04\/Chiller-Details.webp 800w, https:\/\/labonsale.com\/wp-content\/uploads\/2024\/04\/Chiller-Details-300x300.webp 300w, https:\/\/labonsale.com\/wp-content\/uploads\/2024\/04\/Chiller-Details-150x150.webp 150w, https:\/\/labonsale.com\/wp-content\/uploads\/2024\/04\/Chiller-Details-768x768.webp 768w, https:\/\/labonsale.com\/wp-content\/uploads\/2024\/04\/Chiller-Details-12x12.webp 12w, https:\/\/labonsale.com\/wp-content\/uploads\/2024\/04\/Chiller-Details-600x600.webp 600w, https:\/\/labonsale.com\/wp-content\/uploads\/2024\/04\/Chiller-Details-100x100.webp 100w\" sizes=\"(max-width: 800px) 100vw, 800px\" \/><figcaption id=\"caption-attachment-1941\" class=\"wp-caption-text\">D\u00e9tails du refroidisseur<\/figcaption><\/figure>\n<figure id=\"attachment_1939\" aria-describedby=\"caption-attachment-1939\" style=\"width: 800px\" class=\"wp-caption aligncenter\"><img decoding=\"async\" class=\"wp-image-1939 size-full\" src=\"https:\/\/labonsale.com\/wp-content\/uploads\/2024\/04\/Chiller-High-Precision-Micro-Computer-Control.webp\" alt=\"Contr\u00f4le par micro-ordinateur de haute pr\u00e9cision du refroidisseur\" width=\"800\" height=\"752\" srcset=\"https:\/\/labonsale.com\/wp-content\/uploads\/2024\/04\/Chiller-High-Precision-Micro-Computer-Control.webp 800w, https:\/\/labonsale.com\/wp-content\/uploads\/2024\/04\/Chiller-High-Precision-Micro-Computer-Control-300x282.webp 300w, https:\/\/labonsale.com\/wp-content\/uploads\/2024\/04\/Chiller-High-Precision-Micro-Computer-Control-768x722.webp 768w, https:\/\/labonsale.com\/wp-content\/uploads\/2024\/04\/Chiller-High-Precision-Micro-Computer-Control-13x12.webp 13w, https:\/\/labonsale.com\/wp-content\/uploads\/2024\/04\/Chiller-High-Precision-Micro-Computer-Control-600x564.webp 600w\" sizes=\"(max-width: 800px) 100vw, 800px\" \/><figcaption id=\"caption-attachment-1939\" class=\"wp-caption-text\">Contr\u00f4le par micro-ordinateur de haute pr\u00e9cision du refroidisseur<\/figcaption><\/figure>\n<figure id=\"attachment_1940\" aria-describedby=\"caption-attachment-1940\" style=\"width: 800px\" class=\"wp-caption aligncenter\"><img decoding=\"async\" class=\"size-full wp-image-1940\" src=\"https:\/\/labonsale.com\/wp-content\/uploads\/2024\/04\/High-Quality-Chiller-Spare-Parts.webp\" alt=\"Pi\u00e8ces de rechange pour refroidisseur de haute qualit\u00e9\" width=\"800\" height=\"800\" srcset=\"https:\/\/labonsale.com\/wp-content\/uploads\/2024\/04\/High-Quality-Chiller-Spare-Parts.webp 800w, https:\/\/labonsale.com\/wp-content\/uploads\/2024\/04\/High-Quality-Chiller-Spare-Parts-300x300.webp 300w, https:\/\/labonsale.com\/wp-content\/uploads\/2024\/04\/High-Quality-Chiller-Spare-Parts-150x150.webp 150w, https:\/\/labonsale.com\/wp-content\/uploads\/2024\/04\/High-Quality-Chiller-Spare-Parts-768x768.webp 768w, https:\/\/labonsale.com\/wp-content\/uploads\/2024\/04\/High-Quality-Chiller-Spare-Parts-12x12.webp 12w, https:\/\/labonsale.com\/wp-content\/uploads\/2024\/04\/High-Quality-Chiller-Spare-Parts-600x600.webp 600w, https:\/\/labonsale.com\/wp-content\/uploads\/2024\/04\/High-Quality-Chiller-Spare-Parts-100x100.webp 100w\" sizes=\"(max-width: 800px) 100vw, 800px\" \/><figcaption id=\"caption-attachment-1940\" class=\"wp-caption-text\">Pi\u00e8ces de rechange pour refroidisseur de haute qualit\u00e9<\/figcaption><\/figure>\n<h2>AVANTAGES ET CARACT\u00c9RISTIQUES DU SYST\u00c8ME DE REFROIDISSEMENT REFROIDISSEUR<\/h2>\n<ol>\n<li>Efficacit\u00e9 \u00e9nerg\u00e9tique\u00a0:\u00a0En \u00e9t\u00e9 et dans des conditions de temp\u00e9rature ambiante \u00e9lev\u00e9e, le syst\u00e8me de refroidissement par eau de refroidissement facilite le recyclage de l'eau dans la boucle du syst\u00e8me, pr\u00e9servant ainsi d'importantes ressources en eau.<\/li>\n<li>Efficacit\u00e9 am\u00e9lior\u00e9e\u00a0: une seule unit\u00e9 de refroidissement peut r\u00e9pondre simultan\u00e9ment aux besoins de refroidissement de plusieurs appareils externes, garantissant un approvisionnement continu en sources d'eau \u00e0 basse temp\u00e9rature et \u00e0 temp\u00e9rature constante, ce qui la rend id\u00e9ale pour les exp\u00e9riences de condensation.<\/li>\n<li>Pr\u00e9cision de la temp\u00e9rature : \u00e9quip\u00e9 de la technologie de contr\u00f4le de temp\u00e9rature PID et d'un capteur PT100 int\u00e9gr\u00e9, le syst\u00e8me de refroidissement garantit une pr\u00e9cision de contr\u00f4le de temp\u00e9rature \u00e9lev\u00e9e. De plus, il dispose d\u2019un affichage num\u00e9rique de la temp\u00e9rature pour un fonctionnement intuitif.<\/li>\n<li>Assurance de s\u00e9curit\u00e9\u00a0: le syst\u00e8me de refroidissement int\u00e8gre une fonctionnalit\u00e9 d'autodiagnostic ainsi qu'une protection contre les surcharges, garantissant des niveaux \u00e9lev\u00e9s de s\u00e9curit\u00e9 pendant le fonctionnement.<\/li>\n<li>Compatibilit\u00e9 polyvalente\u00a0: avec la capacit\u00e9 d'\u00eatre associ\u00e9 \u00e0 une vari\u00e9t\u00e9 d'instruments tels que des \u00e9vaporateurs rotatifs, des r\u00e9acteurs en verre, des cuves de fermentation, des \u00e9quipements de lyophilisation et des r\u00e9acteurs biopharmaceutiques, le syst\u00e8me de refroidissement offre une excellente compatibilit\u00e9.<\/li>\n<\/ol>\n<h2>Applications<\/h2>\n<p>En tant que fabricant leader de refroidisseurs, nos syst\u00e8mes trouvent des applications dans divers secteurs, notamment\u00a0:<\/p>\n<ul>\n<li>Instruments analytiques\u00a0: spectrom\u00e8tres d'absorption atomique, spectrom\u00e8tres de masse, polarim\u00e8tres.<\/li>\n<li>\u00c9quipement exp\u00e9rimental scientifique\u00a0: \u00e9vaporateurs rotatifs \u00e0 pompe mol\u00e9culaire, distillateurs, dispositifs de fermentation, lasers et dispositifs de prototypage rapide en m\u00e9tal.<\/li>\n<li>Domaine biochimique\u00a0: r\u00e9fractom\u00e8tres Abbe, spectrom\u00e8tres d'absorption atomique, ICP-MS, ICP, spectrom\u00e8tres \u00e0 r\u00e9sonance magn\u00e9tique nucl\u00e9aire (RMN), cam\u00e9ras CCD, fermenteurs biologiques et r\u00e9acteurs chimiques (synth\u00e9tiseurs).<\/li>\n<li>Domaine mat\u00e9riel\u00a0: microscopes \u00e9lectroniques, machines de diffraction des rayons X (XRD), spectrom\u00e8tres \u00e0 fluorescence X (XRF), \u00e9quipements de placage par pulv\u00e9risation sous vide, syst\u00e8mes de gravure ICP et divers \u00e9quipements semi-conducteurs.<\/li>\n<li>Domaine m\u00e9dical\u00a0: appareils d'imagerie par r\u00e9sonance magn\u00e9tique (IRM) supraconductrices, acc\u00e9l\u00e9rateurs lin\u00e9aires, tomodensitom\u00e8tres, appareils RMN \u00e0 faible champ magn\u00e9tique, appareils \u00e0 rayons X, appareils de th\u00e9rapie par micro-ondes et \u00e9quipements de refroidissement m\u00e9dicaux tels que des casquettes froides et des couvertures rafra\u00eechissantes.<\/li>\n<li>Champs physiques et chimiques : Lasers, champs magn\u00e9tiques, pompes diverses (pompes mol\u00e9culaires, pompes \u00e0 diffusion, pompes ioniques) et \u00e9quipements de refroidissement par eau.<\/li>\n<\/ul>\n<h2>PRINCIPES DE FONCTIONNEMENT<\/h2>\n<ul>\n<li>Changement de phase\u00a0: le liquide de refroidissement subit un changement de phase en gaz lorsqu'il est chauff\u00e9 et redevient liquide lorsqu'il est surfondu.<\/li>\n<li>Flux de chaleur\u00a0: l\u2019\u00e9nergie thermique se d\u00e9place naturellement des zones de forte concentration vers les zones de concentration plus faible.<\/li>\n<li>Point d'\u00e9bullition : Le point d'\u00e9bullition d'un liquide diminue avec une pression r\u00e9duite et augmente avec une pression accrue.<\/li>\n<\/ul>\n<h2>COMMENT FONCTIONNE UN REFROIDISSEUR ?<\/h2>\n<p>Les refroidisseurs industriels fonctionnent selon deux principes principaux : l\u2019absorption de chaleur et la compression de vapeur.<\/p>\n<p>Les refroidisseurs \u00e0 absorption de chaleur utilisent des \u00e9changeurs de chaleur pour extraire la chaleur des processus et la dissiper vers l'ext\u00e9rieur. Ces \u00e9changeurs de chaleur sont g\u00e9n\u00e9ralement constitu\u00e9s de canalisations contenant des fluides de refroidissement comme de l'air, de l'eau ou un m\u00e9lange.<\/p>\n<p>Les refroidisseurs \u00e0 compression de vapeur, quant \u00e0 eux, font circuler le liquide de refroidissement \u00e0 travers des processus n\u00e9cessitant un refroidissement. Cela aspire la chaleur des processus vers le liquide de refroidissement, qui circule ensuite vers un syst\u00e8me r\u00e9frig\u00e9rant pour le refroidir et le pr\u00e9parer au cycle de refroidissement suivant.<\/p>\n<h2>Mode d'emploi<\/h2>\n<ul>\n<li>Assurez-vous que le refroidisseur est plac\u00e9 dans un environnement sec et bien ventil\u00e9, avec un espace d\u00e9gag\u00e9 d'au moins 30 cm autour de lui pour \u00e9viter toute obstruction.<\/li>\n<li>Avant la mise en service, remplir le r\u00e9servoir au-dessus de la pompe de circulation du liquide de refroidissement basse temp\u00e9rature avec le fluide liquide appropri\u00e9.<\/li>\n<li>Assurez-vous que l\u2019alimentation \u00e9lectrique connect\u00e9e au refroidisseur atteint ou d\u00e9passe la puissance totale requise de l\u2019\u00e9quipement. De plus, une mise \u00e0 la terre appropri\u00e9e est essentielle pour un fonctionnement s\u00fbr et stable de l\u2019\u00e9quipement.<\/li>\n<li>Lors de l'activation de l'interrupteur de r\u00e9frig\u00e9ration, attendez trois minutes avant que le compresseur ne commence \u00e0 fonctionner.<\/li>\n<li>Pendant le fonctionnement du refroidisseur, respectez les sp\u00e9cifications d'utilisation de la temp\u00e9rature et \u00e9vitez tout contact direct avec le r\u00e9servoir pour \u00e9viter les engelures.<\/li>\n<li>Lorsque vous utilisez une circulation externe, inspectez et s\u00e9curisez m\u00e9ticuleusement les raccords de tuyaux pour \u00e9viter tout d\u00e9tachement et toute fuite potentielle.<\/li>\n<li>Apr\u00e8s avoir termin\u00e9 les exp\u00e9riences, \u00e9teignez s\u00e9quentiellement l\u2019interrupteur de la pompe de circulation, l\u2019interrupteur de r\u00e9frig\u00e9ration et l\u2019interrupteur d\u2019alimentation des instruments n\u00e9cessitant un refroidissement. Ensuite, d\u00e9sactivez l'interrupteur de s\u00e9curit\u00e9 et d\u00e9branchez la fiche d'alimentation.<\/li>\n<li>Si le refroidisseur doit rester inutilis\u00e9 pendant une p\u00e9riode prolong\u00e9e, il est recommand\u00e9 de vidanger le liquide de refroidissement et de rincer le syst\u00e8me \u00e0 l'eau claire.<\/li>\n<li>Surveillez r\u00e9guli\u00e8rement le niveau de liquide dans le r\u00e9servoir et remplissez-le rapidement si n\u00e9cessaire pour \u00e9viter que l'\u00e9quipement ne fonctionne sans suffisamment de liquide de refroidissement.<\/li>\n<\/ul>\n<p>&nbsp;<\/p>\n<p>&nbsp;<\/p>\n<p>Pour les installations utilisant des fluides de traitement ou des machines lourdes, l'utilisation d'un syst\u00e8me de refroidissement industriel devient imp\u00e9rative pour r\u00e9guler les temp\u00e9ratures au sein des processus et des composants de la machine. Obtenir des informations sur les m\u00e9canismes op\u00e9rationnels des refroidisseurs industriels et explorer la large gamme de types de refroidisseurs disponibles facilite une prise de d\u00e9cision \u00e9clair\u00e9e et adapt\u00e9e aux besoins de refroidissement sp\u00e9cifiques.<\/p>\n<p>&nbsp;<\/p>\n<p>Revenir \u00e0\u00a0<a href=\"https:\/\/labonsale.com\/fr\/\">page d'accueil<\/a><\/p>\n<p>En savoir plus sur Chiller sur <a href=\"https:\/\/en.wikipedia.org\/wiki\/Chiller\" target=\"_blank\" rel=\"noopener\">Wikip\u00e9dia<\/a><\/p>","protected":false},"excerpt":{"rendered":"<p>\u2744\ufe0fAm\u00e9liorez votre syst\u00e8me de refroidissement de laboratoire avec nos refroidisseurs efficaces\u00a0! Assurez le bon fonctionnement de votre \u00e9quipement. D\u00e9couvrez des solutions de refroidissement fiables d\u00e8s aujourd'hui\u00a0!<\/p>\n<p>*Plage de temp\u00e9rature\u00a0: -120 \u2103 ~ RT<\/p>\n<p>*Un refroidisseur \u00e0 structure ouverte\/un refroidisseur herm\u00e9tique sont disponibles<\/p>\n<p>*De l\u2019\u00e9chelle du laboratoire \u00e0 l\u2019\u00e9chelle industrielle<\/p>","protected":false},"featured_media":1935,"comment_status":"closed","ping_status":"closed","template":"","meta":{"neve_meta_sidebar":"","neve_meta_container":"","neve_meta_enable_content_width":"off","neve_meta_content_width":100,"neve_meta_title_alignment":"","neve_meta_author_avatar":"","neve_post_elements_order":"","neve_meta_disable_header":"","neve_meta_disable_footer":"","neve_meta_disable_title":""},"product_brand":[],"product_cat":[51],"product_tag":[49,38,45,43],"class_list":{"0":"post-1913","1":"product","2":"type-product","3":"status-publish","4":"has-post-thumbnail","6":"product_cat-temp-control-equipment","7":"product_tag-ce-certification","8":"product_tag-customized","9":"product_tag-industrial-scale","10":"product_tag-lab-scale","12":"first","13":"instock","14":"shipping-taxable","15":"product-type-simple"},"_links":{"self":[{"href":"https:\/\/labonsale.com\/fr\/wp-json\/wp\/v2\/product\/1913","targetHints":{"allow":["GET"]}}],"collection":[{"href":"https:\/\/labonsale.com\/fr\/wp-json\/wp\/v2\/product"}],"about":[{"href":"https:\/\/labonsale.com\/fr\/wp-json\/wp\/v2\/types\/product"}],"replies":[{"embeddable":true,"href":"https:\/\/labonsale.com\/fr\/wp-json\/wp\/v2\/comments?post=1913"}],"version-history":[{"count":1,"href":"https:\/\/labonsale.com\/fr\/wp-json\/wp\/v2\/product\/1913\/revisions"}],"predecessor-version":[{"id":1934,"href":"https:\/\/labonsale.com\/fr\/wp-json\/wp\/v2\/product\/1913\/revisions\/1934"}],"wp:featuredmedia":[{"embeddable":true,"href":"https:\/\/labonsale.com\/fr\/wp-json\/wp\/v2\/media\/1935"}],"wp:attachment":[{"href":"https:\/\/labonsale.com\/fr\/wp-json\/wp\/v2\/media?parent=1913"}],"wp:term":[{"taxonomy":"product_brand","embeddable":true,"href":"https:\/\/labonsale.com\/fr\/wp-json\/wp\/v2\/product_brand?post=1913"},{"taxonomy":"product_cat","embeddable":true,"href":"https:\/\/labonsale.com\/fr\/wp-json\/wp\/v2\/product_cat?post=1913"},{"taxonomy":"product_tag","embeddable":true,"href":"https:\/\/labonsale.com\/fr\/wp-json\/wp\/v2\/product_tag?post=1913"}],"curies":[{"name":"wp","href":"https:\/\/api.w.org\/{rel}","templated":true}]}}