{"id":1883,"date":"2024-03-15T15:13:55","date_gmt":"2024-03-15T15:13:55","guid":{"rendered":"https:\/\/labonsale.com\/?post_type=product&#038;p=1883"},"modified":"2024-04-22T14:17:06","modified_gmt":"2024-04-22T14:17:06","slug":"extraction-co2-supercritique","status":"publish","type":"product","link":"https:\/\/labonsale.com\/fr\/product\/supercritical-co2-extraction\/","title":{"rendered":"Extraction de CO2 supercritique"},"content":{"rendered":"<p>L'extraction au CO2 supercritique est un processus qui s\u00e9pare un composant, appel\u00e9 agent d'extraction, d'un autre composant, appel\u00e9 matrice, en utilisant des fluides supercritiques, le dioxyde de carbone (CO2) \u00e9tant le solvant pr\u00e9dominant. Les extracteurs de CO2 supercritiques Labonsale sont r\u00e9put\u00e9s pour produire des huiles plus s\u00fbres, plus propres et plus pures \u00e0 partir de mati\u00e8res v\u00e9g\u00e9tales botaniques, trouvant une application largement r\u00e9pandue dans des industries telles que l'alimentation, les cosm\u00e9tiques et les produits pharmaceutiques.<\/p>\n<p>Labonsale est l'un des principaux fournisseurs de solutions d'extraction de CO2 supercritique en Chine, proposant une gamme de mod\u00e8les standard et personnalis\u00e9s adapt\u00e9s \u00e0 vos besoins. Notre \u00e9quipement couvre diff\u00e9rents volumes et pressions nominales, avec des capacit\u00e9s de d\u00e9bit allant de 5 lb de biomasse s\u00e8che par jour \u00e0 15\u00a0000 lb par jour. Avec un d\u00e9lai de livraison typique d'un mois seulement, nous garantissons une livraison rapide pour respecter les d\u00e9lais de votre projet.<\/p>\n<p>En plus de nos offres d\u2019\u00e9quipements, nous sommes sp\u00e9cialis\u00e9s dans la fourniture de solutions d\u2019extraction botanique cl\u00e9 en main, notamment pour les extractions de chanvre et de cannabis. Avec plus de 100 syst\u00e8mes d\u2019extraction de CO2 supercritique mis en service dans le monde, nous apportons une vaste exp\u00e9rience et expertise \u00e0 chaque projet, garantissant des r\u00e9sultats optimaux \u00e0 nos clients.<\/p>\n<h2>QU\u2019EST-CE QUE L\u2019EXTRACTION SUPERCRITIQUE DE CO2 ?<\/h2>\n<p>L'extraction par fluide supercritique est une technique qui s\u00e9pare les extraits d'une matrice de m\u00e9lange \u00e0 l'aide de fluides supercritiques. Parmi ces fluides, le dioxyde de carbone (CO2) est le plus largement utilis\u00e9. Les fluides supercritiques existent dans un \u00e9tat unique entre les gaz et les liquides, appel\u00e9 \u00e9tat supercritique, qui se produit lorsque la pression et la temp\u00e9rature d\u00e9passent le point critique. Dans cet \u00e9tat, le fluide pr\u00e9sente les caract\u00e9ristiques des liquides et des gaz, avec une densit\u00e9 proche des liquides et une viscosit\u00e9 plus proche des gaz. Cette propri\u00e9t\u00e9 rend les fluides supercritiques, comme le CO2, tr\u00e8s efficaces comme agents d\u2019extraction. Ils peuvent dissoudre s\u00e9lectivement les compos\u00e9s cibles en fonction de leur polarit\u00e9, de leur point d\u2019\u00e9bullition et de leur poids mol\u00e9culaire. Dans l'ensemble, en raison de leurs propri\u00e9t\u00e9s uniques, les fluides supercritiques constituent des solvants d'extraction id\u00e9aux dans diverses industries, offrant des avantages tels qu'un fonctionnement \u00e0 basse temp\u00e9rature, un minimum de r\u00e9sidus dans les extraits et des processus d'extraction efficaces.<\/p>\n<h2>PRINCIPE DE L'EXTRACTION SUPERCRITIQUE DU DIOXYDE DE CARBONE<\/h2>\n<p>Le principe d'une machine d'extraction de CO2 supercritique et de son processus de s\u00e9paration repose sur l'interaction entre la capacit\u00e9 de dissolution du fluide supercritique et sa densit\u00e9, qui est r\u00e9gie par la pression et la temp\u00e9rature. Sous la temp\u00e9rature et la pression sp\u00e9ciales (temp\u00e9rature sup\u00e9rieure \u00e0 31 degr\u00e9s Celsius et pression sup\u00e9rieure \u00e0 1071PSI), le CO2 entre dans un \u00e9tat supercritique. Le dioxyde de carbone devient ensuite un fluide supercritique avec une faible viscosit\u00e9 et sans tension interfaciale, am\u00e9liorant ainsi sa capacit\u00e9 de solubilit\u00e9 et permettant ainsi d'obtenir une efficacit\u00e9 d'extraction plus \u00e9lev\u00e9e. \u00c0 l'\u00e9tat supercritique, le fluide entre en contact avec la substance \u00e0 s\u00e9parer, permettant une extraction s\u00e9lective des composants en fonction de facteurs tels que la polarit\u00e9, le point d'\u00e9bullition et le poids mol\u00e9culaire. Il est important de noter que l\u2019extrait obtenu \u00e0 chaque plage de pression n\u2019est peut-\u00eatre pas unique, mais gr\u00e2ce \u00e0 un contr\u00f4le pr\u00e9cis des conditions, un m\u00e9lange optimal de composants peut \u00eatre obtenu. Par la suite, en d\u00e9compressant et en augmentant la temp\u00e9rature, le fluide supercritique est reconverti en gaz ordinaire, permettant la s\u00e9paration et la purification de la mati\u00e8re extraite. Ainsi, le processus hautement critique d\u2019extraction du fluide CO2 combine de mani\u00e8re transparente les proc\u00e9dures d\u2019extraction et de s\u00e9paration, aboutissant \u00e0 une purification efficace et efficiente.<\/p>\n<h2 class=\"font_4 wixui-rich-text__text\"><span class=\"wixui-rich-text__text\">COMMENT FONCTIONNE L\u2019EXTRACTEUR DE CO2 SUPERCRITIQUE\u00a0?<\/span><\/h2>\n<ol>\n<li>Chargez du cannabis dans la chambre.<\/li>\n<li>Le CO2 entre dans l\u2019\u00e9tat supercritique dans des conditions optimales de temp\u00e9rature et de pression.<\/li>\n<li>Le CO2 supercritique dissout le cannabis.<\/li>\n<li>Le m\u00e9lange liquide contenant de l'huile de cannabis est achemin\u00e9 vers le s\u00e9parateur par le CO2 supercritique.<\/li>\n<li>En atteignant le s\u00e9parateur, le CO2 supercritique repasse en phase gazeuse et se s\u00e9pare du liquide en raison d'une diminution de pression.<\/li>\n<li>Le gaz CO2 est dirig\u00e9 vers un r\u00e9servoir de stockage pour une utilisation future.<\/li>\n<li>Pendant ce temps, l\u2019huile de cannabis et d\u2019autres compos\u00e9s se d\u00e9posent au fond du s\u00e9parateur.<\/li>\n<li>L'huile et les compos\u00e9s collect\u00e9s sont transf\u00e9r\u00e9s dans un r\u00e9cipient pour des \u00e9tapes de traitement ult\u00e9rieures.<\/li>\n<\/ol>\n<figure id=\"attachment_1886\" aria-describedby=\"caption-attachment-1886\" style=\"width: 800px\" class=\"wp-caption aligncenter\"><img fetchpriority=\"high\" decoding=\"async\" class=\"size-full wp-image-1886\" src=\"https:\/\/labonsale.com\/wp-content\/uploads\/2024\/03\/how-supercritical-extraction-works.webp\" alt=\"comment fonctionne-l&#039;extraction-supercritique\" width=\"800\" height=\"600\" srcset=\"https:\/\/labonsale.com\/wp-content\/uploads\/2024\/03\/how-supercritical-extraction-works.webp 800w, https:\/\/labonsale.com\/wp-content\/uploads\/2024\/03\/how-supercritical-extraction-works-300x225.webp 300w, https:\/\/labonsale.com\/wp-content\/uploads\/2024\/03\/how-supercritical-extraction-works-768x576.webp 768w, https:\/\/labonsale.com\/wp-content\/uploads\/2024\/03\/how-supercritical-extraction-works-16x12.webp 16w, https:\/\/labonsale.com\/wp-content\/uploads\/2024\/03\/how-supercritical-extraction-works-600x450.webp 600w\" sizes=\"(max-width: 800px) 100vw, 800px\" \/><figcaption id=\"caption-attachment-1886\" class=\"wp-caption-text\">comment fonctionne-l'extraction-supercritique<\/figcaption><\/figure>\n<h2>D\u00c9TAILS<\/h2>\n<figure id=\"attachment_1890\" aria-describedby=\"caption-attachment-1890\" style=\"width: 720px\" class=\"wp-caption aligncenter\"><img decoding=\"async\" class=\"size-full wp-image-1890\" src=\"https:\/\/labonsale.com\/wp-content\/uploads\/2024\/03\/Supercritical-CO2-Extraction-Real-Shot-1.webp\" alt=\"Extraction de CO2 supercritique Real Shot-1\" width=\"720\" height=\"576\" srcset=\"https:\/\/labonsale.com\/wp-content\/uploads\/2024\/03\/Supercritical-CO2-Extraction-Real-Shot-1.webp 720w, https:\/\/labonsale.com\/wp-content\/uploads\/2024\/03\/Supercritical-CO2-Extraction-Real-Shot-1-300x240.webp 300w, https:\/\/labonsale.com\/wp-content\/uploads\/2024\/03\/Supercritical-CO2-Extraction-Real-Shot-1-15x12.webp 15w, https:\/\/labonsale.com\/wp-content\/uploads\/2024\/03\/Supercritical-CO2-Extraction-Real-Shot-1-600x480.webp 600w\" sizes=\"(max-width: 720px) 100vw, 720px\" \/><figcaption id=\"caption-attachment-1890\" class=\"wp-caption-text\">Extraction de CO2 supercritique Real Shot-1<\/figcaption><\/figure>\n<figure id=\"attachment_1889\" aria-describedby=\"caption-attachment-1889\" style=\"width: 719px\" class=\"wp-caption aligncenter\"><img decoding=\"async\" class=\"size-full wp-image-1889\" src=\"https:\/\/labonsale.com\/wp-content\/uploads\/2024\/03\/Supercritical-CO2-Extraction-Real-Shot-2.webp\" alt=\"Extraction de CO2 supercritique Real Shot-2\" width=\"719\" height=\"720\" srcset=\"https:\/\/labonsale.com\/wp-content\/uploads\/2024\/03\/Supercritical-CO2-Extraction-Real-Shot-2.webp 719w, https:\/\/labonsale.com\/wp-content\/uploads\/2024\/03\/Supercritical-CO2-Extraction-Real-Shot-2-300x300.webp 300w, https:\/\/labonsale.com\/wp-content\/uploads\/2024\/03\/Supercritical-CO2-Extraction-Real-Shot-2-150x150.webp 150w, https:\/\/labonsale.com\/wp-content\/uploads\/2024\/03\/Supercritical-CO2-Extraction-Real-Shot-2-12x12.webp 12w, https:\/\/labonsale.com\/wp-content\/uploads\/2024\/03\/Supercritical-CO2-Extraction-Real-Shot-2-600x601.webp 600w, https:\/\/labonsale.com\/wp-content\/uploads\/2024\/03\/Supercritical-CO2-Extraction-Real-Shot-2-100x100.webp 100w\" sizes=\"(max-width: 719px) 100vw, 719px\" \/><figcaption id=\"caption-attachment-1889\" class=\"wp-caption-text\">Extraction de CO2 supercritique Real Shot-2<\/figcaption><\/figure>\n<figure id=\"attachment_1888\" aria-describedby=\"caption-attachment-1888\" style=\"width: 719px\" class=\"wp-caption aligncenter\"><img loading=\"lazy\" decoding=\"async\" class=\"size-full wp-image-1888\" src=\"https:\/\/labonsale.com\/wp-content\/uploads\/2024\/03\/Supercritical-CO2-Extraction-Real-Shot-3.webp\" alt=\"Extraction de CO2 supercritique Real Shot-3\" width=\"719\" height=\"720\" srcset=\"https:\/\/labonsale.com\/wp-content\/uploads\/2024\/03\/Supercritical-CO2-Extraction-Real-Shot-3.webp 719w, https:\/\/labonsale.com\/wp-content\/uploads\/2024\/03\/Supercritical-CO2-Extraction-Real-Shot-3-300x300.webp 300w, https:\/\/labonsale.com\/wp-content\/uploads\/2024\/03\/Supercritical-CO2-Extraction-Real-Shot-3-150x150.webp 150w, https:\/\/labonsale.com\/wp-content\/uploads\/2024\/03\/Supercritical-CO2-Extraction-Real-Shot-3-12x12.webp 12w, https:\/\/labonsale.com\/wp-content\/uploads\/2024\/03\/Supercritical-CO2-Extraction-Real-Shot-3-600x601.webp 600w, https:\/\/labonsale.com\/wp-content\/uploads\/2024\/03\/Supercritical-CO2-Extraction-Real-Shot-3-100x100.webp 100w\" sizes=\"(max-width: 719px) 100vw, 719px\" \/><figcaption id=\"caption-attachment-1888\" class=\"wp-caption-text\">Extraction de CO2 supercritique Real Shot-3<\/figcaption><\/figure>\n<figure id=\"attachment_1887\" aria-describedby=\"caption-attachment-1887\" style=\"width: 719px\" class=\"wp-caption aligncenter\"><img loading=\"lazy\" decoding=\"async\" class=\"size-full wp-image-1887\" src=\"https:\/\/labonsale.com\/wp-content\/uploads\/2024\/03\/Supercritical-CO2-Extraction-Real-Shot-4.webp\" alt=\"Extraction de CO2 supercritique Real Shot-4\" width=\"719\" height=\"720\" srcset=\"https:\/\/labonsale.com\/wp-content\/uploads\/2024\/03\/Supercritical-CO2-Extraction-Real-Shot-4.webp 719w, https:\/\/labonsale.com\/wp-content\/uploads\/2024\/03\/Supercritical-CO2-Extraction-Real-Shot-4-300x300.webp 300w, https:\/\/labonsale.com\/wp-content\/uploads\/2024\/03\/Supercritical-CO2-Extraction-Real-Shot-4-150x150.webp 150w, https:\/\/labonsale.com\/wp-content\/uploads\/2024\/03\/Supercritical-CO2-Extraction-Real-Shot-4-12x12.webp 12w, https:\/\/labonsale.com\/wp-content\/uploads\/2024\/03\/Supercritical-CO2-Extraction-Real-Shot-4-600x601.webp 600w, https:\/\/labonsale.com\/wp-content\/uploads\/2024\/03\/Supercritical-CO2-Extraction-Real-Shot-4-100x100.webp 100w\" sizes=\"(max-width: 719px) 100vw, 719px\" \/><figcaption id=\"caption-attachment-1887\" class=\"wp-caption-text\">Extraction de CO2 supercritique Real Shot-4<\/figcaption><\/figure>\n<figure id=\"attachment_1891\" aria-describedby=\"caption-attachment-1891\" style=\"width: 720px\" class=\"wp-caption aligncenter\"><img loading=\"lazy\" decoding=\"async\" class=\"size-full wp-image-1891\" src=\"https:\/\/labonsale.com\/wp-content\/uploads\/2024\/03\/Supercritical-CO2-Extraction-Real-Shot-5.webp\" alt=\"Extraction de CO2 supercritique Real Shot-5\" width=\"720\" height=\"720\" srcset=\"https:\/\/labonsale.com\/wp-content\/uploads\/2024\/03\/Supercritical-CO2-Extraction-Real-Shot-5.webp 720w, https:\/\/labonsale.com\/wp-content\/uploads\/2024\/03\/Supercritical-CO2-Extraction-Real-Shot-5-300x300.webp 300w, https:\/\/labonsale.com\/wp-content\/uploads\/2024\/03\/Supercritical-CO2-Extraction-Real-Shot-5-150x150.webp 150w, https:\/\/labonsale.com\/wp-content\/uploads\/2024\/03\/Supercritical-CO2-Extraction-Real-Shot-5-12x12.webp 12w, https:\/\/labonsale.com\/wp-content\/uploads\/2024\/03\/Supercritical-CO2-Extraction-Real-Shot-5-600x600.webp 600w, https:\/\/labonsale.com\/wp-content\/uploads\/2024\/03\/Supercritical-CO2-Extraction-Real-Shot-5-100x100.webp 100w\" sizes=\"(max-width: 720px) 100vw, 720px\" \/><figcaption id=\"caption-attachment-1891\" class=\"wp-caption-text\">Extraction de CO2 supercritique Real Shot-5<\/figcaption><\/figure>\n<figure id=\"attachment_1892\" aria-describedby=\"caption-attachment-1892\" style=\"width: 766px\" class=\"wp-caption aligncenter\"><img loading=\"lazy\" decoding=\"async\" class=\"size-full wp-image-1892\" src=\"https:\/\/labonsale.com\/wp-content\/uploads\/2024\/03\/Supercritical-CO2-Extraction-Real-Shot-6.webp\" alt=\"Extraction de CO2 supercritique Real Shot-6\" width=\"766\" height=\"585\" srcset=\"https:\/\/labonsale.com\/wp-content\/uploads\/2024\/03\/Supercritical-CO2-Extraction-Real-Shot-6.webp 766w, https:\/\/labonsale.com\/wp-content\/uploads\/2024\/03\/Supercritical-CO2-Extraction-Real-Shot-6-300x229.webp 300w, https:\/\/labonsale.com\/wp-content\/uploads\/2024\/03\/Supercritical-CO2-Extraction-Real-Shot-6-16x12.webp 16w, https:\/\/labonsale.com\/wp-content\/uploads\/2024\/03\/Supercritical-CO2-Extraction-Real-Shot-6-600x458.webp 600w\" sizes=\"(max-width: 766px) 100vw, 766px\" \/><figcaption id=\"caption-attachment-1892\" class=\"wp-caption-text\">Extraction de CO2 supercritique Real Shot-6<\/figcaption><\/figure>\n<h2>MOD\u00c8LES ET COMPOSANTS<\/h2>\n<p>L'\u00e9quipement d'extraction de CO2 supercritique est disponible en diff\u00e9rents mod\u00e8les, notamment SFE-5L, SFE-10L, SFE-25L et SFE-50L. Ces syst\u00e8mes se composent de composants essentiels tels qu'un r\u00e9frig\u00e9rateur, un r\u00e9servoir de stockage de gaz, une pompe \u00e0 dioxyde de carbone liquide, une pompe modificateur, une pompe \u00e0 mati\u00e8res premi\u00e8res, un \u00e9changeur de chaleur, un extracteur, un d\u00e9chargeur, une vanne d'alimentation, une vanne de d\u00e9charge, une soupape de surpression, un manom\u00e8tre, une bouteille d'azote, et des r\u00e9servoirs pour le stockage des mati\u00e8res premi\u00e8res et des modificateurs. De plus, les pompes \u00e0 CO2 haute pression font partie int\u00e9grante de ces syst\u00e8mes.<\/p>\n<h2>Avantages<\/h2>\n<ul>\n<li>Pression nominale plus \u00e9lev\u00e9e : Labonsale propose des extracteurs de CO2 supercritiques avec une pression nominale allant jusqu'\u00e0 50 Mpa (7 250 PSI), surpassant les concurrents.<\/li>\n<li>Double protection de s\u00e9curit\u00e9 : nos extracteurs sont dot\u00e9s de manom\u00e8tres de protection contre la surpression et de soupapes de s\u00e9curit\u00e9, garantissant des mesures de s\u00e9curit\u00e9 renforc\u00e9es.<\/li>\n<li>Polyvalent : convient aux applications de laboratoire et industrielles, avec des capacit\u00e9s de cuve allant de 0,5 L \u00e0 3 000 L.<\/li>\n<li>Mise en service et formation\u00a0: Nous fournissons des services de mise en service et de formation sur site ou \u00e0 distance pour garantir un fonctionnement optimal.<\/li>\n<li>Rentable\u00a0: nos extracteurs offrent une consommation d'\u00e9nergie et d'\u00e9thanol inf\u00e9rieure, ainsi qu'un encombrement r\u00e9duit, ce qui entra\u00eene des \u00e9conomies de co\u00fbts.<\/li>\n<li>S\u00e9curit\u00e9\u00a0: Utilisant du CO2 non toxique et ininflammable, notre processus d\u2019extraction est plus s\u00fbr que les m\u00e9thodes alternatives.<\/li>\n<li>Accessibilit\u00e9\u00a0:\u00a0\u00c9quip\u00e9s d'un contr\u00f4leur PLC automatique et de proc\u00e9dures op\u00e9rationnelles standard (SOP) compl\u00e8tes, nos extracteurs offrent une facilit\u00e9 d'utilisation.<\/li>\n<li>Support : Labonsale propose des d\u00e9lais de livraison courts, de l\u2019ordre d\u2019un mois, ainsi qu\u2019un support cl\u00e9 en main pour la conception et la personnalisation de solutions.<\/li>\n<\/ul>\n<h2>AVANTAGE<\/h2>\n<ul>\n<li>R\u00e9cup\u00e9ration efficace du CO2\u00a0: le syst\u00e8me en boucle ferm\u00e9e de Labonsale peut r\u00e9cup\u00e9rer plus de 95\u00a0% du CO2, garantissant ainsi un minimum de d\u00e9chets et d\u2019impact environnemental.<\/li>\n<li>Contr\u00f4le pr\u00e9cis\u00a0: nos syst\u00e8mes permettent un r\u00e9glage facile et un contr\u00f4le pr\u00e9cis de la pression et de la temp\u00e9rature, optimisant ainsi les conditions d'extraction.<\/li>\n<li>Pompe haute pression\u00a0: dot\u00e9s d'une pompe haute pression CO2 \u00e0 haut rendement, nos syst\u00e8mes peuvent augmenter rapidement la pression pour des processus d'extraction efficaces.<\/li>\n<li>Conception conviviale\u00a0: les syst\u00e8mes d'extraction de CO2 de Labonsale disposent d'une conception conviviale d'itin\u00e9raire de flux de CO2, compl\u00e9t\u00e9e par un organigramme explicite pour une formation et un fonctionnement simples.<\/li>\n<li>Installation facile\u00a0: Avec 99\u00a0% du syst\u00e8me pr\u00e9-assembl\u00e9 avant l\u2019exp\u00e9dition, l\u2019installation sur le site du client est simple et sans tracas.<\/li>\n<li>Long\u00e9vit\u00e9 am\u00e9lior\u00e9e de la pompe\u00a0: nos syst\u00e8mes int\u00e8grent une conception sp\u00e9ciale dans le syst\u00e8me de piston de la pompe, prolongeant la dur\u00e9e de vie de la pompe et n\u00e9cessitant un entretien minimal.<\/li>\n<li>Basse temp\u00e9rature d'extraction : Con\u00e7us pour des temp\u00e9ratures d'extraction basses, nos syst\u00e8mes sont id\u00e9aux pour extraire et purifier les compos\u00e9s sensibles \u00e0 la chaleur tout en pr\u00e9servant leur int\u00e9grit\u00e9.<\/li>\n<\/ul>\n<h2>\u00c9tude de cas<\/h2>\n<p>Pour extraire l\u2019huile essentielle de pivoine \u00e0 l\u2019aide d\u2019un \u00e9quipement d\u2019extraction au CO2 supercritique, un processus syst\u00e9matique est suivi\u00a0:<\/p>\n<ol>\n<li>Nettoyage : Les racines, tiges, feuilles et fleurs des pivoines sont soigneusement lav\u00e9es pour \u00e9liminer les impuret\u00e9s et les salet\u00e9s. Apr\u00e8s le nettoyage, l'eau est \u00e9vacu\u00e9e pour une utilisation ult\u00e9rieure.<\/li>\n<li>S\u00e9chage : Les pivoines lav\u00e9es sont ensuite envoy\u00e9es dans une salle de s\u00e9chage \u00e9quip\u00e9e de mat\u00e9riel de s\u00e9chage. Le processus de s\u00e9chage consiste \u00e0 maintenir une temp\u00e9rature comprise entre 40 et 70 degr\u00e9s Celsius pendant 3 \u00e0 8 heures pour r\u00e9duire la teneur en humidit\u00e9 \u00e0 moins de 7 %.<\/li>\n<li>Pulv\u00e9risation\u00a0: Une fois s\u00e9ch\u00e9es, les racines, les tiges, les feuilles et les fleurs sont pulv\u00e9ris\u00e9es en paillettes \u00e0 l'aide d'un pulv\u00e9risateur de paille, ce qui donne des restes de pivoine.<\/li>\n<li>Extraction : Environ 300 kg de morceaux de pivoine sont plac\u00e9s dans l'extracteur, assurant ainsi une \u00e9tanch\u00e9it\u00e9 parfaite. Le liquide du r\u00e9servoir de stockage est pomp\u00e9 dans le vaporisateur via une pompe haute pression. Il entre ensuite dans l\u2019extracteur dans un \u00e9tat fluide critique pour l\u2019extraction.<\/li>\n<li>R\u00e9glage de la pression et de la temp\u00e9rature\u00a0: La pression et la temp\u00e9rature \u00e0 l'int\u00e9rieur de l'extracteur sont ajust\u00e9es pour \u00eatre respectivement comprises entre 10\u00a0Mpa et 45\u00a0Mpa et entre 32\u00a0\u2103 et 80\u00a0\u2103. Le fluide m\u00e9lang\u00e9 subit une s\u00e9paration par d\u00e9compression dans le s\u00e9parateur, avec une pression contr\u00f4l\u00e9e entre 4MPa et 10Mpa et une temp\u00e9rature allant de 20 \u2103 \u00e0 80 \u2103.<\/li>\n<li>Extraction et s\u00e9paration\u00a0: Des pr\u00e9cautions sont prises pour \u00e9viter une pression excessive \u00e0 l'int\u00e9rieur de l'extracteur. Le fluide riche en huile essentielle de pivoine est dirig\u00e9 vers le s\u00e9parateur, o\u00f9 il subit une s\u00e9paration du CO2. L'huile essentielle pure s\u00e9par\u00e9e est refroidie par le liqu\u00e9facteur et renvoy\u00e9e dans le r\u00e9servoir de stockage de liquide, compl\u00e9tant ainsi le cycle d'extraction.<\/li>\n<li>R\u00e9cup\u00e9ration et \u00e9limination du CO2\u00a0: le gaz CO2 pr\u00e9sent dans le r\u00e9servoir de gaz r\u00e9siduaire est r\u00e9cup\u00e9r\u00e9 par le compresseur pour une extraction ult\u00e9rieure et stock\u00e9 dans le r\u00e9servoir de stockage de CO2 liquide. L'huile essentielle de pivoine extraite est p\u00e9riodiquement lib\u00e9r\u00e9e et mesur\u00e9e \u00e0 des fins de contr\u00f4le qualit\u00e9, tandis que les restes de pivoine restants sont \u00e9vacu\u00e9s du couvercle inf\u00e9rieur de l'extracteur.<\/li>\n<\/ol>\n<h2>Application<\/h2>\n<ul>\n<li>Extraction de mol\u00e9cules biologiquement actives \u00e0 partir de plantes m\u00e9dicinales, y compris l'extraction et la s\u00e9paration des alcalo\u00efdes.<\/li>\n<li>Extraction de lipides de diff\u00e9rents micro-organismes, pour la r\u00e9cup\u00e9ration des lipides ou l'\u00e9limination des glycosides et des prot\u00e9ines.<\/li>\n<li>Extraction de substances anticanc\u00e9reuses de diverses plantes, telles que le paclitaxel de l'\u00e9corce et des branches de Taxus chinensis pour la pr\u00e9vention et le traitement du cancer.<\/li>\n<li>Extraction de vitamines, notamment de vitamine E.<\/li>\n<li>Purification de diverses substances actives, naturelles ou synth\u00e9tiques, pour \u00e9liminer les mol\u00e9cules ind\u00e9sirables (pesticides par exemple) et obtenir des produits purifi\u00e9s.<\/li>\n<li>Traitement d'extraits naturels antibact\u00e9riens ou antioxydants d'herbes et d'\u00e9pices comme le basilic, le thym, l'ail et l'oignon, ainsi que de plantes comme la camomille, la poudre de chili, la r\u00e9glisse et les graines de fenouil.<\/li>\n<\/ul>\n<p>&nbsp;<\/p>\n<p>Revenir \u00e0\u00a0<a href=\"https:\/\/labonsale.com\/fr\/\">page d'accueil<\/a><\/p>\n<p>En savoir plus sur l\u2019extraction par fluide supercritique sur <a href=\"https:\/\/en.wikipedia.org\/wiki\/Supercritical_fluid_extraction\" target=\"_blank\" rel=\"noopener\">Wikip\u00e9dia<\/a><\/p>","protected":false},"excerpt":{"rendered":"<p>D\u00e9couvrez les secrets de l\u2019extraction au CO2 supercritique\u00a0! Plongez dans la m\u00e9thode r\u00e9volutionnaire qui prend d\u2019assaut les industries.<\/p>\n<p>* Faible consommation d'\u00e9nergie et d'\u00e9thanol<\/p>\n<p>*De la transformation de 5 livres de biomasse s\u00e8che par jour \u00e0 15 000 livres par jour.<\/p>\n<p>*Contr\u00f4leur PLC automatique et SOP compl\u00e8te disponibles<\/p>\n<p>*Conception et personnalisation de solutions cl\u00e9 en main<\/p>","protected":false},"featured_media":1899,"comment_status":"closed","ping_status":"closed","template":"","meta":{"neve_meta_sidebar":"","neve_meta_container":"","neve_meta_enable_content_width":"off","neve_meta_content_width":100,"neve_meta_title_alignment":"","neve_meta_author_avatar":"","neve_post_elements_order":"","neve_meta_disable_header":"","neve_meta_disable_footer":"","neve_meta_disable_title":""},"product_brand":[],"product_cat":[24],"product_tag":[38],"class_list":{"0":"post-1883","1":"product","2":"type-product","3":"status-publish","4":"has-post-thumbnail","6":"product_cat-extraction-equipment","7":"product_tag-customized","9":"first","10":"instock","11":"shipping-taxable","12":"product-type-simple"},"_links":{"self":[{"href":"https:\/\/labonsale.com\/fr\/wp-json\/wp\/v2\/product\/1883","targetHints":{"allow":["GET"]}}],"collection":[{"href":"https:\/\/labonsale.com\/fr\/wp-json\/wp\/v2\/product"}],"about":[{"href":"https:\/\/labonsale.com\/fr\/wp-json\/wp\/v2\/types\/product"}],"replies":[{"embeddable":true,"href":"https:\/\/labonsale.com\/fr\/wp-json\/wp\/v2\/comments?post=1883"}],"version-history":[{"count":0,"href":"https:\/\/labonsale.com\/fr\/wp-json\/wp\/v2\/product\/1883\/revisions"}],"wp:featuredmedia":[{"embeddable":true,"href":"https:\/\/labonsale.com\/fr\/wp-json\/wp\/v2\/media\/1899"}],"wp:attachment":[{"href":"https:\/\/labonsale.com\/fr\/wp-json\/wp\/v2\/media?parent=1883"}],"wp:term":[{"taxonomy":"product_brand","embeddable":true,"href":"https:\/\/labonsale.com\/fr\/wp-json\/wp\/v2\/product_brand?post=1883"},{"taxonomy":"product_cat","embeddable":true,"href":"https:\/\/labonsale.com\/fr\/wp-json\/wp\/v2\/product_cat?post=1883"},{"taxonomy":"product_tag","embeddable":true,"href":"https:\/\/labonsale.com\/fr\/wp-json\/wp\/v2\/product_tag?post=1883"}],"curies":[{"name":"wp","href":"https:\/\/api.w.org\/{rel}","templated":true}]}}