{"id":983,"date":"2023-09-25T05:47:56","date_gmt":"2023-09-25T05:47:56","guid":{"rendered":"https:\/\/labonsale.com\/?page_id=983"},"modified":"2023-10-02T16:21:57","modified_gmt":"2023-10-02T16:21:57","slug":"logistique","status":"publish","type":"page","link":"https:\/\/labonsale.com\/fr\/logistics\/","title":{"rendered":"Logistique"},"content":{"rendered":"<div data-elementor-type=\"wp-page\" data-elementor-id=\"983\" class=\"elementor elementor-983\" data-elementor-post-type=\"page\">\n\t\t\t\t<div class=\"elementor-element elementor-element-d60cc1f e-flex e-con-boxed e-con e-parent\" data-id=\"d60cc1f\" data-element_type=\"container\" data-e-type=\"container\">\n\t\t\t\t\t<div class=\"e-con-inner\">\n\t\t\t\t<div class=\"elementor-element elementor-element-e76862c elementor-widget elementor-widget-heading\" data-id=\"e76862c\" data-element_type=\"widget\" data-e-type=\"widget\" data-widget_type=\"heading.default\">\n\t\t\t\t<div class=\"elementor-widget-container\">\n\t\t\t\t\t<h1 class=\"elementor-heading-title elementor-size-default\">Logistique<\/h1>\t\t\t\t<\/div>\n\t\t\t\t<\/div>\n\t\t\t\t\t<\/div>\n\t\t\t\t<\/div>\n\t\t<div class=\"elementor-element elementor-element-674ed0f3 e-con-full e-flex e-con e-parent\" data-id=\"674ed0f3\" data-element_type=\"container\" data-e-type=\"container\" data-settings=\"{&quot;background_background&quot;:&quot;classic&quot;}\">\n\t\t<div class=\"elementor-element elementor-element-38a98cc6 e-con-full e-flex e-con e-child\" data-id=\"38a98cc6\" data-element_type=\"container\" data-e-type=\"container\" data-settings=\"{&quot;background_background&quot;:&quot;classic&quot;}\">\n\t\t\t\t<div class=\"elementor-element elementor-element-26157890 elementor-widget elementor-widget-heading\" data-id=\"26157890\" data-element_type=\"widget\" data-e-type=\"widget\" data-widget_type=\"heading.default\">\n\t\t\t\t<div class=\"elementor-widget-container\">\n\t\t\t\t\t<p class=\"elementor-heading-title elementor-size-default\">prestations de service<\/p>\t\t\t\t<\/div>\n\t\t\t\t<\/div>\n\t\t\t\t<div class=\"elementor-element elementor-element-73111ea1 elementor-widget elementor-widget-heading\" data-id=\"73111ea1\" data-element_type=\"widget\" data-e-type=\"widget\" data-widget_type=\"heading.default\">\n\t\t\t\t<div class=\"elementor-widget-container\">\n\t\t\t\t\t<h2 class=\"elementor-heading-title elementor-size-default\">Excellence logistique<\/h2>\t\t\t\t<\/div>\n\t\t\t\t<\/div>\n\t\t\t\t<div class=\"elementor-element elementor-element-61817001 elementor-widget elementor-widget-text-editor\" data-id=\"61817001\" data-element_type=\"widget\" data-e-type=\"widget\" data-widget_type=\"text-editor.default\">\n\t\t\t\t<div class=\"elementor-widget-container\">\n\t\t\t\t\t\t\t\t\t<p>Chez Labonsale, nous prenons la logistique au s\u00e9rieux pour garantir une exp\u00e9rience fluide \u00e0 nos clients. Notre engagement \u00e0 livrer vos commandes rapidement, en toute s\u00e9curit\u00e9 et \u00e0 moindre co\u00fbt est au c\u0153ur de notre strat\u00e9gie logistique.<\/p>\t\t\t\t\t\t\t\t<\/div>\n\t\t\t\t<\/div>\n\t\t\t\t<\/div>\n\t\t<div class=\"elementor-element elementor-element-d85d5e8 e-con-full e-flex e-con e-child\" data-id=\"d85d5e8\" data-element_type=\"container\" data-e-type=\"container\">\n\t\t\t\t<div class=\"elementor-element elementor-element-118fa65c animated-slow elementor-invisible elementor-widget elementor-widget-icon-box\" data-id=\"118fa65c\" data-element_type=\"widget\" data-e-type=\"widget\" data-settings=\"{&quot;_animation&quot;:&quot;fadeIn&quot;,&quot;_animation_delay&quot;:&quot;0&quot;}\" data-widget_type=\"icon-box.default\">\n\t\t\t\t<div class=\"elementor-widget-container\">\n\t\t\t\t\t\t\t<div class=\"elementor-icon-box-wrapper\">\n\n\t\t\t\n\t\t\t\t\t\t<div class=\"elementor-icon-box-content\">\n\n\t\t\t\t\t\t\t\t\t<h3 class=\"elementor-icon-box-title\">\n\t\t\t\t\t\t<span  >\n\t\t\t\t\t\t\tEmballage\t\t\t\t\t\t<\/span>\n\t\t\t\t\t<\/h3>\n\t\t\t\t\n\t\t\t\t\t\t\t\t\t<p class=\"elementor-icon-box-description\">\n\t\t\t\t\t\tNous comprenons l\u2019importance de garantir que vos produits vous parviennent en parfait \u00e9tat. C'est pourquoi nous utilisons des techniques et des mat\u00e9riaux d'emballage de pointe pour prot\u00e9ger vos pr\u00e9cieux achats pendant le transport.\t\t\t\t\t<\/p>\n\t\t\t\t\n\t\t\t<\/div>\n\t\t\t\n\t\t<\/div>\n\t\t\t\t\t\t<\/div>\n\t\t\t\t<\/div>\n\t\t\t\t<div class=\"elementor-element elementor-element-4dac6afe animated-slow elementor-invisible elementor-widget elementor-widget-icon-box\" data-id=\"4dac6afe\" data-element_type=\"widget\" data-e-type=\"widget\" data-settings=\"{&quot;_animation&quot;:&quot;fadeIn&quot;,&quot;_animation_delay&quot;:&quot;200&quot;}\" data-widget_type=\"icon-box.default\">\n\t\t\t\t<div class=\"elementor-widget-container\">\n\t\t\t\t\t\t\t<div class=\"elementor-icon-box-wrapper\">\n\n\t\t\t\n\t\t\t\t\t\t<div class=\"elementor-icon-box-content\">\n\n\t\t\t\t\t\t\t\t\t<h3 class=\"elementor-icon-box-title\">\n\t\t\t\t\t\t<span  >\n\t\t\t\t\t\t\tm\u00e9thodes de livraison\t\t\t\t\t\t<\/span>\n\t\t\t\t\t<\/h3>\n\t\t\t\t\n\t\t\t\t\t\t\t\t\t<p class=\"elementor-icon-box-description\">\n\t\t\t\t\t\tNous proposons une gamme d'options d'exp\u00e9dition internationales, notamment DHL, UPS, TNT, EMS, et bien plus encore, vous permettant de s\u00e9lectionner celle qui convient \u00e0 votre calendrier et \u00e0 votre budget. Vous pouvez \u00e9galement faire appel \u00e0 votre agent maritime pr\u00e9f\u00e9r\u00e9 pour plus de flexibilit\u00e9. Nous proposons diff\u00e9rentes m\u00e9thodes d'exp\u00e9dition pour r\u00e9pondre \u00e0 vos besoins.\t\t\t\t\t<\/p>\n\t\t\t\t\n\t\t\t<\/div>\n\t\t\t\n\t\t<\/div>\n\t\t\t\t\t\t<\/div>\n\t\t\t\t<\/div>\n\t\t\t\t<div class=\"elementor-element elementor-element-3cdb97d8 animated-slow elementor-invisible elementor-widget elementor-widget-icon-box\" data-id=\"3cdb97d8\" data-element_type=\"widget\" data-e-type=\"widget\" data-settings=\"{&quot;_animation&quot;:&quot;fadeIn&quot;,&quot;_animation_delay&quot;:&quot;300&quot;}\" data-widget_type=\"icon-box.default\">\n\t\t\t\t<div class=\"elementor-widget-container\">\n\t\t\t\t\t\t\t<div class=\"elementor-icon-box-wrapper\">\n\n\t\t\t\n\t\t\t\t\t\t<div class=\"elementor-icon-box-content\">\n\n\t\t\t\t\t\t\t\t\t<h3 class=\"elementor-icon-box-title\">\n\t\t\t\t\t\t<span  >\n\t\t\t\t\t\t\tService client\t\t\t\t\t\t<\/span>\n\t\t\t\t\t<\/h3>\n\t\t\t\t\n\t\t\t\t\t\t\t\t\t<p class=\"elementor-icon-box-description\">\n\t\t\t\t\t\tChez Labonsale, nous nous engageons \u00e0 fournir non seulement des produits de haute qualit\u00e9, mais \u00e9galement une exp\u00e9rience de support client de premier ordre. Notre \u00e9quipe de support client d\u00e9di\u00e9e est l\u00e0 pour vous aider pour toute demande ou pr\u00e9occupation li\u00e9e \u00e0 la logistique. N'h\u00e9sitez pas \u00e0 nous contacter pour obtenir de l'aide concernant l'exp\u00e9dition, le suivi ou toute autre question logistique.\t\t\t\t\t<\/p>\n\t\t\t\t\n\t\t\t<\/div>\n\t\t\t\n\t\t<\/div>\n\t\t\t\t\t\t<\/div>\n\t\t\t\t<\/div>\n\t\t\t\t<\/div>\n\t\t\t\t<\/div>\n\t\t<div class=\"elementor-element elementor-element-40517c4 e-flex e-con-boxed e-con e-parent\" data-id=\"40517c4\" data-element_type=\"container\" data-e-type=\"container\">\n\t\t\t\t\t<div class=\"e-con-inner\">\n\t\t\t\t<div class=\"elementor-element elementor-element-f5ae93f elementor-widget elementor-widget-heading\" data-id=\"f5ae93f\" data-element_type=\"widget\" data-e-type=\"widget\" data-widget_type=\"heading.default\">\n\t\t\t\t<div class=\"elementor-widget-container\">\n\t\t\t\t\t<h3 class=\"elementor-heading-title elementor-size-default\">Emballage<\/h3>\t\t\t\t<\/div>\n\t\t\t\t<\/div>\n\t\t\t\t<div class=\"elementor-element elementor-element-31b35c8 elementor-widget elementor-widget-text-editor\" data-id=\"31b35c8\" data-element_type=\"widget\" data-e-type=\"widget\" data-widget_type=\"text-editor.default\">\n\t\t\t\t<div class=\"elementor-widget-container\">\n\t\t\t\t\t\t\t\t\t<ul><li>Caisse en bois avec inserts isolants et mousse de protection\u00a0;<\/li><li>Des emballages neutres et personnalis\u00e9s peuvent \u00eatre disponibles.<\/li><\/ul>\t\t\t\t\t\t\t\t<\/div>\n\t\t\t\t<\/div>\n\t\t\t\t\t<\/div>\n\t\t\t\t<\/div>\n\t\t<div class=\"elementor-element elementor-element-1376848 e-flex e-con-boxed e-con e-parent\" data-id=\"1376848\" data-element_type=\"container\" data-e-type=\"container\">\n\t\t\t\t\t<div class=\"e-con-inner\">\n\t\t<div class=\"elementor-element elementor-element-3e29d70 e-con-full e-flex e-con e-child\" data-id=\"3e29d70\" data-element_type=\"container\" data-e-type=\"container\">\n\t\t\t\t<div class=\"elementor-element elementor-element-e2350b3 elementor-widget elementor-widget-image\" data-id=\"e2350b3\" data-element_type=\"widget\" data-e-type=\"widget\" data-widget_type=\"image.default\">\n\t\t\t\t<div class=\"elementor-widget-container\">\n\t\t\t\t\t\t\t\t\t\t\t\t\t\t\t<img decoding=\"async\" src=\"https:\/\/labonsale.com\/wp-content\/uploads\/2023\/10\/Fumigation-free-wooden-box-packaging.webp\" title=\"Emballage en caisse en bois sans fumigation\" alt=\"Emballage en caisse en bois sans fumigation\" loading=\"lazy\" \/>\t\t\t\t\t\t\t\t\t\t\t\t\t\t\t<\/div>\n\t\t\t\t<\/div>\n\t\t\t\t<\/div>\n\t\t<div class=\"elementor-element elementor-element-6bea099 e-con-full e-flex e-con e-child\" data-id=\"6bea099\" data-element_type=\"container\" data-e-type=\"container\">\n\t\t\t\t<div class=\"elementor-element elementor-element-4ce437e elementor-widget elementor-widget-image\" data-id=\"4ce437e\" data-element_type=\"widget\" data-e-type=\"widget\" data-widget_type=\"image.default\">\n\t\t\t\t<div class=\"elementor-widget-container\">\n\t\t\t\t\t\t\t\t\t\t\t\t\t\t\t<img decoding=\"async\" src=\"https:\/\/labonsale.com\/wp-content\/uploads\/2023\/10\/Wooden-case-with-insulation-inserts-and-protective-foam.webp\" title=\"Wooden case with insulation inserts and protective foam\" alt=\"Wooden case with insulation inserts and protective foam\" loading=\"lazy\" \/>\t\t\t\t\t\t\t\t\t\t\t\t\t\t\t<\/div>\n\t\t\t\t<\/div>\n\t\t\t\t<\/div>\n\t\t\t\t\t<\/div>\n\t\t\t\t<\/div>\n\t\t<div class=\"elementor-element elementor-element-4eb6d28 e-flex e-con-boxed e-con e-parent\" data-id=\"4eb6d28\" data-element_type=\"container\" data-e-type=\"container\">\n\t\t\t\t\t<div class=\"e-con-inner\">\n\t\t\t\t<div class=\"elementor-element elementor-element-045a40f elementor-widget elementor-widget-heading\" data-id=\"045a40f\" data-element_type=\"widget\" data-e-type=\"widget\" data-widget_type=\"heading.default\">\n\t\t\t\t<div class=\"elementor-widget-container\">\n\t\t\t\t\t<h3 class=\"elementor-heading-title elementor-size-default\">m\u00e9thodes de livraison<\/h3>\t\t\t\t<\/div>\n\t\t\t\t<\/div>\n\t\t\t\t\t<\/div>\n\t\t\t\t<\/div>\n\t\t<div class=\"elementor-element elementor-element-a0d02f0 e-flex e-con-boxed e-con e-parent\" data-id=\"a0d02f0\" data-element_type=\"container\" data-e-type=\"container\">\n\t\t\t\t\t<div class=\"e-con-inner\">\n\t\t<div class=\"elementor-element elementor-element-d85c738 e-con-full e-flex e-con e-child\" data-id=\"d85c738\" data-element_type=\"container\" data-e-type=\"container\">\n\t\t\t\t<div class=\"elementor-element elementor-element-8204c2f elementor-widget elementor-widget-text-editor\" data-id=\"8204c2f\" data-element_type=\"widget\" data-e-type=\"widget\" data-widget_type=\"text-editor.default\">\n\t\t\t\t<div class=\"elementor-widget-container\">\n\t\t\t\t\t\t\t\t\t<p>Nous pouvons vous exp\u00e9dier des produits par International Express tel que DHL, UPS, TNT, EMS, etc., vous pouvez \u00e9galement choisir celui qui convient en fonction de votre calendrier et de votre budget. De plus, vous pouvez choisir de faire appel \u00e0 votre agent maritime. Diverses m\u00e9thodes d'exp\u00e9dition sont disponibles.<\/p>\t\t\t\t\t\t\t\t<\/div>\n\t\t\t\t<\/div>\n\t\t\t\t<\/div>\n\t\t<div class=\"elementor-element elementor-element-957b4bd e-con-full e-flex e-con e-child\" data-id=\"957b4bd\" data-element_type=\"container\" data-e-type=\"container\">\n\t\t\t\t<div class=\"elementor-element elementor-element-9cfa6de elementor-widget elementor-widget-image\" data-id=\"9cfa6de\" data-element_type=\"widget\" data-e-type=\"widget\" data-widget_type=\"image.default\">\n\t\t\t\t<div class=\"elementor-widget-container\">\n\t\t\t\t\t\t\t\t\t\t\t\t\t\t\t<img decoding=\"async\" src=\"https:\/\/labonsale.com\/wp-content\/uploads\/2023\/10\/Shipping-Method.webp\" title=\"Shipping Method\" alt=\"Shipping Method\" loading=\"lazy\" \/>\t\t\t\t\t\t\t\t\t\t\t\t\t\t\t<\/div>\n\t\t\t\t<\/div>\n\t\t\t\t<\/div>\n\t\t\t\t\t<\/div>\n\t\t\t\t<\/div>\n\t\t<div class=\"elementor-element elementor-element-a149fc2 e-flex e-con-boxed e-con e-parent\" data-id=\"a149fc2\" data-element_type=\"container\" data-e-type=\"container\">\n\t\t\t\t\t<div class=\"e-con-inner\">\n\t\t\t\t<div class=\"elementor-element elementor-element-4e2a147 elementor-widget elementor-widget-heading\" data-id=\"4e2a147\" data-element_type=\"widget\" data-e-type=\"widget\" data-widget_type=\"heading.default\">\n\t\t\t\t<div class=\"elementor-widget-container\">\n\t\t\t\t\t<h3 class=\"elementor-heading-title elementor-size-default\">Warranty &amp; Service:<\/h3>\t\t\t\t<\/div>\n\t\t\t\t<\/div>\n\t\t\t\t<div class=\"elementor-element elementor-element-6728b07 elementor-widget elementor-widget-text-editor\" data-id=\"6728b07\" data-element_type=\"widget\" data-e-type=\"widget\" data-widget_type=\"text-editor.default\">\n\t\t\t\t<div class=\"elementor-widget-container\">\n\t\t\t\t\t\t\t\t\t<p>\u25cfPr\u00e9-service<br \/>\u2013Service en ligne 24h\/24 et 7j\/7 pour votre consultation<br \/>\u2013Aide \u00e0 choisir le bon mod\u00e8le ou fournir une solution cl\u00e9 en main<br \/>\u25cfService interm\u00e9diaire<br \/>\u2013Vous proposer la meilleure offre<br \/>\u2013Choisissez les conditions de paiement \u00e0 votre convenance<br \/>\u2013Organiser la production et la livraison d\u00e8s que possible et vous tenir au courant des progr\u00e8s<br \/>\u2013Fournissez la valeur de la facture comme vous le souhaitez pour diminuer votre taxe<br \/>\u25cfService apr\u00e8s-vente<br \/>\u20131 an de service de garantie et maintenance \u00e0 vie<br \/>\u2013Changement gratuit pour certaines pi\u00e8ces<br \/>\u2013Consultation technique en ligne<br \/>\u2013DVD d'installation gratuit<\/p>\t\t\t\t\t\t\t\t<\/div>\n\t\t\t\t<\/div>\n\t\t\t\t\t<\/div>\n\t\t\t\t<\/div>\n\t\t<div class=\"elementor-element elementor-element-6e8a1b0 e-flex e-con-boxed e-con e-parent\" data-id=\"6e8a1b0\" data-element_type=\"container\" data-e-type=\"container\">\n\t\t\t\t\t<div class=\"e-con-inner\">\n\t\t\t\t<div class=\"elementor-element elementor-element-227aa56 elementor-widget elementor-widget-heading\" data-id=\"227aa56\" data-element_type=\"widget\" data-e-type=\"widget\" data-widget_type=\"heading.default\">\n\t\t\t\t<div class=\"elementor-widget-container\">\n\t\t\t\t\t<h3 class=\"elementor-heading-title elementor-size-default\">CONDITIONS DE PAIEMENT<\/h3>\t\t\t\t<\/div>\n\t\t\t\t<\/div>\n\t\t\t\t<div class=\"elementor-element elementor-element-aebff5c elementor-widget elementor-widget-text-editor\" data-id=\"aebff5c\" data-element_type=\"widget\" data-e-type=\"widget\" data-widget_type=\"text-editor.default\">\n\t\t\t\t<div class=\"elementor-widget-container\">\n\t\t\t\t\t\t\t\t\t<p>T\/T, carte de cr\u00e9dit, Paypal, etc.<\/p>\t\t\t\t\t\t\t\t<\/div>\n\t\t\t\t<\/div>\n\t\t\t\t\t<\/div>\n\t\t\t\t<\/div>\n\t\t\t\t<\/div>","protected":false},"excerpt":{"rendered":"<p>Logistics services Logistics Excellence At Labonsale, we take logistics seriously to ensure a seamless experience for our customers. Our commitment to delivering your orders promptly, securely, and cost-effectively is at the heart of our logistics strategy. Packaging We understand the importance of ensuring that your products reach you in pristine condition. That&#8217;s why we employ&hellip;&nbsp;<a href=\"https:\/\/labonsale.com\/fr\/logistics\/\" class=\"\" rel=\"bookmark\">Lire la suite &raquo;<span class=\"screen-reader-text\">Logistique<\/span><\/a><\/p>","protected":false},"author":1,"featured_media":0,"parent":0,"menu_order":0,"comment_status":"closed","ping_status":"closed","template":"page-templates\/template-pagebuilder-full-width.php","meta":{"neve_meta_sidebar":"","neve_meta_container":"","neve_meta_enable_content_width":"","neve_meta_content_width":0,"neve_meta_title_alignment":"","neve_meta_author_avatar":"","neve_post_elements_order":"","neve_meta_disable_header":"","neve_meta_disable_footer":"","neve_meta_disable_title":"","footnotes":""},"class_list":["post-983","page","type-page","status-publish","hentry"],"_links":{"self":[{"href":"https:\/\/labonsale.com\/fr\/wp-json\/wp\/v2\/pages\/983","targetHints":{"allow":["GET"]}}],"collection":[{"href":"https:\/\/labonsale.com\/fr\/wp-json\/wp\/v2\/pages"}],"about":[{"href":"https:\/\/labonsale.com\/fr\/wp-json\/wp\/v2\/types\/page"}],"author":[{"embeddable":true,"href":"https:\/\/labonsale.com\/fr\/wp-json\/wp\/v2\/users\/1"}],"replies":[{"embeddable":true,"href":"https:\/\/labonsale.com\/fr\/wp-json\/wp\/v2\/comments?post=983"}],"version-history":[{"count":52,"href":"https:\/\/labonsale.com\/fr\/wp-json\/wp\/v2\/pages\/983\/revisions"}],"predecessor-version":[{"id":1121,"href":"https:\/\/labonsale.com\/fr\/wp-json\/wp\/v2\/pages\/983\/revisions\/1121"}],"wp:attachment":[{"href":"https:\/\/labonsale.com\/fr\/wp-json\/wp\/v2\/media?parent=983"}],"curies":[{"name":"wp","href":"https:\/\/api.w.org\/{rel}","templated":true}]}}