{"id":1786,"date":"2024-02-23T05:58:11","date_gmt":"2024-02-23T05:58:11","guid":{"rendered":"https:\/\/labonsale.com\/?page_id=1786"},"modified":"2024-10-11T03:08:11","modified_gmt":"2024-10-11T03:08:11","slug":"merci-pour-votre-demande","status":"publish","type":"page","link":"https:\/\/labonsale.com\/fr\/thanks-for-your-inquiry\/","title":{"rendered":"thanks for your inquiry"},"content":{"rendered":"<div data-elementor-type=\"wp-page\" data-elementor-id=\"1786\" class=\"elementor elementor-1786\" data-elementor-post-type=\"page\">\n\t\t\t\t<div class=\"elementor-element elementor-element-14ae3cb e-flex e-con-boxed e-con e-parent\" data-id=\"14ae3cb\" data-element_type=\"container\" data-e-type=\"container\">\n\t\t\t\t\t<div class=\"e-con-inner\">\n\t\t\t\t<div class=\"elementor-element elementor-element-bbc250a elementor-widget elementor-widget-heading\" data-id=\"bbc250a\" data-element_type=\"widget\" data-e-type=\"widget\" data-widget_type=\"heading.default\">\n\t\t\t\t<div class=\"elementor-widget-container\">\n\t\t\t\t\t<h2 class=\"elementor-heading-title elementor-size-default\">Merci!<\/h2>\t\t\t\t<\/div>\n\t\t\t\t<\/div>\n\t\t\t\t\t<\/div>\n\t\t\t\t<\/div>\n\t\t<div class=\"elementor-element elementor-element-e7e4a3f e-flex e-con-boxed e-con e-parent\" data-id=\"e7e4a3f\" data-element_type=\"container\" data-e-type=\"container\">\n\t\t\t\t\t<div class=\"e-con-inner\">\n\t\t\t\t<div class=\"elementor-element elementor-element-70e49af elementor-widget elementor-widget-text-editor\" data-id=\"70e49af\" data-element_type=\"widget\" data-e-type=\"widget\" data-widget_type=\"text-editor.default\">\n\t\t\t\t<div class=\"elementor-widget-container\">\n\t\t\t\t\t\t\t\t\t<p>Votre message a \u00e9t\u00e9 envoy\u00e9 avec succ\u00e8s !<\/p>\n<p>Merci d'avoir contact\u00e9 Labonsale ! Nous avons re\u00e7u votre demande et sommes ravis que vous nous envisagiez pour vos besoins de laboratoire.<\/p>\n<p>Notre \u00e9quipe s'engage \u00e0 vous offrir un service exceptionnel et nous vous r\u00e9pondrons dans les plus brefs d\u00e9lais pour r\u00e9pondre \u00e0 vos questions et \u00e0 vos besoins. En attendant, n'h\u00e9sitez pas \u00e0 explorer notre site Web pour plus d'informations sur nos produits et services.<\/p>\n<p>Chez Labonsale, nous nous effor\u00e7ons de rendre votre exp\u00e9rience d'approvisionnement en laboratoire fluide et efficace. Nous sommes impatients de pouvoir vous aider \u00e0 trouver les solutions id\u00e9ales pour vos projets de recherche.<\/p>\n<p>Si vous avez des questions urgentes ou si vous avez besoin d\u2019une assistance imm\u00e9diate, n\u2019h\u00e9sitez pas \u00e0 contacter notre \u00e9quipe de support client en ligne.<\/p>\n<p>Merci encore une fois d'avoir choisi Labonsale. Nous appr\u00e9cions l'opportunit\u00e9 de vous servir.<\/p>\n<p>Cordialement,<\/p>\n<p>L'\u00e9quipe de Labonsale<\/p>\t\t\t\t\t\t\t\t<\/div>\n\t\t\t\t<\/div>\n\t\t\t\t\t<\/div>\n\t\t\t\t<\/div>\n\t\t\t\t<\/div>","protected":false},"excerpt":{"rendered":"<p>Thanks! Your message has been sent successfully! Thank you for reaching out to Labonsale! We have received your inquiry and are thrilled that you are considering us for your laboratory needs. Our team is dedicated to providing exceptional service, and we will get back to you as soon as possible to address your questions and&hellip;&nbsp;<a href=\"https:\/\/labonsale.com\/fr\/thanks-for-your-inquiry\/\" class=\"\" rel=\"bookmark\">Lire la suite &raquo;<span class=\"screen-reader-text\">thanks for your inquiry<\/span><\/a><\/p>","protected":false},"author":1,"featured_media":0,"parent":0,"menu_order":0,"comment_status":"closed","ping_status":"closed","template":"","meta":{"neve_meta_sidebar":"","neve_meta_container":"","neve_meta_enable_content_width":"","neve_meta_content_width":0,"neve_meta_title_alignment":"","neve_meta_author_avatar":"","neve_post_elements_order":"","neve_meta_disable_header":"","neve_meta_disable_footer":"","neve_meta_disable_title":"","footnotes":""},"class_list":["post-1786","page","type-page","status-publish","hentry"],"_links":{"self":[{"href":"https:\/\/labonsale.com\/fr\/wp-json\/wp\/v2\/pages\/1786","targetHints":{"allow":["GET"]}}],"collection":[{"href":"https:\/\/labonsale.com\/fr\/wp-json\/wp\/v2\/pages"}],"about":[{"href":"https:\/\/labonsale.com\/fr\/wp-json\/wp\/v2\/types\/page"}],"author":[{"embeddable":true,"href":"https:\/\/labonsale.com\/fr\/wp-json\/wp\/v2\/users\/1"}],"replies":[{"embeddable":true,"href":"https:\/\/labonsale.com\/fr\/wp-json\/wp\/v2\/comments?post=1786"}],"version-history":[{"count":19,"href":"https:\/\/labonsale.com\/fr\/wp-json\/wp\/v2\/pages\/1786\/revisions"}],"predecessor-version":[{"id":2848,"href":"https:\/\/labonsale.com\/fr\/wp-json\/wp\/v2\/pages\/1786\/revisions\/2848"}],"wp:attachment":[{"href":"https:\/\/labonsale.com\/fr\/wp-json\/wp\/v2\/media?parent=1786"}],"curies":[{"name":"wp","href":"https:\/\/api.w.org\/{rel}","templated":true}]}}