{"id":536,"date":"2023-09-03T04:38:50","date_gmt":"2023-09-03T04:38:50","guid":{"rendered":"https:\/\/labonsale.com\/?post_type=product&#038;p=536"},"modified":"2024-04-22T14:18:10","modified_gmt":"2024-04-22T14:18:10","slug":"secado-por-aspersion","status":"publish","type":"product","link":"https:\/\/labonsale.com\/es\/product\/spray-drying\/","title":{"rendered":"SECADO POR ASPERSI\u00d3N"},"content":{"rendered":"<p>Ya sea que necesite soluciones a escala de laboratorio o industrial, nuestros sistemas de \u00faltima generaci\u00f3n est\u00e1n dise\u00f1ados para revolucionar sus procesos de secado y satisfacer las diversas necesidades de las industrias de todo el mundo.<\/p>\n<h3>Aplicaciones<\/h3>\n<p>Nuestro sistema de secado por aspersi\u00f3n encuentra aplicaciones en diversas industrias, incluidas, entre otras:<\/p>\n<ul>\n<li>Alimentos y Bebidas: Ideal para producir caf\u00e9 instant\u00e1neo, productos l\u00e1cteos, sabores, especias y suplementos nutricionales.<\/li>\n<li>Productos farmac\u00e9uticos: Permite la producci\u00f3n de medicamentos en polvo, medicamentos inhalables y excipientes farmac\u00e9uticos.<\/li>\n<li>Productos qu\u00edmicos: se utilizan para secar tintes, pigmentos, catalizadores y otros productos qu\u00edmicos especiales.<\/li>\n<li>Cer\u00e1mica: Facilita el secado de materiales cer\u00e1micos para la producci\u00f3n de polvos, recubrimientos y composites.<\/li>\n<li>Biotecnolog\u00eda: Permite el secado de biomateriales, enzimas, probi\u00f3ticos y otros productos biotecnol\u00f3gicos.<\/li>\n<\/ul>\n<figure id=\"attachment_537\" aria-describedby=\"caption-attachment-537\" style=\"width: 1200px\" class=\"wp-caption aligncenter\"><img fetchpriority=\"high\" decoding=\"async\" class=\"wp-image-537 size-full\" src=\"https:\/\/labonsale.com\/wp-content\/uploads\/2023\/09\/Spray-Dryer-Operating-State-Simulating.webp\" alt=\"Estado de funcionamiento del secado por aspersi\u00f3n Simulaci\u00f3n\" width=\"1200\" height=\"600\" srcset=\"https:\/\/labonsale.com\/wp-content\/uploads\/2023\/09\/Spray-Dryer-Operating-State-Simulating.webp 1200w, https:\/\/labonsale.com\/wp-content\/uploads\/2023\/09\/Spray-Dryer-Operating-State-Simulating-600x300.webp 600w, https:\/\/labonsale.com\/wp-content\/uploads\/2023\/09\/Spray-Dryer-Operating-State-Simulating-300x150.webp 300w, https:\/\/labonsale.com\/wp-content\/uploads\/2023\/09\/Spray-Dryer-Operating-State-Simulating-1024x512.webp 1024w, https:\/\/labonsale.com\/wp-content\/uploads\/2023\/09\/Spray-Dryer-Operating-State-Simulating-768x384.webp 768w\" sizes=\"(max-width: 1200px) 100vw, 1200px\" \/><figcaption id=\"caption-attachment-537\" class=\"wp-caption-text\">Estado de funcionamiento del secado por aspersi\u00f3n Simulaci\u00f3n<\/figcaption><\/figure>\n<p><span style=\"font-size: 16px;\">Volver a <\/span><a style=\"font-size: 16px; background-color: #ffffff;\" href=\"https:\/\/labonsale.com\/es\/\" data-type=\"page\" data-id=\"308\">p\u00e1gina principal<\/a><\/p>\n<p>Ver m\u00e1s sobre el secado por aspersi\u00f3n en\u00a0<a href=\"https:\/\/en.wikipedia.org\/wiki\/Spray_drying\" target=\"_blank\" rel=\"noopener\" data-type=\"URL\" data-id=\"https:\/\/en.wikipedia.org\/wiki\/Spray_drying\">Wikipedia<\/a><\/p>","protected":false},"excerpt":{"rendered":"<p>Con un compromiso con la eficiencia, la precisi\u00f3n y la calidad excepcional, ofrecemos soluciones de secado por aspersi\u00f3n de vanguardia que llevar\u00e1n sus productos a nuevas alturas. Ya sea que necesite soluciones a escala de laboratorio o industrial, nuestros sistemas de \u00faltima generaci\u00f3n est\u00e1n dise\u00f1ados para revolucionar sus procesos de secado y satisfacer las diversas necesidades de las industrias de todo el mundo. Nuestro sistema de secado por aspersi\u00f3n utiliza un proceso de \u00faltima generaci\u00f3n que convierte el alimento l\u00edquido en polvo seco o gr\u00e1nulos mediante un secado r\u00e1pido. Esta t\u00e9cnica innovadora implica atomizar el alimento l\u00edquido en finas gotas, que luego se exponen a una corriente de gas caliente. A medida que las gotas viajan a trav\u00e9s de la c\u00e1mara de secado, la humedad se evapora r\u00e1pidamente, dejando part\u00edculas secas que pueden recolectarse y procesarse seg\u00fan sea necesario.<\/p>","protected":false},"featured_media":540,"comment_status":"closed","ping_status":"closed","template":"","meta":{"neve_meta_sidebar":"","neve_meta_container":"","neve_meta_enable_content_width":"off","neve_meta_content_width":100,"neve_meta_title_alignment":"","neve_meta_author_avatar":"","neve_post_elements_order":"","neve_meta_disable_header":"","neve_meta_disable_footer":"","neve_meta_disable_title":""},"product_brand":[],"product_cat":[23],"product_tag":[],"class_list":{"0":"post-536","1":"product","2":"type-product","3":"status-publish","4":"has-post-thumbnail","6":"product_cat-drying-equipment","8":"first","9":"instock","10":"shipping-taxable","11":"product-type-simple"},"_links":{"self":[{"href":"https:\/\/labonsale.com\/es\/wp-json\/wp\/v2\/product\/536","targetHints":{"allow":["GET"]}}],"collection":[{"href":"https:\/\/labonsale.com\/es\/wp-json\/wp\/v2\/product"}],"about":[{"href":"https:\/\/labonsale.com\/es\/wp-json\/wp\/v2\/types\/product"}],"replies":[{"embeddable":true,"href":"https:\/\/labonsale.com\/es\/wp-json\/wp\/v2\/comments?post=536"}],"version-history":[{"count":1,"href":"https:\/\/labonsale.com\/es\/wp-json\/wp\/v2\/product\/536\/revisions"}],"predecessor-version":[{"id":1320,"href":"https:\/\/labonsale.com\/es\/wp-json\/wp\/v2\/product\/536\/revisions\/1320"}],"wp:featuredmedia":[{"embeddable":true,"href":"https:\/\/labonsale.com\/es\/wp-json\/wp\/v2\/media\/540"}],"wp:attachment":[{"href":"https:\/\/labonsale.com\/es\/wp-json\/wp\/v2\/media?parent=536"}],"wp:term":[{"taxonomy":"product_brand","embeddable":true,"href":"https:\/\/labonsale.com\/es\/wp-json\/wp\/v2\/product_brand?post=536"},{"taxonomy":"product_cat","embeddable":true,"href":"https:\/\/labonsale.com\/es\/wp-json\/wp\/v2\/product_cat?post=536"},{"taxonomy":"product_tag","embeddable":true,"href":"https:\/\/labonsale.com\/es\/wp-json\/wp\/v2\/product_tag?post=536"}],"curies":[{"name":"wp","href":"https:\/\/api.w.org\/{rel}","templated":true}]}}