{"id":522,"date":"2023-09-03T04:04:26","date_gmt":"2023-09-03T04:04:26","guid":{"rendered":"https:\/\/labonsale.com\/?post_type=product&#038;p=522"},"modified":"2024-04-22T14:18:04","modified_gmt":"2024-04-22T14:18:04","slug":"liofilizador","status":"publish","type":"product","link":"https:\/\/labonsale.com\/es\/product\/lyophilizer\/","title":{"rendered":"Liofilizador"},"content":{"rendered":"<p>Bienvenido al liofilizador avanzado de nuestra empresa, que ofrece soluciones innovadoras para una amplia gama de aplicaciones. Nuestro equipo de \u00faltima generaci\u00f3n est\u00e1 dise\u00f1ado espec\u00edficamente para satisfacer las diversas necesidades de laboratorios, hogares, instalaciones industriales y operaciones a escala piloto. En esta p\u00e1gina detallada, exploraremos las diferentes especificaciones y capacidades de nuestros vers\u00e1tiles liofilizadores, destacando sus beneficios y aplicaciones. Cont\u00e1ctenos hoy para descubrir soluciones eficientes de liofilizaci\u00f3n adaptadas a sus necesidades.<\/p>\n<h3>Tipos de liofilizadores<\/h3>\n<figure id=\"attachment_524\" aria-describedby=\"caption-attachment-524\" style=\"width: 1200px\" class=\"wp-caption aligncenter\"><img fetchpriority=\"high\" decoding=\"async\" class=\"size-full wp-image-524\" src=\"https:\/\/labonsale.com\/wp-content\/uploads\/2023\/09\/Freeze-Dryer-Types.webp\" alt=\"Tipos de liofilizador\" width=\"1200\" height=\"600\" srcset=\"https:\/\/labonsale.com\/wp-content\/uploads\/2023\/09\/Freeze-Dryer-Types.webp 1200w, https:\/\/labonsale.com\/wp-content\/uploads\/2023\/09\/Freeze-Dryer-Types-600x300.webp 600w, https:\/\/labonsale.com\/wp-content\/uploads\/2023\/09\/Freeze-Dryer-Types-300x150.webp 300w, https:\/\/labonsale.com\/wp-content\/uploads\/2023\/09\/Freeze-Dryer-Types-1024x512.webp 1024w, https:\/\/labonsale.com\/wp-content\/uploads\/2023\/09\/Freeze-Dryer-Types-768x384.webp 768w\" sizes=\"(max-width: 1200px) 100vw, 1200px\" \/><figcaption id=\"caption-attachment-524\" class=\"wp-caption-text\">Tipos de liofilizador<\/figcaption><\/figure>\n<figure id=\"attachment_1294\" aria-describedby=\"caption-attachment-1294\" style=\"width: 800px\" class=\"wp-caption aligncenter\"><img decoding=\"async\" class=\"size-full wp-image-1294\" src=\"https:\/\/labonsale.com\/wp-content\/uploads\/2023\/09\/Lyophilizer-Display.webp\" alt=\"Pantalla de liofilizador\" width=\"800\" height=\"610\" srcset=\"https:\/\/labonsale.com\/wp-content\/uploads\/2023\/09\/Lyophilizer-Display.webp 800w, https:\/\/labonsale.com\/wp-content\/uploads\/2023\/09\/Lyophilizer-Display-300x229.webp 300w, https:\/\/labonsale.com\/wp-content\/uploads\/2023\/09\/Lyophilizer-Display-768x586.webp 768w, https:\/\/labonsale.com\/wp-content\/uploads\/2023\/09\/Lyophilizer-Display-16x12.webp 16w, https:\/\/labonsale.com\/wp-content\/uploads\/2023\/09\/Lyophilizer-Display-600x458.webp 600w\" sizes=\"(max-width: 800px) 100vw, 800px\" \/><figcaption id=\"caption-attachment-1294\" class=\"wp-caption-text\">Pantalla de liofilizador<\/figcaption><\/figure>\n<figure id=\"attachment_532\" aria-describedby=\"caption-attachment-532\" style=\"width: 800px\" class=\"wp-caption aligncenter\"><img decoding=\"async\" class=\"size-full wp-image-532\" src=\"https:\/\/labonsale.com\/wp-content\/uploads\/2023\/09\/Lyophilizer-Real-Shot.webp\" alt=\"Liofilizador Real Shot\" width=\"800\" height=\"800\" srcset=\"https:\/\/labonsale.com\/wp-content\/uploads\/2023\/09\/Lyophilizer-Real-Shot.webp 800w, https:\/\/labonsale.com\/wp-content\/uploads\/2023\/09\/Lyophilizer-Real-Shot-300x300.webp 300w, https:\/\/labonsale.com\/wp-content\/uploads\/2023\/09\/Lyophilizer-Real-Shot-100x100.webp 100w, https:\/\/labonsale.com\/wp-content\/uploads\/2023\/09\/Lyophilizer-Real-Shot-600x600.webp 600w, https:\/\/labonsale.com\/wp-content\/uploads\/2023\/09\/Lyophilizer-Real-Shot-150x150.webp 150w, https:\/\/labonsale.com\/wp-content\/uploads\/2023\/09\/Lyophilizer-Real-Shot-768x768.webp 768w\" sizes=\"(max-width: 800px) 100vw, 800px\" \/><figcaption id=\"caption-attachment-532\" class=\"wp-caption-text\">Liofilizador Real Shot<\/figcaption><\/figure>\n<figure id=\"attachment_1299\" aria-describedby=\"caption-attachment-1299\" style=\"width: 800px\" class=\"wp-caption aligncenter\"><img loading=\"lazy\" decoding=\"async\" class=\"size-full wp-image-1299\" src=\"https:\/\/labonsale.com\/wp-content\/uploads\/2023\/09\/Lyophilizer-Real-Shot-1.webp\" alt=\"Liofilizador Real Shot\" width=\"800\" height=\"800\" srcset=\"https:\/\/labonsale.com\/wp-content\/uploads\/2023\/09\/Lyophilizer-Real-Shot-1.webp 800w, https:\/\/labonsale.com\/wp-content\/uploads\/2023\/09\/Lyophilizer-Real-Shot-1-300x300.webp 300w, https:\/\/labonsale.com\/wp-content\/uploads\/2023\/09\/Lyophilizer-Real-Shot-1-150x150.webp 150w, https:\/\/labonsale.com\/wp-content\/uploads\/2023\/09\/Lyophilizer-Real-Shot-1-768x768.webp 768w, https:\/\/labonsale.com\/wp-content\/uploads\/2023\/09\/Lyophilizer-Real-Shot-1-12x12.webp 12w, https:\/\/labonsale.com\/wp-content\/uploads\/2023\/09\/Lyophilizer-Real-Shot-1-600x600.webp 600w, https:\/\/labonsale.com\/wp-content\/uploads\/2023\/09\/Lyophilizer-Real-Shot-1-100x100.webp 100w\" sizes=\"(max-width: 800px) 100vw, 800px\" \/><figcaption id=\"caption-attachment-1299\" class=\"wp-caption-text\">Liofilizador Real Shot<\/figcaption><\/figure>\n<figure id=\"attachment_1302\" aria-describedby=\"caption-attachment-1302\" style=\"width: 800px\" class=\"wp-caption aligncenter\"><img loading=\"lazy\" decoding=\"async\" class=\"size-full wp-image-1302\" src=\"https:\/\/labonsale.com\/wp-content\/uploads\/2023\/09\/Lyophilizer-Packing.jpg\" alt=\"Embalaje de liofilizador\" width=\"800\" height=\"800\" srcset=\"https:\/\/labonsale.com\/wp-content\/uploads\/2023\/09\/Lyophilizer-Packing.jpg 800w, https:\/\/labonsale.com\/wp-content\/uploads\/2023\/09\/Lyophilizer-Packing-300x300.jpg 300w, https:\/\/labonsale.com\/wp-content\/uploads\/2023\/09\/Lyophilizer-Packing-150x150.jpg 150w, https:\/\/labonsale.com\/wp-content\/uploads\/2023\/09\/Lyophilizer-Packing-768x768.jpg 768w, https:\/\/labonsale.com\/wp-content\/uploads\/2023\/09\/Lyophilizer-Packing-12x12.jpg 12w, https:\/\/labonsale.com\/wp-content\/uploads\/2023\/09\/Lyophilizer-Packing-600x600.jpg 600w, https:\/\/labonsale.com\/wp-content\/uploads\/2023\/09\/Lyophilizer-Packing-100x100.jpg 100w\" sizes=\"(max-width: 800px) 100vw, 800px\" \/><figcaption id=\"caption-attachment-1302\" class=\"wp-caption-text\">Embalaje de liofilizador<\/figcaption><\/figure>\n<h3 class=\"has-ast-global-color-0-color has-text-color has-medium-font-size wp-block-heading\"><strong>Etapas de liofilizaci\u00f3n.<\/strong><\/h3>\n<p>Hay cuatro etapas en el proceso completo de liofilizaci\u00f3n: pretratamiento, congelaci\u00f3n, secado primario y secado secundario.<\/p>\n<h4 class=\"wp-block-heading\"><strong>Pretratamiento<\/strong><\/h4>\n<p>El pretratamiento incluye cualquier m\u00e9todo de tratamiento del producto antes de su congelaci\u00f3n. Esto puede incluir concentrar el producto, revisar la formulaci\u00f3n (es decir, agregar componentes para aumentar la estabilidad, preservar la apariencia y\/o mejorar el procesamiento), disminuir un solvente de alta presi\u00f3n de vapor o aumentar el \u00e1rea de superficie.<\/p>\n<h4 class=\"wp-block-heading\"><strong>Congelaci\u00f3n y recocido<\/strong><\/h4>\n<p>Durante la etapa de congelaci\u00f3n, el material se enfr\u00eda por debajo de su punto triple, la temperatura a la que pueden coexistir las fases s\u00f3lida, l\u00edquida y gaseosa del material. Esto garantiza que en los siguientes pasos se producir\u00e1 la sublimaci\u00f3n en lugar de la fusi\u00f3n.<\/p>\n<h4 class=\"wp-block-heading\"><strong>Bienes estructuralmente sensibles<\/strong><\/h4>\n<p>En el caso de productos en los que se requiere la preservaci\u00f3n de la estructura, como alimentos u objetos con c\u00e9lulas que antes estaban vivas, los grandes cristales de hielo romper\u00e1n las paredes celulares, lo que puede dar como resultado una textura cada vez m\u00e1s pobre y una p\u00e9rdida de contenido nutritivo. En este caso, la congelaci\u00f3n se realiza r\u00e1pidamente, con el fin de bajar r\u00e1pidamente el material por debajo de su punto eut\u00e9ctico, evitando as\u00ed la formaci\u00f3n de grandes cristales de hielo. Por lo general, las temperaturas bajo cero est\u00e1n entre -50 \u00b0C (-58 \u00b0F) y -80 \u00b0C (-112 \u00b0F).<\/p>\n<h4 class=\"wp-block-heading\"><strong>Secado primario<\/strong><\/h4>\n<p>Durante la fase de secado primario, la presi\u00f3n se reduce (hasta el rango de unos pocos milibares) y se suministra suficiente calor al material para que el hielo se sublime. La cantidad de calor necesaria se puede calcular utilizando el calor latente de sublimaci\u00f3n de las mol\u00e9culas que se subliman. En esta fase inicial de secado, se sublima aproximadamente el 95% del agua del material.<\/p>\n<h4 class=\"wp-block-heading\"><strong>Secado secundario<\/strong><\/h4>\n<p>La fase de secado secundaria tiene como objetivo eliminar las mol\u00e9culas de agua no congeladas, ya que el hielo se elimin\u00f3 en la fase de secado primaria. Esta parte del proceso de liofilizaci\u00f3n se rige por las isotermas de adsorci\u00f3n del material. En esta fase, la temperatura se eleva m\u00e1s que en la fase de secado primario, pudiendo incluso estar por encima de los 0 \u00b0C, para romper las interacciones f\u00edsico-qu\u00edmicas que se hayan formado entre las mol\u00e9culas de agua y el material congelado.<\/p>\n<p>Una vez completado el proceso de liofilizaci\u00f3n, el vac\u00edo generalmente se rompe con un gas inerte, como nitr\u00f3geno, antes de sellar el material. Al final de la operaci\u00f3n, el contenido final de agua residual en el producto es extremadamente bajo, alrededor del 1% al 4%.<\/p>\n<div class=\"mceTemp\"><\/div>\n<figure id=\"attachment_1300\" aria-describedby=\"caption-attachment-1300\" style=\"width: 800px\" class=\"wp-caption aligncenter\"><img loading=\"lazy\" decoding=\"async\" class=\"size-full wp-image-1300\" src=\"https:\/\/labonsale.com\/wp-content\/uploads\/2023\/09\/Lyophilizer-Details.webp\" alt=\"Detalles del liofilizador\" width=\"800\" height=\"1685\" srcset=\"https:\/\/labonsale.com\/wp-content\/uploads\/2023\/09\/Lyophilizer-Details.webp 800w, https:\/\/labonsale.com\/wp-content\/uploads\/2023\/09\/Lyophilizer-Details-142x300.webp 142w, https:\/\/labonsale.com\/wp-content\/uploads\/2023\/09\/Lyophilizer-Details-486x1024.webp 486w, https:\/\/labonsale.com\/wp-content\/uploads\/2023\/09\/Lyophilizer-Details-768x1618.webp 768w, https:\/\/labonsale.com\/wp-content\/uploads\/2023\/09\/Lyophilizer-Details-729x1536.webp 729w, https:\/\/labonsale.com\/wp-content\/uploads\/2023\/09\/Lyophilizer-Details-6x12.webp 6w, https:\/\/labonsale.com\/wp-content\/uploads\/2023\/09\/Lyophilizer-Details-600x1264.webp 600w\" sizes=\"(max-width: 800px) 100vw, 800px\" \/><figcaption id=\"caption-attachment-1300\" class=\"wp-caption-text\">Detalles del liofilizador<\/figcaption><\/figure>\n<figure id=\"attachment_1301\" aria-describedby=\"caption-attachment-1301\" style=\"width: 800px\" class=\"wp-caption aligncenter\"><img loading=\"lazy\" decoding=\"async\" class=\"size-full wp-image-1301\" src=\"https:\/\/labonsale.com\/wp-content\/uploads\/2023\/09\/Lyophilizer-Details-1.webp\" alt=\"Detalles del liofilizador(1)\" width=\"800\" height=\"2466\" srcset=\"https:\/\/labonsale.com\/wp-content\/uploads\/2023\/09\/Lyophilizer-Details-1.webp 800w, https:\/\/labonsale.com\/wp-content\/uploads\/2023\/09\/Lyophilizer-Details-1-97x300.webp 97w, https:\/\/labonsale.com\/wp-content\/uploads\/2023\/09\/Lyophilizer-Details-1-332x1024.webp 332w, https:\/\/labonsale.com\/wp-content\/uploads\/2023\/09\/Lyophilizer-Details-1-768x2367.webp 768w, https:\/\/labonsale.com\/wp-content\/uploads\/2023\/09\/Lyophilizer-Details-1-498x1536.webp 498w, https:\/\/labonsale.com\/wp-content\/uploads\/2023\/09\/Lyophilizer-Details-1-664x2048.webp 664w, https:\/\/labonsale.com\/wp-content\/uploads\/2023\/09\/Lyophilizer-Details-1-4x12.webp 4w, https:\/\/labonsale.com\/wp-content\/uploads\/2023\/09\/Lyophilizer-Details-1-600x1850.webp 600w\" sizes=\"(max-width: 800px) 100vw, 800px\" \/><figcaption id=\"caption-attachment-1301\" class=\"wp-caption-text\">Detalles del liofilizador(1)<\/figcaption><\/figure>\n<figure id=\"attachment_528\" aria-describedby=\"caption-attachment-528\" style=\"width: 1200px\" class=\"wp-caption aligncenter\"><img loading=\"lazy\" decoding=\"async\" class=\"size-full wp-image-528\" src=\"https:\/\/labonsale.com\/wp-content\/uploads\/2023\/09\/Lyophilizer-Application.webp\" alt=\"Aplicaci\u00f3n de liofilizador\" width=\"1200\" height=\"600\" srcset=\"https:\/\/labonsale.com\/wp-content\/uploads\/2023\/09\/Lyophilizer-Application.webp 1200w, https:\/\/labonsale.com\/wp-content\/uploads\/2023\/09\/Lyophilizer-Application-600x300.webp 600w, https:\/\/labonsale.com\/wp-content\/uploads\/2023\/09\/Lyophilizer-Application-300x150.webp 300w, https:\/\/labonsale.com\/wp-content\/uploads\/2023\/09\/Lyophilizer-Application-1024x512.webp 1024w, https:\/\/labonsale.com\/wp-content\/uploads\/2023\/09\/Lyophilizer-Application-768x384.webp 768w\" sizes=\"(max-width: 1200px) 100vw, 1200px\" \/><figcaption id=\"caption-attachment-528\" class=\"wp-caption-text\">Aplicaci\u00f3n de liofilizador<\/figcaption><\/figure>\n<figure id=\"attachment_531\" aria-describedby=\"caption-attachment-531\" style=\"width: 1200px\" class=\"wp-caption aligncenter\"><img loading=\"lazy\" decoding=\"async\" class=\"size-full wp-image-531\" src=\"https:\/\/labonsale.com\/wp-content\/uploads\/2023\/09\/Lyophilizer-Customer-Feedback.webp\" alt=\"Comentarios de los clientes sobre liofilizadores\" width=\"1200\" height=\"600\" srcset=\"https:\/\/labonsale.com\/wp-content\/uploads\/2023\/09\/Lyophilizer-Customer-Feedback.webp 1200w, https:\/\/labonsale.com\/wp-content\/uploads\/2023\/09\/Lyophilizer-Customer-Feedback-600x300.webp 600w, https:\/\/labonsale.com\/wp-content\/uploads\/2023\/09\/Lyophilizer-Customer-Feedback-300x150.webp 300w, https:\/\/labonsale.com\/wp-content\/uploads\/2023\/09\/Lyophilizer-Customer-Feedback-1024x512.webp 1024w, https:\/\/labonsale.com\/wp-content\/uploads\/2023\/09\/Lyophilizer-Customer-Feedback-768x384.webp 768w\" sizes=\"(max-width: 1200px) 100vw, 1200px\" \/><figcaption id=\"caption-attachment-531\" class=\"wp-caption-text\">Comentarios de los clientes sobre liofilizadores<\/figcaption><\/figure>\n<figure id=\"attachment_535\" aria-describedby=\"caption-attachment-535\" style=\"width: 750px\" class=\"wp-caption aligncenter\"><img loading=\"lazy\" decoding=\"async\" class=\"size-full wp-image-535\" src=\"https:\/\/labonsale.com\/wp-content\/uploads\/2023\/09\/Lyophilizer-Installation-Process.webp\" alt=\"Proceso de instalaci\u00f3n del liofilizador\" width=\"750\" height=\"938\" srcset=\"https:\/\/labonsale.com\/wp-content\/uploads\/2023\/09\/Lyophilizer-Installation-Process.webp 750w, https:\/\/labonsale.com\/wp-content\/uploads\/2023\/09\/Lyophilizer-Installation-Process-600x750.webp 600w, https:\/\/labonsale.com\/wp-content\/uploads\/2023\/09\/Lyophilizer-Installation-Process-240x300.webp 240w\" sizes=\"(max-width: 750px) 100vw, 750px\" \/><figcaption id=\"caption-attachment-535\" class=\"wp-caption-text\">Proceso de instalaci\u00f3n del liofilizador<\/figcaption><\/figure>\n<p>Volver a\u00a0<a href=\"https:\/\/labonsale.com\/es\/\" data-type=\"page\" data-id=\"308\">p\u00e1gina principal<\/a><\/p>\n<p>Ver m\u00e1s sobre Liofilizaci\u00f3n en\u00a0<a href=\"https:\/\/en.wikipedia.org\/wiki\/Freeze-drying#Technological_industry\" target=\"_blank\" rel=\"noopener\">Wikipedia<\/a><\/p>","protected":false},"excerpt":{"rendered":"<p>Descubra el liofilizador de nuestra empresa, equipado con funciones avanzadas para aplicaciones de liofilizaci\u00f3n a escala piloto, industriales, de laboratorio y de uso dom\u00e9stico. Conozca sus especificaciones, beneficios y aplicaciones. Cont\u00e1ctenos hoy para obtener la mejor soluci\u00f3n de liofilizaci\u00f3n.<\/p>","protected":false},"featured_media":1755,"comment_status":"closed","ping_status":"closed","template":"","meta":{"neve_meta_sidebar":"","neve_meta_container":"","neve_meta_enable_content_width":"off","neve_meta_content_width":100,"neve_meta_title_alignment":"","neve_meta_author_avatar":"","neve_post_elements_order":"","neve_meta_disable_header":"","neve_meta_disable_footer":"","neve_meta_disable_title":""},"product_brand":[],"product_cat":[23],"product_tag":[38,42,45,43,44],"class_list":{"0":"post-522","1":"product","2":"type-product","3":"status-publish","4":"has-post-thumbnail","6":"product_cat-drying-equipment","7":"product_tag-customized","8":"product_tag-drying-area0-1100","9":"product_tag-industrial-scale","10":"product_tag-lab-scale","11":"product_tag-pilot-scale","13":"first","14":"instock","15":"shipping-taxable","16":"product-type-simple"},"_links":{"self":[{"href":"https:\/\/labonsale.com\/es\/wp-json\/wp\/v2\/product\/522","targetHints":{"allow":["GET"]}}],"collection":[{"href":"https:\/\/labonsale.com\/es\/wp-json\/wp\/v2\/product"}],"about":[{"href":"https:\/\/labonsale.com\/es\/wp-json\/wp\/v2\/types\/product"}],"replies":[{"embeddable":true,"href":"https:\/\/labonsale.com\/es\/wp-json\/wp\/v2\/comments?post=522"}],"version-history":[{"count":1,"href":"https:\/\/labonsale.com\/es\/wp-json\/wp\/v2\/product\/522\/revisions"}],"predecessor-version":[{"id":1295,"href":"https:\/\/labonsale.com\/es\/wp-json\/wp\/v2\/product\/522\/revisions\/1295"}],"wp:featuredmedia":[{"embeddable":true,"href":"https:\/\/labonsale.com\/es\/wp-json\/wp\/v2\/media\/1755"}],"wp:attachment":[{"href":"https:\/\/labonsale.com\/es\/wp-json\/wp\/v2\/media?parent=522"}],"wp:term":[{"taxonomy":"product_brand","embeddable":true,"href":"https:\/\/labonsale.com\/es\/wp-json\/wp\/v2\/product_brand?post=522"},{"taxonomy":"product_cat","embeddable":true,"href":"https:\/\/labonsale.com\/es\/wp-json\/wp\/v2\/product_cat?post=522"},{"taxonomy":"product_tag","embeddable":true,"href":"https:\/\/labonsale.com\/es\/wp-json\/wp\/v2\/product_tag?post=522"}],"curies":[{"name":"wp","href":"https:\/\/api.w.org\/{rel}","templated":true}]}}