{"id":509,"date":"2023-09-03T03:48:03","date_gmt":"2023-09-03T03:48:03","guid":{"rendered":"https:\/\/labonsale.com\/?post_type=product&#038;p=509"},"modified":"2024-08-25T07:49:08","modified_gmt":"2024-08-25T07:49:08","slug":"reactor-de-vidrio","status":"publish","type":"product","link":"https:\/\/labonsale.com\/es\/product\/glass-reactor\/","title":{"rendered":"Reactor de vidrio"},"content":{"rendered":"<p>Los reactores de vidrio y los equipos de procesamiento de Labonsale garantizan un rendimiento \u00f3ptimo para laboratorios, plantas piloto\/laboratorios de kilos y procesos de producci\u00f3n. Nuestros sistemas abarcan desde la s\u00edntesis de laboratorio hasta el escalado y la producci\u00f3n, ofreciendo una calidad de primer nivel.<\/p>\n<p>Fabricados con los mejores componentes de vidrio de borosilicato y materiales resistentes a la corrosi\u00f3n como acero revestido de vidrio, fluoropol\u00edmeros y Hastelloy\u00ae, los aparatos y sistemas Labonsale priorizan la durabilidad. Estos reactores exhiben un rendimiento, confiabilidad y adaptabilidad sobresalientes para diversas aplicaciones, incluidas reacciones qu\u00edmicas, optimizaci\u00f3n de procesos, s\u00edntesis, destilaci\u00f3n y m\u00e1s.<\/p>\n<p>Especializados en soluciones llave en mano, ofrecemos conjuntos completos que incluyen todos los accesorios y equipos esenciales, mejorando la eficiencia de sus experimentos. Nuestra gama de productos abarca reactores de vidrio de una, dos y tres capas, con opciones de mecanismo de elevaci\u00f3n manual o el\u00e9ctrico. Para una mayor personalizaci\u00f3n, nuestra f\u00e1brica ofrece servicios como actualizaci\u00f3n a sistemas a prueba de explosiones, tratamiento anticorrosi\u00f3n por pulverizaci\u00f3n de PTFE y adici\u00f3n de sistemas de filtraci\u00f3n y cristalizaci\u00f3n.<\/p>\n<p>Elija Labonsale para soluciones de reactores de vidrio de vanguardia dise\u00f1adas para satisfacer sus necesidades espec\u00edficas y mejorar el \u00e9xito de sus experimentos.<\/p>\n<div class=\"nv-iframe-embed\"><iframe title=\"LabOnsale: Discover the Best High Quality Glass Reactor Provider!\" width=\"1200\" height=\"675\" src=\"https:\/\/www.youtube.com\/embed\/aqsAKn4cEy4?feature=oembed\" frameborder=\"0\" allow=\"accelerometer; autoplay; clipboard-write; encrypted-media; gyroscope; picture-in-picture; web-share\" referrerpolicy=\"strict-origin-when-cross-origin\" allowfullscreen><\/iframe><\/div>\n<h3>Ventajas del reactor de vidrio<\/h3>\n<ul>\n<li>Vidrio de borosilicato<\/li>\n<li>Condensador de doble capa<\/li>\n<li>Bobina de cobre puro<\/li>\n<li>Convertidor de frecuencia<\/li>\n<li>Sistema de control inteligente<\/li>\n<li>Sistema de visualizaci\u00f3n digital inteligente<\/li>\n<\/ul>\n<figure id=\"attachment_519\" aria-describedby=\"caption-attachment-519\" style=\"width: 750px\" class=\"wp-caption aligncenter\"><img fetchpriority=\"high\" decoding=\"async\" class=\"size-full wp-image-519\" src=\"https:\/\/labonsale.com\/wp-content\/uploads\/2023\/09\/Glass-Reactor-Advantages.webp\" alt=\"Glass Reactor Advantages\" width=\"750\" height=\"1000\" srcset=\"https:\/\/labonsale.com\/wp-content\/uploads\/2023\/09\/Glass-Reactor-Advantages.webp 750w, https:\/\/labonsale.com\/wp-content\/uploads\/2023\/09\/Glass-Reactor-Advantages-600x800.webp 600w, https:\/\/labonsale.com\/wp-content\/uploads\/2023\/09\/Glass-Reactor-Advantages-225x300.webp 225w\" sizes=\"(max-width: 750px) 100vw, 750px\" \/><figcaption id=\"caption-attachment-519\" class=\"wp-caption-text\">Ventajas del reactor de vidrio<\/figcaption><\/figure>\n<p>Volver a\u00a0<a href=\"https:\/\/labonsale.com\/es\/\" data-type=\"page\" data-id=\"308\">p\u00e1gina principal<\/a><\/p>\n<p>Vea m\u00e1s sobre el reactor discontinuo en\u00a0<a href=\"https:\/\/en.wikipedia.org\/wiki\/Batch_reactor\" target=\"_blank\" rel=\"noopener\" data-type=\"URL\" data-id=\"https:\/\/en.wikipedia.org\/wiki\/Vacuum_drying\">Wikipedia<\/a><\/p>","protected":false},"excerpt":{"rendered":"<p>Nuestros reactores de vidrio ofrecen rendimiento, confiabilidad y versatilidad de primer nivel. Explore soluciones llave en mano para una eficiencia \u00f3ptima. Maximice sus experimentos con excelencia ahora.\ud83e\uddea\ud83d\udd25<\/p>\n<p>*Volumen: 1~200 litros<\/p>\n<p>*Disponibles en una sola capa, dos capas y tres capas<\/p>\n<p>*Elevaci\u00f3n manual\/Elevaci\u00f3n el\u00e9ctrica<\/p>\n<p>*Servicios personalizados<\/p>\n<p>*Vac\u00edo: 0.098MPa<\/p>\n<p>*Temperatura: -120\u2103~+350\u2103<\/p>\n<p><strong>Descarga del cat\u00e1logo:<\/strong><a href=\"https:\/\/labonsale.com\/wp-content\/uploads\/2024\/08\/Folleto-de-Labonsale-reactor-de-vidrio.pdf\" target=\"_blank\" rel=\"noopener\">Folleto del reactor de vidrio.pdf<\/a><\/p>","protected":false},"featured_media":515,"comment_status":"closed","ping_status":"closed","template":"","meta":{"neve_meta_sidebar":"","neve_meta_container":"","neve_meta_enable_content_width":"off","neve_meta_content_width":100,"neve_meta_title_alignment":"","neve_meta_author_avatar":"","neve_post_elements_order":"","neve_meta_disable_header":"","neve_meta_disable_footer":"","neve_meta_disable_title":""},"product_brand":[],"product_cat":[25],"product_tag":[38,48],"class_list":{"0":"post-509","1":"product","2":"type-product","3":"status-publish","4":"has-post-thumbnail","6":"product_cat-reaction-equipment","7":"product_tag-customized","8":"product_tag-oem-odm","10":"first","11":"instock","12":"shipping-taxable","13":"product-type-simple"},"_links":{"self":[{"href":"https:\/\/labonsale.com\/es\/wp-json\/wp\/v2\/product\/509","targetHints":{"allow":["GET"]}}],"collection":[{"href":"https:\/\/labonsale.com\/es\/wp-json\/wp\/v2\/product"}],"about":[{"href":"https:\/\/labonsale.com\/es\/wp-json\/wp\/v2\/types\/product"}],"replies":[{"embeddable":true,"href":"https:\/\/labonsale.com\/es\/wp-json\/wp\/v2\/comments?post=509"}],"version-history":[{"count":5,"href":"https:\/\/labonsale.com\/es\/wp-json\/wp\/v2\/product\/509\/revisions"}],"predecessor-version":[{"id":2741,"href":"https:\/\/labonsale.com\/es\/wp-json\/wp\/v2\/product\/509\/revisions\/2741"}],"wp:featuredmedia":[{"embeddable":true,"href":"https:\/\/labonsale.com\/es\/wp-json\/wp\/v2\/media\/515"}],"wp:attachment":[{"href":"https:\/\/labonsale.com\/es\/wp-json\/wp\/v2\/media?parent=509"}],"wp:term":[{"taxonomy":"product_brand","embeddable":true,"href":"https:\/\/labonsale.com\/es\/wp-json\/wp\/v2\/product_brand?post=509"},{"taxonomy":"product_cat","embeddable":true,"href":"https:\/\/labonsale.com\/es\/wp-json\/wp\/v2\/product_cat?post=509"},{"taxonomy":"product_tag","embeddable":true,"href":"https:\/\/labonsale.com\/es\/wp-json\/wp\/v2\/product_tag?post=509"}],"curies":[{"name":"wp","href":"https:\/\/api.w.org\/{rel}","templated":true}]}}