{"id":494,"date":"2023-09-03T03:23:48","date_gmt":"2023-09-03T03:23:48","guid":{"rendered":"https:\/\/labonsale.com\/?post_type=product&#038;p=494"},"modified":"2024-04-22T14:18:31","modified_gmt":"2024-04-22T14:18:31","slug":"horno-de-secado-al-vacio","status":"publish","type":"product","link":"https:\/\/labonsale.com\/es\/product\/vacuum-drying-oven\/","title":{"rendered":"HORNO DE SECADO AL VAC\u00cdO"},"content":{"rendered":"<p>El horno de secado al vac\u00edo encuentra una amplia aplicaci\u00f3n en diversos campos, incluidos bioqu\u00edmicos, ingenier\u00eda qu\u00edmica, productos farmac\u00e9uticos, atenci\u00f3n m\u00e9dica, salud p\u00fablica, investigaci\u00f3n cient\u00edfica agr\u00edcola y protecci\u00f3n del medio ambiente. Es particularmente adecuado para el secado r\u00e1pido y eficiente de materiales y componentes complejos sensibles al calor, f\u00e1cilmente descompuestos y f\u00e1cilmente oxidados. Adem\u00e1s, es muy eficaz para la desinfecci\u00f3n, esterilizaci\u00f3n y secado de diversos recipientes de vidrio.<\/p>\n<p>Dise\u00f1ado espec\u00edficamente para atender sustancias sensibles al calor, de f\u00e1cil descomposici\u00f3n y oxidaci\u00f3n, nuestro horno de secado al vac\u00edo utiliza secado a alta temperatura en condiciones de vac\u00edo. Esto reduce significativamente el punto de ebullici\u00f3n y la presi\u00f3n de vapor, creando un proceso de calentamiento sin polvo y sin turbulencias. El ambiente de secado suave facilita la recolecci\u00f3n, descarga y reutilizaci\u00f3n de los vapores de solventes. Adem\u00e1s, el entorno de gas inerte o libre de ox\u00edgeno garantiza que el almacenamiento, el calentamiento, las pruebas y el secado se realicen sin oxidaci\u00f3n, preservando la integridad de las muestras de prueba.<\/p>\n<figure id=\"attachment_1282\" aria-describedby=\"caption-attachment-1282\" style=\"width: 800px\" class=\"wp-caption aligncenter\"><img fetchpriority=\"high\" decoding=\"async\" class=\"size-full wp-image-1282\" src=\"https:\/\/labonsale.com\/wp-content\/uploads\/2023\/09\/Vacuum-Drying-Oven-Volume.webp\" alt=\"Volumen del horno de secado al vac\u00edo\" width=\"800\" height=\"539\" srcset=\"https:\/\/labonsale.com\/wp-content\/uploads\/2023\/09\/Vacuum-Drying-Oven-Volume.webp 800w, https:\/\/labonsale.com\/wp-content\/uploads\/2023\/09\/Vacuum-Drying-Oven-Volume-300x202.webp 300w, https:\/\/labonsale.com\/wp-content\/uploads\/2023\/09\/Vacuum-Drying-Oven-Volume-768x517.webp 768w, https:\/\/labonsale.com\/wp-content\/uploads\/2023\/09\/Vacuum-Drying-Oven-Volume-18x12.webp 18w, https:\/\/labonsale.com\/wp-content\/uploads\/2023\/09\/Vacuum-Drying-Oven-Volume-600x404.webp 600w\" sizes=\"(max-width: 800px) 100vw, 800px\" \/><figcaption id=\"caption-attachment-1282\" class=\"wp-caption-text\">Volumen del horno de secado al vac\u00edo<\/figcaption><\/figure>\n<p>Ofrecemos una selecci\u00f3n de hornos de secado al vac\u00edo que van desde 20 a 500 litros de capacidad, construidos con materiales como placa de hierro, acero inoxidable 201 y acero inoxidable 304. Nuestra l\u00ednea de productos incluye una variedad de opciones personalizables para satisfacer sus requisitos precisos. Estas opciones abarcan diversos tama\u00f1os de c\u00e1mara, par\u00e1metros de temperatura, sistemas de control y caracter\u00edsticas complementarias, todos dise\u00f1ados para adaptarse a sus demandas espec\u00edficas.<\/p>\n<table style=\"border-collapse: collapse; width: 462.02pt;\" border=\"0\" width=\"616\" cellspacing=\"0\" cellpadding=\"0\">\n<tbody>\n<tr style=\"height: 13.50pt;\">\n<td style=\"height: 13.50pt; width: 112.50pt;\" width=\"150\" height=\"18\">Volumen<\/td>\n<td style=\"width: 349.50pt;\" width=\"466\">25L, 50L, 90L, 215L, 500L, Personalizado<\/td>\n<\/tr>\n<tr style=\"height: 13.50pt;\">\n<td style=\"height: 13.50pt;\" height=\"18\">Material<\/td>\n<td>Placa de hierro, acero inoxidable 201, acero inoxidable 304.<\/td>\n<\/tr>\n<\/tbody>\n<\/table>\n<h3>Producto tiro Real<\/h3>\n<figure id=\"attachment_1279\" aria-describedby=\"caption-attachment-1279\" style=\"width: 800px\" class=\"wp-caption aligncenter\"><img decoding=\"async\" class=\"size-full wp-image-1279\" src=\"https:\/\/labonsale.com\/wp-content\/uploads\/2023\/09\/Vacuum-Drying-Oven-1.webp\" alt=\"HORNO DE SECADO AL VAC\u00cdO\" width=\"800\" height=\"800\" srcset=\"https:\/\/labonsale.com\/wp-content\/uploads\/2023\/09\/Vacuum-Drying-Oven-1.webp 800w, https:\/\/labonsale.com\/wp-content\/uploads\/2023\/09\/Vacuum-Drying-Oven-1-300x300.webp 300w, https:\/\/labonsale.com\/wp-content\/uploads\/2023\/09\/Vacuum-Drying-Oven-1-150x150.webp 150w, https:\/\/labonsale.com\/wp-content\/uploads\/2023\/09\/Vacuum-Drying-Oven-1-768x768.webp 768w, https:\/\/labonsale.com\/wp-content\/uploads\/2023\/09\/Vacuum-Drying-Oven-1-12x12.webp 12w, https:\/\/labonsale.com\/wp-content\/uploads\/2023\/09\/Vacuum-Drying-Oven-1-600x600.webp 600w, https:\/\/labonsale.com\/wp-content\/uploads\/2023\/09\/Vacuum-Drying-Oven-1-100x100.webp 100w\" sizes=\"(max-width: 800px) 100vw, 800px\" \/><figcaption id=\"caption-attachment-1279\" class=\"wp-caption-text\">HORNO DE SECADO AL VAC\u00cdO<\/figcaption><\/figure>\n<figure id=\"attachment_1280\" aria-describedby=\"caption-attachment-1280\" style=\"width: 800px\" class=\"wp-caption aligncenter\"><img decoding=\"async\" class=\"size-full wp-image-1280\" src=\"https:\/\/labonsale.com\/wp-content\/uploads\/2023\/09\/Vacuum-Drying-Oven3.webp\" alt=\"Vacuum Drying Oven(3)\" width=\"800\" height=\"800\" srcset=\"https:\/\/labonsale.com\/wp-content\/uploads\/2023\/09\/Vacuum-Drying-Oven3.webp 800w, https:\/\/labonsale.com\/wp-content\/uploads\/2023\/09\/Vacuum-Drying-Oven3-300x300.webp 300w, https:\/\/labonsale.com\/wp-content\/uploads\/2023\/09\/Vacuum-Drying-Oven3-150x150.webp 150w, https:\/\/labonsale.com\/wp-content\/uploads\/2023\/09\/Vacuum-Drying-Oven3-768x768.webp 768w, https:\/\/labonsale.com\/wp-content\/uploads\/2023\/09\/Vacuum-Drying-Oven3-12x12.webp 12w, https:\/\/labonsale.com\/wp-content\/uploads\/2023\/09\/Vacuum-Drying-Oven3-600x600.webp 600w, https:\/\/labonsale.com\/wp-content\/uploads\/2023\/09\/Vacuum-Drying-Oven3-100x100.webp 100w\" sizes=\"(max-width: 800px) 100vw, 800px\" \/><figcaption id=\"caption-attachment-1280\" class=\"wp-caption-text\">HORNO DE SECADO AL VAC\u00cdO<\/figcaption><\/figure>\n<figure id=\"attachment_1278\" aria-describedby=\"caption-attachment-1278\" style=\"width: 800px\" class=\"wp-caption aligncenter\"><img loading=\"lazy\" decoding=\"async\" class=\"size-full wp-image-1278\" src=\"https:\/\/labonsale.com\/wp-content\/uploads\/2023\/09\/Vacuum-Drying-Oven1.webp\" alt=\"Vacuum Drying Oven(1)\" width=\"800\" height=\"800\" srcset=\"https:\/\/labonsale.com\/wp-content\/uploads\/2023\/09\/Vacuum-Drying-Oven1.webp 800w, https:\/\/labonsale.com\/wp-content\/uploads\/2023\/09\/Vacuum-Drying-Oven1-300x300.webp 300w, https:\/\/labonsale.com\/wp-content\/uploads\/2023\/09\/Vacuum-Drying-Oven1-150x150.webp 150w, https:\/\/labonsale.com\/wp-content\/uploads\/2023\/09\/Vacuum-Drying-Oven1-768x768.webp 768w, https:\/\/labonsale.com\/wp-content\/uploads\/2023\/09\/Vacuum-Drying-Oven1-12x12.webp 12w, https:\/\/labonsale.com\/wp-content\/uploads\/2023\/09\/Vacuum-Drying-Oven1-600x600.webp 600w, https:\/\/labonsale.com\/wp-content\/uploads\/2023\/09\/Vacuum-Drying-Oven1-100x100.webp 100w\" sizes=\"(max-width: 800px) 100vw, 800px\" \/><figcaption id=\"caption-attachment-1278\" class=\"wp-caption-text\">HORNO DE SECADO AL VAC\u00cdO<\/figcaption><\/figure>\n<figure id=\"attachment_1281\" aria-describedby=\"caption-attachment-1281\" style=\"width: 800px\" class=\"wp-caption aligncenter\"><img loading=\"lazy\" decoding=\"async\" class=\"size-full wp-image-1281\" src=\"https:\/\/labonsale.com\/wp-content\/uploads\/2023\/09\/Vacuum-Drying-Oven-Hole.webp\" alt=\"Orificio del horno de secado al vac\u00edo\" width=\"800\" height=\"800\" srcset=\"https:\/\/labonsale.com\/wp-content\/uploads\/2023\/09\/Vacuum-Drying-Oven-Hole.webp 800w, https:\/\/labonsale.com\/wp-content\/uploads\/2023\/09\/Vacuum-Drying-Oven-Hole-300x300.webp 300w, https:\/\/labonsale.com\/wp-content\/uploads\/2023\/09\/Vacuum-Drying-Oven-Hole-150x150.webp 150w, https:\/\/labonsale.com\/wp-content\/uploads\/2023\/09\/Vacuum-Drying-Oven-Hole-768x768.webp 768w, https:\/\/labonsale.com\/wp-content\/uploads\/2023\/09\/Vacuum-Drying-Oven-Hole-12x12.webp 12w, https:\/\/labonsale.com\/wp-content\/uploads\/2023\/09\/Vacuum-Drying-Oven-Hole-600x600.webp 600w, https:\/\/labonsale.com\/wp-content\/uploads\/2023\/09\/Vacuum-Drying-Oven-Hole-100x100.webp 100w\" sizes=\"(max-width: 800px) 100vw, 800px\" \/><figcaption id=\"caption-attachment-1281\" class=\"wp-caption-text\">Orificio del horno de secado al vac\u00edo<\/figcaption><\/figure>\n<h3>Componente del producto <strong>del horno de secado al vac\u00edo<\/strong><\/h3>\n<figure id=\"attachment_1276\" aria-describedby=\"caption-attachment-1276\" style=\"width: 800px\" class=\"wp-caption aligncenter\"><img loading=\"lazy\" decoding=\"async\" class=\"size-full wp-image-1276\" src=\"https:\/\/labonsale.com\/wp-content\/uploads\/2023\/09\/Vacuum-Drying-Oven-Parts.webp\" alt=\"Vacuum Drying Oven Parts\" width=\"800\" height=\"750\" srcset=\"https:\/\/labonsale.com\/wp-content\/uploads\/2023\/09\/Vacuum-Drying-Oven-Parts.webp 800w, https:\/\/labonsale.com\/wp-content\/uploads\/2023\/09\/Vacuum-Drying-Oven-Parts-300x281.webp 300w, https:\/\/labonsale.com\/wp-content\/uploads\/2023\/09\/Vacuum-Drying-Oven-Parts-768x720.webp 768w, https:\/\/labonsale.com\/wp-content\/uploads\/2023\/09\/Vacuum-Drying-Oven-Parts-13x12.webp 13w, https:\/\/labonsale.com\/wp-content\/uploads\/2023\/09\/Vacuum-Drying-Oven-Parts-600x563.webp 600w\" sizes=\"(max-width: 800px) 100vw, 800px\" \/><figcaption id=\"caption-attachment-1276\" class=\"wp-caption-text\">Componente del horno de secado al vac\u00edo<\/figcaption><\/figure>\n<p>Nuestro horno de secado al vac\u00edo es una soluci\u00f3n de secado de \u00faltima generaci\u00f3n dise\u00f1ada para satisfacer las exigentes necesidades de las industrias que requieren procesos de secado eficientes y precisos. Con tecnolog\u00eda avanzada y una artesan\u00eda meticulosa, este horno ofrece un rendimiento superior, una calidad de producto excepcional y una confiabilidad inigualable.<\/p>\n<h3><strong>Caracter\u00edsticas clave<\/strong> y<strong> Tecnolog\u00edas<\/strong><\/h3>\n<p>Control preciso de la temperatura:<br \/>\nNuestros hornos de secado al vac\u00edo utilizan sistemas de control de temperatura de \u00faltima generaci\u00f3n, lo que permite a los usuarios establecer y mantener temperaturas de secado precisas con fluctuaciones m\u00ednimas. Esto garantiza resultados de secado consistentes y confiables, incluso para materiales sensibles al calor.<\/p>\n<p>Calefacci\u00f3n uniforme:<br \/>\nPara lograr una distribuci\u00f3n uniforme del calor, nuestros hornos de secado al vac\u00edo emplean elementos calefactores y sistemas de circulaci\u00f3n de aire avanzados. Esta caracter\u00edstica de dise\u00f1o garantiza un secado homog\u00e9neo en toda la c\u00e1mara, eliminando el riesgo de puntos calientes y garantizando una calidad uniforme del producto.<\/p>\n<p>Sistema de vac\u00edo:<br \/>\nEl sistema de vac\u00edo integral en nuestros hornos permite un control preciso sobre el ambiente de secado. Al reducir la presi\u00f3n, los compuestos vol\u00e1tiles pueden evaporarse a temperaturas m\u00e1s bajas, preservando la integridad y las propiedades de los materiales que se secan.<\/p>\n<p>Funciones de seguridad:<br \/>\nPriorizamos la seguridad de nuestros usuarios y sus operaciones. Nuestros hornos de secado al vac\u00edo est\u00e1n equipados con m\u00faltiples caracter\u00edsticas de seguridad, como v\u00e1lvulas autom\u00e1ticas de liberaci\u00f3n de presi\u00f3n, protecci\u00f3n contra sobrecalentamiento y bloqueos de puertas, lo que garantiza procesos de secado seguros.<\/p>\n<h3>Beneficios de los hornos de secado al vac\u00edo:<\/h3>\n<p>Calidad mejorada del producto:<br \/>\nLas condiciones de baja temperatura y presi\u00f3n reducida en nuestros hornos de secado al vac\u00edo minimizan el estr\u00e9s t\u00e9rmico y previenen la oxidaci\u00f3n, lo que resulta en una mayor calidad del producto. Esto es especialmente cr\u00edtico para materiales delicados o sensibles, productos farmac\u00e9uticos, componentes electr\u00f3nicos y sustancias sensibles al calor.<br \/>\nTiempos de secado m\u00e1s r\u00e1pidos:<br \/>\ndebido al punto de ebullici\u00f3n reducido del agua en condiciones de vac\u00edo, nuestros hornos pueden acortar significativamente los tiempos de secado en comparaci\u00f3n con los m\u00e9todos de secado tradicionales. Esta mayor eficiencia se traduce en una mayor productividad y un menor consumo de energ\u00eda.<\/p>\n<p>Aplicaciones vers\u00e1tiles:<br \/>\nNuestros hornos de secado al vac\u00edo encuentran aplicaciones en diversas industrias. Son ideales para secar materiales sensibles al calor, como pol\u00edmeros, productos farmac\u00e9uticos, componentes electr\u00f3nicos y productos alimenticios. Adem\u00e1s, se utilizan en laboratorios de investigaci\u00f3n, instalaciones de fabricaci\u00f3n y departamentos de control de calidad.<\/p>\n<p>Costo y eficiencia energ\u00e9tica:<br \/>\nAl emplear tecnolog\u00edas de secado avanzadas, nuestros hornos de secado al vac\u00edo ofrecen excelente costo y eficiencia energ\u00e9tica. Los tiempos de secado reducidos y las temperaturas de funcionamiento m\u00e1s bajas contribuyen al ahorro de energ\u00eda, mientras que la calidad mejorada del producto reduce la necesidad de retrabajo o desperdicio, lo que lleva a la optimizaci\u00f3n de costos.<\/p>\n<p>Opciones de personalizaci\u00f3n:<br \/>\nentendemos que cada industria y aplicaci\u00f3n tiene requisitos \u00fanicos. Por lo tanto, ofrecemos una gama de opciones de personalizaci\u00f3n para nuestros hornos de secado al vac\u00edo. Estos incluyen diferentes tama\u00f1os de c\u00e1mara, rangos de temperatura, sistemas de control y caracter\u00edsticas adicionales adaptadas a sus necesidades espec\u00edficas.<\/p>\n<p>Garant\u00eda y servicio posventa:<br \/>\nestamos comprometidos a brindar soporte y servicio al cliente de primer nivel. Todos nuestros hornos de secado al vac\u00edo cuentan con garant\u00eda integral, lo que garantiza su tranquilidad. Adem\u00e1s, nuestro equipo t\u00e9cnico experimentado est\u00e1 disponible para ayudar con la instalaci\u00f3n, la capacitaci\u00f3n, el mantenimiento y la resoluci\u00f3n de problemas, garantizando operaciones fluidas e ininterrumpidas.<\/p>\n<p>Volver a\u00a0<a href=\"https:\/\/labonsale.com\/es\/\" data-type=\"page\" data-id=\"308\">p\u00e1gina principal<\/a><\/p>\n<p>Vea m\u00e1s sobre el secado al vac\u00edo en\u00a0<a href=\"https:\/\/en.wikipedia.org\/wiki\/Vacuum_drying\" target=\"_blank\" rel=\"noopener\" data-type=\"URL\" data-id=\"https:\/\/en.wikipedia.org\/wiki\/Vacuum_drying\">Wikipedia<\/a><\/p>","protected":false},"excerpt":{"rendered":"<p>Experimente un rendimiento de secado superior y una calidad excepcional del producto con nuestro avanzado horno de secado al vac\u00edo, la soluci\u00f3n ideal para procesos de secado eficientes y confiables. Eleve sus procesos de secado a nuevos niveles de precisi\u00f3n y calidad.<\/p>\n<p>Volumen: 25L, 50L, 90L, 215L, 500L, personalizado<\/p>\n<p>Material: placa de hierro, acero inoxidable 201, acero inoxidable 304<\/p>","protected":false},"featured_media":1289,"comment_status":"closed","ping_status":"closed","template":"","meta":{"neve_meta_sidebar":"","neve_meta_container":"","neve_meta_enable_content_width":"off","neve_meta_content_width":100,"neve_meta_title_alignment":"","neve_meta_author_avatar":"","neve_post_elements_order":"","neve_meta_disable_header":"","neve_meta_disable_footer":"","neve_meta_disable_title":""},"product_brand":[],"product_cat":[23],"product_tag":[38,37,35],"class_list":{"0":"post-494","1":"product","2":"type-product","3":"status-publish","4":"has-post-thumbnail","6":"product_cat-drying-equipment","7":"product_tag-customized","8":"product_tag-from-20l-to-500l","9":"product_tag-high-quality","11":"first","12":"instock","13":"shipping-taxable","14":"product-type-simple"},"_links":{"self":[{"href":"https:\/\/labonsale.com\/es\/wp-json\/wp\/v2\/product\/494","targetHints":{"allow":["GET"]}}],"collection":[{"href":"https:\/\/labonsale.com\/es\/wp-json\/wp\/v2\/product"}],"about":[{"href":"https:\/\/labonsale.com\/es\/wp-json\/wp\/v2\/types\/product"}],"replies":[{"embeddable":true,"href":"https:\/\/labonsale.com\/es\/wp-json\/wp\/v2\/comments?post=494"}],"version-history":[{"count":1,"href":"https:\/\/labonsale.com\/es\/wp-json\/wp\/v2\/product\/494\/revisions"}],"predecessor-version":[{"id":1273,"href":"https:\/\/labonsale.com\/es\/wp-json\/wp\/v2\/product\/494\/revisions\/1273"}],"wp:featuredmedia":[{"embeddable":true,"href":"https:\/\/labonsale.com\/es\/wp-json\/wp\/v2\/media\/1289"}],"wp:attachment":[{"href":"https:\/\/labonsale.com\/es\/wp-json\/wp\/v2\/media?parent=494"}],"wp:term":[{"taxonomy":"product_brand","embeddable":true,"href":"https:\/\/labonsale.com\/es\/wp-json\/wp\/v2\/product_brand?post=494"},{"taxonomy":"product_cat","embeddable":true,"href":"https:\/\/labonsale.com\/es\/wp-json\/wp\/v2\/product_cat?post=494"},{"taxonomy":"product_tag","embeddable":true,"href":"https:\/\/labonsale.com\/es\/wp-json\/wp\/v2\/product_tag?post=494"}],"curies":[{"name":"wp","href":"https:\/\/api.w.org\/{rel}","templated":true}]}}