{"id":1913,"date":"2024-04-10T04:13:30","date_gmt":"2024-04-10T04:13:30","guid":{"rendered":"https:\/\/labonsale.com\/?post_type=product&#038;p=1913"},"modified":"2024-04-28T06:48:12","modified_gmt":"2024-04-28T06:48:12","slug":"enfriador","status":"publish","type":"product","link":"https:\/\/labonsale.com\/es\/product\/chiller\/","title":{"rendered":"enfriador"},"content":{"rendered":"<p>Labonsale se especializa en la fabricaci\u00f3n de equipos de extracci\u00f3n, incluidos sistemas de refrigeraci\u00f3n que proporcionan una fuente de fr\u00edo constante para equipos de laboratorio. Estos enfriadores utilizan refrigeraci\u00f3n mec\u00e1nica y se utilizan en diversas industrias, como la farmac\u00e9utica, el procesamiento de alimentos, la metalurgia, la investigaci\u00f3n cient\u00edfica, la ingenier\u00eda gen\u00e9tica y la ingenier\u00eda de pol\u00edmeros, donde es esencial mantener bajas temperaturas.<\/p>\n<h2>\u00bfQU\u00c9 ES UN ENFRIADOR?<\/h2>\n<p>Un enfriador industrial sirve como un componente crucial en numerosos entornos industriales, ya que facilita el control de la temperatura de la maquinaria, los entornos industriales y los fluidos de proceso al extraer el calor del sistema y disiparlo en otros lugares. Su funcionalidad depende del principio de refrigeraci\u00f3n, en el que el calor se transfiere desde un refrigerante l\u00edquido a trav\u00e9s de varios ciclos, como compresi\u00f3n de vapor, refrigeraci\u00f3n por absorci\u00f3n o refrigeraci\u00f3n por adsorci\u00f3n.<\/p>\n<p>El proceso implica hacer circular el l\u00edquido enfriado a trav\u00e9s de un intercambiador de calor para regular las temperaturas de los equipos u otras corrientes de proceso como el aire o el agua. Es imperativo gestionar el calor residual generado durante la refrigeraci\u00f3n, ya sea expuls\u00e1ndolo al ambiente o, para mejorar la eficiencia, recuper\u00e1ndolo para fines de calefacci\u00f3n. Los enfriadores por compresi\u00f3n de vapor emplean diferentes tipos de compresores, como compresores scroll herm\u00e9ticos, de tornillo semiherm\u00e9ticos o centr\u00edfugos, mientras que el lado de condensaci\u00f3n se puede enfriar con aire o agua. En muchos casos, incluso los enfriadores enfriados por agua utilizan torres de enfriamiento de tiro inducido o forzado para enfriar.<\/p>\n<p>Los enfriadores de absorci\u00f3n y adsorci\u00f3n necesitan una fuente de calor para funcionar de forma eficaz. El agua enfriada derivada de estos sistemas encuentra una amplia aplicaci\u00f3n en la refrigeraci\u00f3n y deshumidificaci\u00f3n del aire en instalaciones comerciales, industriales e institucionales de medianas y grandes dimensiones. Los enfriadores enfriados por agua pueden utilizar refrigeraci\u00f3n l\u00edquida a trav\u00e9s de torres de enfriamiento, enfriamiento por aire o enfriamiento por evaporaci\u00f3n, lo que ofrece eficiencia y beneficios ambientales sobre las alternativas enfriadas por aire.<\/p>\n<h2>COMPONENTES PRINCIPALES DEL SISTEMA DE ENFRIAMIENTO DEL ENFRIADOR<\/h2>\n<p>Las enfriadoras se componen de cuatro componentes esenciales: un evaporador, un compresor, un condensador y una unidad de expansi\u00f3n. Cada sistema de refrigeraci\u00f3n tambi\u00e9n incluye un refrigerante.<\/p>\n<p>El proceso comienza cuando el refrigerante a baja presi\u00f3n ingresa al evaporador, donde absorbe calor y sufre un cambio de fase a gas. Luego, el gas pasa al compresor, que aumenta su presi\u00f3n.<\/p>\n<p>El refrigerante a alta presi\u00f3n viaja al condensador, donde libera calor al agua de refrigeraci\u00f3n desde una torre o el aire circundante, condens\u00e1ndose en un l\u00edquido a alta presi\u00f3n. Este l\u00edquido luego fluye hacia la unidad de expansi\u00f3n, donde una v\u00e1lvula regula su flujo, reduciendo la presi\u00f3n e iniciando nuevamente el proceso de enfriamiento.<\/p>\n<p>Esta secuencia de eventos constituye el ciclo de refrigeraci\u00f3n, esencial para el funcionamiento del enfriador.<\/p>\n<ol>\n<li>Serpent\u00edn de enfriamiento: Construido en acero inoxidable 304 para brindar propiedades anticorrosi\u00f3n y f\u00e1cil mantenimiento.<\/li>\n<li>Condensador: Elimina el calor del refrigerante haciendo circular agua o soplando aire fr\u00edo sobre la tuber\u00eda del condensador.<\/li>\n<li>Separador de aceite: Esencial para separar el aceite lubricante del vapor a alta presi\u00f3n, garantizando un funcionamiento seguro y eficiente. Adem\u00e1s, absorbe agua, filtra impurezas y mantiene la integridad del sistema de tuber\u00edas.<\/li>\n<li>Compresor: El compresor eleva el gas de baja presi\u00f3n a gas de alta presi\u00f3n, impulsando el ciclo de refrigeraci\u00f3n y facilitando el enfriamiento del proceso al crear el gradiente de presi\u00f3n requerido. La regulaci\u00f3n del caudal se logra ajustando el sobrecalentamiento en el extremo del evaporador.<\/li>\n<li>Intercambiador de calor de placas: ofrece alta eficiencia de intercambio de calor, m\u00ednima p\u00e9rdida de calor, estructura compacta y liviana y vida \u00fatil prolongada. Filtro secador: responsable de absorber agua y filtrar impurezas, asegurando el flujo continuo del sistema de tuber\u00edas.<\/li>\n<li>Evaporador: El evaporador, ubicado entre la v\u00e1lvula de expansi\u00f3n y el condensador, funciona para absorber el calor de los procesos asociados y transferirlo al refrigerante en circulaci\u00f3n. Posteriormente, el refrigerante se dirige a una torre de enfriamiento o a un sistema enfriado por aire, seg\u00fan la configuraci\u00f3n del enfriador.<\/li>\n<li>V\u00e1lvula de expansi\u00f3n t\u00e9rmica: La v\u00e1lvula de expansi\u00f3n t\u00e9rmica expande el refrigerante a una presi\u00f3n m\u00e1s baja, mejorando la eliminaci\u00f3n de calor del evaporador.<\/li>\n<\/ol>\n<h2>DETALLES<\/h2>\n<figure id=\"attachment_1941\" aria-describedby=\"caption-attachment-1941\" style=\"width: 800px\" class=\"wp-caption aligncenter\"><img fetchpriority=\"high\" decoding=\"async\" class=\"size-full wp-image-1941\" src=\"https:\/\/labonsale.com\/wp-content\/uploads\/2024\/04\/Chiller-Details.webp\" alt=\"Detalles del enfriador\" width=\"800\" height=\"800\" srcset=\"https:\/\/labonsale.com\/wp-content\/uploads\/2024\/04\/Chiller-Details.webp 800w, https:\/\/labonsale.com\/wp-content\/uploads\/2024\/04\/Chiller-Details-300x300.webp 300w, https:\/\/labonsale.com\/wp-content\/uploads\/2024\/04\/Chiller-Details-150x150.webp 150w, https:\/\/labonsale.com\/wp-content\/uploads\/2024\/04\/Chiller-Details-768x768.webp 768w, https:\/\/labonsale.com\/wp-content\/uploads\/2024\/04\/Chiller-Details-12x12.webp 12w, https:\/\/labonsale.com\/wp-content\/uploads\/2024\/04\/Chiller-Details-600x600.webp 600w, https:\/\/labonsale.com\/wp-content\/uploads\/2024\/04\/Chiller-Details-100x100.webp 100w\" sizes=\"(max-width: 800px) 100vw, 800px\" \/><figcaption id=\"caption-attachment-1941\" class=\"wp-caption-text\">Detalles del enfriador<\/figcaption><\/figure>\n<figure id=\"attachment_1939\" aria-describedby=\"caption-attachment-1939\" style=\"width: 800px\" class=\"wp-caption aligncenter\"><img decoding=\"async\" class=\"wp-image-1939 size-full\" src=\"https:\/\/labonsale.com\/wp-content\/uploads\/2024\/04\/Chiller-High-Precision-Micro-Computer-Control.webp\" alt=\"Control por microcomputadora de alta precisi\u00f3n de enfriadoras\" width=\"800\" height=\"752\" srcset=\"https:\/\/labonsale.com\/wp-content\/uploads\/2024\/04\/Chiller-High-Precision-Micro-Computer-Control.webp 800w, https:\/\/labonsale.com\/wp-content\/uploads\/2024\/04\/Chiller-High-Precision-Micro-Computer-Control-300x282.webp 300w, https:\/\/labonsale.com\/wp-content\/uploads\/2024\/04\/Chiller-High-Precision-Micro-Computer-Control-768x722.webp 768w, https:\/\/labonsale.com\/wp-content\/uploads\/2024\/04\/Chiller-High-Precision-Micro-Computer-Control-13x12.webp 13w, https:\/\/labonsale.com\/wp-content\/uploads\/2024\/04\/Chiller-High-Precision-Micro-Computer-Control-600x564.webp 600w\" sizes=\"(max-width: 800px) 100vw, 800px\" \/><figcaption id=\"caption-attachment-1939\" class=\"wp-caption-text\">Control por microcomputadora de alta precisi\u00f3n de enfriadoras<\/figcaption><\/figure>\n<figure id=\"attachment_1940\" aria-describedby=\"caption-attachment-1940\" style=\"width: 800px\" class=\"wp-caption aligncenter\"><img decoding=\"async\" class=\"size-full wp-image-1940\" src=\"https:\/\/labonsale.com\/wp-content\/uploads\/2024\/04\/High-Quality-Chiller-Spare-Parts.webp\" alt=\"Repuestos para enfriadores de alta calidad\" width=\"800\" height=\"800\" srcset=\"https:\/\/labonsale.com\/wp-content\/uploads\/2024\/04\/High-Quality-Chiller-Spare-Parts.webp 800w, https:\/\/labonsale.com\/wp-content\/uploads\/2024\/04\/High-Quality-Chiller-Spare-Parts-300x300.webp 300w, https:\/\/labonsale.com\/wp-content\/uploads\/2024\/04\/High-Quality-Chiller-Spare-Parts-150x150.webp 150w, https:\/\/labonsale.com\/wp-content\/uploads\/2024\/04\/High-Quality-Chiller-Spare-Parts-768x768.webp 768w, https:\/\/labonsale.com\/wp-content\/uploads\/2024\/04\/High-Quality-Chiller-Spare-Parts-12x12.webp 12w, https:\/\/labonsale.com\/wp-content\/uploads\/2024\/04\/High-Quality-Chiller-Spare-Parts-600x600.webp 600w, https:\/\/labonsale.com\/wp-content\/uploads\/2024\/04\/High-Quality-Chiller-Spare-Parts-100x100.webp 100w\" sizes=\"(max-width: 800px) 100vw, 800px\" \/><figcaption id=\"caption-attachment-1940\" class=\"wp-caption-text\">Repuestos para enfriadores de alta calidad<\/figcaption><\/figure>\n<h2>VENTAJAS Y CARACTER\u00cdSTICAS DEL SISTEMA DE ENFRIAMIENTO DEL CHILLER<\/h2>\n<ol>\n<li>Eficiencia energ\u00e9tica: durante el verano y en condiciones de alta temperatura ambiente, el sistema enfriador de agua de refrigeraci\u00f3n facilita el reciclaje de agua dentro del circuito del sistema, conservando importantes recursos h\u00eddricos.<\/li>\n<li>Eficiencia mejorada: una sola unidad enfriadora de enfriamiento puede satisfacer los requisitos de enfriamiento de m\u00faltiples dispositivos externos simult\u00e1neamente, lo que garantiza un suministro continuo de fuentes de agua de temperatura constante y baja, lo que la hace ideal para experimentos de condensaci\u00f3n.<\/li>\n<li>Precisi\u00f3n de temperatura: Equipado con tecnolog\u00eda de control de temperatura PID y un sensor PT100 incorporado, el sistema enfriador de enfriamiento garantiza una alta precisi\u00f3n de control de temperatura. Adem\u00e1s, cuenta con pantalla digital de temperatura para un funcionamiento intuitivo.<\/li>\n<li>Garant\u00eda de seguridad: el sistema enfriador de refrigeraci\u00f3n incorpora funcionalidad de autodiagn\u00f3stico junto con protecci\u00f3n contra sobrecarga, lo que garantiza altos niveles de seguridad durante el funcionamiento.<\/li>\n<li>Compatibilidad vers\u00e1til: con la capacidad de combinarse con una variedad de instrumentos como evaporadores rotativos, reactores de vidrio, tanques de fermentaci\u00f3n, equipos de liofilizaci\u00f3n y reactores biofarmac\u00e9uticos, el sistema de enfriamiento ofrece una excelente compatibilidad.<\/li>\n<\/ol>\n<h2>Aplicaciones<\/h2>\n<p>Como fabricante l\u00edder de enfriadoras, nuestros sistemas encuentran aplicaci\u00f3n en varios sectores, entre ellos:<\/p>\n<ul>\n<li>Instrumentos Anal\u00edticos: Espectr\u00f3metros de absorci\u00f3n at\u00f3mica, espectr\u00f3metros de masas, polar\u00edmetros.<\/li>\n<li>Equipo experimental cient\u00edfico: evaporadores rotativos de bomba molecular, destiladores, dispositivos de fermentaci\u00f3n, l\u00e1seres y dispositivos de creaci\u00f3n r\u00e1pida de prototipos met\u00e1licos.<\/li>\n<li>Campo Bioqu\u00edmico: Refract\u00f3metros de Abbe, espectr\u00f3metros de absorci\u00f3n at\u00f3mica, ICP-MS, ICP, espectr\u00f3metros de resonancia magn\u00e9tica nuclear (RMN), c\u00e1maras CCD, fermentadores biol\u00f3gicos y reactores qu\u00edmicos (sintetizadores).<\/li>\n<li>Campo de material: microscopios electr\u00f3nicos, m\u00e1quinas de difracci\u00f3n de rayos X (XRD), espectr\u00f3metros de fluorescencia de rayos X (XRF), equipos de recubrimiento por pulverizaci\u00f3n cat\u00f3dica al vac\u00edo, sistemas de grabado ICP y diversos equipos semiconductores.<\/li>\n<li>Campo m\u00e9dico: m\u00e1quinas de resonancia magn\u00e9tica (MRI) superconductoras, aceleradores lineales, esc\u00e1neres de CT, m\u00e1quinas de NMR de bajo campo magn\u00e9tico, m\u00e1quinas de rayos X, m\u00e1quinas de terapia con microondas y equipos de enfriamiento m\u00e9dico como gorros y mantas de enfriamiento.<\/li>\n<li>Campos f\u00edsicos y qu\u00edmicos: l\u00e1seres, campos magn\u00e9ticos, bombas diversas (bombas moleculares, bombas de difusi\u00f3n, bombas de iones) y equipos de refrigeraci\u00f3n por agua.<\/li>\n<\/ul>\n<h2>PRINCIPIOS DE TRABAJO<\/h2>\n<ul>\n<li>Cambio de fase: el refrigerante l\u00edquido sufre un cambio de fase a gas cuando se calienta y vuelve a l\u00edquido cuando se sobreenfr\u00eda.<\/li>\n<li>Flujo de calor: la energ\u00eda t\u00e9rmica se mueve naturalmente desde \u00e1reas de alta concentraci\u00f3n a \u00e1reas de menor concentraci\u00f3n.<\/li>\n<li>Punto de ebullici\u00f3n: El punto de ebullici\u00f3n de un l\u00edquido disminuye al reducir la presi\u00f3n y aumenta al aumentar la presi\u00f3n.<\/li>\n<\/ul>\n<h2>\u00bfC\u00d3MO FUNCIONA UN ENFRIADOR?<\/h2>\n<p>Los enfriadores industriales funcionan seg\u00fan dos principios fundamentales: absorci\u00f3n de calor y compresi\u00f3n de vapor.<\/p>\n<p>Las enfriadoras de absorci\u00f3n de calor utilizan intercambiadores de calor para extraer el calor de los procesos y disiparlo externamente. Estos intercambiadores de calor suelen consistir en tuber\u00edas que contienen fluidos refrigerantes como aire, agua o una mezcla.<\/p>\n<p>Los enfriadores por compresi\u00f3n de vapor, por otro lado, hacen circular refrigerante a trav\u00e9s de procesos que requieren enfriamiento. Esto extrae calor de los procesos hacia el refrigerante, que luego circula a un sistema de refrigerante para enfriarlo y prepararlo para el siguiente ciclo de enfriamiento.<\/p>\n<h2>Instrucciones de operaci\u00f3n<\/h2>\n<ul>\n<li>Aseg\u00farese de que el enfriador est\u00e9 colocado en un ambiente seco y bien ventilado, con un espacio libre de al menos 30 cm a su alrededor para evitar obstrucciones.<\/li>\n<li>Antes de la operaci\u00f3n, llene el tanque encima de la bomba de circulaci\u00f3n de refrigerante de baja temperatura con el medio l\u00edquido apropiado.<\/li>\n<li>Aseg\u00farese de que la fuente de alimentaci\u00f3n conectada al enfriador cumpla o supere los requisitos de energ\u00eda total del equipo. Adem\u00e1s, una conexi\u00f3n a tierra adecuada es esencial para el funcionamiento seguro y estable del equipo.<\/li>\n<li>Al activar el interruptor de refrigeraci\u00f3n, espere un retraso de tres minutos antes de que el compresor comience a funcionar.<\/li>\n<li>Durante el funcionamiento del enfriador, respete las especificaciones de uso de temperatura y evite el contacto directo con el tanque para evitar la congelaci\u00f3n.<\/li>\n<li>Cuando utilice circulaci\u00f3n externa, inspeccione meticulosamente y asegure las conexiones de las tuber\u00edas para evitar desprendimientos y posibles fugas.<\/li>\n<li>Despu\u00e9s de completar los experimentos, apague secuencialmente el interruptor de la bomba de circulaci\u00f3n, el interruptor de refrigeraci\u00f3n y el interruptor de encendido de los instrumentos que requieren refrigeraci\u00f3n. Posteriormente, desactive el interruptor de seguridad y desconecte el enchufe de alimentaci\u00f3n.<\/li>\n<li>Si la enfriadora no se utilizar\u00e1 durante un per\u00edodo prolongado, se recomienda drenar el refrigerante y enjuagar el sistema con agua limpia.<\/li>\n<li>Controle peri\u00f3dicamente el nivel de l\u00edquido en el tanque y rell\u00e9nelo r\u00e1pidamente seg\u00fan sea necesario para evitar el funcionamiento del equipo sin suficiente refrigerante.<\/li>\n<\/ul>\n<p>&nbsp;<\/p>\n<p>&nbsp;<\/p>\n<p>Para instalaciones que emplean fluidos de proceso o maquinaria pesada, la utilizaci\u00f3n de un sistema de enfriamiento industrial se vuelve imperativo para regular las temperaturas dentro de los procesos y componentes de la m\u00e1quina. Obtener informaci\u00f3n sobre los mecanismos operativos de los enfriadores industriales y explorar la amplia gama de tipos de enfriadores disponibles facilita la toma de decisiones informadas adaptadas a los requisitos de refrigeraci\u00f3n espec\u00edficos.<\/p>\n<p>&nbsp;<\/p>\n<p>Volver a\u00a0<a href=\"https:\/\/labonsale.com\/es\/\">p\u00e1gina principal<\/a><\/p>\n<p>Ver m\u00e1s sobre Chiller en <a href=\"https:\/\/en.wikipedia.org\/wiki\/Chiller\" target=\"_blank\" rel=\"noopener\">Wikipedia<\/a><\/p>","protected":false},"excerpt":{"rendered":"<p>\u2744\ufe0f\u00a1Actualice el sistema de refrigeraci\u00f3n de su laboratorio con nuestros enfriadores eficientes! Mantenga su equipo funcionando sin problemas. \u00a1Descubra soluciones de refrigeraci\u00f3n confiables hoy!<\/p>\n<p>*Rango de temperatura: -120 \u2103 ~ RT<\/p>\n<p>*Enfriadores de estructura abierta\/enfriadores herm\u00e9ticos disponibles<\/p>\n<p>*De escala de laboratorio a escala industrial<\/p>","protected":false},"featured_media":1935,"comment_status":"closed","ping_status":"closed","template":"","meta":{"neve_meta_sidebar":"","neve_meta_container":"","neve_meta_enable_content_width":"off","neve_meta_content_width":100,"neve_meta_title_alignment":"","neve_meta_author_avatar":"","neve_post_elements_order":"","neve_meta_disable_header":"","neve_meta_disable_footer":"","neve_meta_disable_title":""},"product_brand":[],"product_cat":[51],"product_tag":[49,38,45,43],"class_list":{"0":"post-1913","1":"product","2":"type-product","3":"status-publish","4":"has-post-thumbnail","6":"product_cat-temp-control-equipment","7":"product_tag-ce-certification","8":"product_tag-customized","9":"product_tag-industrial-scale","10":"product_tag-lab-scale","12":"first","13":"instock","14":"shipping-taxable","15":"product-type-simple"},"_links":{"self":[{"href":"https:\/\/labonsale.com\/es\/wp-json\/wp\/v2\/product\/1913","targetHints":{"allow":["GET"]}}],"collection":[{"href":"https:\/\/labonsale.com\/es\/wp-json\/wp\/v2\/product"}],"about":[{"href":"https:\/\/labonsale.com\/es\/wp-json\/wp\/v2\/types\/product"}],"replies":[{"embeddable":true,"href":"https:\/\/labonsale.com\/es\/wp-json\/wp\/v2\/comments?post=1913"}],"version-history":[{"count":1,"href":"https:\/\/labonsale.com\/es\/wp-json\/wp\/v2\/product\/1913\/revisions"}],"predecessor-version":[{"id":1934,"href":"https:\/\/labonsale.com\/es\/wp-json\/wp\/v2\/product\/1913\/revisions\/1934"}],"wp:featuredmedia":[{"embeddable":true,"href":"https:\/\/labonsale.com\/es\/wp-json\/wp\/v2\/media\/1935"}],"wp:attachment":[{"href":"https:\/\/labonsale.com\/es\/wp-json\/wp\/v2\/media?parent=1913"}],"wp:term":[{"taxonomy":"product_brand","embeddable":true,"href":"https:\/\/labonsale.com\/es\/wp-json\/wp\/v2\/product_brand?post=1913"},{"taxonomy":"product_cat","embeddable":true,"href":"https:\/\/labonsale.com\/es\/wp-json\/wp\/v2\/product_cat?post=1913"},{"taxonomy":"product_tag","embeddable":true,"href":"https:\/\/labonsale.com\/es\/wp-json\/wp\/v2\/product_tag?post=1913"}],"curies":[{"name":"wp","href":"https:\/\/api.w.org\/{rel}","templated":true}]}}