{"id":1883,"date":"2024-03-15T15:13:55","date_gmt":"2024-03-15T15:13:55","guid":{"rendered":"https:\/\/labonsale.com\/?post_type=product&#038;p=1883"},"modified":"2024-04-22T14:17:06","modified_gmt":"2024-04-22T14:17:06","slug":"extraccion-de-co2-supercritico","status":"publish","type":"product","link":"https:\/\/labonsale.com\/es\/product\/supercritical-co2-extraction\/","title":{"rendered":"Extracci\u00f3n de CO2 supercr\u00edtico"},"content":{"rendered":"<p>La extracci\u00f3n con CO2 supercr\u00edtico es un proceso que separa un componente, conocido como extractante, de otro componente, denominado matriz, utilizando fluidos supercr\u00edticos, siendo el di\u00f3xido de carbono (CO2) el disolvente predominante. Los extractores de CO2 supercr\u00edtico de Labonsale son conocidos por producir aceites m\u00e1s seguros, limpios y puros a partir de materiales vegetales bot\u00e1nicos, y encuentran una amplia aplicaci\u00f3n en industrias como la alimentaria, la cosm\u00e9tica y la farmac\u00e9utica.<\/p>\n<p>Labonsale es un proveedor l\u00edder de soluciones de extracci\u00f3n de CO2 supercr\u00edtico en China y ofrece una gama de modelos est\u00e1ndar y personalizados adaptados a sus necesidades. Nuestro equipo abarca varios vol\u00famenes y presiones nominales, con capacidades de rendimiento que van desde 5 libras de biomasa seca por d\u00eda hasta 15,000 libras por d\u00eda. Con un plazo de entrega t\u00edpico de solo un mes, garantizamos una entrega r\u00e1pida para cumplir con los plazos de su proyecto.<\/p>\n<p>Adem\u00e1s de nuestra oferta de equipos, nos especializamos en brindar soluciones de extracci\u00f3n bot\u00e1nica llave en mano, particularmente para extracciones de c\u00e1\u00f1amo y cannabis. Con m\u00e1s de 100 sistemas extractores de CO2 supercr\u00edtico puestos en servicio en todo el mundo, aportamos amplia experiencia y conocimientos a cada proyecto, garantizando resultados \u00f3ptimos para nuestros clientes.<\/p>\n<h2>\u00bfQU\u00c9 ES LA EXTRACCI\u00d3N SUPERCR\u00cdTICA DE CO2?<\/h2>\n<p>La extracci\u00f3n con fluidos supercr\u00edticos es una t\u00e9cnica que separa extractos de una matriz de mezcla utilizando fluidos supercr\u00edticos. Entre estos fluidos, el di\u00f3xido de carbono (CO2) es el m\u00e1s utilizado. Los fluidos supercr\u00edticos existen en un estado \u00fanico entre gases y l\u00edquidos, conocido como estado supercr\u00edtico, que ocurre cuando la presi\u00f3n y la temperatura superan el punto cr\u00edtico. En este estado, el fluido muestra caracter\u00edsticas tanto de l\u00edquidos como de gases, con una densidad similar a la de los l\u00edquidos y una viscosidad m\u00e1s cercana a la de los gases. Esta propiedad hace que los fluidos supercr\u00edticos, como el CO2, sean muy eficaces como agentes de extracci\u00f3n. Pueden disolver selectivamente compuestos objetivo seg\u00fan la polaridad, el punto de ebullici\u00f3n y el peso molecular. En general, debido a sus propiedades \u00fanicas, los fluidos supercr\u00edticos sirven como solventes de extracci\u00f3n ideales en diversas industrias, ofreciendo ventajas como operaci\u00f3n a baja temperatura, residuos m\u00ednimos en extractos y procesos de extracci\u00f3n eficientes.<\/p>\n<h2>PRINCIPIO DE EXTRACCI\u00d3N DE DI\u00d3XIDO DE CARBONO SUPERCR\u00cdTICO<\/h2>\n<p>El principio detr\u00e1s de una m\u00e1quina de extracci\u00f3n de CO2 supercr\u00edtico y su proceso de separaci\u00f3n se basa en la interacci\u00f3n entre la capacidad de disoluci\u00f3n del fluido supercr\u00edtico y su densidad, que se rige por la presi\u00f3n y la temperatura. Bajo una temperatura y presi\u00f3n especiales (temperatura superior a 31 grados Celsius y presi\u00f3n superior a 1071 PSI), el CO2 pasa a un estado supercr\u00edtico. El di\u00f3xido de carbono se convierte despu\u00e9s en un fluido supercr\u00edtico con baja viscosidad y sin tensi\u00f3n interfacial, mejorando as\u00ed su capacidad de solubilidad y por tanto consiguiendo una mayor eficiencia de extracci\u00f3n. En el estado supercr\u00edtico, el fluido entra en contacto con la sustancia a separar, lo que permite la extracci\u00f3n selectiva de componentes en funci\u00f3n de factores como la polaridad, el punto de ebullici\u00f3n y el peso molecular. Es importante tener en cuenta que el extracto obtenido en cada rango de presi\u00f3n puede no ser singular, pero mediante un control preciso de las condiciones, se puede lograr una combinaci\u00f3n \u00f3ptima de componentes. Posteriormente, mediante la descompresi\u00f3n y el aumento de temperatura, el fluido supercr\u00edtico se convierte nuevamente en un gas regular, permitiendo la separaci\u00f3n y purificaci\u00f3n del material extra\u00eddo. Por lo tanto, el proceso de extracci\u00f3n de fluidos de CO2, altamente cr\u00edtico, combina a la perfecci\u00f3n procedimientos de extracci\u00f3n y separaci\u00f3n, lo que da como resultado una purificaci\u00f3n eficiente y efectiva.<\/p>\n<h2 class=\"font_4 wixui-rich-text__text\"><span class=\"wixui-rich-text__text\">\u00bfC\u00d3MO FUNCIONA EL EXTRACTOR DE CO2 SUPERCR\u00cdTICO?<\/span><\/h2>\n<ol>\n<li>Carga cannabis en la c\u00e1mara.<\/li>\n<li>El CO2 entra en estado supercr\u00edtico en condiciones \u00f3ptimas de temperatura y presi\u00f3n.<\/li>\n<li>El CO2 supercr\u00edtico disuelve el cannabis.<\/li>\n<li>La mezcla l\u00edquida que contiene aceite de cannabis se transporta al separador mediante CO2 supercr\u00edtico.<\/li>\n<li>Al llegar al separador, el CO2 supercr\u00edtico vuelve a la fase gaseosa y se separa del l\u00edquido debido a la disminuci\u00f3n de la presi\u00f3n.<\/li>\n<li>El gas CO2 se dirige a un tanque de almacenamiento para uso futuro.<\/li>\n<li>Mientras tanto, el aceite de cannabis y otros compuestos se depositan en el fondo del separador.<\/li>\n<li>El aceite y los compuestos recolectados se transfieren a un recipiente para los pasos de tratamiento posteriores.<\/li>\n<\/ol>\n<figure id=\"attachment_1886\" aria-describedby=\"caption-attachment-1886\" style=\"width: 800px\" class=\"wp-caption aligncenter\"><img fetchpriority=\"high\" decoding=\"async\" class=\"size-full wp-image-1886\" src=\"https:\/\/labonsale.com\/wp-content\/uploads\/2024\/03\/how-supercritical-extraction-works.webp\" alt=\"c\u00f3mo-funciona-la-extracci\u00f3n-supercr\u00edtica\" width=\"800\" height=\"600\" srcset=\"https:\/\/labonsale.com\/wp-content\/uploads\/2024\/03\/how-supercritical-extraction-works.webp 800w, https:\/\/labonsale.com\/wp-content\/uploads\/2024\/03\/how-supercritical-extraction-works-300x225.webp 300w, https:\/\/labonsale.com\/wp-content\/uploads\/2024\/03\/how-supercritical-extraction-works-768x576.webp 768w, https:\/\/labonsale.com\/wp-content\/uploads\/2024\/03\/how-supercritical-extraction-works-16x12.webp 16w, https:\/\/labonsale.com\/wp-content\/uploads\/2024\/03\/how-supercritical-extraction-works-600x450.webp 600w\" sizes=\"(max-width: 800px) 100vw, 800px\" \/><figcaption id=\"caption-attachment-1886\" class=\"wp-caption-text\">c\u00f3mo-funciona-la-extracci\u00f3n-supercr\u00edtica<\/figcaption><\/figure>\n<h2>DETALLES<\/h2>\n<figure id=\"attachment_1890\" aria-describedby=\"caption-attachment-1890\" style=\"width: 720px\" class=\"wp-caption aligncenter\"><img decoding=\"async\" class=\"size-full wp-image-1890\" src=\"https:\/\/labonsale.com\/wp-content\/uploads\/2024\/03\/Supercritical-CO2-Extraction-Real-Shot-1.webp\" alt=\"Extracci\u00f3n de CO2 supercr\u00edtico Real Shot-1\" width=\"720\" height=\"576\" srcset=\"https:\/\/labonsale.com\/wp-content\/uploads\/2024\/03\/Supercritical-CO2-Extraction-Real-Shot-1.webp 720w, https:\/\/labonsale.com\/wp-content\/uploads\/2024\/03\/Supercritical-CO2-Extraction-Real-Shot-1-300x240.webp 300w, https:\/\/labonsale.com\/wp-content\/uploads\/2024\/03\/Supercritical-CO2-Extraction-Real-Shot-1-15x12.webp 15w, https:\/\/labonsale.com\/wp-content\/uploads\/2024\/03\/Supercritical-CO2-Extraction-Real-Shot-1-600x480.webp 600w\" sizes=\"(max-width: 720px) 100vw, 720px\" \/><figcaption id=\"caption-attachment-1890\" class=\"wp-caption-text\">Extracci\u00f3n de CO2 supercr\u00edtico Real Shot-1<\/figcaption><\/figure>\n<figure id=\"attachment_1889\" aria-describedby=\"caption-attachment-1889\" style=\"width: 719px\" class=\"wp-caption aligncenter\"><img decoding=\"async\" class=\"size-full wp-image-1889\" src=\"https:\/\/labonsale.com\/wp-content\/uploads\/2024\/03\/Supercritical-CO2-Extraction-Real-Shot-2.webp\" alt=\"Extracci\u00f3n de CO2 supercr\u00edtico Real Shot-2\" width=\"719\" height=\"720\" srcset=\"https:\/\/labonsale.com\/wp-content\/uploads\/2024\/03\/Supercritical-CO2-Extraction-Real-Shot-2.webp 719w, https:\/\/labonsale.com\/wp-content\/uploads\/2024\/03\/Supercritical-CO2-Extraction-Real-Shot-2-300x300.webp 300w, https:\/\/labonsale.com\/wp-content\/uploads\/2024\/03\/Supercritical-CO2-Extraction-Real-Shot-2-150x150.webp 150w, https:\/\/labonsale.com\/wp-content\/uploads\/2024\/03\/Supercritical-CO2-Extraction-Real-Shot-2-12x12.webp 12w, https:\/\/labonsale.com\/wp-content\/uploads\/2024\/03\/Supercritical-CO2-Extraction-Real-Shot-2-600x601.webp 600w, https:\/\/labonsale.com\/wp-content\/uploads\/2024\/03\/Supercritical-CO2-Extraction-Real-Shot-2-100x100.webp 100w\" sizes=\"(max-width: 719px) 100vw, 719px\" \/><figcaption id=\"caption-attachment-1889\" class=\"wp-caption-text\">Extracci\u00f3n de CO2 supercr\u00edtico Real Shot-2<\/figcaption><\/figure>\n<figure id=\"attachment_1888\" aria-describedby=\"caption-attachment-1888\" style=\"width: 719px\" class=\"wp-caption aligncenter\"><img loading=\"lazy\" decoding=\"async\" class=\"size-full wp-image-1888\" src=\"https:\/\/labonsale.com\/wp-content\/uploads\/2024\/03\/Supercritical-CO2-Extraction-Real-Shot-3.webp\" alt=\"Extracci\u00f3n de CO2 supercr\u00edtico Real Shot-3\" width=\"719\" height=\"720\" srcset=\"https:\/\/labonsale.com\/wp-content\/uploads\/2024\/03\/Supercritical-CO2-Extraction-Real-Shot-3.webp 719w, https:\/\/labonsale.com\/wp-content\/uploads\/2024\/03\/Supercritical-CO2-Extraction-Real-Shot-3-300x300.webp 300w, https:\/\/labonsale.com\/wp-content\/uploads\/2024\/03\/Supercritical-CO2-Extraction-Real-Shot-3-150x150.webp 150w, https:\/\/labonsale.com\/wp-content\/uploads\/2024\/03\/Supercritical-CO2-Extraction-Real-Shot-3-12x12.webp 12w, https:\/\/labonsale.com\/wp-content\/uploads\/2024\/03\/Supercritical-CO2-Extraction-Real-Shot-3-600x601.webp 600w, https:\/\/labonsale.com\/wp-content\/uploads\/2024\/03\/Supercritical-CO2-Extraction-Real-Shot-3-100x100.webp 100w\" sizes=\"(max-width: 719px) 100vw, 719px\" \/><figcaption id=\"caption-attachment-1888\" class=\"wp-caption-text\">Extracci\u00f3n de CO2 supercr\u00edtico Real Shot-3<\/figcaption><\/figure>\n<figure id=\"attachment_1887\" aria-describedby=\"caption-attachment-1887\" style=\"width: 719px\" class=\"wp-caption aligncenter\"><img loading=\"lazy\" decoding=\"async\" class=\"size-full wp-image-1887\" src=\"https:\/\/labonsale.com\/wp-content\/uploads\/2024\/03\/Supercritical-CO2-Extraction-Real-Shot-4.webp\" alt=\"Extracci\u00f3n de CO2 supercr\u00edtico Real Shot-4\" width=\"719\" height=\"720\" srcset=\"https:\/\/labonsale.com\/wp-content\/uploads\/2024\/03\/Supercritical-CO2-Extraction-Real-Shot-4.webp 719w, https:\/\/labonsale.com\/wp-content\/uploads\/2024\/03\/Supercritical-CO2-Extraction-Real-Shot-4-300x300.webp 300w, https:\/\/labonsale.com\/wp-content\/uploads\/2024\/03\/Supercritical-CO2-Extraction-Real-Shot-4-150x150.webp 150w, https:\/\/labonsale.com\/wp-content\/uploads\/2024\/03\/Supercritical-CO2-Extraction-Real-Shot-4-12x12.webp 12w, https:\/\/labonsale.com\/wp-content\/uploads\/2024\/03\/Supercritical-CO2-Extraction-Real-Shot-4-600x601.webp 600w, https:\/\/labonsale.com\/wp-content\/uploads\/2024\/03\/Supercritical-CO2-Extraction-Real-Shot-4-100x100.webp 100w\" sizes=\"(max-width: 719px) 100vw, 719px\" \/><figcaption id=\"caption-attachment-1887\" class=\"wp-caption-text\">Extracci\u00f3n de CO2 supercr\u00edtico Real Shot-4<\/figcaption><\/figure>\n<figure id=\"attachment_1891\" aria-describedby=\"caption-attachment-1891\" style=\"width: 720px\" class=\"wp-caption aligncenter\"><img loading=\"lazy\" decoding=\"async\" class=\"size-full wp-image-1891\" src=\"https:\/\/labonsale.com\/wp-content\/uploads\/2024\/03\/Supercritical-CO2-Extraction-Real-Shot-5.webp\" alt=\"Extracci\u00f3n de CO2 supercr\u00edtico Real Shot-5\" width=\"720\" height=\"720\" srcset=\"https:\/\/labonsale.com\/wp-content\/uploads\/2024\/03\/Supercritical-CO2-Extraction-Real-Shot-5.webp 720w, https:\/\/labonsale.com\/wp-content\/uploads\/2024\/03\/Supercritical-CO2-Extraction-Real-Shot-5-300x300.webp 300w, https:\/\/labonsale.com\/wp-content\/uploads\/2024\/03\/Supercritical-CO2-Extraction-Real-Shot-5-150x150.webp 150w, https:\/\/labonsale.com\/wp-content\/uploads\/2024\/03\/Supercritical-CO2-Extraction-Real-Shot-5-12x12.webp 12w, https:\/\/labonsale.com\/wp-content\/uploads\/2024\/03\/Supercritical-CO2-Extraction-Real-Shot-5-600x600.webp 600w, https:\/\/labonsale.com\/wp-content\/uploads\/2024\/03\/Supercritical-CO2-Extraction-Real-Shot-5-100x100.webp 100w\" sizes=\"(max-width: 720px) 100vw, 720px\" \/><figcaption id=\"caption-attachment-1891\" class=\"wp-caption-text\">Extracci\u00f3n de CO2 supercr\u00edtico Real Shot-5<\/figcaption><\/figure>\n<figure id=\"attachment_1892\" aria-describedby=\"caption-attachment-1892\" style=\"width: 766px\" class=\"wp-caption aligncenter\"><img loading=\"lazy\" decoding=\"async\" class=\"size-full wp-image-1892\" src=\"https:\/\/labonsale.com\/wp-content\/uploads\/2024\/03\/Supercritical-CO2-Extraction-Real-Shot-6.webp\" alt=\"Extracci\u00f3n de CO2 supercr\u00edtico Real Shot-6\" width=\"766\" height=\"585\" srcset=\"https:\/\/labonsale.com\/wp-content\/uploads\/2024\/03\/Supercritical-CO2-Extraction-Real-Shot-6.webp 766w, https:\/\/labonsale.com\/wp-content\/uploads\/2024\/03\/Supercritical-CO2-Extraction-Real-Shot-6-300x229.webp 300w, https:\/\/labonsale.com\/wp-content\/uploads\/2024\/03\/Supercritical-CO2-Extraction-Real-Shot-6-16x12.webp 16w, https:\/\/labonsale.com\/wp-content\/uploads\/2024\/03\/Supercritical-CO2-Extraction-Real-Shot-6-600x458.webp 600w\" sizes=\"(max-width: 766px) 100vw, 766px\" \/><figcaption id=\"caption-attachment-1892\" class=\"wp-caption-text\">Extracci\u00f3n de CO2 supercr\u00edtico Real Shot-6<\/figcaption><\/figure>\n<h2>MODELOS Y COMPONENTES<\/h2>\n<p>Los equipos de extracci\u00f3n de CO2 supercr\u00edtico vienen en varios modelos, incluidos SFE-5L, SFE-10L, SFE-25L y SFE-50L. Estos sistemas constan de componentes esenciales como refrigerador, tanque de almacenamiento de gas, bomba de di\u00f3xido de carbono l\u00edquido, bomba modificadora, bomba de materia prima, intercambiador de calor, extractor, descargador, v\u00e1lvula de alimentaci\u00f3n, v\u00e1lvula de descarga, v\u00e1lvula de alivio de presi\u00f3n, man\u00f3metro, cilindro de nitr\u00f3geno, y tanques para almacenamiento de materia prima y modificadores. Adem\u00e1s, las bombas de CO2 de alta presi\u00f3n son componentes integrales de estos sistemas.<\/p>\n<h2>Beneficios<\/h2>\n<ul>\n<li>Mayor presi\u00f3n nominal: Labonsale ofrece extractores de CO2 supercr\u00edticos con una presi\u00f3n nominal de hasta 50 Mpa (7250 PSI), superando a la competencia.<\/li>\n<li>Doble protecci\u00f3n de seguridad: Nuestros extractores cuentan con man\u00f3metros de protecci\u00f3n contra sobrepresi\u00f3n y v\u00e1lvulas de seguridad, lo que garantiza medidas de seguridad mejoradas.<\/li>\n<li>Vers\u00e1til: Adecuado tanto para aplicaciones industriales como de laboratorio, con capacidades de recipientes que van desde 0,5 l hasta 3000 l.<\/li>\n<li>Puesta en marcha y capacitaci\u00f3n: Brindamos servicios de capacitaci\u00f3n y puesta en servicio in situ o remotos para garantizar un funcionamiento \u00f3ptimo.<\/li>\n<li>Rentable: Nuestros extractores ofrecen un menor consumo de energ\u00eda y etanol, junto con una huella m\u00e1s peque\u00f1a, lo que resulta en ahorros de costos.<\/li>\n<li>Seguridad: Al utilizar CO2 no t\u00f3xico y no inflamable, nuestro proceso de extracci\u00f3n es m\u00e1s seguro en comparaci\u00f3n con m\u00e9todos alternativos.<\/li>\n<li>Accesibilidad: Equipados con un controlador PLC autom\u00e1tico y procedimientos operativos est\u00e1ndar (SOP) completos, nuestros extractores ofrecen facilidad de uso.<\/li>\n<li>Soporte: Labonsale ofrece plazos de entrega cortos de un mes, junto con dise\u00f1o de soluciones llave en mano y soporte de personalizaci\u00f3n.<\/li>\n<\/ul>\n<h2>VENTAJA<\/h2>\n<ul>\n<li>Recuperaci\u00f3n eficiente de CO2: el sistema de circuito cerrado de Labonsale puede recuperar m\u00e1s del 95 % del CO2, lo que garantiza un desperdicio y un impacto ambiental m\u00ednimos.<\/li>\n<li>Control Preciso: Nuestros sistemas permiten un f\u00e1cil ajuste y control preciso de presi\u00f3n y temperatura, optimizando las condiciones de extracci\u00f3n.<\/li>\n<li>Bomba de alta presi\u00f3n: Con una bomba de alta presi\u00f3n de CO2 de alta eficiencia, nuestros sistemas pueden aumentar r\u00e1pidamente la presi\u00f3n para procesos de extracci\u00f3n eficientes.<\/li>\n<li>Dise\u00f1o f\u00e1cil de usar: Los sistemas de extracci\u00f3n de CO2 de Labonsale cuentan con un dise\u00f1o de ruta de flujo de CO2 f\u00e1cil de usar, completo con un diagrama de flujo que se explica por s\u00ed mismo para una capacitaci\u00f3n y operaci\u00f3n simples.<\/li>\n<li>Instalaci\u00f3n sencilla: con el 99 % del sistema preensamblado antes del env\u00edo, la instalaci\u00f3n en el sitio del cliente es sencilla y sin complicaciones.<\/li>\n<li>Longevidad mejorada de la bomba: Nuestros sistemas incorporan un dise\u00f1o especial dentro del sistema de pist\u00f3n de la bomba, lo que extiende la vida \u00fatil de la bomba y requiere un mantenimiento m\u00ednimo.<\/li>\n<li>Baja temperatura de extracci\u00f3n: Dise\u00f1ados para bajas temperaturas de extracci\u00f3n, nuestros sistemas son ideales para extraer y purificar compuestos sensibles al calor mientras preservan su integridad.<\/li>\n<\/ul>\n<h2>Caso de estudio<\/h2>\n<p>Para extraer el aceite esencial de peon\u00eda mediante equipos de extracci\u00f3n de CO2 supercr\u00edtico se sigue un proceso sistem\u00e1tico:<\/p>\n<ol>\n<li>Limpieza: Las ra\u00edces, tallos, hojas y flores de las peon\u00edas se lavan a fondo para eliminar las impurezas y la tierra. Despu\u00e9s de la limpieza, se drena el agua para su uso posterior.<\/li>\n<li>Secado: Las peon\u00edas lavadas se env\u00edan a una sala de secado equipada con equipo de secado. El proceso de secado implica mantener una temperatura entre 40 y 70 grados cent\u00edgrados durante 3 a 8 horas para reducir el contenido de humedad a menos del 7%.<\/li>\n<li>Pulverizaci\u00f3n: una vez secas, las ra\u00edces, los tallos, las hojas y las flores se pulverizan hasta convertirlas en paja utilizando un pulverizador de paja, lo que da como resultado restos de peon\u00eda.<\/li>\n<li>Extracci\u00f3n: Se colocan aproximadamente 300 kg de trozos de peon\u00eda en el extractor, asegurando un sellado herm\u00e9tico. El l\u00edquido del tanque de almacenamiento se bombea al vaporizador a trav\u00e9s de una bomba de alta presi\u00f3n. Luego ingresa al extractor en un estado fluido cr\u00edtico para la extracci\u00f3n.<\/li>\n<li>Ajuste de presi\u00f3n y temperatura: La presi\u00f3n y la temperatura dentro del extractor se ajustan entre 10 Mpa y 45 Mpa y entre 32 \u2103 y 80 \u2103, respectivamente. El fluido mezclado se somete a una separaci\u00f3n por descompresi\u00f3n en el separador, con una presi\u00f3n controlada entre 4MPa y 10Mpa y una temperatura que oscila entre 20 \u2103 y 80 \u2103.<\/li>\n<li>Extracci\u00f3n y Separaci\u00f3n: Se tiene cuidado de evitar una presi\u00f3n excesiva dentro del extractor. El fluido rico en aceite esencial de peon\u00eda se dirige al separador, donde se separa del CO2. El licuador enfr\u00eda el aceite esencial puro separado y lo devuelve al tanque de almacenamiento de l\u00edquido, completando el ciclo de extracci\u00f3n.<\/li>\n<li>Recuperaci\u00f3n y eliminaci\u00f3n de CO2: el compresor recupera el gas CO2 del tanque de gas de cola para su posterior extracci\u00f3n y lo almacena en el tanque de almacenamiento de CO2 l\u00edquido. El aceite esencial de peon\u00eda extra\u00eddo se libera y mide peri\u00f3dicamente con fines de control de calidad, mientras que los restos de peon\u00eda restantes se descargan de la cubierta inferior del extractor.<\/li>\n<\/ol>\n<h2>Solicitud<\/h2>\n<ul>\n<li>Extracci\u00f3n de mol\u00e9culas biol\u00f3gicamente activas de plantas medicinales, incluida la extracci\u00f3n y separaci\u00f3n de alcaloides.<\/li>\n<li>Extracci\u00f3n de l\u00edpidos de diferentes microorganismos, para recuperaci\u00f3n o eliminaci\u00f3n de l\u00edpidos a partir de gluc\u00f3sidos y prote\u00ednas.<\/li>\n<li>Extracci\u00f3n de sustancias anticancer\u00edgenas de diversas plantas, como el paclitaxel de la corteza y ramas de Taxus chinensis para la prevenci\u00f3n y el tratamiento del c\u00e1ncer.<\/li>\n<li>Extracci\u00f3n de vitaminas, particularmente vitamina E.<\/li>\n<li>Purificaci\u00f3n de diversas sustancias activas, ya sean naturales o sint\u00e9ticas, para eliminar mol\u00e9culas no deseadas (p. ej., pesticidas) y obtener productos purificados.<\/li>\n<li>Procesamiento de extractos naturales antibacterianos o antioxidantes de hierbas y especias como albahaca, tomillo, ajo y cebolla, as\u00ed como de ingredientes bot\u00e1nicos como manzanilla, chile en polvo, regaliz y semillas de hinojo.<\/li>\n<\/ul>\n<p>&nbsp;<\/p>\n<p>Volver a\u00a0<a href=\"https:\/\/labonsale.com\/es\/\">p\u00e1gina principal<\/a><\/p>\n<p>Vea m\u00e1s sobre la extracci\u00f3n con fluidos supercr\u00edticos en <a href=\"https:\/\/en.wikipedia.org\/wiki\/Supercritical_fluid_extraction\" target=\"_blank\" rel=\"noopener\">Wikipedia<\/a><\/p>","protected":false},"excerpt":{"rendered":"<p>\u00a1Desbloquea los secretos de la extracci\u00f3n de CO2 supercr\u00edtico! Sum\u00e9rgete en el m\u00e9todo revolucionario que est\u00e1 arrasando en las industrias.<\/p>\n<p>*Menor consumo de energ\u00eda y etanol.<\/p>\n<p>*Desde procesar 5 libras de biomasa seca por d\u00eda hasta 15,000 libras por d\u00eda.<\/p>\n<p>*Controlador PLC autom\u00e1tico y SOP completo disponibles<\/p>\n<p>*Dise\u00f1o y personalizaci\u00f3n de soluciones llave en mano.<\/p>","protected":false},"featured_media":1899,"comment_status":"closed","ping_status":"closed","template":"","meta":{"neve_meta_sidebar":"","neve_meta_container":"","neve_meta_enable_content_width":"off","neve_meta_content_width":100,"neve_meta_title_alignment":"","neve_meta_author_avatar":"","neve_post_elements_order":"","neve_meta_disable_header":"","neve_meta_disable_footer":"","neve_meta_disable_title":""},"product_brand":[],"product_cat":[24],"product_tag":[38],"class_list":{"0":"post-1883","1":"product","2":"type-product","3":"status-publish","4":"has-post-thumbnail","6":"product_cat-extraction-equipment","7":"product_tag-customized","9":"first","10":"instock","11":"shipping-taxable","12":"product-type-simple"},"_links":{"self":[{"href":"https:\/\/labonsale.com\/es\/wp-json\/wp\/v2\/product\/1883","targetHints":{"allow":["GET"]}}],"collection":[{"href":"https:\/\/labonsale.com\/es\/wp-json\/wp\/v2\/product"}],"about":[{"href":"https:\/\/labonsale.com\/es\/wp-json\/wp\/v2\/types\/product"}],"replies":[{"embeddable":true,"href":"https:\/\/labonsale.com\/es\/wp-json\/wp\/v2\/comments?post=1883"}],"version-history":[{"count":0,"href":"https:\/\/labonsale.com\/es\/wp-json\/wp\/v2\/product\/1883\/revisions"}],"wp:featuredmedia":[{"embeddable":true,"href":"https:\/\/labonsale.com\/es\/wp-json\/wp\/v2\/media\/1899"}],"wp:attachment":[{"href":"https:\/\/labonsale.com\/es\/wp-json\/wp\/v2\/media?parent=1883"}],"wp:term":[{"taxonomy":"product_brand","embeddable":true,"href":"https:\/\/labonsale.com\/es\/wp-json\/wp\/v2\/product_brand?post=1883"},{"taxonomy":"product_cat","embeddable":true,"href":"https:\/\/labonsale.com\/es\/wp-json\/wp\/v2\/product_cat?post=1883"},{"taxonomy":"product_tag","embeddable":true,"href":"https:\/\/labonsale.com\/es\/wp-json\/wp\/v2\/product_tag?post=1883"}],"curies":[{"name":"wp","href":"https:\/\/api.w.org\/{rel}","templated":true}]}}