{"id":983,"date":"2023-09-25T05:47:56","date_gmt":"2023-09-25T05:47:56","guid":{"rendered":"https:\/\/labonsale.com\/?page_id=983"},"modified":"2023-10-02T16:21:57","modified_gmt":"2023-10-02T16:21:57","slug":"logistica","status":"publish","type":"page","link":"https:\/\/labonsale.com\/es\/logistics\/","title":{"rendered":"Log\u00edstica"},"content":{"rendered":"<div data-elementor-type=\"wp-page\" data-elementor-id=\"983\" class=\"elementor elementor-983\" data-elementor-post-type=\"page\">\n\t\t\t\t<div class=\"elementor-element elementor-element-d60cc1f e-flex e-con-boxed e-con e-parent\" data-id=\"d60cc1f\" data-element_type=\"container\" data-e-type=\"container\">\n\t\t\t\t\t<div class=\"e-con-inner\">\n\t\t\t\t<div class=\"elementor-element elementor-element-e76862c elementor-widget elementor-widget-heading\" data-id=\"e76862c\" data-element_type=\"widget\" data-e-type=\"widget\" data-widget_type=\"heading.default\">\n\t\t\t\t<div class=\"elementor-widget-container\">\n\t\t\t\t\t<h1 class=\"elementor-heading-title elementor-size-default\">Log\u00edstica<\/h1>\t\t\t\t<\/div>\n\t\t\t\t<\/div>\n\t\t\t\t\t<\/div>\n\t\t\t\t<\/div>\n\t\t<div class=\"elementor-element elementor-element-674ed0f3 e-con-full e-flex e-con e-parent\" data-id=\"674ed0f3\" data-element_type=\"container\" data-e-type=\"container\" data-settings=\"{&quot;background_background&quot;:&quot;classic&quot;}\">\n\t\t<div class=\"elementor-element elementor-element-38a98cc6 e-con-full e-flex e-con e-child\" data-id=\"38a98cc6\" data-element_type=\"container\" data-e-type=\"container\" data-settings=\"{&quot;background_background&quot;:&quot;classic&quot;}\">\n\t\t\t\t<div class=\"elementor-element elementor-element-26157890 elementor-widget elementor-widget-heading\" data-id=\"26157890\" data-element_type=\"widget\" data-e-type=\"widget\" data-widget_type=\"heading.default\">\n\t\t\t\t<div class=\"elementor-widget-container\">\n\t\t\t\t\t<p class=\"elementor-heading-title elementor-size-default\">servicios<\/p>\t\t\t\t<\/div>\n\t\t\t\t<\/div>\n\t\t\t\t<div class=\"elementor-element elementor-element-73111ea1 elementor-widget elementor-widget-heading\" data-id=\"73111ea1\" data-element_type=\"widget\" data-e-type=\"widget\" data-widget_type=\"heading.default\">\n\t\t\t\t<div class=\"elementor-widget-container\">\n\t\t\t\t\t<h2 class=\"elementor-heading-title elementor-size-default\">Excelencia Log\u00edstica<\/h2>\t\t\t\t<\/div>\n\t\t\t\t<\/div>\n\t\t\t\t<div class=\"elementor-element elementor-element-61817001 elementor-widget elementor-widget-text-editor\" data-id=\"61817001\" data-element_type=\"widget\" data-e-type=\"widget\" data-widget_type=\"text-editor.default\">\n\t\t\t\t<div class=\"elementor-widget-container\">\n\t\t\t\t\t\t\t\t\t<p>En Labonsale, nos tomamos en serio la log\u00edstica para garantizar una experiencia perfecta para nuestros clientes. Nuestro compromiso de entregar sus pedidos de forma r\u00e1pida, segura y rentable es el n\u00facleo de nuestra estrategia log\u00edstica.<\/p>\t\t\t\t\t\t\t\t<\/div>\n\t\t\t\t<\/div>\n\t\t\t\t<\/div>\n\t\t<div class=\"elementor-element elementor-element-d85d5e8 e-con-full e-flex e-con e-child\" data-id=\"d85d5e8\" data-element_type=\"container\" data-e-type=\"container\">\n\t\t\t\t<div class=\"elementor-element elementor-element-118fa65c animated-slow elementor-invisible elementor-widget elementor-widget-icon-box\" data-id=\"118fa65c\" data-element_type=\"widget\" data-e-type=\"widget\" data-settings=\"{&quot;_animation&quot;:&quot;fadeIn&quot;,&quot;_animation_delay&quot;:&quot;0&quot;}\" data-widget_type=\"icon-box.default\">\n\t\t\t\t<div class=\"elementor-widget-container\">\n\t\t\t\t\t\t\t<div class=\"elementor-icon-box-wrapper\">\n\n\t\t\t\n\t\t\t\t\t\t<div class=\"elementor-icon-box-content\">\n\n\t\t\t\t\t\t\t\t\t<h3 class=\"elementor-icon-box-title\">\n\t\t\t\t\t\t<span  >\n\t\t\t\t\t\t\tembalaje\t\t\t\t\t\t<\/span>\n\t\t\t\t\t<\/h3>\n\t\t\t\t\n\t\t\t\t\t\t\t\t\t<p class=\"elementor-icon-box-description\">\n\t\t\t\t\t\tEntendemos la importancia de garantizar que sus productos le lleguen en perfectas condiciones. Es por eso que empleamos t\u00e9cnicas y materiales de embalaje de \u00faltima generaci\u00f3n para proteger sus valiosas compras durante el tr\u00e1nsito.\t\t\t\t\t<\/p>\n\t\t\t\t\n\t\t\t<\/div>\n\t\t\t\n\t\t<\/div>\n\t\t\t\t\t\t<\/div>\n\t\t\t\t<\/div>\n\t\t\t\t<div class=\"elementor-element elementor-element-4dac6afe animated-slow elementor-invisible elementor-widget elementor-widget-icon-box\" data-id=\"4dac6afe\" data-element_type=\"widget\" data-e-type=\"widget\" data-settings=\"{&quot;_animation&quot;:&quot;fadeIn&quot;,&quot;_animation_delay&quot;:&quot;200&quot;}\" data-widget_type=\"icon-box.default\">\n\t\t\t\t<div class=\"elementor-widget-container\">\n\t\t\t\t\t\t\t<div class=\"elementor-icon-box-wrapper\">\n\n\t\t\t\n\t\t\t\t\t\t<div class=\"elementor-icon-box-content\">\n\n\t\t\t\t\t\t\t\t\t<h3 class=\"elementor-icon-box-title\">\n\t\t\t\t\t\t<span  >\n\t\t\t\t\t\t\tM\u00e9todos de env\u00edo\t\t\t\t\t\t<\/span>\n\t\t\t\t\t<\/h3>\n\t\t\t\t\n\t\t\t\t\t\t\t\t\t<p class=\"elementor-icon-box-description\">\n\t\t\t\t\t\tOfrecemos una variedad de opciones de env\u00edo internacional, incluidas DHL, UPS, TNT, EMS y m\u00e1s, lo que le permite seleccionar la que se adapte a su cronograma y presupuesto. Alternativamente, puede utilizar su agente de env\u00edo preferido para mayor flexibilidad. Ofrecemos varios m\u00e9todos de env\u00edo para satisfacer sus necesidades.\t\t\t\t\t<\/p>\n\t\t\t\t\n\t\t\t<\/div>\n\t\t\t\n\t\t<\/div>\n\t\t\t\t\t\t<\/div>\n\t\t\t\t<\/div>\n\t\t\t\t<div class=\"elementor-element elementor-element-3cdb97d8 animated-slow elementor-invisible elementor-widget elementor-widget-icon-box\" data-id=\"3cdb97d8\" data-element_type=\"widget\" data-e-type=\"widget\" data-settings=\"{&quot;_animation&quot;:&quot;fadeIn&quot;,&quot;_animation_delay&quot;:&quot;300&quot;}\" data-widget_type=\"icon-box.default\">\n\t\t\t\t<div class=\"elementor-widget-container\">\n\t\t\t\t\t\t\t<div class=\"elementor-icon-box-wrapper\">\n\n\t\t\t\n\t\t\t\t\t\t<div class=\"elementor-icon-box-content\">\n\n\t\t\t\t\t\t\t\t\t<h3 class=\"elementor-icon-box-title\">\n\t\t\t\t\t\t<span  >\n\t\t\t\t\t\t\tAtenci\u00f3n al cliente\t\t\t\t\t\t<\/span>\n\t\t\t\t\t<\/h3>\n\t\t\t\t\n\t\t\t\t\t\t\t\t\t<p class=\"elementor-icon-box-description\">\n\t\t\t\t\t\tEn Labonsale, estamos comprometidos a ofrecer no solo productos de alta calidad sino tambi\u00e9n una experiencia de atenci\u00f3n al cliente de primer nivel. Nuestro dedicado equipo de atenci\u00f3n al cliente est\u00e1 aqu\u00ed para ayudarlo con cualquier consulta o inquietud relacionada con la log\u00edstica que pueda tener. No dude en comunicarse con nosotros para obtener ayuda con respecto al env\u00edo, el seguimiento o cualquier otro asunto log\u00edstico.\t\t\t\t\t<\/p>\n\t\t\t\t\n\t\t\t<\/div>\n\t\t\t\n\t\t<\/div>\n\t\t\t\t\t\t<\/div>\n\t\t\t\t<\/div>\n\t\t\t\t<\/div>\n\t\t\t\t<\/div>\n\t\t<div class=\"elementor-element elementor-element-40517c4 e-flex e-con-boxed e-con e-parent\" data-id=\"40517c4\" data-element_type=\"container\" data-e-type=\"container\">\n\t\t\t\t\t<div class=\"e-con-inner\">\n\t\t\t\t<div class=\"elementor-element elementor-element-f5ae93f elementor-widget elementor-widget-heading\" data-id=\"f5ae93f\" data-element_type=\"widget\" data-e-type=\"widget\" data-widget_type=\"heading.default\">\n\t\t\t\t<div class=\"elementor-widget-container\">\n\t\t\t\t\t<h3 class=\"elementor-heading-title elementor-size-default\">embalaje<\/h3>\t\t\t\t<\/div>\n\t\t\t\t<\/div>\n\t\t\t\t<div class=\"elementor-element elementor-element-31b35c8 elementor-widget elementor-widget-text-editor\" data-id=\"31b35c8\" data-element_type=\"widget\" data-e-type=\"widget\" data-widget_type=\"text-editor.default\">\n\t\t\t\t<div class=\"elementor-widget-container\">\n\t\t\t\t\t\t\t\t\t<ul><li>Caja de madera con inserciones aislantes y espuma protectora;<\/li><li>Pueden estar disponibles embalajes neutros y personalizados.<\/li><\/ul>\t\t\t\t\t\t\t\t<\/div>\n\t\t\t\t<\/div>\n\t\t\t\t\t<\/div>\n\t\t\t\t<\/div>\n\t\t<div class=\"elementor-element elementor-element-1376848 e-flex e-con-boxed e-con e-parent\" data-id=\"1376848\" data-element_type=\"container\" data-e-type=\"container\">\n\t\t\t\t\t<div class=\"e-con-inner\">\n\t\t<div class=\"elementor-element elementor-element-3e29d70 e-con-full e-flex e-con e-child\" data-id=\"3e29d70\" data-element_type=\"container\" data-e-type=\"container\">\n\t\t\t\t<div class=\"elementor-element elementor-element-e2350b3 elementor-widget elementor-widget-image\" data-id=\"e2350b3\" data-element_type=\"widget\" data-e-type=\"widget\" data-widget_type=\"image.default\">\n\t\t\t\t<div class=\"elementor-widget-container\">\n\t\t\t\t\t\t\t\t\t\t\t\t\t\t\t<img decoding=\"async\" src=\"https:\/\/labonsale.com\/wp-content\/uploads\/2023\/10\/Fumigation-free-wooden-box-packaging.webp\" title=\"Embalaje en caja de madera sin fumigaci\u00f3n\" alt=\"Embalaje en caja de madera sin fumigaci\u00f3n\" loading=\"lazy\" \/>\t\t\t\t\t\t\t\t\t\t\t\t\t\t\t<\/div>\n\t\t\t\t<\/div>\n\t\t\t\t<\/div>\n\t\t<div class=\"elementor-element elementor-element-6bea099 e-con-full e-flex e-con e-child\" data-id=\"6bea099\" data-element_type=\"container\" data-e-type=\"container\">\n\t\t\t\t<div class=\"elementor-element elementor-element-4ce437e elementor-widget elementor-widget-image\" data-id=\"4ce437e\" data-element_type=\"widget\" data-e-type=\"widget\" data-widget_type=\"image.default\">\n\t\t\t\t<div class=\"elementor-widget-container\">\n\t\t\t\t\t\t\t\t\t\t\t\t\t\t\t<img decoding=\"async\" src=\"https:\/\/labonsale.com\/wp-content\/uploads\/2023\/10\/Wooden-case-with-insulation-inserts-and-protective-foam.webp\" title=\"Wooden case with insulation inserts and protective foam\" alt=\"Wooden case with insulation inserts and protective foam\" loading=\"lazy\" \/>\t\t\t\t\t\t\t\t\t\t\t\t\t\t\t<\/div>\n\t\t\t\t<\/div>\n\t\t\t\t<\/div>\n\t\t\t\t\t<\/div>\n\t\t\t\t<\/div>\n\t\t<div class=\"elementor-element elementor-element-4eb6d28 e-flex e-con-boxed e-con e-parent\" data-id=\"4eb6d28\" data-element_type=\"container\" data-e-type=\"container\">\n\t\t\t\t\t<div class=\"e-con-inner\">\n\t\t\t\t<div class=\"elementor-element elementor-element-045a40f elementor-widget elementor-widget-heading\" data-id=\"045a40f\" data-element_type=\"widget\" data-e-type=\"widget\" data-widget_type=\"heading.default\">\n\t\t\t\t<div class=\"elementor-widget-container\">\n\t\t\t\t\t<h3 class=\"elementor-heading-title elementor-size-default\">M\u00e9todos de env\u00edo<\/h3>\t\t\t\t<\/div>\n\t\t\t\t<\/div>\n\t\t\t\t\t<\/div>\n\t\t\t\t<\/div>\n\t\t<div class=\"elementor-element elementor-element-a0d02f0 e-flex e-con-boxed e-con e-parent\" data-id=\"a0d02f0\" data-element_type=\"container\" data-e-type=\"container\">\n\t\t\t\t\t<div class=\"e-con-inner\">\n\t\t<div class=\"elementor-element elementor-element-d85c738 e-con-full e-flex e-con e-child\" data-id=\"d85c738\" data-element_type=\"container\" data-e-type=\"container\">\n\t\t\t\t<div class=\"elementor-element elementor-element-8204c2f elementor-widget elementor-widget-text-editor\" data-id=\"8204c2f\" data-element_type=\"widget\" data-e-type=\"widget\" data-widget_type=\"text-editor.default\">\n\t\t\t\t<div class=\"elementor-widget-container\">\n\t\t\t\t\t\t\t\t\t<p>Podemos enviarle productos por International Express como DHL, UPS, TNT, EMS, etc., tambi\u00e9n puede elegir el adecuado seg\u00fan su cronograma y presupuesto. Adem\u00e1s, puede optar por utilizar su agente de env\u00edo. Hay varios m\u00e9todos de env\u00edo disponibles.<\/p>\t\t\t\t\t\t\t\t<\/div>\n\t\t\t\t<\/div>\n\t\t\t\t<\/div>\n\t\t<div class=\"elementor-element elementor-element-957b4bd e-con-full e-flex e-con e-child\" data-id=\"957b4bd\" data-element_type=\"container\" data-e-type=\"container\">\n\t\t\t\t<div class=\"elementor-element elementor-element-9cfa6de elementor-widget elementor-widget-image\" data-id=\"9cfa6de\" data-element_type=\"widget\" data-e-type=\"widget\" data-widget_type=\"image.default\">\n\t\t\t\t<div class=\"elementor-widget-container\">\n\t\t\t\t\t\t\t\t\t\t\t\t\t\t\t<img decoding=\"async\" src=\"https:\/\/labonsale.com\/wp-content\/uploads\/2023\/10\/Shipping-Method.webp\" title=\"Shipping Method\" alt=\"Shipping Method\" loading=\"lazy\" \/>\t\t\t\t\t\t\t\t\t\t\t\t\t\t\t<\/div>\n\t\t\t\t<\/div>\n\t\t\t\t<\/div>\n\t\t\t\t\t<\/div>\n\t\t\t\t<\/div>\n\t\t<div class=\"elementor-element elementor-element-a149fc2 e-flex e-con-boxed e-con e-parent\" data-id=\"a149fc2\" data-element_type=\"container\" data-e-type=\"container\">\n\t\t\t\t\t<div class=\"e-con-inner\">\n\t\t\t\t<div class=\"elementor-element elementor-element-4e2a147 elementor-widget elementor-widget-heading\" data-id=\"4e2a147\" data-element_type=\"widget\" data-e-type=\"widget\" data-widget_type=\"heading.default\">\n\t\t\t\t<div class=\"elementor-widget-container\">\n\t\t\t\t\t<h3 class=\"elementor-heading-title elementor-size-default\">Warranty &amp; Service:<\/h3>\t\t\t\t<\/div>\n\t\t\t\t<\/div>\n\t\t\t\t<div class=\"elementor-element elementor-element-6728b07 elementor-widget elementor-widget-text-editor\" data-id=\"6728b07\" data-element_type=\"widget\" data-e-type=\"widget\" data-widget_type=\"text-editor.default\">\n\t\t\t\t<div class=\"elementor-widget-container\">\n\t\t\t\t\t\t\t\t\t<p>\u25cfPre-servicio<br \/>\u2013Servicio en l\u00ednea 24 horas al d\u00eda, 7 d\u00edas a la semana para su consulta.<br \/>\u2013Ayudar a elegir el modelo correcto o proporcionar una soluci\u00f3n llave en mano<br \/>\u25cfServicio medio<br \/>\u2013Brindarle la mejor oferta<br \/>\u2013Elija el plazo de pago para su conveniencia<br \/>\u2013Organizar la producci\u00f3n y entrega lo antes posible y actualizarlo sobre el progreso.<br \/>\u2013Proporcione el valor de la factura como desee para reducir sus impuestos<br \/>\u25cfServicio posventa<br \/>\u2013Servicio de garant\u00eda de 1 a\u00f1o y mantenimiento de por vida.<br \/>\u2013Cambio gratuito para algunas piezas.<br \/>\u2013Consulta t\u00e9cnica online<br \/>\u2013DVD de instalaci\u00f3n gratuito<\/p>\t\t\t\t\t\t\t\t<\/div>\n\t\t\t\t<\/div>\n\t\t\t\t\t<\/div>\n\t\t\t\t<\/div>\n\t\t<div class=\"elementor-element elementor-element-6e8a1b0 e-flex e-con-boxed e-con e-parent\" data-id=\"6e8a1b0\" data-element_type=\"container\" data-e-type=\"container\">\n\t\t\t\t\t<div class=\"e-con-inner\">\n\t\t\t\t<div class=\"elementor-element elementor-element-227aa56 elementor-widget elementor-widget-heading\" data-id=\"227aa56\" data-element_type=\"widget\" data-e-type=\"widget\" data-widget_type=\"heading.default\">\n\t\t\t\t<div class=\"elementor-widget-container\">\n\t\t\t\t\t<h3 class=\"elementor-heading-title elementor-size-default\">PLAZO DE PAGO<\/h3>\t\t\t\t<\/div>\n\t\t\t\t<\/div>\n\t\t\t\t<div class=\"elementor-element elementor-element-aebff5c elementor-widget elementor-widget-text-editor\" data-id=\"aebff5c\" data-element_type=\"widget\" data-e-type=\"widget\" data-widget_type=\"text-editor.default\">\n\t\t\t\t<div class=\"elementor-widget-container\">\n\t\t\t\t\t\t\t\t\t<p>T\/T, tarjeta de cr\u00e9dito, Paypal, etc.<\/p>\t\t\t\t\t\t\t\t<\/div>\n\t\t\t\t<\/div>\n\t\t\t\t\t<\/div>\n\t\t\t\t<\/div>\n\t\t\t\t<\/div>","protected":false},"excerpt":{"rendered":"<p>Logistics services Logistics Excellence At Labonsale, we take logistics seriously to ensure a seamless experience for our customers. Our commitment to delivering your orders promptly, securely, and cost-effectively is at the heart of our logistics strategy. Packaging We understand the importance of ensuring that your products reach you in pristine condition. That&#8217;s why we employ&hellip;&nbsp;<a href=\"https:\/\/labonsale.com\/es\/logistics\/\" class=\"\" rel=\"bookmark\">Leer m\u00e1s &raquo;<span class=\"screen-reader-text\">Log\u00edstica<\/span><\/a><\/p>","protected":false},"author":1,"featured_media":0,"parent":0,"menu_order":0,"comment_status":"closed","ping_status":"closed","template":"page-templates\/template-pagebuilder-full-width.php","meta":{"neve_meta_sidebar":"","neve_meta_container":"","neve_meta_enable_content_width":"","neve_meta_content_width":0,"neve_meta_title_alignment":"","neve_meta_author_avatar":"","neve_post_elements_order":"","neve_meta_disable_header":"","neve_meta_disable_footer":"","neve_meta_disable_title":"","footnotes":""},"class_list":["post-983","page","type-page","status-publish","hentry"],"_links":{"self":[{"href":"https:\/\/labonsale.com\/es\/wp-json\/wp\/v2\/pages\/983","targetHints":{"allow":["GET"]}}],"collection":[{"href":"https:\/\/labonsale.com\/es\/wp-json\/wp\/v2\/pages"}],"about":[{"href":"https:\/\/labonsale.com\/es\/wp-json\/wp\/v2\/types\/page"}],"author":[{"embeddable":true,"href":"https:\/\/labonsale.com\/es\/wp-json\/wp\/v2\/users\/1"}],"replies":[{"embeddable":true,"href":"https:\/\/labonsale.com\/es\/wp-json\/wp\/v2\/comments?post=983"}],"version-history":[{"count":52,"href":"https:\/\/labonsale.com\/es\/wp-json\/wp\/v2\/pages\/983\/revisions"}],"predecessor-version":[{"id":1121,"href":"https:\/\/labonsale.com\/es\/wp-json\/wp\/v2\/pages\/983\/revisions\/1121"}],"wp:attachment":[{"href":"https:\/\/labonsale.com\/es\/wp-json\/wp\/v2\/media?parent=983"}],"curies":[{"name":"wp","href":"https:\/\/api.w.org\/{rel}","templated":true}]}}