{"id":536,"date":"2023-09-03T04:38:50","date_gmt":"2023-09-03T04:38:50","guid":{"rendered":"https:\/\/labonsale.com\/?post_type=product&#038;p=536"},"modified":"2024-04-22T14:18:10","modified_gmt":"2024-04-22T14:18:10","slug":"spruhtrocknung","status":"publish","type":"product","link":"https:\/\/labonsale.com\/de\/product\/spray-drying\/","title":{"rendered":"SPR\u00dcHTROCKNUNG"},"content":{"rendered":"<p>Ganz gleich, ob Sie L\u00f6sungen im Laborma\u00dfstab oder im Industriema\u00dfstab ben\u00f6tigen, unsere hochmodernen Systeme sind darauf ausgelegt, Ihre Trocknungsprozesse zu revolutionieren und den vielf\u00e4ltigen Anforderungen von Industrien weltweit gerecht zu werden.<\/p>\n<h3>Anwendungen<\/h3>\n<p>Unser Spr\u00fchtrocknungssystem findet Anwendung in verschiedenen Branchen, unter anderem:<\/p>\n<ul>\n<li>Lebensmittel und Getr\u00e4nke: Ideal f\u00fcr die Herstellung von Instantkaffee, Milchprodukten, Aromen, Gew\u00fcrzen und Nahrungserg\u00e4nzungsmitteln.<\/li>\n<li>Pharmazeutika: Erm\u00f6glicht die Herstellung von pulverf\u00f6rmigen Arzneimitteln, Inhalationsmedikamenten und pharmazeutischen Hilfsstoffen.<\/li>\n<li>Chemikalien: Wird zum Trocknen von Farbstoffen, Pigmenten, Katalysatoren und anderen Spezialchemikalien verwendet.<\/li>\n<li>Keramik: Erleichtert das Trocknen von Keramikmaterialien zur Herstellung von Pulvern, Beschichtungen und Verbundwerkstoffen.<\/li>\n<li>Biotechnologie: Erm\u00f6glicht die Trocknung von Biomaterialien, Enzymen, Probiotika und anderen biotechnologischen Produkten.<\/li>\n<\/ul>\n<figure id=\"attachment_537\" aria-describedby=\"caption-attachment-537\" style=\"width: 1200px\" class=\"wp-caption aligncenter\"><img fetchpriority=\"high\" decoding=\"async\" class=\"wp-image-537 size-full\" src=\"https:\/\/labonsale.com\/wp-content\/uploads\/2023\/09\/Spray-Dryer-Operating-State-Simulating.webp\" alt=\"Simulation des Betriebszustands der Spr\u00fchtrocknung\" width=\"1200\" height=\"600\" srcset=\"https:\/\/labonsale.com\/wp-content\/uploads\/2023\/09\/Spray-Dryer-Operating-State-Simulating.webp 1200w, https:\/\/labonsale.com\/wp-content\/uploads\/2023\/09\/Spray-Dryer-Operating-State-Simulating-600x300.webp 600w, https:\/\/labonsale.com\/wp-content\/uploads\/2023\/09\/Spray-Dryer-Operating-State-Simulating-300x150.webp 300w, https:\/\/labonsale.com\/wp-content\/uploads\/2023\/09\/Spray-Dryer-Operating-State-Simulating-1024x512.webp 1024w, https:\/\/labonsale.com\/wp-content\/uploads\/2023\/09\/Spray-Dryer-Operating-State-Simulating-768x384.webp 768w\" sizes=\"(max-width: 1200px) 100vw, 1200px\" \/><figcaption id=\"caption-attachment-537\" class=\"wp-caption-text\">Simulation des Betriebszustands der Spr\u00fchtrocknung<\/figcaption><\/figure>\n<p><span style=\"font-size: 16px;\">Geh zur\u00fcck zu <\/span><a style=\"font-size: 16px; background-color: #ffffff;\" href=\"https:\/\/labonsale.com\/de\/\" data-type=\"page\" data-id=\"308\">Startseite<\/a><\/p>\n<p>Weitere Informationen zur Spr\u00fchtrocknung finden Sie auf\u00a0<a href=\"https:\/\/en.wikipedia.org\/wiki\/Spray_drying\" target=\"_blank\" rel=\"noopener\" data-type=\"URL\" data-id=\"https:\/\/en.wikipedia.org\/wiki\/Spray_drying\">Wikipedia<\/a><\/p>","protected":false},"excerpt":{"rendered":"<p>Mit der Verpflichtung zu Effizienz, Pr\u00e4zision und au\u00dfergew\u00f6hnlicher Qualit\u00e4t bieten wir modernste Spr\u00fchtrocknungsl\u00f6sungen, die Ihre Produkte auf ein neues Niveau bringen. Ganz gleich, ob Sie L\u00f6sungen im Laborma\u00dfstab oder im Industriema\u00dfstab ben\u00f6tigen, unsere hochmodernen Systeme sind darauf ausgelegt, Ihre Trocknungsprozesse zu revolutionieren und den vielf\u00e4ltigen Anforderungen von Industrien weltweit gerecht zu werden. Unser Spr\u00fchtrocknungssystem nutzt ein hochmodernes Verfahren, das fl\u00fcssiges Futter durch schnelles Trocknen in trockenes Pulver oder Granulat umwandelt. Bei dieser innovativen Technik wird die fl\u00fcssige Beschickung in feine Tr\u00f6pfchen zerst\u00e4ubt, die dann einem hei\u00dfen Gasstrom ausgesetzt werden. W\u00e4hrend die Tr\u00f6pfchen durch die Trockenkammer wandern, verdunstet die Feuchtigkeit schnell und es bleiben trockene Partikel zur\u00fcck, die gesammelt und nach Bedarf weiterverarbeitet werden k\u00f6nnen.<\/p>","protected":false},"featured_media":540,"comment_status":"closed","ping_status":"closed","template":"","meta":{"neve_meta_sidebar":"","neve_meta_container":"","neve_meta_enable_content_width":"off","neve_meta_content_width":100,"neve_meta_title_alignment":"","neve_meta_author_avatar":"","neve_post_elements_order":"","neve_meta_disable_header":"","neve_meta_disable_footer":"","neve_meta_disable_title":""},"product_brand":[],"product_cat":[23],"product_tag":[],"class_list":{"0":"post-536","1":"product","2":"type-product","3":"status-publish","4":"has-post-thumbnail","6":"product_cat-drying-equipment","8":"first","9":"instock","10":"shipping-taxable","11":"product-type-simple"},"_links":{"self":[{"href":"https:\/\/labonsale.com\/de\/wp-json\/wp\/v2\/product\/536","targetHints":{"allow":["GET"]}}],"collection":[{"href":"https:\/\/labonsale.com\/de\/wp-json\/wp\/v2\/product"}],"about":[{"href":"https:\/\/labonsale.com\/de\/wp-json\/wp\/v2\/types\/product"}],"replies":[{"embeddable":true,"href":"https:\/\/labonsale.com\/de\/wp-json\/wp\/v2\/comments?post=536"}],"version-history":[{"count":1,"href":"https:\/\/labonsale.com\/de\/wp-json\/wp\/v2\/product\/536\/revisions"}],"predecessor-version":[{"id":1320,"href":"https:\/\/labonsale.com\/de\/wp-json\/wp\/v2\/product\/536\/revisions\/1320"}],"wp:featuredmedia":[{"embeddable":true,"href":"https:\/\/labonsale.com\/de\/wp-json\/wp\/v2\/media\/540"}],"wp:attachment":[{"href":"https:\/\/labonsale.com\/de\/wp-json\/wp\/v2\/media?parent=536"}],"wp:term":[{"taxonomy":"product_brand","embeddable":true,"href":"https:\/\/labonsale.com\/de\/wp-json\/wp\/v2\/product_brand?post=536"},{"taxonomy":"product_cat","embeddable":true,"href":"https:\/\/labonsale.com\/de\/wp-json\/wp\/v2\/product_cat?post=536"},{"taxonomy":"product_tag","embeddable":true,"href":"https:\/\/labonsale.com\/de\/wp-json\/wp\/v2\/product_tag?post=536"}],"curies":[{"name":"wp","href":"https:\/\/api.w.org\/{rel}","templated":true}]}}