{"id":522,"date":"2023-09-03T04:04:26","date_gmt":"2023-09-03T04:04:26","guid":{"rendered":"https:\/\/labonsale.com\/?post_type=product&#038;p=522"},"modified":"2024-04-22T14:18:04","modified_gmt":"2024-04-22T14:18:04","slug":"lyophilisator","status":"publish","type":"product","link":"https:\/\/labonsale.com\/de\/product\/lyophilizer\/","title":{"rendered":"Lyophilisator"},"content":{"rendered":"<p>Willkommen beim fortschrittlichen Lyophilisator unseres Unternehmens, der innovative L\u00f6sungen f\u00fcr ein breites Anwendungsspektrum bietet. Unsere hochmoderne Ausr\u00fcstung ist speziell auf die unterschiedlichen Anforderungen von Laboren, Privathaushalten, Industrieanlagen und Pilotbetrieben zugeschnitten. Auf dieser detaillierten Seite werden wir die verschiedenen Spezifikationen und F\u00e4higkeiten unserer vielseitigen Gefriertrockner untersuchen und ihre Vorteile und Anwendungen hervorheben. Kontaktieren Sie uns noch heute, um effiziente Gefriertrocknungsl\u00f6sungen zu entdecken, die auf Ihre Anforderungen zugeschnitten sind.<\/p>\n<h3>Lyophilisator-Typen<\/h3>\n<figure id=\"attachment_524\" aria-describedby=\"caption-attachment-524\" style=\"width: 1200px\" class=\"wp-caption aligncenter\"><img fetchpriority=\"high\" decoding=\"async\" class=\"size-full wp-image-524\" src=\"https:\/\/labonsale.com\/wp-content\/uploads\/2023\/09\/Freeze-Dryer-Types.webp\" alt=\"Gefriertrocknertypen\" width=\"1200\" height=\"600\" srcset=\"https:\/\/labonsale.com\/wp-content\/uploads\/2023\/09\/Freeze-Dryer-Types.webp 1200w, https:\/\/labonsale.com\/wp-content\/uploads\/2023\/09\/Freeze-Dryer-Types-600x300.webp 600w, https:\/\/labonsale.com\/wp-content\/uploads\/2023\/09\/Freeze-Dryer-Types-300x150.webp 300w, https:\/\/labonsale.com\/wp-content\/uploads\/2023\/09\/Freeze-Dryer-Types-1024x512.webp 1024w, https:\/\/labonsale.com\/wp-content\/uploads\/2023\/09\/Freeze-Dryer-Types-768x384.webp 768w\" sizes=\"(max-width: 1200px) 100vw, 1200px\" \/><figcaption id=\"caption-attachment-524\" class=\"wp-caption-text\">Gefriertrocknertypen<\/figcaption><\/figure>\n<figure id=\"attachment_1294\" aria-describedby=\"caption-attachment-1294\" style=\"width: 800px\" class=\"wp-caption aligncenter\"><img decoding=\"async\" class=\"size-full wp-image-1294\" src=\"https:\/\/labonsale.com\/wp-content\/uploads\/2023\/09\/Lyophilizer-Display.webp\" alt=\"Lyophilisator-Display\" width=\"800\" height=\"610\" srcset=\"https:\/\/labonsale.com\/wp-content\/uploads\/2023\/09\/Lyophilizer-Display.webp 800w, https:\/\/labonsale.com\/wp-content\/uploads\/2023\/09\/Lyophilizer-Display-300x229.webp 300w, https:\/\/labonsale.com\/wp-content\/uploads\/2023\/09\/Lyophilizer-Display-768x586.webp 768w, https:\/\/labonsale.com\/wp-content\/uploads\/2023\/09\/Lyophilizer-Display-16x12.webp 16w, https:\/\/labonsale.com\/wp-content\/uploads\/2023\/09\/Lyophilizer-Display-600x458.webp 600w\" sizes=\"(max-width: 800px) 100vw, 800px\" \/><figcaption id=\"caption-attachment-1294\" class=\"wp-caption-text\">Lyophilisator-Display<\/figcaption><\/figure>\n<figure id=\"attachment_532\" aria-describedby=\"caption-attachment-532\" style=\"width: 800px\" class=\"wp-caption aligncenter\"><img decoding=\"async\" class=\"size-full wp-image-532\" src=\"https:\/\/labonsale.com\/wp-content\/uploads\/2023\/09\/Lyophilizer-Real-Shot.webp\" alt=\"Lyophilisator Real Shot\" width=\"800\" height=\"800\" srcset=\"https:\/\/labonsale.com\/wp-content\/uploads\/2023\/09\/Lyophilizer-Real-Shot.webp 800w, https:\/\/labonsale.com\/wp-content\/uploads\/2023\/09\/Lyophilizer-Real-Shot-300x300.webp 300w, https:\/\/labonsale.com\/wp-content\/uploads\/2023\/09\/Lyophilizer-Real-Shot-100x100.webp 100w, https:\/\/labonsale.com\/wp-content\/uploads\/2023\/09\/Lyophilizer-Real-Shot-600x600.webp 600w, https:\/\/labonsale.com\/wp-content\/uploads\/2023\/09\/Lyophilizer-Real-Shot-150x150.webp 150w, https:\/\/labonsale.com\/wp-content\/uploads\/2023\/09\/Lyophilizer-Real-Shot-768x768.webp 768w\" sizes=\"(max-width: 800px) 100vw, 800px\" \/><figcaption id=\"caption-attachment-532\" class=\"wp-caption-text\">Lyophilisator Real Shot<\/figcaption><\/figure>\n<figure id=\"attachment_1299\" aria-describedby=\"caption-attachment-1299\" style=\"width: 800px\" class=\"wp-caption aligncenter\"><img loading=\"lazy\" decoding=\"async\" class=\"size-full wp-image-1299\" src=\"https:\/\/labonsale.com\/wp-content\/uploads\/2023\/09\/Lyophilizer-Real-Shot-1.webp\" alt=\"Lyophilisator Real Shot\" width=\"800\" height=\"800\" srcset=\"https:\/\/labonsale.com\/wp-content\/uploads\/2023\/09\/Lyophilizer-Real-Shot-1.webp 800w, https:\/\/labonsale.com\/wp-content\/uploads\/2023\/09\/Lyophilizer-Real-Shot-1-300x300.webp 300w, https:\/\/labonsale.com\/wp-content\/uploads\/2023\/09\/Lyophilizer-Real-Shot-1-150x150.webp 150w, https:\/\/labonsale.com\/wp-content\/uploads\/2023\/09\/Lyophilizer-Real-Shot-1-768x768.webp 768w, https:\/\/labonsale.com\/wp-content\/uploads\/2023\/09\/Lyophilizer-Real-Shot-1-12x12.webp 12w, https:\/\/labonsale.com\/wp-content\/uploads\/2023\/09\/Lyophilizer-Real-Shot-1-600x600.webp 600w, https:\/\/labonsale.com\/wp-content\/uploads\/2023\/09\/Lyophilizer-Real-Shot-1-100x100.webp 100w\" sizes=\"(max-width: 800px) 100vw, 800px\" \/><figcaption id=\"caption-attachment-1299\" class=\"wp-caption-text\">Lyophilisator Real Shot<\/figcaption><\/figure>\n<figure id=\"attachment_1302\" aria-describedby=\"caption-attachment-1302\" style=\"width: 800px\" class=\"wp-caption aligncenter\"><img loading=\"lazy\" decoding=\"async\" class=\"size-full wp-image-1302\" src=\"https:\/\/labonsale.com\/wp-content\/uploads\/2023\/09\/Lyophilizer-Packing.jpg\" alt=\"Gefriertrocknungsverpackung\" width=\"800\" height=\"800\" srcset=\"https:\/\/labonsale.com\/wp-content\/uploads\/2023\/09\/Lyophilizer-Packing.jpg 800w, https:\/\/labonsale.com\/wp-content\/uploads\/2023\/09\/Lyophilizer-Packing-300x300.jpg 300w, https:\/\/labonsale.com\/wp-content\/uploads\/2023\/09\/Lyophilizer-Packing-150x150.jpg 150w, https:\/\/labonsale.com\/wp-content\/uploads\/2023\/09\/Lyophilizer-Packing-768x768.jpg 768w, https:\/\/labonsale.com\/wp-content\/uploads\/2023\/09\/Lyophilizer-Packing-12x12.jpg 12w, https:\/\/labonsale.com\/wp-content\/uploads\/2023\/09\/Lyophilizer-Packing-600x600.jpg 600w, https:\/\/labonsale.com\/wp-content\/uploads\/2023\/09\/Lyophilizer-Packing-100x100.jpg 100w\" sizes=\"(max-width: 800px) 100vw, 800px\" \/><figcaption id=\"caption-attachment-1302\" class=\"wp-caption-text\">Gefriertrocknungsverpackung<\/figcaption><\/figure>\n<h3 class=\"has-ast-global-color-0-color has-text-color has-medium-font-size wp-block-heading\"><strong>Phasen der Gefriertrocknung<\/strong><\/h3>\n<p>Der gesamte Gefriertrocknungsprozess besteht aus vier Phasen: Vorbehandlung, Einfrieren, Prim\u00e4rtrocknung und Sekund\u00e4rtrocknung.<\/p>\n<h4 class=\"wp-block-heading\"><strong>Vorbehandlung<\/strong><\/h4>\n<p>Unter Vorbehandlung versteht man jede Methode zur Behandlung des Produkts vor dem Einfrieren. Dies kann das Konzentrieren des Produkts, eine \u00dcberarbeitung der Formulierung (d. h. das Hinzuf\u00fcgen von Komponenten zur Erh\u00f6hung der Stabilit\u00e4t, zum Erhalt des Aussehens und\/oder zur Verbesserung der Verarbeitung), die Verringerung eines L\u00f6sungsmittels mit hohem Dampfdruck oder die Vergr\u00f6\u00dferung der Oberfl\u00e4che umfassen.<\/p>\n<h4 class=\"wp-block-heading\"><strong>Einfrieren und Gl\u00fchen<\/strong><\/h4>\n<p>W\u00e4hrend der Gefrierphase wird das Material unter seinen Tripelpunkt abgek\u00fchlt, die Temperatur, bei der die feste, fl\u00fcssige und gasf\u00f6rmige Phase des Materials koexistieren kann. Dadurch wird sichergestellt, dass es in den folgenden Schritten zu einer Sublimation und nicht zu einem Schmelzen kommt.<\/p>\n<h4 class=\"wp-block-heading\"><strong>Strukturempfindliche G\u00fcter<\/strong><\/h4>\n<p>Bei Waren, bei denen die Erhaltung der Struktur erforderlich ist, wie z. B. Lebensmittel oder Gegenst\u00e4nde mit ehemals lebenden Zellen, brechen gro\u00dfe Eiskristalle die Zellw\u00e4nde auf, was zu einer immer schlechteren Textur und einem Verlust an N\u00e4hrstoffen f\u00fchren kann. In diesem Fall erfolgt das Gefrieren schnell, um das Material schnell unter seinen eutektischen Punkt abzusenken und so die Bildung gro\u00dfer Eiskristalle zu vermeiden. Normalerweise liegen die Gefriertemperaturen zwischen \u201350 \u00b0C (\u201358 \u00b0F) und \u201380 \u00b0C (\u2013112 \u00b0F).<\/p>\n<h4 class=\"wp-block-heading\"><strong>Prim\u00e4rtrocknung<\/strong><\/h4>\n<p>W\u00e4hrend der prim\u00e4ren Trocknungsphase wird der Druck gesenkt (auf einige Millibar) und dem Material gen\u00fcgend W\u00e4rme zugef\u00fchrt, damit das Eis sublimiert. Die ben\u00f6tigte W\u00e4rmemenge kann anhand der latenten Sublimationsw\u00e4rme der sublimierenden Molek\u00fcle berechnet werden. In dieser ersten Trocknungsphase werden etwa 95 % des Wassers im Material sublimiert.<\/p>\n<h4 class=\"wp-block-heading\"><strong>Sekund\u00e4rtrocknung<\/strong><\/h4>\n<p>Die sekund\u00e4re Trocknungsphase zielt darauf ab, nicht gefrorene Wassermolek\u00fcle zu entfernen, da das Eis in der prim\u00e4ren Trocknungsphase entfernt wurde. Dieser Teil des Gefriertrocknungsprozesses wird durch die Adsorptionsisothermen des Materials bestimmt. In dieser Phase wird die Temperatur st\u00e4rker erh\u00f6ht als in der Prim\u00e4rtrocknungsphase und kann sogar \u00fcber 0 \u00b0C (32 \u00b0F) liegen, um alle physikalisch-chemischen Wechselwirkungen aufzubrechen, die sich zwischen den Wassermolek\u00fclen und dem gefrorenen Material gebildet haben.<\/p>\n<p>Nach Abschluss des Gefriertrocknungsprozesses wird das Vakuum normalerweise mit einem Inertgas, beispielsweise Stickstoff, gebrochen, bevor das Material versiegelt wird. Am Ende des Vorgangs ist der endg\u00fcltige Restwassergehalt im Produkt \u00e4u\u00dferst niedrig, etwa 1 % bis 4 %.<\/p>\n<div class=\"mceTemp\"><\/div>\n<figure id=\"attachment_1300\" aria-describedby=\"caption-attachment-1300\" style=\"width: 800px\" class=\"wp-caption aligncenter\"><img loading=\"lazy\" decoding=\"async\" class=\"size-full wp-image-1300\" src=\"https:\/\/labonsale.com\/wp-content\/uploads\/2023\/09\/Lyophilizer-Details.webp\" alt=\"Details zum Lyophilisator\" width=\"800\" height=\"1685\" srcset=\"https:\/\/labonsale.com\/wp-content\/uploads\/2023\/09\/Lyophilizer-Details.webp 800w, https:\/\/labonsale.com\/wp-content\/uploads\/2023\/09\/Lyophilizer-Details-142x300.webp 142w, https:\/\/labonsale.com\/wp-content\/uploads\/2023\/09\/Lyophilizer-Details-486x1024.webp 486w, https:\/\/labonsale.com\/wp-content\/uploads\/2023\/09\/Lyophilizer-Details-768x1618.webp 768w, https:\/\/labonsale.com\/wp-content\/uploads\/2023\/09\/Lyophilizer-Details-729x1536.webp 729w, https:\/\/labonsale.com\/wp-content\/uploads\/2023\/09\/Lyophilizer-Details-6x12.webp 6w, https:\/\/labonsale.com\/wp-content\/uploads\/2023\/09\/Lyophilizer-Details-600x1264.webp 600w\" sizes=\"(max-width: 800px) 100vw, 800px\" \/><figcaption id=\"caption-attachment-1300\" class=\"wp-caption-text\">Details zum Lyophilisator<\/figcaption><\/figure>\n<figure id=\"attachment_1301\" aria-describedby=\"caption-attachment-1301\" style=\"width: 800px\" class=\"wp-caption aligncenter\"><img loading=\"lazy\" decoding=\"async\" class=\"size-full wp-image-1301\" src=\"https:\/\/labonsale.com\/wp-content\/uploads\/2023\/09\/Lyophilizer-Details-1.webp\" alt=\"Details zum Lyophilisator(1)\" width=\"800\" height=\"2466\" srcset=\"https:\/\/labonsale.com\/wp-content\/uploads\/2023\/09\/Lyophilizer-Details-1.webp 800w, https:\/\/labonsale.com\/wp-content\/uploads\/2023\/09\/Lyophilizer-Details-1-97x300.webp 97w, https:\/\/labonsale.com\/wp-content\/uploads\/2023\/09\/Lyophilizer-Details-1-332x1024.webp 332w, https:\/\/labonsale.com\/wp-content\/uploads\/2023\/09\/Lyophilizer-Details-1-768x2367.webp 768w, https:\/\/labonsale.com\/wp-content\/uploads\/2023\/09\/Lyophilizer-Details-1-498x1536.webp 498w, https:\/\/labonsale.com\/wp-content\/uploads\/2023\/09\/Lyophilizer-Details-1-664x2048.webp 664w, https:\/\/labonsale.com\/wp-content\/uploads\/2023\/09\/Lyophilizer-Details-1-4x12.webp 4w, https:\/\/labonsale.com\/wp-content\/uploads\/2023\/09\/Lyophilizer-Details-1-600x1850.webp 600w\" sizes=\"(max-width: 800px) 100vw, 800px\" \/><figcaption id=\"caption-attachment-1301\" class=\"wp-caption-text\">Details zum Lyophilisator(1)<\/figcaption><\/figure>\n<figure id=\"attachment_528\" aria-describedby=\"caption-attachment-528\" style=\"width: 1200px\" class=\"wp-caption aligncenter\"><img loading=\"lazy\" decoding=\"async\" class=\"size-full wp-image-528\" src=\"https:\/\/labonsale.com\/wp-content\/uploads\/2023\/09\/Lyophilizer-Application.webp\" alt=\"Gefriertrocknungsanwendung\" width=\"1200\" height=\"600\" srcset=\"https:\/\/labonsale.com\/wp-content\/uploads\/2023\/09\/Lyophilizer-Application.webp 1200w, https:\/\/labonsale.com\/wp-content\/uploads\/2023\/09\/Lyophilizer-Application-600x300.webp 600w, https:\/\/labonsale.com\/wp-content\/uploads\/2023\/09\/Lyophilizer-Application-300x150.webp 300w, https:\/\/labonsale.com\/wp-content\/uploads\/2023\/09\/Lyophilizer-Application-1024x512.webp 1024w, https:\/\/labonsale.com\/wp-content\/uploads\/2023\/09\/Lyophilizer-Application-768x384.webp 768w\" sizes=\"(max-width: 1200px) 100vw, 1200px\" \/><figcaption id=\"caption-attachment-528\" class=\"wp-caption-text\">Gefriertrocknungsanwendung<\/figcaption><\/figure>\n<figure id=\"attachment_531\" aria-describedby=\"caption-attachment-531\" style=\"width: 1200px\" class=\"wp-caption aligncenter\"><img loading=\"lazy\" decoding=\"async\" class=\"size-full wp-image-531\" src=\"https:\/\/labonsale.com\/wp-content\/uploads\/2023\/09\/Lyophilizer-Customer-Feedback.webp\" alt=\"Kundenfeedback zum Lyophilisator\" width=\"1200\" height=\"600\" srcset=\"https:\/\/labonsale.com\/wp-content\/uploads\/2023\/09\/Lyophilizer-Customer-Feedback.webp 1200w, https:\/\/labonsale.com\/wp-content\/uploads\/2023\/09\/Lyophilizer-Customer-Feedback-600x300.webp 600w, https:\/\/labonsale.com\/wp-content\/uploads\/2023\/09\/Lyophilizer-Customer-Feedback-300x150.webp 300w, https:\/\/labonsale.com\/wp-content\/uploads\/2023\/09\/Lyophilizer-Customer-Feedback-1024x512.webp 1024w, https:\/\/labonsale.com\/wp-content\/uploads\/2023\/09\/Lyophilizer-Customer-Feedback-768x384.webp 768w\" sizes=\"(max-width: 1200px) 100vw, 1200px\" \/><figcaption id=\"caption-attachment-531\" class=\"wp-caption-text\">Kundenfeedback zum Lyophilisator<\/figcaption><\/figure>\n<figure id=\"attachment_535\" aria-describedby=\"caption-attachment-535\" style=\"width: 750px\" class=\"wp-caption aligncenter\"><img loading=\"lazy\" decoding=\"async\" class=\"size-full wp-image-535\" src=\"https:\/\/labonsale.com\/wp-content\/uploads\/2023\/09\/Lyophilizer-Installation-Process.webp\" alt=\"Installationsprozess des Gefriertrocknungsger\u00e4ts\" width=\"750\" height=\"938\" srcset=\"https:\/\/labonsale.com\/wp-content\/uploads\/2023\/09\/Lyophilizer-Installation-Process.webp 750w, https:\/\/labonsale.com\/wp-content\/uploads\/2023\/09\/Lyophilizer-Installation-Process-600x750.webp 600w, https:\/\/labonsale.com\/wp-content\/uploads\/2023\/09\/Lyophilizer-Installation-Process-240x300.webp 240w\" sizes=\"(max-width: 750px) 100vw, 750px\" \/><figcaption id=\"caption-attachment-535\" class=\"wp-caption-text\">Installationsprozess des Gefriertrocknungsger\u00e4ts<\/figcaption><\/figure>\n<p>Geh zur\u00fcck zu\u00a0<a href=\"https:\/\/labonsale.com\/de\/\" data-type=\"page\" data-id=\"308\">Startseite<\/a><\/p>\n<p>Erfahren Sie mehr \u00fcber Gefriertrocknung unter\u00a0<a href=\"https:\/\/en.wikipedia.org\/wiki\/Freeze-drying#Technological_industry\" target=\"_blank\" rel=\"noopener\">Wikipedia<\/a><\/p>","protected":false},"excerpt":{"rendered":"<p>Entdecken Sie den Lyophilisator unseres Unternehmens, der mit erweiterten Funktionen f\u00fcr Gefriertrocknungsanwendungen im Labor, zu Hause, in der Industrie und im Pilotma\u00dfstab ausgestattet ist. Erfahren Sie mehr \u00fcber seine Spezifikationen, Vorteile und Anwendungen. Kontaktieren Sie uns noch heute f\u00fcr die beste Gefriertrocknungsl\u00f6sung.<\/p>","protected":false},"featured_media":1755,"comment_status":"closed","ping_status":"closed","template":"","meta":{"neve_meta_sidebar":"","neve_meta_container":"","neve_meta_enable_content_width":"off","neve_meta_content_width":100,"neve_meta_title_alignment":"","neve_meta_author_avatar":"","neve_post_elements_order":"","neve_meta_disable_header":"","neve_meta_disable_footer":"","neve_meta_disable_title":""},"product_brand":[],"product_cat":[23],"product_tag":[38,42,45,43,44],"class_list":{"0":"post-522","1":"product","2":"type-product","3":"status-publish","4":"has-post-thumbnail","6":"product_cat-drying-equipment","7":"product_tag-customized","8":"product_tag-drying-area0-1100","9":"product_tag-industrial-scale","10":"product_tag-lab-scale","11":"product_tag-pilot-scale","13":"first","14":"instock","15":"shipping-taxable","16":"product-type-simple"},"_links":{"self":[{"href":"https:\/\/labonsale.com\/de\/wp-json\/wp\/v2\/product\/522","targetHints":{"allow":["GET"]}}],"collection":[{"href":"https:\/\/labonsale.com\/de\/wp-json\/wp\/v2\/product"}],"about":[{"href":"https:\/\/labonsale.com\/de\/wp-json\/wp\/v2\/types\/product"}],"replies":[{"embeddable":true,"href":"https:\/\/labonsale.com\/de\/wp-json\/wp\/v2\/comments?post=522"}],"version-history":[{"count":1,"href":"https:\/\/labonsale.com\/de\/wp-json\/wp\/v2\/product\/522\/revisions"}],"predecessor-version":[{"id":1295,"href":"https:\/\/labonsale.com\/de\/wp-json\/wp\/v2\/product\/522\/revisions\/1295"}],"wp:featuredmedia":[{"embeddable":true,"href":"https:\/\/labonsale.com\/de\/wp-json\/wp\/v2\/media\/1755"}],"wp:attachment":[{"href":"https:\/\/labonsale.com\/de\/wp-json\/wp\/v2\/media?parent=522"}],"wp:term":[{"taxonomy":"product_brand","embeddable":true,"href":"https:\/\/labonsale.com\/de\/wp-json\/wp\/v2\/product_brand?post=522"},{"taxonomy":"product_cat","embeddable":true,"href":"https:\/\/labonsale.com\/de\/wp-json\/wp\/v2\/product_cat?post=522"},{"taxonomy":"product_tag","embeddable":true,"href":"https:\/\/labonsale.com\/de\/wp-json\/wp\/v2\/product_tag?post=522"}],"curies":[{"name":"wp","href":"https:\/\/api.w.org\/{rel}","templated":true}]}}