{"id":509,"date":"2023-09-03T03:48:03","date_gmt":"2023-09-03T03:48:03","guid":{"rendered":"https:\/\/labonsale.com\/?post_type=product&#038;p=509"},"modified":"2024-08-25T07:49:08","modified_gmt":"2024-08-25T07:49:08","slug":"glasreaktor","status":"publish","type":"product","link":"https:\/\/labonsale.com\/de\/product\/glass-reactor\/","title":{"rendered":"Glasreaktor"},"content":{"rendered":"<p>Die Glasreaktoren und Verarbeitungsger\u00e4te von Labonsale gew\u00e4hrleisten optimale Leistung f\u00fcr Labore, Pilotanlagen\/Kilolabore und Produktionsprozesse. Unsere Systeme reichen von der Laborsynthese \u00fcber das Scale-up bis hin zur Produktion und bieten erstklassige Qualit\u00e4t.<\/p>\n<p>Hergestellt aus den besten Borosilikatglaskomponenten und korrosionsbest\u00e4ndigen Materialien wie emailliertem Stahl, Fluorpolymeren und Hastelloy\u00ae legen Ger\u00e4te und Systeme von Labonsale Wert auf Langlebigkeit. Diese Reaktoren zeichnen sich durch herausragende Leistung, Zuverl\u00e4ssigkeit und Anpassungsf\u00e4higkeit f\u00fcr verschiedene Anwendungen aus, darunter chemische Reaktionen, Prozessoptimierung, Synthese, Destillation und mehr.<\/p>\n<p>Wir sind auf schl\u00fcsselfertige L\u00f6sungen spezialisiert und bieten umfassende Sets mit allen wichtigen Zubeh\u00f6rteilen und Ger\u00e4ten, die die Effizienz Ihrer Experimente steigern. Unsere Produktpalette umfasst einschichtige, zweischichtige und dreischichtige Glasreaktoren mit manuellen oder elektrischen Hubmechanismusoptionen. Zur weiteren Anpassung bietet unser Werk Dienstleistungen wie die Aufr\u00fcstung auf explosionsgesch\u00fctzte Systeme, die Korrosionsschutzbehandlung durch PTFE-Spr\u00fchen und das Hinzuf\u00fcgen von Filtrations- und Kristallisationssystemen an.<\/p>\n<p>W\u00e4hlen Sie Labonsale f\u00fcr hochmoderne Glasreaktorl\u00f6sungen, die auf Ihre spezifischen Anforderungen zugeschnitten sind und den Erfolg Ihrer Experimente steigern.<\/p>\n<div class=\"nv-iframe-embed\"><iframe title=\"LabOnsale: Discover the Best High Quality Glass Reactor Provider!\" width=\"1200\" height=\"675\" src=\"https:\/\/www.youtube.com\/embed\/aqsAKn4cEy4?feature=oembed\" frameborder=\"0\" allow=\"accelerometer; autoplay; clipboard-write; encrypted-media; gyroscope; picture-in-picture; web-share\" referrerpolicy=\"strict-origin-when-cross-origin\" allowfullscreen><\/iframe><\/div>\n<h3>Vorteile des Glasreaktors<\/h3>\n<ul>\n<li>Borosilikatglas<\/li>\n<li>Doppelschichtkondensator<\/li>\n<li>Spule aus reinem Kupfer<\/li>\n<li>Frequenzumwandler<\/li>\n<li>Intelligentes Steuerungssystem<\/li>\n<li>Intelligentes digitales Anzeigesystem<\/li>\n<\/ul>\n<figure id=\"attachment_519\" aria-describedby=\"caption-attachment-519\" style=\"width: 750px\" class=\"wp-caption aligncenter\"><img fetchpriority=\"high\" decoding=\"async\" class=\"size-full wp-image-519\" src=\"https:\/\/labonsale.com\/wp-content\/uploads\/2023\/09\/Glass-Reactor-Advantages.webp\" alt=\"Glass Reactor Advantages\" width=\"750\" height=\"1000\" srcset=\"https:\/\/labonsale.com\/wp-content\/uploads\/2023\/09\/Glass-Reactor-Advantages.webp 750w, https:\/\/labonsale.com\/wp-content\/uploads\/2023\/09\/Glass-Reactor-Advantages-600x800.webp 600w, https:\/\/labonsale.com\/wp-content\/uploads\/2023\/09\/Glass-Reactor-Advantages-225x300.webp 225w\" sizes=\"(max-width: 750px) 100vw, 750px\" \/><figcaption id=\"caption-attachment-519\" class=\"wp-caption-text\">Vorteile des Glasreaktors<\/figcaption><\/figure>\n<p>Geh zur\u00fcck zu\u00a0<a href=\"https:\/\/labonsale.com\/de\/\" data-type=\"page\" data-id=\"308\">Startseite<\/a><\/p>\n<p>Weitere Informationen zum Batch-Reaktor finden Sie unter\u00a0<a href=\"https:\/\/en.wikipedia.org\/wiki\/Batch_reactor\" target=\"_blank\" rel=\"noopener\" data-type=\"URL\" data-id=\"https:\/\/en.wikipedia.org\/wiki\/Vacuum_drying\">Wikipedia<\/a><\/p>","protected":false},"excerpt":{"rendered":"<p>Unsere Glasreaktoren bieten erstklassige Leistung, Zuverl\u00e4ssigkeit und Vielseitigkeit. Entdecken Sie schl\u00fcsselfertige L\u00f6sungen f\u00fcr optimale Effizienz. Maximieren Sie jetzt Ihre Experimente mit Exzellenz.\ud83e\uddea\ud83d\udd25<\/p>\n<p>*Volumen: 1~200 Liter<\/p>\n<p>*Einschichtig, zweischichtig und dreischichtig verf\u00fcgbar<\/p>\n<p>*Manueller Lift \/ Elektrischer Lift<\/p>\n<p>*Ma\u00dfgeschneiderte Dienstleistungen<\/p>\n<p>*Vakuum: 0,098 MPa<\/p>\n<p>*Temperatur: -120\u2103~+350\u2103<\/p>\n<p><strong>Katalog-Download:<\/strong><a href=\"https:\/\/labonsale.com\/wp-content\/uploads\/2024\/08\/Labonsale-Broschure-Glasreaktor.pdf\" target=\"_blank\" rel=\"noopener\">Glasreaktor-Brosch\u00fcre.pdf<\/a><\/p>","protected":false},"featured_media":515,"comment_status":"closed","ping_status":"closed","template":"","meta":{"neve_meta_sidebar":"","neve_meta_container":"","neve_meta_enable_content_width":"off","neve_meta_content_width":100,"neve_meta_title_alignment":"","neve_meta_author_avatar":"","neve_post_elements_order":"","neve_meta_disable_header":"","neve_meta_disable_footer":"","neve_meta_disable_title":""},"product_brand":[],"product_cat":[25],"product_tag":[38,48],"class_list":{"0":"post-509","1":"product","2":"type-product","3":"status-publish","4":"has-post-thumbnail","6":"product_cat-reaction-equipment","7":"product_tag-customized","8":"product_tag-oem-odm","10":"first","11":"instock","12":"shipping-taxable","13":"product-type-simple"},"_links":{"self":[{"href":"https:\/\/labonsale.com\/de\/wp-json\/wp\/v2\/product\/509","targetHints":{"allow":["GET"]}}],"collection":[{"href":"https:\/\/labonsale.com\/de\/wp-json\/wp\/v2\/product"}],"about":[{"href":"https:\/\/labonsale.com\/de\/wp-json\/wp\/v2\/types\/product"}],"replies":[{"embeddable":true,"href":"https:\/\/labonsale.com\/de\/wp-json\/wp\/v2\/comments?post=509"}],"version-history":[{"count":5,"href":"https:\/\/labonsale.com\/de\/wp-json\/wp\/v2\/product\/509\/revisions"}],"predecessor-version":[{"id":2741,"href":"https:\/\/labonsale.com\/de\/wp-json\/wp\/v2\/product\/509\/revisions\/2741"}],"wp:featuredmedia":[{"embeddable":true,"href":"https:\/\/labonsale.com\/de\/wp-json\/wp\/v2\/media\/515"}],"wp:attachment":[{"href":"https:\/\/labonsale.com\/de\/wp-json\/wp\/v2\/media?parent=509"}],"wp:term":[{"taxonomy":"product_brand","embeddable":true,"href":"https:\/\/labonsale.com\/de\/wp-json\/wp\/v2\/product_brand?post=509"},{"taxonomy":"product_cat","embeddable":true,"href":"https:\/\/labonsale.com\/de\/wp-json\/wp\/v2\/product_cat?post=509"},{"taxonomy":"product_tag","embeddable":true,"href":"https:\/\/labonsale.com\/de\/wp-json\/wp\/v2\/product_tag?post=509"}],"curies":[{"name":"wp","href":"https:\/\/api.w.org\/{rel}","templated":true}]}}