{"id":494,"date":"2023-09-03T03:23:48","date_gmt":"2023-09-03T03:23:48","guid":{"rendered":"https:\/\/labonsale.com\/?post_type=product&#038;p=494"},"modified":"2024-04-22T14:18:31","modified_gmt":"2024-04-22T14:18:31","slug":"vakuumtrockenofen","status":"publish","type":"product","link":"https:\/\/labonsale.com\/de\/product\/vacuum-drying-oven\/","title":{"rendered":"VAKUUMTROCKENOFEN"},"content":{"rendered":"<p>Der Vakuumtrockenofen findet umfangreiche Anwendung in verschiedenen Bereichen, darunter Biochemie, Chemieingenieurwesen, Pharmazie, medizinische Versorgung, \u00f6ffentliche Gesundheit, landwirtschaftliche wissenschaftliche Forschung und Umweltschutz. Es eignet sich besonders f\u00fcr die schnelle und effiziente Trocknung hitzeempfindlicher, leicht zersetzbarer, leicht oxidierbarer Materialien und komplexer Bauteile. Dar\u00fcber hinaus ist es \u00e4u\u00dferst wirksam bei der Desinfektion, Sterilisation und Trocknung verschiedener Glasbeh\u00e4lter.<\/p>\n<p>Unser Vakuumtrockenofen wurde speziell f\u00fcr hitzeempfindliche, leicht zersetzbare und leicht oxidierbare Substanzen entwickelt und nutzt die Hochtemperaturtrocknung unter Vakuumbedingungen. Dadurch werden Siedepunkt und Dampfdruck deutlich gesenkt, wodurch ein staubfreier und turbulenter Erhitzungsprozess entsteht. Die schonende Trocknungsumgebung erleichtert das einfache Sammeln, Ableiten und Wiederverwenden von L\u00f6sungsmitteld\u00e4mpfen. Dar\u00fcber hinaus stellt die sauerstofffreie oder inerte Gasumgebung sicher, dass Lagerung, Erhitzung, Pr\u00fcfung und Trocknung ohne Oxidation erfolgen, wodurch die Integrit\u00e4t der Testproben gewahrt bleibt.<\/p>\n<figure id=\"attachment_1282\" aria-describedby=\"caption-attachment-1282\" style=\"width: 800px\" class=\"wp-caption aligncenter\"><img fetchpriority=\"high\" decoding=\"async\" class=\"size-full wp-image-1282\" src=\"https:\/\/labonsale.com\/wp-content\/uploads\/2023\/09\/Vacuum-Drying-Oven-Volume.webp\" alt=\"Volumen des Vakuumtrocknungsofens\" width=\"800\" height=\"539\" srcset=\"https:\/\/labonsale.com\/wp-content\/uploads\/2023\/09\/Vacuum-Drying-Oven-Volume.webp 800w, https:\/\/labonsale.com\/wp-content\/uploads\/2023\/09\/Vacuum-Drying-Oven-Volume-300x202.webp 300w, https:\/\/labonsale.com\/wp-content\/uploads\/2023\/09\/Vacuum-Drying-Oven-Volume-768x517.webp 768w, https:\/\/labonsale.com\/wp-content\/uploads\/2023\/09\/Vacuum-Drying-Oven-Volume-18x12.webp 18w, https:\/\/labonsale.com\/wp-content\/uploads\/2023\/09\/Vacuum-Drying-Oven-Volume-600x404.webp 600w\" sizes=\"(max-width: 800px) 100vw, 800px\" \/><figcaption id=\"caption-attachment-1282\" class=\"wp-caption-text\">Volumen des Vakuumtrocknungsofens<\/figcaption><\/figure>\n<p>Wir bieten eine Auswahl an Vakuumtrocknungs\u00f6fen mit einem Fassungsverm\u00f6gen von 20 bis 500 Litern an, die aus Materialien wie Eisenplatte, Edelstahl 201 und Edelstahl 304 gefertigt sind. Unsere Produktlinie umfasst eine Vielzahl anpassbarer Optionen, um Ihre genauen Anforderungen zu erf\u00fcllen. Diese Optionen umfassen verschiedene Kammergr\u00f6\u00dfen, Temperaturparameter, Steuerungssysteme und Zusatzfunktionen, die alle auf Ihre spezifischen Anforderungen zugeschnitten sind.<\/p>\n<table style=\"border-collapse: collapse; width: 462.02pt;\" border=\"0\" width=\"616\" cellspacing=\"0\" cellpadding=\"0\">\n<tbody>\n<tr style=\"height: 13.50pt;\">\n<td style=\"height: 13.50pt; width: 112.50pt;\" width=\"150\" height=\"18\">Volumen<\/td>\n<td style=\"width: 349.50pt;\" width=\"466\">25L, 50L, 90L, 215L, 500L, kundenspezifisch<\/td>\n<\/tr>\n<tr style=\"height: 13.50pt;\">\n<td style=\"height: 13.50pt;\" height=\"18\">Material<\/td>\n<td>Eisenplatte, Edelstahl 201, Edelstahl 304<\/td>\n<\/tr>\n<\/tbody>\n<\/table>\n<h3>Produkt echte Aufnahme<\/h3>\n<figure id=\"attachment_1279\" aria-describedby=\"caption-attachment-1279\" style=\"width: 800px\" class=\"wp-caption aligncenter\"><img decoding=\"async\" class=\"size-full wp-image-1279\" src=\"https:\/\/labonsale.com\/wp-content\/uploads\/2023\/09\/Vacuum-Drying-Oven-1.webp\" alt=\"VAKUUMTROCKENOFEN\" width=\"800\" height=\"800\" srcset=\"https:\/\/labonsale.com\/wp-content\/uploads\/2023\/09\/Vacuum-Drying-Oven-1.webp 800w, https:\/\/labonsale.com\/wp-content\/uploads\/2023\/09\/Vacuum-Drying-Oven-1-300x300.webp 300w, https:\/\/labonsale.com\/wp-content\/uploads\/2023\/09\/Vacuum-Drying-Oven-1-150x150.webp 150w, https:\/\/labonsale.com\/wp-content\/uploads\/2023\/09\/Vacuum-Drying-Oven-1-768x768.webp 768w, https:\/\/labonsale.com\/wp-content\/uploads\/2023\/09\/Vacuum-Drying-Oven-1-12x12.webp 12w, https:\/\/labonsale.com\/wp-content\/uploads\/2023\/09\/Vacuum-Drying-Oven-1-600x600.webp 600w, https:\/\/labonsale.com\/wp-content\/uploads\/2023\/09\/Vacuum-Drying-Oven-1-100x100.webp 100w\" sizes=\"(max-width: 800px) 100vw, 800px\" \/><figcaption id=\"caption-attachment-1279\" class=\"wp-caption-text\">VAKUUMTROCKENOFEN<\/figcaption><\/figure>\n<figure id=\"attachment_1280\" aria-describedby=\"caption-attachment-1280\" style=\"width: 800px\" class=\"wp-caption aligncenter\"><img decoding=\"async\" class=\"size-full wp-image-1280\" src=\"https:\/\/labonsale.com\/wp-content\/uploads\/2023\/09\/Vacuum-Drying-Oven3.webp\" alt=\"Vacuum Drying Oven(3)\" width=\"800\" height=\"800\" srcset=\"https:\/\/labonsale.com\/wp-content\/uploads\/2023\/09\/Vacuum-Drying-Oven3.webp 800w, https:\/\/labonsale.com\/wp-content\/uploads\/2023\/09\/Vacuum-Drying-Oven3-300x300.webp 300w, https:\/\/labonsale.com\/wp-content\/uploads\/2023\/09\/Vacuum-Drying-Oven3-150x150.webp 150w, https:\/\/labonsale.com\/wp-content\/uploads\/2023\/09\/Vacuum-Drying-Oven3-768x768.webp 768w, https:\/\/labonsale.com\/wp-content\/uploads\/2023\/09\/Vacuum-Drying-Oven3-12x12.webp 12w, https:\/\/labonsale.com\/wp-content\/uploads\/2023\/09\/Vacuum-Drying-Oven3-600x600.webp 600w, https:\/\/labonsale.com\/wp-content\/uploads\/2023\/09\/Vacuum-Drying-Oven3-100x100.webp 100w\" sizes=\"(max-width: 800px) 100vw, 800px\" \/><figcaption id=\"caption-attachment-1280\" class=\"wp-caption-text\">VAKUUMTROCKENOFEN<\/figcaption><\/figure>\n<figure id=\"attachment_1278\" aria-describedby=\"caption-attachment-1278\" style=\"width: 800px\" class=\"wp-caption aligncenter\"><img loading=\"lazy\" decoding=\"async\" class=\"size-full wp-image-1278\" src=\"https:\/\/labonsale.com\/wp-content\/uploads\/2023\/09\/Vacuum-Drying-Oven1.webp\" alt=\"Vacuum Drying Oven(1)\" width=\"800\" height=\"800\" srcset=\"https:\/\/labonsale.com\/wp-content\/uploads\/2023\/09\/Vacuum-Drying-Oven1.webp 800w, https:\/\/labonsale.com\/wp-content\/uploads\/2023\/09\/Vacuum-Drying-Oven1-300x300.webp 300w, https:\/\/labonsale.com\/wp-content\/uploads\/2023\/09\/Vacuum-Drying-Oven1-150x150.webp 150w, https:\/\/labonsale.com\/wp-content\/uploads\/2023\/09\/Vacuum-Drying-Oven1-768x768.webp 768w, https:\/\/labonsale.com\/wp-content\/uploads\/2023\/09\/Vacuum-Drying-Oven1-12x12.webp 12w, https:\/\/labonsale.com\/wp-content\/uploads\/2023\/09\/Vacuum-Drying-Oven1-600x600.webp 600w, https:\/\/labonsale.com\/wp-content\/uploads\/2023\/09\/Vacuum-Drying-Oven1-100x100.webp 100w\" sizes=\"(max-width: 800px) 100vw, 800px\" \/><figcaption id=\"caption-attachment-1278\" class=\"wp-caption-text\">VAKUUMTROCKENOFEN<\/figcaption><\/figure>\n<figure id=\"attachment_1281\" aria-describedby=\"caption-attachment-1281\" style=\"width: 800px\" class=\"wp-caption aligncenter\"><img loading=\"lazy\" decoding=\"async\" class=\"size-full wp-image-1281\" src=\"https:\/\/labonsale.com\/wp-content\/uploads\/2023\/09\/Vacuum-Drying-Oven-Hole.webp\" alt=\"Vakuumtrocknungsofenloch\" width=\"800\" height=\"800\" srcset=\"https:\/\/labonsale.com\/wp-content\/uploads\/2023\/09\/Vacuum-Drying-Oven-Hole.webp 800w, https:\/\/labonsale.com\/wp-content\/uploads\/2023\/09\/Vacuum-Drying-Oven-Hole-300x300.webp 300w, https:\/\/labonsale.com\/wp-content\/uploads\/2023\/09\/Vacuum-Drying-Oven-Hole-150x150.webp 150w, https:\/\/labonsale.com\/wp-content\/uploads\/2023\/09\/Vacuum-Drying-Oven-Hole-768x768.webp 768w, https:\/\/labonsale.com\/wp-content\/uploads\/2023\/09\/Vacuum-Drying-Oven-Hole-12x12.webp 12w, https:\/\/labonsale.com\/wp-content\/uploads\/2023\/09\/Vacuum-Drying-Oven-Hole-600x600.webp 600w, https:\/\/labonsale.com\/wp-content\/uploads\/2023\/09\/Vacuum-Drying-Oven-Hole-100x100.webp 100w\" sizes=\"(max-width: 800px) 100vw, 800px\" \/><figcaption id=\"caption-attachment-1281\" class=\"wp-caption-text\">Vakuumtrocknungsofenloch<\/figcaption><\/figure>\n<h3>Produktkomponente <strong>des Vakuumtrockenofens<\/strong><\/h3>\n<figure id=\"attachment_1276\" aria-describedby=\"caption-attachment-1276\" style=\"width: 800px\" class=\"wp-caption aligncenter\"><img loading=\"lazy\" decoding=\"async\" class=\"size-full wp-image-1276\" src=\"https:\/\/labonsale.com\/wp-content\/uploads\/2023\/09\/Vacuum-Drying-Oven-Parts.webp\" alt=\"Vacuum Drying Oven Parts\" width=\"800\" height=\"750\" srcset=\"https:\/\/labonsale.com\/wp-content\/uploads\/2023\/09\/Vacuum-Drying-Oven-Parts.webp 800w, https:\/\/labonsale.com\/wp-content\/uploads\/2023\/09\/Vacuum-Drying-Oven-Parts-300x281.webp 300w, https:\/\/labonsale.com\/wp-content\/uploads\/2023\/09\/Vacuum-Drying-Oven-Parts-768x720.webp 768w, https:\/\/labonsale.com\/wp-content\/uploads\/2023\/09\/Vacuum-Drying-Oven-Parts-13x12.webp 13w, https:\/\/labonsale.com\/wp-content\/uploads\/2023\/09\/Vacuum-Drying-Oven-Parts-600x563.webp 600w\" sizes=\"(max-width: 800px) 100vw, 800px\" \/><figcaption id=\"caption-attachment-1276\" class=\"wp-caption-text\">Komponente des Vakuumtrocknungsofens<\/figcaption><\/figure>\n<p>Unser Vakuumtrocknungsofen ist eine hochmoderne Trocknungsl\u00f6sung, die speziell auf die anspruchsvollen Anforderungen von Branchen zugeschnitten ist, die effiziente und pr\u00e4zise Trocknungsprozesse erfordern. Mit fortschrittlicher Technologie und sorgf\u00e4ltiger Handwerkskunst bietet dieser Ofen \u00fcberragende Leistung, au\u00dfergew\u00f6hnliche Produktqualit\u00e4t und un\u00fcbertroffene Zuverl\u00e4ssigkeit.<\/p>\n<h3><strong>Hauptmerkmale<\/strong> Und<strong> Technologien<\/strong><\/h3>\n<p>Pr\u00e4zise Temperaturregelung:<br \/>\nUnsere Vakuumtrocknungs\u00f6fen nutzen modernste Temperaturregelungssysteme, die es Benutzern erm\u00f6glichen, genaue Trocknungstemperaturen mit minimalen Schwankungen einzustellen und aufrechtzuerhalten. Dies sorgt f\u00fcr gleichm\u00e4\u00dfige und zuverl\u00e4ssige Trocknungsergebnisse, auch bei hitzeempfindlichen Materialien.<\/p>\n<p>Gleichm\u00e4\u00dfige Erw\u00e4rmung:<br \/>\nUm eine gleichm\u00e4\u00dfige W\u00e4rmeverteilung zu erreichen, verwenden unsere Vakuumtrocken\u00f6fen fortschrittliche Heizelemente und Luftzirkulationssysteme. Dieses Konstruktionsmerkmal garantiert eine homogene Trocknung in der gesamten Kammer, eliminiert das Risiko von Hotspots und gew\u00e4hrleistet eine gleichm\u00e4\u00dfige Produktqualit\u00e4t.<\/p>\n<p>Vakuumsystem:<br \/>\nDas integrierte Vakuumsystem in unseren \u00d6fen erm\u00f6glicht eine pr\u00e4zise Kontrolle der Trocknungsumgebung. Durch die Senkung des Drucks k\u00f6nnen fl\u00fcchtige Verbindungen bei niedrigeren Temperaturen verdampfen, wodurch die Integrit\u00e4t und Eigenschaften der zu trocknenden Materialien erhalten bleiben.<\/p>\n<p>Sicherheitsmerkmale<br \/>\nWir legen gro\u00dfen Wert auf die Sicherheit unserer Benutzer und ihres Betriebs. Unsere Vakuumtrocknungs\u00f6fen sind mit zahlreichen Sicherheitsfunktionen wie automatischen Druckentlastungsventilen, \u00dcbertemperaturschutz und T\u00fcrverriegelungen ausgestattet, die sichere Trocknungsprozesse gew\u00e4hrleisten.<\/p>\n<h3>Vorteile von Vakuumtrocknungs\u00f6fen:<\/h3>\n<p>Verbesserte Produktqualit\u00e4t:<br \/>\nDie Niedertemperatur- und Unterdruckbedingungen in unseren Vakuumtrocknungs\u00f6fen minimieren thermische Belastungen und verhindern Oxidation, was zu einer h\u00f6heren Produktqualit\u00e4t f\u00fchrt. Dies ist besonders wichtig f\u00fcr empfindliche oder empfindliche Materialien, pharmazeutische Produkte, elektronische Komponenten und hitzeempfindliche Substanzen.<br \/>\nSchnellere Trocknungszeiten:<br \/>\nAufgrund des verringerten Siedepunkts von Wasser unter Vakuumbedingungen k\u00f6nnen unsere \u00d6fen die Trocknungszeiten im Vergleich zu herk\u00f6mmlichen Trocknungsmethoden erheblich verk\u00fcrzen. Diese erh\u00f6hte Effizienz f\u00fchrt zu einer verbesserten Produktivit\u00e4t und einem geringeren Energieverbrauch.<\/p>\n<p>Vielseitige Anwendungen:<br \/>\nUnsere Vakuumtrocken\u00f6fen finden in verschiedenen Branchen Anwendung. Sie eignen sich ideal zum Trocknen w\u00e4rmeempfindlicher Materialien wie Polymere, Pharmazeutika, elektronische Komponenten und Lebensmittel. Dar\u00fcber hinaus werden sie in Forschungslabors, Produktionsst\u00e4tten und Qualit\u00e4tskontrollabteilungen eingesetzt.<\/p>\n<p>Kosten- und Energieeffizienz:<br \/>\nDurch den Einsatz fortschrittlicher Trocknungstechnologien bieten unsere Vakuumtrocknungs\u00f6fen eine hervorragende Kosten- und Energieeffizienz. Die verk\u00fcrzten Trocknungszeiten und niedrigeren Betriebstemperaturen tragen zu Energieeinsparungen bei, w\u00e4hrend die verbesserte Produktqualit\u00e4t den Bedarf an Nacharbeit oder Abfall reduziert, was zu einer Kostenoptimierung f\u00fchrt.<\/p>\n<p>Anpassungsoptionen:<br \/>\nWir verstehen, dass jede Branche und Anwendung einzigartige Anforderungen hat. Daher bieten wir eine Reihe von Individualisierungsm\u00f6glichkeiten f\u00fcr unsere Vakuumtrockenschr\u00e4nke an. Dazu geh\u00f6ren unterschiedliche Kammergr\u00f6\u00dfen, Temperaturbereiche, Steuerungssysteme und zus\u00e4tzliche Funktionen, die auf Ihre spezifischen Bed\u00fcrfnisse zugeschnitten sind.<\/p>\n<p>Garantie und Kundendienst:<br \/>\nWir sind bestrebt, erstklassigen Kundendienst und Support zu bieten. Alle unsere Vakuumtrocknungs\u00f6fen verf\u00fcgen \u00fcber eine umfassende Garantie, die Ihnen ein sicheres Gef\u00fchl gibt. Dar\u00fcber hinaus steht Ihnen unser erfahrenes technisches Team jederzeit zur Verf\u00fcgung, um Sie bei der Installation, Schulung, Wartung und Fehlerbehebung zu unterst\u00fctzen und so einen reibungslosen und unterbrechungsfreien Betrieb zu gew\u00e4hrleisten.<\/p>\n<p>Geh zur\u00fcck zu\u00a0<a href=\"https:\/\/labonsale.com\/de\/\" data-type=\"page\" data-id=\"308\">Startseite<\/a><\/p>\n<p>Erfahren Sie mehr \u00fcber Vakuumtrocknung auf\u00a0<a href=\"https:\/\/en.wikipedia.org\/wiki\/Vacuum_drying\" target=\"_blank\" rel=\"noopener\" data-type=\"URL\" data-id=\"https:\/\/en.wikipedia.org\/wiki\/Vacuum_drying\">Wikipedia<\/a><\/p>","protected":false},"excerpt":{"rendered":"<p>Erleben Sie \u00fcberragende Trocknungsleistung und au\u00dfergew\u00f6hnliche Produktqualit\u00e4t mit unserem fortschrittlichen Vakuumtrocknungsofen, der idealen L\u00f6sung f\u00fcr effiziente und zuverl\u00e4ssige Trocknungsprozesse. Bringen Sie Ihre Trocknungsprozesse auf ein neues Niveau an Pr\u00e4zision und Qualit\u00e4t.<\/p>\n<p>Volumen: 25 l, 50 l, 90 l, 215 l, 500 l, individuell<\/p>\n<p>Material: Eisenplatte, Edelstahl 201, Edelstahl 304<\/p>","protected":false},"featured_media":1289,"comment_status":"closed","ping_status":"closed","template":"","meta":{"neve_meta_sidebar":"","neve_meta_container":"","neve_meta_enable_content_width":"off","neve_meta_content_width":100,"neve_meta_title_alignment":"","neve_meta_author_avatar":"","neve_post_elements_order":"","neve_meta_disable_header":"","neve_meta_disable_footer":"","neve_meta_disable_title":""},"product_brand":[],"product_cat":[23],"product_tag":[38,37,35],"class_list":{"0":"post-494","1":"product","2":"type-product","3":"status-publish","4":"has-post-thumbnail","6":"product_cat-drying-equipment","7":"product_tag-customized","8":"product_tag-from-20l-to-500l","9":"product_tag-high-quality","11":"first","12":"instock","13":"shipping-taxable","14":"product-type-simple"},"_links":{"self":[{"href":"https:\/\/labonsale.com\/de\/wp-json\/wp\/v2\/product\/494","targetHints":{"allow":["GET"]}}],"collection":[{"href":"https:\/\/labonsale.com\/de\/wp-json\/wp\/v2\/product"}],"about":[{"href":"https:\/\/labonsale.com\/de\/wp-json\/wp\/v2\/types\/product"}],"replies":[{"embeddable":true,"href":"https:\/\/labonsale.com\/de\/wp-json\/wp\/v2\/comments?post=494"}],"version-history":[{"count":1,"href":"https:\/\/labonsale.com\/de\/wp-json\/wp\/v2\/product\/494\/revisions"}],"predecessor-version":[{"id":1273,"href":"https:\/\/labonsale.com\/de\/wp-json\/wp\/v2\/product\/494\/revisions\/1273"}],"wp:featuredmedia":[{"embeddable":true,"href":"https:\/\/labonsale.com\/de\/wp-json\/wp\/v2\/media\/1289"}],"wp:attachment":[{"href":"https:\/\/labonsale.com\/de\/wp-json\/wp\/v2\/media?parent=494"}],"wp:term":[{"taxonomy":"product_brand","embeddable":true,"href":"https:\/\/labonsale.com\/de\/wp-json\/wp\/v2\/product_brand?post=494"},{"taxonomy":"product_cat","embeddable":true,"href":"https:\/\/labonsale.com\/de\/wp-json\/wp\/v2\/product_cat?post=494"},{"taxonomy":"product_tag","embeddable":true,"href":"https:\/\/labonsale.com\/de\/wp-json\/wp\/v2\/product_tag?post=494"}],"curies":[{"name":"wp","href":"https:\/\/api.w.org\/{rel}","templated":true}]}}