{"id":365,"date":"2023-09-02T15:32:38","date_gmt":"2023-09-02T15:32:38","guid":{"rendered":"https:\/\/labonsale.com\/?post_type=product&#038;p=365"},"modified":"2024-05-13T07:44:49","modified_gmt":"2024-05-13T07:44:49","slug":"molekulare-destillation","status":"publish","type":"product","link":"https:\/\/labonsale.com\/de\/product\/molecular-distillation\/","title":{"rendered":"Molekulare Destillation"},"content":{"rendered":"<p>Willkommen zu unserem umfassenden Leitfaden zur Molekulardestillation, der besten thermischen Trennmaschine, die speziell f\u00fcr w\u00e4rmeempfindliche Materialien entwickelt wurde. Mit ihrer beispiellos sanften Natur minimiert die Molekulardestillation den thermischen Abbau und ist damit die bevorzugte Wahl f\u00fcr die Trennung, Reinigung und Konzentration von Naturprodukten und komplexen, thermisch empfindlichen Molek\u00fclen. In diesem Artikel werden wir die Feinheiten der molekularen Destillation, ihre Anwendungen in verschiedenen Branchen und ihre au\u00dfergew\u00f6hnlichen Vorteile untersuchen. Tauchen Sie mit uns in die faszinierende Welt der molekularen Destillation ein und entdecken Sie, warum sie in den Bereichen Chemie, Pharma, Petrochemie, Gew\u00fcrze, Kunststoffe, \u00d6l und anderen Bereichen bahnbrechend ist.<\/p>\n<p>Die Molekulardestillation, auch Wischfilmdestillation genannt, ist ein hochmodernes thermisches Trennverfahren, das sich durch die schonende Behandlung w\u00e4rmeempfindlicher Materialien auszeichnet. Sie gilt weithin als die empfindlichste Form der Destillation, da sie zu einer minimalen thermischen Zersetzung des Produkts f\u00fchrt. Diese Technik zeichnet sich durch die Trennung, Reinigung und Konzentration von Naturprodukten und komplexen und thermisch empfindlichen Molek\u00fclen aus.<\/p>\n<p>Die Molekulardestillation basiert auf den Prinzipien der Kurzweg-Vakuumdestillation, die durch einen extrem niedrigen Vakuumdruck von 0,01 Torr oder weniger gekennzeichnet ist. Zur Durchf\u00fchrung dieses pr\u00e4zisen Prozesses wird ein Molekulardestillierapparat eingesetzt. Bei der Molekulardestillation wird die Destillatfl\u00fcssigkeit in der Destillationskolonne hohen Temperaturen in einer Hochvakuumumgebung (ca. 10\u20134 mmHg) ausgesetzt. Verdampfer und Kondensator sind eng beieinander positioniert, mit einem Mindestabstand von ca. 2 cm. Dieser Aufbau stellt sicher, dass die Fl\u00fcssigkeit kurzfristig hohen Temperaturen ausgesetzt wird und erm\u00f6glicht eine effiziente Trennung. Bei der molekularen Destillation arbeiten Fl\u00fcssigkeiten unter dem freien molekularen Flussregime, wobei die mittlere freie Wegl\u00e4nge der Molek\u00fcle mit der Gr\u00f6\u00dfe der Ausr\u00fcstung vergleichbar ist.<\/p>\n<p>Im Gegensatz zu herk\u00f6mmlichen Destillationsmethoden ist die molekulare Destillation nicht auf den Verdampfungsdruck angewiesen. Stattdessen nutzt es die Sichtlinienbewegung von Molek\u00fclen. Um dies zu erreichen, wird ein kurzer Weg zwischen einer hei\u00dfen Oberfl\u00e4che (mit einem Futterfilm bedeckt) und einer kalten Oberfl\u00e4che geschaffen. Diese Konfiguration erm\u00f6glicht einen direkten Dampfstrom ohne die Notwendigkeit einer kontinuierlichen Gasphase, was zu einer optimalen Trennung f\u00fchrt und gleichzeitig die thermische Zersetzung und den Verlust wertvoller Komponenten minimiert.<\/p>\n<h3>Klassifizierung\u00a0der molekularen Destillation<\/h3>\n<figure id=\"attachment_366\" aria-describedby=\"caption-attachment-366\" style=\"width: 800px\" class=\"wp-caption aligncenter\"><img fetchpriority=\"high\" decoding=\"async\" class=\"wp-image-366 size-full\" src=\"https:\/\/labonsale.com\/wp-content\/uploads\/2023\/09\/Classification-of-Molecular-Distillation.webp\" alt=\"Klassifizierung\u00a0der molekularen Destillation\" width=\"800\" height=\"400\" srcset=\"https:\/\/labonsale.com\/wp-content\/uploads\/2023\/09\/Classification-of-Molecular-Distillation.webp 800w, https:\/\/labonsale.com\/wp-content\/uploads\/2023\/09\/Classification-of-Molecular-Distillation-600x300.webp 600w, https:\/\/labonsale.com\/wp-content\/uploads\/2023\/09\/Classification-of-Molecular-Distillation-300x150.webp 300w, https:\/\/labonsale.com\/wp-content\/uploads\/2023\/09\/Classification-of-Molecular-Distillation-768x384.webp 768w\" sizes=\"(max-width: 800px) 100vw, 800px\" \/><figcaption id=\"caption-attachment-366\" class=\"wp-caption-text\">Klassifizierung\u00a0der molekularen Destillation<\/figcaption><\/figure>\n<figure id=\"attachment_367\" aria-describedby=\"caption-attachment-367\" style=\"width: 800px\" class=\"wp-caption aligncenter\"><img decoding=\"async\" class=\"size-full wp-image-367\" src=\"https:\/\/labonsale.com\/wp-content\/uploads\/2023\/09\/Classification-of-Molecular-Distillation-2.webp\" alt=\"Klassifizierung\u00a0der molekularen Destillation\" width=\"800\" height=\"400\" srcset=\"https:\/\/labonsale.com\/wp-content\/uploads\/2023\/09\/Classification-of-Molecular-Distillation-2.webp 800w, https:\/\/labonsale.com\/wp-content\/uploads\/2023\/09\/Classification-of-Molecular-Distillation-2-600x300.webp 600w, https:\/\/labonsale.com\/wp-content\/uploads\/2023\/09\/Classification-of-Molecular-Distillation-2-300x150.webp 300w, https:\/\/labonsale.com\/wp-content\/uploads\/2023\/09\/Classification-of-Molecular-Distillation-2-768x384.webp 768w\" sizes=\"(max-width: 800px) 100vw, 800px\" \/><figcaption id=\"caption-attachment-367\" class=\"wp-caption-text\">Klassifizierung\u00a0der molekularen Destillation<\/figcaption><\/figure>\n<h3 class=\"has-ast-global-color-0-color has-text-color has-medium-font-size wp-block-heading\"><strong>Anwendung<\/strong><\/h3>\n<figure id=\"attachment_368\" aria-describedby=\"caption-attachment-368\" style=\"width: 800px\" class=\"wp-caption aligncenter\"><img decoding=\"async\" class=\"size-full wp-image-368\" src=\"https:\/\/labonsale.com\/wp-content\/uploads\/2023\/09\/Application-Of-Molecular-Distillation.webp\" alt=\"Anwendung der molekularen Destillation\" width=\"800\" height=\"400\" srcset=\"https:\/\/labonsale.com\/wp-content\/uploads\/2023\/09\/Application-Of-Molecular-Distillation.webp 800w, https:\/\/labonsale.com\/wp-content\/uploads\/2023\/09\/Application-Of-Molecular-Distillation-600x300.webp 600w, https:\/\/labonsale.com\/wp-content\/uploads\/2023\/09\/Application-Of-Molecular-Distillation-300x150.webp 300w, https:\/\/labonsale.com\/wp-content\/uploads\/2023\/09\/Application-Of-Molecular-Distillation-768x384.webp 768w\" sizes=\"(max-width: 800px) 100vw, 800px\" \/><figcaption id=\"caption-attachment-368\" class=\"wp-caption-text\">Anwendung der molekularen Destillation<\/figcaption><\/figure>\n<p>Dank ihrer un\u00fcbertroffenen F\u00e4higkeit, mit w\u00e4rmeempfindlichen Materialien umzugehen, findet die Molekulardestillation in zahlreichen Branchen vielf\u00e4ltige Anwendung. Lassen Sie uns einige Schl\u00fcsselbereiche erkunden, in denen die molekulare Destillation von entscheidender Bedeutung ist:<\/p>\n<p><strong>Chemieindustrie: <\/strong>Die Molekulardestillation spielt eine entscheidende Rolle bei der Trennung und Reinigung komplexer chemischer Verbindungen und erm\u00f6glicht die Herstellung hochwertiger Produkte.<\/p>\n<p><strong>Pharmaindustrie<\/strong>: Aufgrund ihrer schonenden und effizienten Trennf\u00e4higkeit ist die Molekulardestillation in der Arzneimittelherstellung unverzichtbar. Es erm\u00f6glicht die Extraktion und Reinigung empfindlicher Verbindungen wie Vitamine und mehrfach unges\u00e4ttigte Fetts\u00e4uren.<\/p>\n<p><strong>Petrochemische Industrie<\/strong>: Die Molekulardestillation wird im petrochemischen Sektor h\u00e4ufig zur Reinigung von Erd\u00f6lprodukten, einschlie\u00dflich Schmiermitteln, Wachsen und Spezialchemikalien, eingesetzt.<\/p>\n<p><strong>Gew\u00fcrze und Aromen<\/strong>: Die Naturstoffindustrie profitiert stark von der Molekulardestillation, da sie die Konzentration und Reinigung aromatischer Verbindungen in Gew\u00fcrzen, \u00e4therischen \u00d6len und Aromen unterst\u00fctzt.<\/p>\n<p><strong>Kunststoffindustrie<\/strong>: Die Molekulardestillation spielt eine entscheidende Rolle bei der Herstellung hochwertiger Kunststoffe, indem sie Verunreinigungen entfernt und Polymermischungen effektiv trennt.<\/p>\n<p><strong>\u00d6l Industrie<\/strong>: In der \u00d6lindustrie unterst\u00fctzt die Molekulardestillation die Raffinierung von Roh\u00f6l und erm\u00f6glicht die Trennung verschiedener Fraktionen anhand ihrer Siedepunkte und Molekulargewichte.<\/p>\n<h3>Vorteile<\/h3>\n<p>Die Molekulardestillation bietet gegen\u00fcber herk\u00f6mmlichen Destillationstechniken zahlreiche Vorteile:<br \/>\n<strong>Sanfte Behandlung<\/strong>: Als schonendste Form der Destillation minimiert die Molekulardestillation den thermischen Abbau, bewahrt die Integrit\u00e4t w\u00e4rmeempfindlicher Materialien und gew\u00e4hrleistet Produkte h\u00f6chster Qualit\u00e4t.<\/p>\n<p><strong>Ungiftiger Prozess<\/strong>: Im Gegensatz zu Techniken, die L\u00f6sungsmittel als Trennmittel verwenden, vermeidet die Molekulardestillation Bedenken hinsichtlich der Toxizit\u00e4t und ist somit eine sichere und umweltfreundliche Wahl.<\/p>\n<p><strong>Minimale Verluste<\/strong>: Durch den Betrieb unter Vakuumbedingungen reduziert die Molekulardestillation die Verluste aufgrund der thermischen Zersetzung erheblich, sorgt f\u00fcr eine optimale Ausbeute und bewahrt die wertvollen Bestandteile des Einsatzmaterials.<\/p>\n<p><strong>Kontinuierlicher Zuf\u00fchrprozess<\/strong>: Die Molekulardestillation kann nahtlos in einen kontinuierlichen Zufuhrprozess integriert werden und erm\u00f6glicht so die effiziente Extraktion von Destillat, ohne dass das Vakuum unterbrochen werden muss. Das spart Zeit, steigert die Produktivit\u00e4t und rationalisiert Produktionsabl\u00e4ufe.<\/p>\n<h3>Umfassendes Sortiment an molekularen Destillationsl\u00f6sungen<\/h3>\n<p>In unserem Unternehmen bieten wir ein umfassendes Sortiment an Molekulardestillationssystemen an, die auf Ihre spezifischen Anforderungen zugeschnitten sind. Unser Produktsortiment umfasst:<br \/>\n<strong>Glasmolekulare Destillation<\/strong>: Unsere Glas-Molekulardestillationssysteme sind auf Vielseitigkeit und Benutzerfreundlichkeit ausgelegt und eignen sich f\u00fcr eine Vielzahl von Anwendungen.<\/p>\n<p>Molekulare Destillation aus Edelstahl: Unsere auf Langlebigkeit ausgelegten Molekulardestillationssysteme aus Edelstahl gew\u00e4hrleisten hervorragende Leistung auch in anspruchsvollen Industrieumgebungen.<\/p>\n<p><strong>Hybird Molekulardestillation<\/strong>: Unsere hybriden Molekulardestillationssysteme vereinen die Vorteile von Glas- und Edelstahlkomponenten und bieten das Beste aus beiden Welten.<\/p>\n<p><strong>Zweistufige, dreistufige, mehrstufige molekulare Destillation<\/strong>: Wir bieten fortschrittliche mehrstufige Molekulardestillationssysteme, die eine verbesserte Trenn- und Reinigungseffizienz erm\u00f6glichen und selbst die komplexesten Anwendungen abdecken.<\/p>\n<p>Dank unseres Engagements f\u00fcr kundenspezifische Anpassungen k\u00f6nnen wir unsere Molekulardestillationssysteme an Ihre individuellen Anforderungen anpassen. Unser Expertenteam arbeitet eng mit Ihnen zusammen, um Ihre Anforderungen zu verstehen und eine L\u00f6sung zu liefern, die perfekt zu Ihren betrieblichen Anforderungen passt.<\/p>\n<p>Die Molekulardestillation ist die ultimative L\u00f6sung f\u00fcr eine schonende thermische Trennung und liefert au\u00dfergew\u00f6hnliche Ergebnisse f\u00fcr w\u00e4rmeempfindliche Materialien. Aufgrund ihrer schonenden Behandlung, der minimierten thermischen Zersetzung und der un\u00fcbertroffenen Pr\u00e4zision ist die Molekulardestillation zu einem unverzichtbaren Werkzeug in zahlreichen Branchen geworden, darunter in der Chemie-, Pharma-, Petrochemie-, Gew\u00fcrz-, Kunststoff- und \u00d6lindustrie.<\/p>\n<p>Durch die Nutzung der Leistungsf\u00e4higkeit der molekularen Destillation k\u00f6nnen Sie neue M\u00f6glichkeiten f\u00fcr Ihr Unternehmen erschlie\u00dfen und ein H\u00f6chstma\u00df an Trennung, Reinigung und Konzentration erreichen. Kontaktieren Sie uns noch heute, um unser umfassendes Angebot an Molekulardestillationsl\u00f6sungen zu erkunden und die Spitze der thermischen Trenntechnologie zu erleben. Investieren Sie in unsere hochmodernen Molekulardestillationsprodukte und bringen Sie Ihren Betrieb auf ein neues Niveau.<\/p>\n<p>&nbsp;<\/p>\n<p>Geh zur\u00fcck zu\u00a0<a href=\"https:\/\/labonsale.com\/de\/\" data-type=\"page\" data-id=\"308\">Startseite<\/a><\/p>\n<p>Weitere Informationen zur Molekulardestillation finden Sie unter\u00a0<a href=\"https:\/\/en.wikipedia.org\/wiki\/Molecular_distillation\" target=\"_blank\" rel=\"noopener\" data-type=\"URL\" data-id=\"https:\/\/en.wikipedia.org\/wiki\/Vacuum_drying\">Wikipedia<\/a><\/p>","protected":false},"excerpt":{"rendered":"<p>Entdecken Sie die Kraft der Molekulardestillation: Die schonendste thermische Trenntechnologie f\u00fcr w\u00e4rmeempfindliche Materialien. Entdecken Sie unsere innovativen L\u00f6sungen und revolutionieren Sie Ihre Trenn-, Reinigungs- und Konzentrationsprozesse.<\/p>\n<p>*Molekulardestillation aus Glas\/Edelstahl\/Hybrid-Serie<\/p>\n<p>*Effective evaporation area (m\u00b2) : 0.05 &#8211; 6.5<\/p>\n<p>*Eine verbesserte mehrstufige Wischfilmdestillation ist verf\u00fcgbar<\/p>\n<p>*Ma\u00dfgeschneiderte Dienstleistungen sind verf\u00fcgbar<\/p>\n<p><strong>Katalog-Download:<\/strong><a href=\"https:\/\/labonsale.com\/wp-content\/uploads\/2024\/05\/Broschure-zur-Molekulardestillation.pdf?trp-edit-translation=preview\" target=\"_blank\" rel=\"noopener\">Brosch\u00fcre zur Molekulardestillation.pdf<\/a><\/p>","protected":false},"featured_media":374,"comment_status":"closed","ping_status":"closed","template":"","meta":{"neve_meta_sidebar":"","neve_meta_container":"","neve_meta_enable_content_width":"off","neve_meta_content_width":100,"neve_meta_title_alignment":"","neve_meta_author_avatar":"","neve_post_elements_order":"","neve_meta_disable_header":"","neve_meta_disable_footer":"","neve_meta_disable_title":""},"product_brand":[],"product_cat":[22],"product_tag":[38,48],"class_list":{"0":"post-365","1":"product","2":"type-product","3":"status-publish","4":"has-post-thumbnail","6":"product_cat-distillation-equipment","7":"product_tag-customized","8":"product_tag-oem-odm","10":"first","11":"instock","12":"shipping-taxable","13":"product-type-simple"},"_links":{"self":[{"href":"https:\/\/labonsale.com\/de\/wp-json\/wp\/v2\/product\/365","targetHints":{"allow":["GET"]}}],"collection":[{"href":"https:\/\/labonsale.com\/de\/wp-json\/wp\/v2\/product"}],"about":[{"href":"https:\/\/labonsale.com\/de\/wp-json\/wp\/v2\/types\/product"}],"replies":[{"embeddable":true,"href":"https:\/\/labonsale.com\/de\/wp-json\/wp\/v2\/comments?post=365"}],"version-history":[{"count":2,"href":"https:\/\/labonsale.com\/de\/wp-json\/wp\/v2\/product\/365\/revisions"}],"predecessor-version":[{"id":2057,"href":"https:\/\/labonsale.com\/de\/wp-json\/wp\/v2\/product\/365\/revisions\/2057"}],"wp:featuredmedia":[{"embeddable":true,"href":"https:\/\/labonsale.com\/de\/wp-json\/wp\/v2\/media\/374"}],"wp:attachment":[{"href":"https:\/\/labonsale.com\/de\/wp-json\/wp\/v2\/media?parent=365"}],"wp:term":[{"taxonomy":"product_brand","embeddable":true,"href":"https:\/\/labonsale.com\/de\/wp-json\/wp\/v2\/product_brand?post=365"},{"taxonomy":"product_cat","embeddable":true,"href":"https:\/\/labonsale.com\/de\/wp-json\/wp\/v2\/product_cat?post=365"},{"taxonomy":"product_tag","embeddable":true,"href":"https:\/\/labonsale.com\/de\/wp-json\/wp\/v2\/product_tag?post=365"}],"curies":[{"name":"wp","href":"https:\/\/api.w.org\/{rel}","templated":true}]}}