{"id":1913,"date":"2024-04-10T04:13:30","date_gmt":"2024-04-10T04:13:30","guid":{"rendered":"https:\/\/labonsale.com\/?post_type=product&#038;p=1913"},"modified":"2024-04-28T06:48:12","modified_gmt":"2024-04-28T06:48:12","slug":"kuhler","status":"publish","type":"product","link":"https:\/\/labonsale.com\/de\/product\/chiller\/","title":{"rendered":"K\u00fchler"},"content":{"rendered":"<p>Labonsale ist auf die Herstellung von Extraktionsger\u00e4ten spezialisiert, einschlie\u00dflich K\u00fchlsystemen, die eine konstante K\u00e4ltequelle f\u00fcr Laborger\u00e4te bieten. Diese K\u00e4ltemaschinen nutzen mechanische K\u00fchlung und werden in verschiedenen Branchen wie der Pharmaindustrie, der Lebensmittelverarbeitung, der Metallurgie, der wissenschaftlichen Forschung, der Gentechnik und der Polymertechnik eingesetzt, wo die Aufrechterhaltung niedriger Temperaturen unerl\u00e4sslich ist.<\/p>\n<h2>Was ist ein K\u00fchler?<\/h2>\n<p>Ein Industriek\u00fchler dient in zahlreichen Industrieumgebungen als entscheidende Komponente und erleichtert die Temperaturregelung f\u00fcr Maschinen, Industrieumgebungen und Prozessfl\u00fcssigkeiten, indem er dem System W\u00e4rme entzieht und an anderer Stelle abf\u00fchrt. Seine Funktionsweise basiert auf dem Prinzip der K\u00fchlung, bei dem W\u00e4rme von einem fl\u00fcssigen K\u00fchlmittel durch verschiedene Kreisl\u00e4ufe wie Dampfkompression, Absorptionsk\u00fchlung oder Adsorptionsk\u00fchlung \u00fcbertragen wird.<\/p>\n<p>Bei diesem Prozess wird die gek\u00fchlte Fl\u00fcssigkeit durch einen W\u00e4rmetauscher zirkuliert, um die Temperatur f\u00fcr Ger\u00e4te oder andere Prozessstr\u00f6me wie Luft oder Wasser zu regulieren. Es ist unbedingt erforderlich, die bei der K\u00fchlung entstehende Abw\u00e4rme zu verwalten, indem man sie entweder an die Umgebung abgibt oder, um die Effizienz zu steigern, f\u00fcr Heizzwecke zur\u00fcckgewinnt. Dampfkompressionsk\u00fchler verwenden verschiedene Verdichtertypen wie hermetische Scroll-, halbhermetische Schrauben- oder Radialverdichter, w\u00e4hrend die Kondensationsseite entweder durch Luft oder Wasser gek\u00fchlt werden kann. In vielen F\u00e4llen nutzen selbst wassergek\u00fchlte K\u00e4ltemaschinen Saug- oder Zwangszugk\u00fchlt\u00fcrme zur K\u00fchlung.<\/p>\n<p>Absorptions- und Adsorptionsk\u00e4ltemaschinen ben\u00f6tigen f\u00fcr ihren effektiven Betrieb eine W\u00e4rmequelle. Aus diesen Systemen gewonnenes gek\u00fchltes Wasser findet umfangreiche Anwendung bei der K\u00fchlung und Entfeuchtung der Luft in mittleren bis gro\u00dfen gewerblichen, industriellen und institutionellen Einrichtungen. Wassergek\u00fchlte K\u00e4ltemaschinen k\u00f6nnen Fl\u00fcssigkeitsk\u00fchlung \u00fcber K\u00fchlt\u00fcrme, Luftk\u00fchlung oder Verdunstungsk\u00fchlung nutzen und bieten gegen\u00fcber luftgek\u00fchlten Alternativen Effizienz- und Umweltvorteile.<\/p>\n<h2>HAUPTKOMPONENTEN DES CHILLER-K\u00dcHLSYSTEMS<\/h2>\n<p>K\u00e4ltemaschinen bestehen aus vier wesentlichen Komponenten: einem Verdampfer, einem Kompressor, einem Kondensator und einer Expansionseinheit. Jedes K\u00fchlsystem enth\u00e4lt auch ein K\u00e4ltemittel.<\/p>\n<p>Der Prozess beginnt damit, dass K\u00e4ltemittel mit niedrigem Druck in den Verdampfer gelangt, wo es W\u00e4rme aufnimmt und einen Phasenwechsel in ein Gas durchl\u00e4uft. Das Gas gelangt dann zum Kompressor, wodurch sich sein Druck erh\u00f6ht.<\/p>\n<p>Das Hochdruckk\u00e4ltemittel gelangt zum Kondensator, wo es W\u00e4rme an K\u00fchlwasser aus einem Turm oder der Umgebungsluft abgibt und zu einer Hochdruckfl\u00fcssigkeit kondensiert. Diese Fl\u00fcssigkeit flie\u00dft dann zur Expansionseinheit, wo ein Ventil ihren Durchfluss reguliert, den Druck reduziert und den K\u00fchlprozess erneut einleitet.<\/p>\n<p>Diese Abfolge von Ereignissen stellt den K\u00fchlkreislauf dar, der f\u00fcr den Betrieb des K\u00fchlers unerl\u00e4sslich ist.<\/p>\n<ol>\n<li>K\u00fchlschlange: Hergestellt aus Edelstahl 304 f\u00fcr Korrosionsschutzeigenschaften und einfache Wartung.<\/li>\n<li>Kondensator: Entzieht dem K\u00e4ltemittel W\u00e4rme, indem Wasser zirkuliert oder k\u00fchle Luft \u00fcber die Kondensatorrohre geblasen wird.<\/li>\n<li>\u00d6labscheider: Unverzichtbar f\u00fcr die Trennung von Schmier\u00f6l aus Hochdruckdampf, um einen sicheren und effizienten Betrieb zu gew\u00e4hrleisten. Dar\u00fcber hinaus absorbiert es Wasser, filtert Verunreinigungen und erh\u00e4lt die Integrit\u00e4t des Rohrleitungssystems aufrecht.<\/li>\n<li>Kompressor: Der Kompressor wandelt Niederdruckgas in Hochdruckgas um, treibt den K\u00fchlkreislauf an und erleichtert die Prozessk\u00fchlung, indem er den erforderlichen Druckgradienten erzeugt. Die Regulierung der Durchflussmenge erfolgt durch die Einstellung der \u00dcberhitzung am Verdampferende.<\/li>\n<li>Plattenw\u00e4rmetauscher: Bietet eine hohe W\u00e4rmeaustauscheffizienz, minimalen W\u00e4rmeverlust, eine kompakte und leichte Struktur und eine l\u00e4ngere Lebensdauer. Filtertrockner: Verantwortlich f\u00fcr die Aufnahme von Wasser und die Filterung von Verunreinigungen, um den reibungslosen Fluss des Rohrleitungssystems sicherzustellen.<\/li>\n<li>Verdampfer: Der zwischen dem Expansionsventil und dem Kondensator positionierte Verdampfer dient dazu, W\u00e4rme aus zugeh\u00f6rigen Prozessen aufzunehmen und an das zirkulierende K\u00e4ltemittel zu \u00fcbertragen. Anschlie\u00dfend wird das K\u00e4ltemittel je nach K\u00e4ltemaschinenkonfiguration entweder einem K\u00fchlturm oder einem luftgek\u00fchlten System zugef\u00fchrt.<\/li>\n<li>Thermisches Expansionsventil: Das thermische Expansionsventil expandiert das K\u00e4ltemittel auf einen niedrigeren Druck und verbessert so die W\u00e4rmeabfuhr aus dem Verdampfer.<\/li>\n<\/ol>\n<h2>EINZELHEITEN<\/h2>\n<figure id=\"attachment_1941\" aria-describedby=\"caption-attachment-1941\" style=\"width: 800px\" class=\"wp-caption aligncenter\"><img fetchpriority=\"high\" decoding=\"async\" class=\"size-full wp-image-1941\" src=\"https:\/\/labonsale.com\/wp-content\/uploads\/2024\/04\/Chiller-Details.webp\" alt=\"Details zum K\u00fchler\" width=\"800\" height=\"800\" srcset=\"https:\/\/labonsale.com\/wp-content\/uploads\/2024\/04\/Chiller-Details.webp 800w, https:\/\/labonsale.com\/wp-content\/uploads\/2024\/04\/Chiller-Details-300x300.webp 300w, https:\/\/labonsale.com\/wp-content\/uploads\/2024\/04\/Chiller-Details-150x150.webp 150w, https:\/\/labonsale.com\/wp-content\/uploads\/2024\/04\/Chiller-Details-768x768.webp 768w, https:\/\/labonsale.com\/wp-content\/uploads\/2024\/04\/Chiller-Details-12x12.webp 12w, https:\/\/labonsale.com\/wp-content\/uploads\/2024\/04\/Chiller-Details-600x600.webp 600w, https:\/\/labonsale.com\/wp-content\/uploads\/2024\/04\/Chiller-Details-100x100.webp 100w\" sizes=\"(max-width: 800px) 100vw, 800px\" \/><figcaption id=\"caption-attachment-1941\" class=\"wp-caption-text\">Details zum K\u00fchler<\/figcaption><\/figure>\n<figure id=\"attachment_1939\" aria-describedby=\"caption-attachment-1939\" style=\"width: 800px\" class=\"wp-caption aligncenter\"><img decoding=\"async\" class=\"wp-image-1939 size-full\" src=\"https:\/\/labonsale.com\/wp-content\/uploads\/2024\/04\/Chiller-High-Precision-Micro-Computer-Control.webp\" alt=\"Hochpr\u00e4zise Mikrocomputersteuerung des K\u00fchlers\" width=\"800\" height=\"752\" srcset=\"https:\/\/labonsale.com\/wp-content\/uploads\/2024\/04\/Chiller-High-Precision-Micro-Computer-Control.webp 800w, https:\/\/labonsale.com\/wp-content\/uploads\/2024\/04\/Chiller-High-Precision-Micro-Computer-Control-300x282.webp 300w, https:\/\/labonsale.com\/wp-content\/uploads\/2024\/04\/Chiller-High-Precision-Micro-Computer-Control-768x722.webp 768w, https:\/\/labonsale.com\/wp-content\/uploads\/2024\/04\/Chiller-High-Precision-Micro-Computer-Control-13x12.webp 13w, https:\/\/labonsale.com\/wp-content\/uploads\/2024\/04\/Chiller-High-Precision-Micro-Computer-Control-600x564.webp 600w\" sizes=\"(max-width: 800px) 100vw, 800px\" \/><figcaption id=\"caption-attachment-1939\" class=\"wp-caption-text\">Hochpr\u00e4zise Mikrocomputersteuerung des K\u00fchlers<\/figcaption><\/figure>\n<figure id=\"attachment_1940\" aria-describedby=\"caption-attachment-1940\" style=\"width: 800px\" class=\"wp-caption aligncenter\"><img decoding=\"async\" class=\"size-full wp-image-1940\" src=\"https:\/\/labonsale.com\/wp-content\/uploads\/2024\/04\/High-Quality-Chiller-Spare-Parts.webp\" alt=\"Hochwertige Chiller-Ersatzteile\" width=\"800\" height=\"800\" srcset=\"https:\/\/labonsale.com\/wp-content\/uploads\/2024\/04\/High-Quality-Chiller-Spare-Parts.webp 800w, https:\/\/labonsale.com\/wp-content\/uploads\/2024\/04\/High-Quality-Chiller-Spare-Parts-300x300.webp 300w, https:\/\/labonsale.com\/wp-content\/uploads\/2024\/04\/High-Quality-Chiller-Spare-Parts-150x150.webp 150w, https:\/\/labonsale.com\/wp-content\/uploads\/2024\/04\/High-Quality-Chiller-Spare-Parts-768x768.webp 768w, https:\/\/labonsale.com\/wp-content\/uploads\/2024\/04\/High-Quality-Chiller-Spare-Parts-12x12.webp 12w, https:\/\/labonsale.com\/wp-content\/uploads\/2024\/04\/High-Quality-Chiller-Spare-Parts-600x600.webp 600w, https:\/\/labonsale.com\/wp-content\/uploads\/2024\/04\/High-Quality-Chiller-Spare-Parts-100x100.webp 100w\" sizes=\"(max-width: 800px) 100vw, 800px\" \/><figcaption id=\"caption-attachment-1940\" class=\"wp-caption-text\">Hochwertige Chiller-Ersatzteile<\/figcaption><\/figure>\n<h2>VORTEILE UND MERKMALE DES CHILLER-K\u00dcHLSYSTEMS<\/h2>\n<ol>\n<li>Energieeffizienz: Im Sommer und bei hohen Umgebungstemperaturen erleichtert das K\u00fchlwasser-K\u00fchlsystem das Wasserrecycling innerhalb des Systemkreislaufs und schont so erhebliche Wasserressourcen.<\/li>\n<li>Erh\u00f6hte Effizienz: Eine einzelne K\u00fchleinheit kann den K\u00fchlbedarf mehrerer externer Ger\u00e4te gleichzeitig decken und sorgt so f\u00fcr eine kontinuierliche Versorgung mit Niedertemperatur- und Konstanttemperatur-Wasserquellen, was sie ideal f\u00fcr Kondensationsexperimente macht.<\/li>\n<li>Temperaturpr\u00e4zision: Ausgestattet mit PID-Temperaturregelungstechnologie und einem eingebauten PT100-Sensor gew\u00e4hrleistet das K\u00fchl-K\u00fchlsystem eine hohe Temperaturregelungsgenauigkeit. Dar\u00fcber hinaus verf\u00fcgt es \u00fcber eine digitale Temperaturanzeige f\u00fcr eine intuitive Bedienung.<\/li>\n<li>Sicherheitsgarantie: Das K\u00fchl-\/K\u00fchlsystem verf\u00fcgt \u00fcber eine Selbstdiagnosefunktion sowie einen \u00dcberlastschutz und gew\u00e4hrleistet so ein hohes Ma\u00df an Sicherheit w\u00e4hrend des Betriebs.<\/li>\n<li>Vielseitige Kompatibilit\u00e4t: Durch die M\u00f6glichkeit der Kombination mit einer Vielzahl von Instrumenten wie Rotationsverdampfern, Glasreaktoren, Fermentationstanks, Gefriertrocknungsger\u00e4ten und biopharmazeutischen Reaktoren bietet das K\u00fchl-\/K\u00fchlsystem eine hervorragende Kompatibilit\u00e4t.<\/li>\n<\/ol>\n<h2>Anwendungen<\/h2>\n<p>Als f\u00fchrender Hersteller von K\u00fchlger\u00e4ten finden unsere Systeme in verschiedenen Branchen Anwendung, darunter:<\/p>\n<ul>\n<li>Analyseinstrumente: Atomabsorptionsspektrometer, Massenspektrometer, Polarimeter.<\/li>\n<li>Wissenschaftliche Versuchsausr\u00fcstung: Molekularpumpen-Rotationsverdampfer, Destillierapparate, Fermentationsger\u00e4te, Laser und Metall-Rapid-Prototyping-Ger\u00e4te.<\/li>\n<li>Biochemischer Bereich: Abbe-Refraktometer, Atomabsorptionsspektrometer, ICP-MS, ICP, Kernspinresonanzspektrometer (NMR), CCD-Kameras, biologische Fermenter und chemische Reaktoren (Synthesizer).<\/li>\n<li>Materialbereich: Elektronenmikroskope, R\u00f6ntgenbeugungsger\u00e4te (XRD), R\u00f6ntgenfluoreszenzspektrometer (RFA), Vakuum-Sputter-Beschichtungsger\u00e4te, ICP-\u00c4tzsysteme und verschiedene Halbleiterger\u00e4te.<\/li>\n<li>Medizinischer Bereich: Supraleitende Magnetresonanztomographieger\u00e4te (MRT), Linearbeschleuniger, CT-Scanner, NMR-Ger\u00e4te mit niedrigem Magnetfeld, R\u00f6ntgenger\u00e4te, Mikrowellentherapieger\u00e4te und medizinische K\u00fchlger\u00e4te wie K\u00fchlkappen und K\u00fchldecken.<\/li>\n<li>Physikalische und chemische Felder: Laser, Magnetfelder, verschiedene Pumpen (Molekularpumpen, Diffusionspumpen, Ionenpumpen) und Wasserk\u00fchlungsger\u00e4te.<\/li>\n<\/ul>\n<h2>ARBEITSGRUNDS\u00c4TZE<\/h2>\n<ul>\n<li>Phasenwechsel: Fl\u00fcssiges K\u00fchlmittel erf\u00e4hrt beim Erhitzen einen Phasenwechsel zu Gas und wird bei Unterk\u00fchlung wieder fl\u00fcssig.<\/li>\n<li>W\u00e4rmefluss: W\u00e4rmeenergie bewegt sich auf nat\u00fcrliche Weise von Bereichen hoher Konzentration zu Bereichen niedrigerer Konzentration.<\/li>\n<li>Siedepunkt: Der Siedepunkt einer Fl\u00fcssigkeit sinkt bei vermindertem Druck und steigt bei steigendem Druck.<\/li>\n<\/ul>\n<h2>WIE FUNKTIONIERT EIN K\u00dcHLER?<\/h2>\n<p>Industrielle K\u00e4ltemaschinen arbeiten nach zwei Hauptprinzipien: W\u00e4rmeaufnahme und Dampfkompression.<\/p>\n<p>W\u00e4rmeabsorptionsk\u00e4ltemaschinen nutzen W\u00e4rmetauscher, um Prozessen W\u00e4rme zu entziehen und nach au\u00dfen abzuf\u00fchren. Diese W\u00e4rmetauscher bestehen typischerweise aus Rohrleitungen, die K\u00fchlfl\u00fcssigkeiten wie Luft, Wasser oder eine Mischung davon enthalten.<\/p>\n<p>Dampfkompressionsk\u00fchler hingegen zirkulieren K\u00fchlmittel durch Prozesse, die K\u00fchlung erfordern. Dadurch wird W\u00e4rme aus den Prozessen in das K\u00fchlmittel geleitet, das dann zur K\u00fchlung und Vorbereitung f\u00fcr den n\u00e4chsten K\u00fchlzyklus in ein K\u00e4ltemittelsystem geleitet wird.<\/p>\n<h2>Bedienungsanleitung<\/h2>\n<ul>\n<li>Stellen Sie sicher, dass der K\u00fchlk\u00fchler in einer trockenen und gut bel\u00fcfteten Umgebung aufgestellt wird und um ihn herum ein Freiraum von mindestens 30 cm vorhanden ist, um Hindernisse zu vermeiden.<\/li>\n<li>F\u00fcllen Sie vor dem Betrieb den Tank oberhalb der Niedertemperatur-K\u00fchlmittelumw\u00e4lzpumpe mit dem entsprechenden fl\u00fcssigen Medium.<\/li>\n<li>Stellen Sie sicher, dass die an den K\u00fchler angeschlossene Stromversorgung den Gesamtstrombedarf des Ger\u00e4ts erf\u00fcllt oder \u00fcbertrifft. Dar\u00fcber hinaus ist eine ordnungsgem\u00e4\u00dfe Erdung f\u00fcr einen sicheren und stabilen Ger\u00e4tebetrieb unerl\u00e4sslich.<\/li>\n<li>Warten Sie nach der Aktivierung des K\u00fchlschalters eine Verz\u00f6gerung von drei Minuten, bevor der Kompressor den Betrieb aufnimmt.<\/li>\n<li>Halten Sie w\u00e4hrend des Betriebs des K\u00fchlers die Temperaturangaben ein und vermeiden Sie direkten Kontakt mit dem Tank, um Erfrierungen vorzubeugen.<\/li>\n<li>Wenn Sie eine externe Zirkulation verwenden, pr\u00fcfen und sichern Sie die Rohrverbindungen sorgf\u00e4ltig, um Abl\u00f6sungen und m\u00f6gliche Leckagen zu verhindern.<\/li>\n<li>Schalten Sie nach Abschluss der Experimente nacheinander den Umw\u00e4lzpumpenschalter, den K\u00fchlschalter und den Netzschalter f\u00fcr die Instrumente aus, die gek\u00fchlt werden m\u00fcssen. Anschlie\u00dfend den Sicherheitsschalter deaktivieren und den Netzstecker ziehen.<\/li>\n<li>Wenn der K\u00fchler \u00fcber einen l\u00e4ngeren Zeitraum nicht verwendet wird, wird empfohlen, das K\u00fchlmittel abzulassen und das System mit klarem Wasser zu sp\u00fclen.<\/li>\n<li>\u00dcberwachen Sie regelm\u00e4\u00dfig den Fl\u00fcssigkeitsstand im Tank und f\u00fcllen Sie ihn bei Bedarf umgehend auf, um einen Ger\u00e4tebetrieb ohne ausreichend K\u00fchlmittel zu verhindern.<\/li>\n<\/ul>\n<p>&nbsp;<\/p>\n<p>&nbsp;<\/p>\n<p>F\u00fcr Anlagen, in denen Prozessfl\u00fcssigkeiten oder Hochleistungsmaschinen zum Einsatz kommen, ist der Einsatz eines industriellen K\u00fchlsystems zur Regulierung der Temperaturen innerhalb von Prozessen und Maschinenkomponenten unerl\u00e4sslich. Einblicke in die Betriebsmechanismen industrieller K\u00e4ltemaschinen zu gewinnen und die Vielfalt der verf\u00fcgbaren K\u00e4ltemaschinentypen zu erkunden, erleichtert eine fundierte Entscheidungsfindung, die auf spezifische K\u00fchlanforderungen zugeschnitten ist.<\/p>\n<p>&nbsp;<\/p>\n<p>Geh zur\u00fcck zu\u00a0<a href=\"https:\/\/labonsale.com\/de\/\">Startseite<\/a><\/p>\n<p>Erfahren Sie mehr \u00fcber Chiller auf <a href=\"https:\/\/en.wikipedia.org\/wiki\/Chiller\" target=\"_blank\" rel=\"noopener\">Wikipedia<\/a><\/p>","protected":false},"excerpt":{"rendered":"<p>\u2744\ufe0fUpgrade Ihres Labork\u00fchlsystems mit unseren effizienten K\u00fchlern! Sorgen Sie daf\u00fcr, dass Ihre Ausr\u00fcstung reibungslos l\u00e4uft. Entdecken Sie noch heute zuverl\u00e4ssige K\u00fchll\u00f6sungen!<\/p>\n<p>*Temperaturbereich: -120\u2103~RT<\/p>\n<p>*Offene K\u00fchler\/hermetische K\u00fchler sind verf\u00fcgbar<\/p>\n<p>*Vom Laborma\u00dfstab bis zum Industriema\u00dfstab<\/p>","protected":false},"featured_media":1935,"comment_status":"closed","ping_status":"closed","template":"","meta":{"neve_meta_sidebar":"","neve_meta_container":"","neve_meta_enable_content_width":"off","neve_meta_content_width":100,"neve_meta_title_alignment":"","neve_meta_author_avatar":"","neve_post_elements_order":"","neve_meta_disable_header":"","neve_meta_disable_footer":"","neve_meta_disable_title":""},"product_brand":[],"product_cat":[51],"product_tag":[49,38,45,43],"class_list":{"0":"post-1913","1":"product","2":"type-product","3":"status-publish","4":"has-post-thumbnail","6":"product_cat-temp-control-equipment","7":"product_tag-ce-certification","8":"product_tag-customized","9":"product_tag-industrial-scale","10":"product_tag-lab-scale","12":"first","13":"instock","14":"shipping-taxable","15":"product-type-simple"},"_links":{"self":[{"href":"https:\/\/labonsale.com\/de\/wp-json\/wp\/v2\/product\/1913","targetHints":{"allow":["GET"]}}],"collection":[{"href":"https:\/\/labonsale.com\/de\/wp-json\/wp\/v2\/product"}],"about":[{"href":"https:\/\/labonsale.com\/de\/wp-json\/wp\/v2\/types\/product"}],"replies":[{"embeddable":true,"href":"https:\/\/labonsale.com\/de\/wp-json\/wp\/v2\/comments?post=1913"}],"version-history":[{"count":1,"href":"https:\/\/labonsale.com\/de\/wp-json\/wp\/v2\/product\/1913\/revisions"}],"predecessor-version":[{"id":1934,"href":"https:\/\/labonsale.com\/de\/wp-json\/wp\/v2\/product\/1913\/revisions\/1934"}],"wp:featuredmedia":[{"embeddable":true,"href":"https:\/\/labonsale.com\/de\/wp-json\/wp\/v2\/media\/1935"}],"wp:attachment":[{"href":"https:\/\/labonsale.com\/de\/wp-json\/wp\/v2\/media?parent=1913"}],"wp:term":[{"taxonomy":"product_brand","embeddable":true,"href":"https:\/\/labonsale.com\/de\/wp-json\/wp\/v2\/product_brand?post=1913"},{"taxonomy":"product_cat","embeddable":true,"href":"https:\/\/labonsale.com\/de\/wp-json\/wp\/v2\/product_cat?post=1913"},{"taxonomy":"product_tag","embeddable":true,"href":"https:\/\/labonsale.com\/de\/wp-json\/wp\/v2\/product_tag?post=1913"}],"curies":[{"name":"wp","href":"https:\/\/api.w.org\/{rel}","templated":true}]}}