{"id":1883,"date":"2024-03-15T15:13:55","date_gmt":"2024-03-15T15:13:55","guid":{"rendered":"https:\/\/labonsale.com\/?post_type=product&#038;p=1883"},"modified":"2024-04-22T14:17:06","modified_gmt":"2024-04-22T14:17:06","slug":"uberkritische-co2-extraktion","status":"publish","type":"product","link":"https:\/\/labonsale.com\/de\/product\/supercritical-co2-extraction\/","title":{"rendered":"\u00dcberkritische CO2-Extraktion"},"content":{"rendered":"<p>Bei der \u00fcberkritischen CO2-Extraktion handelt es sich um einen Prozess, bei dem eine Komponente, das so genannte Extraktionsmittel, von einer anderen Komponente, der sogenannten Matrix, getrennt wird. Dabei werden \u00fcberkritische Fl\u00fcssigkeiten verwendet, wobei Kohlendioxid (CO2) das vorherrschende L\u00f6sungsmittel ist. Die \u00fcberkritischen CO2-Extraktoren von Labonsale sind daf\u00fcr bekannt, sicherere, sauberere und reinere \u00d6le aus pflanzlichen Pflanzenmaterialien herzustellen und finden weit verbreitete Anwendung in Branchen wie der Lebensmittel-, Kosmetik- und Pharmaindustrie.<\/p>\n<p>Labonsale ist ein f\u00fchrender Anbieter von \u00fcberkritischen CO2-Extraktionsl\u00f6sungen in China und bietet eine Reihe von Standard- und kundenspezifischen Modellen an, die auf Ihre Anforderungen zugeschnitten sind. Unsere Ausr\u00fcstung deckt verschiedene Volumina und Druckstufen ab, mit Durchsatzkapazit\u00e4ten von 5 Pfund trockener Biomasse pro Tag bis 15.000 Pfund pro Tag. Mit einer typischen Vorlaufzeit von nur einem Monat stellen wir eine p\u00fcnktliche Lieferung sicher, um die Zeitpl\u00e4ne Ihres Projekts einzuhalten.<\/p>\n<p>Zus\u00e4tzlich zu unserem Ausr\u00fcstungsangebot sind wir auf die Bereitstellung schl\u00fcsselfertiger botanischer Extraktionsl\u00f6sungen spezialisiert, insbesondere f\u00fcr die Hanf- und Cannabisextraktion. Mit \u00fcber 100 in Betrieb genommenen \u00fcberkritischen CO2-Extraktionssystemen weltweit bringen wir umfassende Erfahrung und Fachwissen in jedes Projekt ein und stellen so optimale Ergebnisse f\u00fcr unsere Kunden sicher.<\/p>\n<h2>WAS IST \u00dcBERKRITISCHE CO2-EXTRAKTION?<\/h2>\n<p>Die Extraktion \u00fcberkritischer Fl\u00fcssigkeiten ist eine Technik, die Extrakte aus einer Mischungsmatrix mithilfe \u00fcberkritischer Fl\u00fcssigkeiten trennt. Unter diesen Fl\u00fcssigkeiten wird Kohlendioxid (CO2) am h\u00e4ufigsten verwendet. \u00dcberkritische Fl\u00fcssigkeiten liegen in einem einzigartigen Zustand zwischen Gasen und Fl\u00fcssigkeiten vor, dem sogenannten \u00fcberkritischen Zustand, der auftritt, wenn Druck und Temperatur den kritischen Punkt \u00fcberschreiten. In diesem Zustand weist die Fl\u00fcssigkeit Eigenschaften sowohl von Fl\u00fcssigkeiten als auch von Gasen auf, mit einer Dichte, die der von Fl\u00fcssigkeiten \u00e4hnelt, und einer Viskosit\u00e4t, die eher der von Gasen \u00e4hnelt. Diese Eigenschaft macht \u00fcberkritische Fl\u00fcssigkeiten wie CO2 zu hochwirksamen Extraktionsmitteln. Sie k\u00f6nnen Zielverbindungen basierend auf Polarit\u00e4t, Siedepunkt und Molekulargewicht selektiv aufl\u00f6sen. Insgesamt dienen \u00fcberkritische Fl\u00fcssigkeiten aufgrund ihrer einzigartigen Eigenschaften als ideale Extraktionsl\u00f6sungsmittel in verschiedenen Branchen und bieten Vorteile wie Betrieb bei niedriger Temperatur, minimale R\u00fcckst\u00e4nde in Extrakten und effiziente Extraktionsprozesse.<\/p>\n<h2>PRINZIP DER \u00dcBERKRITISCHEN KOHLENDIOXID-EXTRAKTION<\/h2>\n<p>Das Prinzip einer \u00fcberkritischen CO2-Extraktionsmaschine und ihres Trennverfahrens beruht auf dem Zusammenspiel zwischen der L\u00f6sungskapazit\u00e4t einer \u00fcberkritischen Fl\u00fcssigkeit und ihrer Dichte, die durch Druck und Temperatur bestimmt wird. Unter der besonderen Temperatur und dem besonderen Druck (Temperatur \u00fcber 31 Grad Celsius und Druck \u00fcber 1071 PSI) geht CO2 in einen \u00fcberkritischen Zustand \u00fcber. Kohlendioxid wird danach zu einer \u00fcberkritischen Fl\u00fcssigkeit mit niedriger Viskosit\u00e4t und ohne Grenzfl\u00e4chenspannung, wodurch seine L\u00f6slichkeit verbessert und somit eine h\u00f6here Extraktionseffizienz erreicht wird. Im \u00fcberkritischen Zustand kommt die Fl\u00fcssigkeit mit der zu trennenden Substanz in Kontakt und erm\u00f6glicht so eine selektive Extraktion der Komponenten anhand von Faktoren wie Polarit\u00e4t, Siedepunkt und Molekulargewicht. Es ist wichtig zu beachten, dass der in jedem Druckbereich gewonnene Extrakt m\u00f6glicherweise nicht einzigartig ist, aber durch eine genaue Kontrolle der Bedingungen kann eine optimale Mischung der Komponenten erreicht werden. Anschlie\u00dfend wird das \u00fcberkritische Fluid durch Dekomprimieren und Erh\u00f6hen der Temperatur wieder in ein normales Gas umgewandelt, was die Trennung und Reinigung des extrahierten Materials erm\u00f6glicht. Somit kombiniert der hochkritische CO2-Fl\u00fcssigkeitsextraktionsprozess nahtlos Extraktions- und Trennverfahren, was zu einer effizienten und effektiven Reinigung f\u00fchrt.<\/p>\n<h2 class=\"font_4 wixui-rich-text__text\"><span class=\"wixui-rich-text__text\">WIE FUNKTIONIERT DER SUPERKRITISCHE CO2-EXTRAKTOR?<\/span><\/h2>\n<ol>\n<li>Laden Sie Cannabis in die Kammer.<\/li>\n<li>Unter optimalen Temperatur- und Druckbedingungen geht CO2 in den \u00fcberkritischen Zustand \u00fcber.<\/li>\n<li>Das \u00fcberkritische CO2 l\u00f6st das Cannabis auf.<\/li>\n<li>Das fl\u00fcssige Gemisch, das Cannabis\u00f6l enth\u00e4lt, wird durch das \u00fcberkritische CO2 zum Separator gef\u00f6rdert.<\/li>\n<li>Beim Erreichen des Abscheiders geht das \u00fcberkritische CO2 wieder in die Gasphase \u00fcber und trennt sich aufgrund des verminderten Drucks von der Fl\u00fcssigkeit.<\/li>\n<li>Das CO2-Gas wird zur sp\u00e4teren Verwendung in einen Lagertank geleitet.<\/li>\n<li>W\u00e4hrenddessen setzen sich das Cannabis\u00f6l und andere Verbindungen am Boden des Abscheiders ab.<\/li>\n<li>Das gesammelte \u00d6l und die gesammelten Verbindungen werden f\u00fcr weitere Behandlungsschritte in einen Beh\u00e4lter \u00fcberf\u00fchrt.<\/li>\n<\/ol>\n<figure id=\"attachment_1886\" aria-describedby=\"caption-attachment-1886\" style=\"width: 800px\" class=\"wp-caption aligncenter\"><img fetchpriority=\"high\" decoding=\"async\" class=\"size-full wp-image-1886\" src=\"https:\/\/labonsale.com\/wp-content\/uploads\/2024\/03\/how-supercritical-extraction-works.webp\" alt=\"wie-\u00fcberkritische-extraktion-funktioniert\" width=\"800\" height=\"600\" srcset=\"https:\/\/labonsale.com\/wp-content\/uploads\/2024\/03\/how-supercritical-extraction-works.webp 800w, https:\/\/labonsale.com\/wp-content\/uploads\/2024\/03\/how-supercritical-extraction-works-300x225.webp 300w, https:\/\/labonsale.com\/wp-content\/uploads\/2024\/03\/how-supercritical-extraction-works-768x576.webp 768w, https:\/\/labonsale.com\/wp-content\/uploads\/2024\/03\/how-supercritical-extraction-works-16x12.webp 16w, https:\/\/labonsale.com\/wp-content\/uploads\/2024\/03\/how-supercritical-extraction-works-600x450.webp 600w\" sizes=\"(max-width: 800px) 100vw, 800px\" \/><figcaption id=\"caption-attachment-1886\" class=\"wp-caption-text\">wie-\u00fcberkritische-extraktion-funktioniert<\/figcaption><\/figure>\n<h2>EINZELHEITEN<\/h2>\n<figure id=\"attachment_1890\" aria-describedby=\"caption-attachment-1890\" style=\"width: 720px\" class=\"wp-caption aligncenter\"><img decoding=\"async\" class=\"size-full wp-image-1890\" src=\"https:\/\/labonsale.com\/wp-content\/uploads\/2024\/03\/Supercritical-CO2-Extraction-Real-Shot-1.webp\" alt=\"\u00dcberkritische CO2-Extraktion Real Shot-1\" width=\"720\" height=\"576\" srcset=\"https:\/\/labonsale.com\/wp-content\/uploads\/2024\/03\/Supercritical-CO2-Extraction-Real-Shot-1.webp 720w, https:\/\/labonsale.com\/wp-content\/uploads\/2024\/03\/Supercritical-CO2-Extraction-Real-Shot-1-300x240.webp 300w, https:\/\/labonsale.com\/wp-content\/uploads\/2024\/03\/Supercritical-CO2-Extraction-Real-Shot-1-15x12.webp 15w, https:\/\/labonsale.com\/wp-content\/uploads\/2024\/03\/Supercritical-CO2-Extraction-Real-Shot-1-600x480.webp 600w\" sizes=\"(max-width: 720px) 100vw, 720px\" \/><figcaption id=\"caption-attachment-1890\" class=\"wp-caption-text\">\u00dcberkritische CO2-Extraktion Real Shot-1<\/figcaption><\/figure>\n<figure id=\"attachment_1889\" aria-describedby=\"caption-attachment-1889\" style=\"width: 719px\" class=\"wp-caption aligncenter\"><img decoding=\"async\" class=\"size-full wp-image-1889\" src=\"https:\/\/labonsale.com\/wp-content\/uploads\/2024\/03\/Supercritical-CO2-Extraction-Real-Shot-2.webp\" alt=\"\u00dcberkritische CO2-Extraktion Real Shot-2\" width=\"719\" height=\"720\" srcset=\"https:\/\/labonsale.com\/wp-content\/uploads\/2024\/03\/Supercritical-CO2-Extraction-Real-Shot-2.webp 719w, https:\/\/labonsale.com\/wp-content\/uploads\/2024\/03\/Supercritical-CO2-Extraction-Real-Shot-2-300x300.webp 300w, https:\/\/labonsale.com\/wp-content\/uploads\/2024\/03\/Supercritical-CO2-Extraction-Real-Shot-2-150x150.webp 150w, https:\/\/labonsale.com\/wp-content\/uploads\/2024\/03\/Supercritical-CO2-Extraction-Real-Shot-2-12x12.webp 12w, https:\/\/labonsale.com\/wp-content\/uploads\/2024\/03\/Supercritical-CO2-Extraction-Real-Shot-2-600x601.webp 600w, https:\/\/labonsale.com\/wp-content\/uploads\/2024\/03\/Supercritical-CO2-Extraction-Real-Shot-2-100x100.webp 100w\" sizes=\"(max-width: 719px) 100vw, 719px\" \/><figcaption id=\"caption-attachment-1889\" class=\"wp-caption-text\">\u00dcberkritische CO2-Extraktion Real Shot-2<\/figcaption><\/figure>\n<figure id=\"attachment_1888\" aria-describedby=\"caption-attachment-1888\" style=\"width: 719px\" class=\"wp-caption aligncenter\"><img loading=\"lazy\" decoding=\"async\" class=\"size-full wp-image-1888\" src=\"https:\/\/labonsale.com\/wp-content\/uploads\/2024\/03\/Supercritical-CO2-Extraction-Real-Shot-3.webp\" alt=\"\u00dcberkritische CO2-Extraktion Real Shot-3\" width=\"719\" height=\"720\" srcset=\"https:\/\/labonsale.com\/wp-content\/uploads\/2024\/03\/Supercritical-CO2-Extraction-Real-Shot-3.webp 719w, https:\/\/labonsale.com\/wp-content\/uploads\/2024\/03\/Supercritical-CO2-Extraction-Real-Shot-3-300x300.webp 300w, https:\/\/labonsale.com\/wp-content\/uploads\/2024\/03\/Supercritical-CO2-Extraction-Real-Shot-3-150x150.webp 150w, https:\/\/labonsale.com\/wp-content\/uploads\/2024\/03\/Supercritical-CO2-Extraction-Real-Shot-3-12x12.webp 12w, https:\/\/labonsale.com\/wp-content\/uploads\/2024\/03\/Supercritical-CO2-Extraction-Real-Shot-3-600x601.webp 600w, https:\/\/labonsale.com\/wp-content\/uploads\/2024\/03\/Supercritical-CO2-Extraction-Real-Shot-3-100x100.webp 100w\" sizes=\"(max-width: 719px) 100vw, 719px\" \/><figcaption id=\"caption-attachment-1888\" class=\"wp-caption-text\">\u00dcberkritische CO2-Extraktion Real Shot-3<\/figcaption><\/figure>\n<figure id=\"attachment_1887\" aria-describedby=\"caption-attachment-1887\" style=\"width: 719px\" class=\"wp-caption aligncenter\"><img loading=\"lazy\" decoding=\"async\" class=\"size-full wp-image-1887\" src=\"https:\/\/labonsale.com\/wp-content\/uploads\/2024\/03\/Supercritical-CO2-Extraction-Real-Shot-4.webp\" alt=\"\u00dcberkritische CO2-Extraktion Real Shot-4\" width=\"719\" height=\"720\" srcset=\"https:\/\/labonsale.com\/wp-content\/uploads\/2024\/03\/Supercritical-CO2-Extraction-Real-Shot-4.webp 719w, https:\/\/labonsale.com\/wp-content\/uploads\/2024\/03\/Supercritical-CO2-Extraction-Real-Shot-4-300x300.webp 300w, https:\/\/labonsale.com\/wp-content\/uploads\/2024\/03\/Supercritical-CO2-Extraction-Real-Shot-4-150x150.webp 150w, https:\/\/labonsale.com\/wp-content\/uploads\/2024\/03\/Supercritical-CO2-Extraction-Real-Shot-4-12x12.webp 12w, https:\/\/labonsale.com\/wp-content\/uploads\/2024\/03\/Supercritical-CO2-Extraction-Real-Shot-4-600x601.webp 600w, https:\/\/labonsale.com\/wp-content\/uploads\/2024\/03\/Supercritical-CO2-Extraction-Real-Shot-4-100x100.webp 100w\" sizes=\"(max-width: 719px) 100vw, 719px\" \/><figcaption id=\"caption-attachment-1887\" class=\"wp-caption-text\">\u00dcberkritische CO2-Extraktion Real Shot-4<\/figcaption><\/figure>\n<figure id=\"attachment_1891\" aria-describedby=\"caption-attachment-1891\" style=\"width: 720px\" class=\"wp-caption aligncenter\"><img loading=\"lazy\" decoding=\"async\" class=\"size-full wp-image-1891\" src=\"https:\/\/labonsale.com\/wp-content\/uploads\/2024\/03\/Supercritical-CO2-Extraction-Real-Shot-5.webp\" alt=\"\u00dcberkritische CO2-Extraktion Real Shot-5\" width=\"720\" height=\"720\" srcset=\"https:\/\/labonsale.com\/wp-content\/uploads\/2024\/03\/Supercritical-CO2-Extraction-Real-Shot-5.webp 720w, https:\/\/labonsale.com\/wp-content\/uploads\/2024\/03\/Supercritical-CO2-Extraction-Real-Shot-5-300x300.webp 300w, https:\/\/labonsale.com\/wp-content\/uploads\/2024\/03\/Supercritical-CO2-Extraction-Real-Shot-5-150x150.webp 150w, https:\/\/labonsale.com\/wp-content\/uploads\/2024\/03\/Supercritical-CO2-Extraction-Real-Shot-5-12x12.webp 12w, https:\/\/labonsale.com\/wp-content\/uploads\/2024\/03\/Supercritical-CO2-Extraction-Real-Shot-5-600x600.webp 600w, https:\/\/labonsale.com\/wp-content\/uploads\/2024\/03\/Supercritical-CO2-Extraction-Real-Shot-5-100x100.webp 100w\" sizes=\"(max-width: 720px) 100vw, 720px\" \/><figcaption id=\"caption-attachment-1891\" class=\"wp-caption-text\">\u00dcberkritische CO2-Extraktion Real Shot-5<\/figcaption><\/figure>\n<figure id=\"attachment_1892\" aria-describedby=\"caption-attachment-1892\" style=\"width: 766px\" class=\"wp-caption aligncenter\"><img loading=\"lazy\" decoding=\"async\" class=\"size-full wp-image-1892\" src=\"https:\/\/labonsale.com\/wp-content\/uploads\/2024\/03\/Supercritical-CO2-Extraction-Real-Shot-6.webp\" alt=\"\u00dcberkritische CO2-Extraktion Real Shot-6\" width=\"766\" height=\"585\" srcset=\"https:\/\/labonsale.com\/wp-content\/uploads\/2024\/03\/Supercritical-CO2-Extraction-Real-Shot-6.webp 766w, https:\/\/labonsale.com\/wp-content\/uploads\/2024\/03\/Supercritical-CO2-Extraction-Real-Shot-6-300x229.webp 300w, https:\/\/labonsale.com\/wp-content\/uploads\/2024\/03\/Supercritical-CO2-Extraction-Real-Shot-6-16x12.webp 16w, https:\/\/labonsale.com\/wp-content\/uploads\/2024\/03\/Supercritical-CO2-Extraction-Real-Shot-6-600x458.webp 600w\" sizes=\"(max-width: 766px) 100vw, 766px\" \/><figcaption id=\"caption-attachment-1892\" class=\"wp-caption-text\">\u00dcberkritische CO2-Extraktion Real Shot-6<\/figcaption><\/figure>\n<h2>MODELLE UND KOMPONENTEN<\/h2>\n<p>\u00dcberkritische CO2-Extraktionsger\u00e4te gibt es in verschiedenen Modellen, darunter SFE-5L, SFE-10L, SFE-25L und SFE-50L. Diese Systeme bestehen aus wesentlichen Komponenten wie einem K\u00fchlschrank, einem Gasspeichertank, einer Pumpe f\u00fcr fl\u00fcssiges Kohlendioxid, einer Modifikatorpumpe, einer Rohstoffpumpe, einem W\u00e4rmetauscher, einem Extraktor, einem Entlader, einem Zufuhrventil, einem Ablassventil, einem \u00dcberdruckventil, einem Manometer, einer Stickstoffflasche, und Tanks f\u00fcr die Lagerung von Rohstoffen und Modifikatoren. Dar\u00fcber hinaus sind Hochdruck-CO2-Pumpen integraler Bestandteil dieser Systeme.<\/p>\n<h2>Vorteile<\/h2>\n<ul>\n<li>H\u00f6here Druckstufe: Labonsale bietet \u00fcberkritische CO2-Extraktoren mit einer Druckstufe von bis zu 50 MPa (7250 PSI) an und \u00fcbertrifft damit die Konkurrenz.<\/li>\n<li>Doppelter Sicherheitsschutz: Unsere Extraktoren verf\u00fcgen \u00fcber \u00dcberdruckschutzmanometer und Sicherheitsventile, die f\u00fcr verbesserte Sicherheitsma\u00dfnahmen sorgen.<\/li>\n<li>Vielseitig: Sowohl f\u00fcr Labor- als auch f\u00fcr Industrieanwendungen geeignet, mit Beh\u00e4lterkapazit\u00e4ten von 0,5 l bis 3000 l.<\/li>\n<li>Inbetriebnahme und Schulung: Wir bieten Inbetriebnahme- und Schulungsdienste vor Ort oder aus der Ferne an, um einen optimalen Betrieb sicherzustellen.<\/li>\n<li>Kosteng\u00fcnstig: Unsere Extraktoren bieten einen geringeren Strom- und Ethanolverbrauch sowie eine geringere Stellfl\u00e4che, was zu Kosteneinsparungen f\u00fchrt.<\/li>\n<li>Sicherheit: Durch die Verwendung von ungiftigem und nicht brennbarem CO2 ist unser Extraktionsverfahren im Vergleich zu alternativen Methoden sicherer.<\/li>\n<li>Zug\u00e4nglichkeit: Ausgestattet mit einer automatischen SPS-Steuerung und vollst\u00e4ndigen Standardarbeitsanweisungen (SOP) bieten unsere Extraktoren eine einfache Bedienung.<\/li>\n<li>Support: Labonsale bietet kurze Lieferzeiten von innerhalb eines Monats sowie schl\u00fcsselfertige L\u00f6sungsdesign- und Anpassungsunterst\u00fctzung.<\/li>\n<\/ul>\n<h2>VORTEIL<\/h2>\n<ul>\n<li>Effiziente CO2-R\u00fcckgewinnung: Das geschlossene Kreislaufsystem von Labonsale kann \u00fcber 95 % des CO2 zur\u00fcckgewinnen und sorgt so f\u00fcr minimalen Abfall und minimale Umweltbelastung.<\/li>\n<li>Pr\u00e4zise Steuerung: Unsere Systeme erm\u00f6glichen eine einfache Einstellung und pr\u00e4zise Steuerung von Druck und Temperatur und optimieren so die Extraktionsbedingungen.<\/li>\n<li>Hochdruckpumpe: Ausgestattet mit einer hocheffizienten CO2-Hochdruckpumpe k\u00f6nnen unsere Systeme den Druck f\u00fcr effiziente Extraktionsprozesse schnell erh\u00f6hen.<\/li>\n<li>Benutzerfreundliches Design: Die CO2-Extraktionssysteme von Labonsale zeichnen sich durch ein benutzerfreundliches CO2-Flusswegdesign aus, komplett mit einem selbsterkl\u00e4renden Flussdiagramm f\u00fcr einfache Schulung und Bedienung.<\/li>\n<li>Einfache Installation: Da das System vor dem Versand zu 99 % vormontiert ist, ist die Installation beim Kunden unkompliziert und problemlos.<\/li>\n<li>Erh\u00f6hte Pumpenlebensdauer: Unsere Systeme verf\u00fcgen \u00fcber ein spezielles Design im Pumpenkolbensystem, das die Lebensdauer der Pumpe verl\u00e4ngert und nur minimale Wartung erfordert.<\/li>\n<li>Niedrige Extraktionstemperatur: Unsere Systeme sind f\u00fcr niedrige Extraktionstemperaturen konzipiert und eignen sich ideal f\u00fcr die Extraktion und Reinigung hitzeempfindlicher Verbindungen unter Wahrung ihrer Integrit\u00e4t.<\/li>\n<\/ul>\n<h2>Fallstudie<\/h2>\n<p>Um \u00e4therisches Pfingstrosen\u00f6l mithilfe von \u00fcberkritischen CO2-Extraktionsger\u00e4ten zu extrahieren, wird ein systematischer Prozess befolgt:<\/p>\n<ol>\n<li>Reinigung: Die Wurzeln, St\u00e4ngel, Bl\u00e4tter und Bl\u00fcten der Pfingstrosen werden gr\u00fcndlich gewaschen, um Verunreinigungen und Erde zu entfernen. Nach der Reinigung wird das Wasser zur sp\u00e4teren Verwendung abgelassen.<\/li>\n<li>Trocknen: Die gewaschenen Pfingstrosen werden dann in einen mit Trocknungsger\u00e4ten ausgestatteten Trockenraum geschickt. Beim Trocknungsprozess wird eine Temperatur zwischen 40 und 70 Grad Celsius f\u00fcr 3 bis 8 Stunden aufrechterhalten, um den Feuchtigkeitsgehalt auf weniger als 7 % zu reduzieren.<\/li>\n<li>Pulverisierung: Nach dem Trocknen werden die Wurzeln, St\u00e4ngel, Bl\u00e4tter und Bl\u00fcten mit einer Getreidestrohm\u00fchle zu Spreu pulverisiert, wodurch Pfingstrosenreste entstehen.<\/li>\n<li>Extraktion: Ungef\u00e4hr 300 kg Pfingstrosenst\u00fccke werden in den Extraktor gegeben, um einen dichten Verschluss zu gew\u00e4hrleisten. Die Fl\u00fcssigkeit aus dem Vorratstank wird durch eine Hochdruckpumpe in den Verdampfer gepumpt. Anschlie\u00dfend gelangt es in einem f\u00fcr die Extraktion kritischen fl\u00fcssigen Zustand in den Extraktor.<\/li>\n<li>Druck- und Temperatureinstellung: Der Druck und die Temperatur im Extraktor werden auf einen Wert zwischen 10 MPa und 45 MPa bzw. 32 \u00b0C bis 80 \u00b0C eingestellt. Die gemischte Fl\u00fcssigkeit wird im Abscheider einer Dekompressionstrennung unterzogen, wobei der Druck zwischen 4 MPa und 10 MPa und die Temperatur zwischen 20 \u00b0C und 80 \u00b0C geregelt wird.<\/li>\n<li>Extraktion und Trennung: Es wird darauf geachtet, einen \u00fcberm\u00e4\u00dfigen Druck im Extraktor zu vermeiden. Die an \u00e4therischem Pfingstrosen\u00f6l reiche Fl\u00fcssigkeit wird zum Separator geleitet, wo sie vom CO2 getrennt wird. Das abgetrennte reine \u00e4therische \u00d6l wird durch den Verfl\u00fcssiger gek\u00fchlt und in den Fl\u00fcssigkeitsspeichertank zur\u00fcckgef\u00fchrt, wodurch der Extraktionszyklus abgeschlossen wird.<\/li>\n<li>CO2-R\u00fcckgewinnung und -Entsorgung: CO2-Gas im Abgastank wird vom Kompressor zur weiteren Extraktion zur\u00fcckgewonnen und im Fl\u00fcssig-CO2-Lagertank gespeichert. Extrahiertes \u00e4therisches Pfingstrosen\u00f6l wird regelm\u00e4\u00dfig freigesetzt und zur Qualit\u00e4tskontrolle gemessen, w\u00e4hrend die restlichen Pfingstrosenreste aus der unteren Abdeckung des Extraktors ausgetragen werden.<\/li>\n<\/ol>\n<h2>Anwendung<\/h2>\n<ul>\n<li>Extraktion biologisch aktiver Molek\u00fcle aus Heilpflanzen, einschlie\u00dflich der Extraktion und Abtrennung von Alkaloiden.<\/li>\n<li>Extraktion von Lipiden aus verschiedenen Mikroorganismen zur Lipidgewinnung oder Entfernung aus Glykosiden und Proteinen.<\/li>\n<li>Gewinnung krebshemmender Substanzen aus verschiedenen Pflanzen, wie z. B. Paclitaxel aus der Rinde und Zweigen von Taxus chinensis, zur Krebspr\u00e4vention und -behandlung.<\/li>\n<li>Gewinnung von Vitaminen, insbesondere Vitamin E.<\/li>\n<li>Reinigung verschiedener nat\u00fcrlicher oder synthetischer Wirkstoffe, um unerw\u00fcnschte Molek\u00fcle (z. B. Pestizide) zu entfernen und gereinigte Produkte zu erhalten.<\/li>\n<li>Verarbeitung nat\u00fcrlicher antibakterieller oder antioxidativer Extrakte aus Kr\u00e4utern und Gew\u00fcrzen wie Basilikum, Thymian, Knoblauch und Zwiebeln sowie pflanzlichen Stoffen wie Kamille, Chilipulver, S\u00fc\u00dfholz und Fenchelsamen.<\/li>\n<\/ul>\n<p>&nbsp;<\/p>\n<p>Geh zur\u00fcck zu\u00a0<a href=\"https:\/\/labonsale.com\/de\/\">Startseite<\/a><\/p>\n<p>Erfahren Sie mehr \u00fcber die Extraktion \u00fcberkritischer Fl\u00fcssigkeiten auf <a href=\"https:\/\/en.wikipedia.org\/wiki\/Supercritical_fluid_extraction\" target=\"_blank\" rel=\"noopener\">Wikipedia<\/a><\/p>","protected":false},"excerpt":{"rendered":"<p>Entdecken Sie die Geheimnisse der \u00fcberkritischen CO2-Extraktion! Tauchen Sie ein in die revolution\u00e4re Methode, die Branchen im Sturm erobert.<\/p>\n<p>*Geringerer Strom- und Ethanolverbrauch<\/p>\n<p>*Von der Verarbeitung von 5 Pfund trockener Biomasse pro Tag bis zu 15.000 Pfund pro Tag.<\/p>\n<p>*Automatische SPS-Steuerung und vollst\u00e4ndige SOP verf\u00fcgbar<\/p>\n<p>*Design und Anpassung schl\u00fcsselfertiger L\u00f6sungen<\/p>","protected":false},"featured_media":1899,"comment_status":"closed","ping_status":"closed","template":"","meta":{"neve_meta_sidebar":"","neve_meta_container":"","neve_meta_enable_content_width":"off","neve_meta_content_width":100,"neve_meta_title_alignment":"","neve_meta_author_avatar":"","neve_post_elements_order":"","neve_meta_disable_header":"","neve_meta_disable_footer":"","neve_meta_disable_title":""},"product_brand":[],"product_cat":[24],"product_tag":[38],"class_list":{"0":"post-1883","1":"product","2":"type-product","3":"status-publish","4":"has-post-thumbnail","6":"product_cat-extraction-equipment","7":"product_tag-customized","9":"first","10":"instock","11":"shipping-taxable","12":"product-type-simple"},"_links":{"self":[{"href":"https:\/\/labonsale.com\/de\/wp-json\/wp\/v2\/product\/1883","targetHints":{"allow":["GET"]}}],"collection":[{"href":"https:\/\/labonsale.com\/de\/wp-json\/wp\/v2\/product"}],"about":[{"href":"https:\/\/labonsale.com\/de\/wp-json\/wp\/v2\/types\/product"}],"replies":[{"embeddable":true,"href":"https:\/\/labonsale.com\/de\/wp-json\/wp\/v2\/comments?post=1883"}],"version-history":[{"count":0,"href":"https:\/\/labonsale.com\/de\/wp-json\/wp\/v2\/product\/1883\/revisions"}],"wp:featuredmedia":[{"embeddable":true,"href":"https:\/\/labonsale.com\/de\/wp-json\/wp\/v2\/media\/1899"}],"wp:attachment":[{"href":"https:\/\/labonsale.com\/de\/wp-json\/wp\/v2\/media?parent=1883"}],"wp:term":[{"taxonomy":"product_brand","embeddable":true,"href":"https:\/\/labonsale.com\/de\/wp-json\/wp\/v2\/product_brand?post=1883"},{"taxonomy":"product_cat","embeddable":true,"href":"https:\/\/labonsale.com\/de\/wp-json\/wp\/v2\/product_cat?post=1883"},{"taxonomy":"product_tag","embeddable":true,"href":"https:\/\/labonsale.com\/de\/wp-json\/wp\/v2\/product_tag?post=1883"}],"curies":[{"name":"wp","href":"https:\/\/api.w.org\/{rel}","templated":true}]}}