{"id":983,"date":"2023-09-25T05:47:56","date_gmt":"2023-09-25T05:47:56","guid":{"rendered":"https:\/\/labonsale.com\/?page_id=983"},"modified":"2023-10-02T16:21:57","modified_gmt":"2023-10-02T16:21:57","slug":"logistik","status":"publish","type":"page","link":"https:\/\/labonsale.com\/de\/logistics\/","title":{"rendered":"Logistik"},"content":{"rendered":"<div data-elementor-type=\"wp-page\" data-elementor-id=\"983\" class=\"elementor elementor-983\" data-elementor-post-type=\"page\">\n\t\t\t\t<div class=\"elementor-element elementor-element-d60cc1f e-flex e-con-boxed e-con e-parent\" data-id=\"d60cc1f\" data-element_type=\"container\" data-e-type=\"container\">\n\t\t\t\t\t<div class=\"e-con-inner\">\n\t\t\t\t<div class=\"elementor-element elementor-element-e76862c elementor-widget elementor-widget-heading\" data-id=\"e76862c\" data-element_type=\"widget\" data-e-type=\"widget\" data-widget_type=\"heading.default\">\n\t\t\t\t<div class=\"elementor-widget-container\">\n\t\t\t\t\t<h1 class=\"elementor-heading-title elementor-size-default\">Logistik<\/h1>\t\t\t\t<\/div>\n\t\t\t\t<\/div>\n\t\t\t\t\t<\/div>\n\t\t\t\t<\/div>\n\t\t<div class=\"elementor-element elementor-element-674ed0f3 e-con-full e-flex e-con e-parent\" data-id=\"674ed0f3\" data-element_type=\"container\" data-e-type=\"container\" data-settings=\"{&quot;background_background&quot;:&quot;classic&quot;}\">\n\t\t<div class=\"elementor-element elementor-element-38a98cc6 e-con-full e-flex e-con e-child\" data-id=\"38a98cc6\" data-element_type=\"container\" data-e-type=\"container\" data-settings=\"{&quot;background_background&quot;:&quot;classic&quot;}\">\n\t\t\t\t<div class=\"elementor-element elementor-element-26157890 elementor-widget elementor-widget-heading\" data-id=\"26157890\" data-element_type=\"widget\" data-e-type=\"widget\" data-widget_type=\"heading.default\">\n\t\t\t\t<div class=\"elementor-widget-container\">\n\t\t\t\t\t<p class=\"elementor-heading-title elementor-size-default\">Dienstleistungen<\/p>\t\t\t\t<\/div>\n\t\t\t\t<\/div>\n\t\t\t\t<div class=\"elementor-element elementor-element-73111ea1 elementor-widget elementor-widget-heading\" data-id=\"73111ea1\" data-element_type=\"widget\" data-e-type=\"widget\" data-widget_type=\"heading.default\">\n\t\t\t\t<div class=\"elementor-widget-container\">\n\t\t\t\t\t<h2 class=\"elementor-heading-title elementor-size-default\">Logistik-Exzellenz<\/h2>\t\t\t\t<\/div>\n\t\t\t\t<\/div>\n\t\t\t\t<div class=\"elementor-element elementor-element-61817001 elementor-widget elementor-widget-text-editor\" data-id=\"61817001\" data-element_type=\"widget\" data-e-type=\"widget\" data-widget_type=\"text-editor.default\">\n\t\t\t\t<div class=\"elementor-widget-container\">\n\t\t\t\t\t\t\t\t\t<p>Bei Labonsale nehmen wir die Logistik ernst, um unseren Kunden ein nahtloses Erlebnis zu gew\u00e4hrleisten. Unser Engagement f\u00fcr die schnelle, sichere und kosteng\u00fcnstige Lieferung Ihrer Bestellungen steht im Mittelpunkt unserer Logistikstrategie.<\/p>\t\t\t\t\t\t\t\t<\/div>\n\t\t\t\t<\/div>\n\t\t\t\t<\/div>\n\t\t<div class=\"elementor-element elementor-element-d85d5e8 e-con-full e-flex e-con e-child\" data-id=\"d85d5e8\" data-element_type=\"container\" data-e-type=\"container\">\n\t\t\t\t<div class=\"elementor-element elementor-element-118fa65c animated-slow elementor-invisible elementor-widget elementor-widget-icon-box\" data-id=\"118fa65c\" data-element_type=\"widget\" data-e-type=\"widget\" data-settings=\"{&quot;_animation&quot;:&quot;fadeIn&quot;,&quot;_animation_delay&quot;:&quot;0&quot;}\" data-widget_type=\"icon-box.default\">\n\t\t\t\t<div class=\"elementor-widget-container\">\n\t\t\t\t\t\t\t<div class=\"elementor-icon-box-wrapper\">\n\n\t\t\t\n\t\t\t\t\t\t<div class=\"elementor-icon-box-content\">\n\n\t\t\t\t\t\t\t\t\t<h3 class=\"elementor-icon-box-title\">\n\t\t\t\t\t\t<span  >\n\t\t\t\t\t\t\tVerpackung\t\t\t\t\t\t<\/span>\n\t\t\t\t\t<\/h3>\n\t\t\t\t\n\t\t\t\t\t\t\t\t\t<p class=\"elementor-icon-box-description\">\n\t\t\t\t\t\tWir wissen, wie wichtig es ist, sicherzustellen, dass Ihre Produkte Sie in einwandfreiem Zustand erreichen. Deshalb verwenden wir modernste Verpackungstechniken und -materialien, um Ihre wertvollen Eink\u00e4ufe w\u00e4hrend des Transports zu sch\u00fctzen.\t\t\t\t\t<\/p>\n\t\t\t\t\n\t\t\t<\/div>\n\t\t\t\n\t\t<\/div>\n\t\t\t\t\t\t<\/div>\n\t\t\t\t<\/div>\n\t\t\t\t<div class=\"elementor-element elementor-element-4dac6afe animated-slow elementor-invisible elementor-widget elementor-widget-icon-box\" data-id=\"4dac6afe\" data-element_type=\"widget\" data-e-type=\"widget\" data-settings=\"{&quot;_animation&quot;:&quot;fadeIn&quot;,&quot;_animation_delay&quot;:&quot;200&quot;}\" data-widget_type=\"icon-box.default\">\n\t\t\t\t<div class=\"elementor-widget-container\">\n\t\t\t\t\t\t\t<div class=\"elementor-icon-box-wrapper\">\n\n\t\t\t\n\t\t\t\t\t\t<div class=\"elementor-icon-box-content\">\n\n\t\t\t\t\t\t\t\t\t<h3 class=\"elementor-icon-box-title\">\n\t\t\t\t\t\t<span  >\n\t\t\t\t\t\t\tVersandarten\t\t\t\t\t\t<\/span>\n\t\t\t\t\t<\/h3>\n\t\t\t\t\n\t\t\t\t\t\t\t\t\t<p class=\"elementor-icon-box-description\">\n\t\t\t\t\t\tWir bieten eine Reihe internationaler Versandoptionen an, darunter DHL, UPS, TNT, EMS und mehr, sodass Sie diejenige ausw\u00e4hlen k\u00f6nnen, die Ihrem Zeitplan und Budget entspricht. Alternativ k\u00f6nnen Sie f\u00fcr zus\u00e4tzliche Flexibilit\u00e4t auch Ihren bevorzugten Spediteur nutzen. Wir bieten verschiedene Versandarten an, um Ihren Anforderungen gerecht zu werden.\t\t\t\t\t<\/p>\n\t\t\t\t\n\t\t\t<\/div>\n\t\t\t\n\t\t<\/div>\n\t\t\t\t\t\t<\/div>\n\t\t\t\t<\/div>\n\t\t\t\t<div class=\"elementor-element elementor-element-3cdb97d8 animated-slow elementor-invisible elementor-widget elementor-widget-icon-box\" data-id=\"3cdb97d8\" data-element_type=\"widget\" data-e-type=\"widget\" data-settings=\"{&quot;_animation&quot;:&quot;fadeIn&quot;,&quot;_animation_delay&quot;:&quot;300&quot;}\" data-widget_type=\"icon-box.default\">\n\t\t\t\t<div class=\"elementor-widget-container\">\n\t\t\t\t\t\t\t<div class=\"elementor-icon-box-wrapper\">\n\n\t\t\t\n\t\t\t\t\t\t<div class=\"elementor-icon-box-content\">\n\n\t\t\t\t\t\t\t\t\t<h3 class=\"elementor-icon-box-title\">\n\t\t\t\t\t\t<span  >\n\t\t\t\t\t\t\tKundendienst\t\t\t\t\t\t<\/span>\n\t\t\t\t\t<\/h3>\n\t\t\t\t\n\t\t\t\t\t\t\t\t\t<p class=\"elementor-icon-box-description\">\n\t\t\t\t\t\tBei Labonsale sind wir bestrebt, nicht nur qualitativ hochwertige Produkte zu liefern, sondern auch einen erstklassigen Kundenservice zu bieten. Unser engagiertes Kundensupport-Team ist f\u00fcr Sie da, um Sie bei allen logistischen Fragen oder Anliegen zu unterst\u00fctzen. Wenn Sie Unterst\u00fctzung in Bezug auf Versand, Sendungsverfolgung oder andere logistische Angelegenheiten ben\u00f6tigen, k\u00f6nnen Sie sich gerne an uns wenden.\t\t\t\t\t<\/p>\n\t\t\t\t\n\t\t\t<\/div>\n\t\t\t\n\t\t<\/div>\n\t\t\t\t\t\t<\/div>\n\t\t\t\t<\/div>\n\t\t\t\t<\/div>\n\t\t\t\t<\/div>\n\t\t<div class=\"elementor-element elementor-element-40517c4 e-flex e-con-boxed e-con e-parent\" data-id=\"40517c4\" data-element_type=\"container\" data-e-type=\"container\">\n\t\t\t\t\t<div class=\"e-con-inner\">\n\t\t\t\t<div class=\"elementor-element elementor-element-f5ae93f elementor-widget elementor-widget-heading\" data-id=\"f5ae93f\" data-element_type=\"widget\" data-e-type=\"widget\" data-widget_type=\"heading.default\">\n\t\t\t\t<div class=\"elementor-widget-container\">\n\t\t\t\t\t<h3 class=\"elementor-heading-title elementor-size-default\">Verpackung<\/h3>\t\t\t\t<\/div>\n\t\t\t\t<\/div>\n\t\t\t\t<div class=\"elementor-element elementor-element-31b35c8 elementor-widget elementor-widget-text-editor\" data-id=\"31b35c8\" data-element_type=\"widget\" data-e-type=\"widget\" data-widget_type=\"text-editor.default\">\n\t\t\t\t<div class=\"elementor-widget-container\">\n\t\t\t\t\t\t\t\t\t<ul><li>Holzkoffer mit Isoliereinlagen und Schutzschaum;<\/li><li>Es sind sowohl neutrale als auch ma\u00dfgeschneiderte Verpackungen erh\u00e4ltlich.<\/li><\/ul>\t\t\t\t\t\t\t\t<\/div>\n\t\t\t\t<\/div>\n\t\t\t\t\t<\/div>\n\t\t\t\t<\/div>\n\t\t<div class=\"elementor-element elementor-element-1376848 e-flex e-con-boxed e-con e-parent\" data-id=\"1376848\" data-element_type=\"container\" data-e-type=\"container\">\n\t\t\t\t\t<div class=\"e-con-inner\">\n\t\t<div class=\"elementor-element elementor-element-3e29d70 e-con-full e-flex e-con e-child\" data-id=\"3e29d70\" data-element_type=\"container\" data-e-type=\"container\">\n\t\t\t\t<div class=\"elementor-element elementor-element-e2350b3 elementor-widget elementor-widget-image\" data-id=\"e2350b3\" data-element_type=\"widget\" data-e-type=\"widget\" data-widget_type=\"image.default\">\n\t\t\t\t<div class=\"elementor-widget-container\">\n\t\t\t\t\t\t\t\t\t\t\t\t\t\t\t<img decoding=\"async\" src=\"https:\/\/labonsale.com\/wp-content\/uploads\/2023\/10\/Fumigation-free-wooden-box-packaging.webp\" title=\"Begasungsfreie Holzkistenverpackung\" alt=\"Begasungsfreie Holzkistenverpackung\" loading=\"lazy\" \/>\t\t\t\t\t\t\t\t\t\t\t\t\t\t\t<\/div>\n\t\t\t\t<\/div>\n\t\t\t\t<\/div>\n\t\t<div class=\"elementor-element elementor-element-6bea099 e-con-full e-flex e-con e-child\" data-id=\"6bea099\" data-element_type=\"container\" data-e-type=\"container\">\n\t\t\t\t<div class=\"elementor-element elementor-element-4ce437e elementor-widget elementor-widget-image\" data-id=\"4ce437e\" data-element_type=\"widget\" data-e-type=\"widget\" data-widget_type=\"image.default\">\n\t\t\t\t<div class=\"elementor-widget-container\">\n\t\t\t\t\t\t\t\t\t\t\t\t\t\t\t<img decoding=\"async\" src=\"https:\/\/labonsale.com\/wp-content\/uploads\/2023\/10\/Wooden-case-with-insulation-inserts-and-protective-foam.webp\" title=\"Wooden case with insulation inserts and protective foam\" alt=\"Wooden case with insulation inserts and protective foam\" loading=\"lazy\" \/>\t\t\t\t\t\t\t\t\t\t\t\t\t\t\t<\/div>\n\t\t\t\t<\/div>\n\t\t\t\t<\/div>\n\t\t\t\t\t<\/div>\n\t\t\t\t<\/div>\n\t\t<div class=\"elementor-element elementor-element-4eb6d28 e-flex e-con-boxed e-con e-parent\" data-id=\"4eb6d28\" data-element_type=\"container\" data-e-type=\"container\">\n\t\t\t\t\t<div class=\"e-con-inner\">\n\t\t\t\t<div class=\"elementor-element elementor-element-045a40f elementor-widget elementor-widget-heading\" data-id=\"045a40f\" data-element_type=\"widget\" data-e-type=\"widget\" data-widget_type=\"heading.default\">\n\t\t\t\t<div class=\"elementor-widget-container\">\n\t\t\t\t\t<h3 class=\"elementor-heading-title elementor-size-default\">Versandarten<\/h3>\t\t\t\t<\/div>\n\t\t\t\t<\/div>\n\t\t\t\t\t<\/div>\n\t\t\t\t<\/div>\n\t\t<div class=\"elementor-element elementor-element-a0d02f0 e-flex e-con-boxed e-con e-parent\" data-id=\"a0d02f0\" data-element_type=\"container\" data-e-type=\"container\">\n\t\t\t\t\t<div class=\"e-con-inner\">\n\t\t<div class=\"elementor-element elementor-element-d85c738 e-con-full e-flex e-con e-child\" data-id=\"d85c738\" data-element_type=\"container\" data-e-type=\"container\">\n\t\t\t\t<div class=\"elementor-element elementor-element-8204c2f elementor-widget elementor-widget-text-editor\" data-id=\"8204c2f\" data-element_type=\"widget\" data-e-type=\"widget\" data-widget_type=\"text-editor.default\">\n\t\t\t\t<div class=\"elementor-widget-container\">\n\t\t\t\t\t\t\t\t\t<p>Wir k\u00f6nnen Produkte per International Express wie DHL, UPS, TNT, EMS usw. an Sie versenden. Sie k\u00f6nnen auch basierend auf Ihrem Zeitplan und Ihrem Budget das Passende ausw\u00e4hlen. Au\u00dferdem k\u00f6nnen Sie sich f\u00fcr die Beauftragung Ihres Spediteurs entscheiden. Es stehen verschiedene Versandarten zur Verf\u00fcgung.<\/p>\t\t\t\t\t\t\t\t<\/div>\n\t\t\t\t<\/div>\n\t\t\t\t<\/div>\n\t\t<div class=\"elementor-element elementor-element-957b4bd e-con-full e-flex e-con e-child\" data-id=\"957b4bd\" data-element_type=\"container\" data-e-type=\"container\">\n\t\t\t\t<div class=\"elementor-element elementor-element-9cfa6de elementor-widget elementor-widget-image\" data-id=\"9cfa6de\" data-element_type=\"widget\" data-e-type=\"widget\" data-widget_type=\"image.default\">\n\t\t\t\t<div class=\"elementor-widget-container\">\n\t\t\t\t\t\t\t\t\t\t\t\t\t\t\t<img decoding=\"async\" src=\"https:\/\/labonsale.com\/wp-content\/uploads\/2023\/10\/Shipping-Method.webp\" title=\"Shipping Method\" alt=\"Shipping Method\" loading=\"lazy\" \/>\t\t\t\t\t\t\t\t\t\t\t\t\t\t\t<\/div>\n\t\t\t\t<\/div>\n\t\t\t\t<\/div>\n\t\t\t\t\t<\/div>\n\t\t\t\t<\/div>\n\t\t<div class=\"elementor-element elementor-element-a149fc2 e-flex e-con-boxed e-con e-parent\" data-id=\"a149fc2\" data-element_type=\"container\" data-e-type=\"container\">\n\t\t\t\t\t<div class=\"e-con-inner\">\n\t\t\t\t<div class=\"elementor-element elementor-element-4e2a147 elementor-widget elementor-widget-heading\" data-id=\"4e2a147\" data-element_type=\"widget\" data-e-type=\"widget\" data-widget_type=\"heading.default\">\n\t\t\t\t<div class=\"elementor-widget-container\">\n\t\t\t\t\t<h3 class=\"elementor-heading-title elementor-size-default\">Warranty &amp; Service:<\/h3>\t\t\t\t<\/div>\n\t\t\t\t<\/div>\n\t\t\t\t<div class=\"elementor-element elementor-element-6728b07 elementor-widget elementor-widget-text-editor\" data-id=\"6728b07\" data-element_type=\"widget\" data-e-type=\"widget\" data-widget_type=\"text-editor.default\">\n\t\t\t\t<div class=\"elementor-widget-container\">\n\t\t\t\t\t\t\t\t\t<p>\u25cfVorbereitung<br \/>\u201324\/7 Online-Service f\u00fcr Ihre Beratung<br \/>\u2013Helfen Sie bei der Auswahl des richtigen Modells oder bieten Sie eine schl\u00fcsselfertige L\u00f6sung an<br \/>\u25cfMittlerer Dienst<br \/>\u2013Machen Sie das beste Angebot f\u00fcr Sie<br \/>\u2013W\u00e4hlen Sie die Zahlungsbedingungen nach Ihren W\u00fcnschen<br \/>\u2013 Vereinbaren Sie die Produktion und Lieferung so schnell wie m\u00f6glich und informieren Sie sich \u00fcber den Fortschritt<br \/>\u2013Geben Sie den gew\u00fcnschten Rechnungswert an, um Ihre Steuer zu senken<br \/>\u25cfKundendienst<br \/>\u20131 Jahr Garantieservice und gesamte lebenslange Wartung<br \/>\u2013Kostenloser Austausch einiger Teile<br \/>\u2013Technische Online-Beratung<br \/>\u2013Kostenlose Installations-DVD<\/p>\t\t\t\t\t\t\t\t<\/div>\n\t\t\t\t<\/div>\n\t\t\t\t\t<\/div>\n\t\t\t\t<\/div>\n\t\t<div class=\"elementor-element elementor-element-6e8a1b0 e-flex e-con-boxed e-con e-parent\" data-id=\"6e8a1b0\" data-element_type=\"container\" data-e-type=\"container\">\n\t\t\t\t\t<div class=\"e-con-inner\">\n\t\t\t\t<div class=\"elementor-element elementor-element-227aa56 elementor-widget elementor-widget-heading\" data-id=\"227aa56\" data-element_type=\"widget\" data-e-type=\"widget\" data-widget_type=\"heading.default\">\n\t\t\t\t<div class=\"elementor-widget-container\">\n\t\t\t\t\t<h3 class=\"elementor-heading-title elementor-size-default\">ZAHLUNGSBEDINGUNG<\/h3>\t\t\t\t<\/div>\n\t\t\t\t<\/div>\n\t\t\t\t<div class=\"elementor-element elementor-element-aebff5c elementor-widget elementor-widget-text-editor\" data-id=\"aebff5c\" data-element_type=\"widget\" data-e-type=\"widget\" data-widget_type=\"text-editor.default\">\n\t\t\t\t<div class=\"elementor-widget-container\">\n\t\t\t\t\t\t\t\t\t<p>T\/T, Kreditkarte, Paypal usw.<\/p>\t\t\t\t\t\t\t\t<\/div>\n\t\t\t\t<\/div>\n\t\t\t\t\t<\/div>\n\t\t\t\t<\/div>\n\t\t\t\t<\/div>","protected":false},"excerpt":{"rendered":"<p>Logistics services Logistics Excellence At Labonsale, we take logistics seriously to ensure a seamless experience for our customers. Our commitment to delivering your orders promptly, securely, and cost-effectively is at the heart of our logistics strategy. Packaging We understand the importance of ensuring that your products reach you in pristine condition. That&#8217;s why we employ&hellip;&nbsp;<a href=\"https:\/\/labonsale.com\/de\/logistics\/\" class=\"\" rel=\"bookmark\">Weiterlesen &raquo;<span class=\"screen-reader-text\">Logistik<\/span><\/a><\/p>","protected":false},"author":1,"featured_media":0,"parent":0,"menu_order":0,"comment_status":"closed","ping_status":"closed","template":"page-templates\/template-pagebuilder-full-width.php","meta":{"neve_meta_sidebar":"","neve_meta_container":"","neve_meta_enable_content_width":"","neve_meta_content_width":0,"neve_meta_title_alignment":"","neve_meta_author_avatar":"","neve_post_elements_order":"","neve_meta_disable_header":"","neve_meta_disable_footer":"","neve_meta_disable_title":"","footnotes":""},"class_list":["post-983","page","type-page","status-publish","hentry"],"_links":{"self":[{"href":"https:\/\/labonsale.com\/de\/wp-json\/wp\/v2\/pages\/983","targetHints":{"allow":["GET"]}}],"collection":[{"href":"https:\/\/labonsale.com\/de\/wp-json\/wp\/v2\/pages"}],"about":[{"href":"https:\/\/labonsale.com\/de\/wp-json\/wp\/v2\/types\/page"}],"author":[{"embeddable":true,"href":"https:\/\/labonsale.com\/de\/wp-json\/wp\/v2\/users\/1"}],"replies":[{"embeddable":true,"href":"https:\/\/labonsale.com\/de\/wp-json\/wp\/v2\/comments?post=983"}],"version-history":[{"count":52,"href":"https:\/\/labonsale.com\/de\/wp-json\/wp\/v2\/pages\/983\/revisions"}],"predecessor-version":[{"id":1121,"href":"https:\/\/labonsale.com\/de\/wp-json\/wp\/v2\/pages\/983\/revisions\/1121"}],"wp:attachment":[{"href":"https:\/\/labonsale.com\/de\/wp-json\/wp\/v2\/media?parent=983"}],"curies":[{"name":"wp","href":"https:\/\/api.w.org\/{rel}","templated":true}]}}