{"id":1786,"date":"2024-02-23T05:58:11","date_gmt":"2024-02-23T05:58:11","guid":{"rendered":"https:\/\/labonsale.com\/?page_id=1786"},"modified":"2024-10-11T03:08:11","modified_gmt":"2024-10-11T03:08:11","slug":"vielen-dank-fur-ihre-anfrage","status":"publish","type":"page","link":"https:\/\/labonsale.com\/de\/thanks-for-your-inquiry\/","title":{"rendered":"thanks for your inquiry"},"content":{"rendered":"<div data-elementor-type=\"wp-page\" data-elementor-id=\"1786\" class=\"elementor elementor-1786\" data-elementor-post-type=\"page\">\n\t\t\t\t<div class=\"elementor-element elementor-element-14ae3cb e-flex e-con-boxed e-con e-parent\" data-id=\"14ae3cb\" data-element_type=\"container\" data-e-type=\"container\">\n\t\t\t\t\t<div class=\"e-con-inner\">\n\t\t\t\t<div class=\"elementor-element elementor-element-bbc250a elementor-widget elementor-widget-heading\" data-id=\"bbc250a\" data-element_type=\"widget\" data-e-type=\"widget\" data-widget_type=\"heading.default\">\n\t\t\t\t<div class=\"elementor-widget-container\">\n\t\t\t\t\t<h2 class=\"elementor-heading-title elementor-size-default\">Danke!<\/h2>\t\t\t\t<\/div>\n\t\t\t\t<\/div>\n\t\t\t\t\t<\/div>\n\t\t\t\t<\/div>\n\t\t<div class=\"elementor-element elementor-element-e7e4a3f e-flex e-con-boxed e-con e-parent\" data-id=\"e7e4a3f\" data-element_type=\"container\" data-e-type=\"container\">\n\t\t\t\t\t<div class=\"e-con-inner\">\n\t\t\t\t<div class=\"elementor-element elementor-element-70e49af elementor-widget elementor-widget-text-editor\" data-id=\"70e49af\" data-element_type=\"widget\" data-e-type=\"widget\" data-widget_type=\"text-editor.default\">\n\t\t\t\t<div class=\"elementor-widget-container\">\n\t\t\t\t\t\t\t\t\t<p>Ihre Nachricht wurde erfolgreich gesendet!<\/p>\n<p>Vielen Dank, dass Sie sich an Labonsale gewandt haben! Wir haben Ihre Anfrage erhalten und freuen uns, dass Sie uns f\u00fcr Ihre Laboranforderungen in Betracht ziehen.<\/p>\n<p>Unser Team ist bestrebt, Ihnen einen au\u00dfergew\u00f6hnlichen Service zu bieten. Wir werden uns so schnell wie m\u00f6glich bei Ihnen melden, um Ihre Fragen und Anforderungen zu beantworten. In der Zwischenzeit k\u00f6nnen Sie sich gerne auf unserer Website umsehen, um weitere Informationen zu unseren Produkten und Dienstleistungen zu erhalten.<\/p>\n<p>Bei Labonsale sind wir bestrebt, Ihre Laborbeschaffung reibungslos und effizient zu gestalten. Wir freuen uns auf die Gelegenheit, Sie bei der Suche nach der perfekten L\u00f6sung f\u00fcr Ihre Forschungsvorhaben zu unterst\u00fctzen.<\/p>\n<p>Wenn Sie dringende Fragen haben oder sofortige Hilfe ben\u00f6tigen, z\u00f6gern Sie bitte nicht, unser Kundensupportteam online zu kontaktieren.<\/p>\n<p>Nochmals vielen Dank, dass Sie sich f\u00fcr Labonsale entschieden haben. Wir freuen uns, Ihnen behilflich sein zu d\u00fcrfen.<\/p>\n<p>Beste gr\u00fc\u00dfe,<\/p>\n<p>Labonsale Team<\/p>\t\t\t\t\t\t\t\t<\/div>\n\t\t\t\t<\/div>\n\t\t\t\t\t<\/div>\n\t\t\t\t<\/div>\n\t\t\t\t<\/div>","protected":false},"excerpt":{"rendered":"<p>Thanks! Your message has been sent successfully! Thank you for reaching out to Labonsale! We have received your inquiry and are thrilled that you are considering us for your laboratory needs. Our team is dedicated to providing exceptional service, and we will get back to you as soon as possible to address your questions and&hellip;&nbsp;<a href=\"https:\/\/labonsale.com\/de\/thanks-for-your-inquiry\/\" class=\"\" rel=\"bookmark\">Weiterlesen &raquo;<span class=\"screen-reader-text\">thanks for your inquiry<\/span><\/a><\/p>","protected":false},"author":1,"featured_media":0,"parent":0,"menu_order":0,"comment_status":"closed","ping_status":"closed","template":"","meta":{"neve_meta_sidebar":"","neve_meta_container":"","neve_meta_enable_content_width":"","neve_meta_content_width":0,"neve_meta_title_alignment":"","neve_meta_author_avatar":"","neve_post_elements_order":"","neve_meta_disable_header":"","neve_meta_disable_footer":"","neve_meta_disable_title":"","footnotes":""},"class_list":["post-1786","page","type-page","status-publish","hentry"],"_links":{"self":[{"href":"https:\/\/labonsale.com\/de\/wp-json\/wp\/v2\/pages\/1786","targetHints":{"allow":["GET"]}}],"collection":[{"href":"https:\/\/labonsale.com\/de\/wp-json\/wp\/v2\/pages"}],"about":[{"href":"https:\/\/labonsale.com\/de\/wp-json\/wp\/v2\/types\/page"}],"author":[{"embeddable":true,"href":"https:\/\/labonsale.com\/de\/wp-json\/wp\/v2\/users\/1"}],"replies":[{"embeddable":true,"href":"https:\/\/labonsale.com\/de\/wp-json\/wp\/v2\/comments?post=1786"}],"version-history":[{"count":19,"href":"https:\/\/labonsale.com\/de\/wp-json\/wp\/v2\/pages\/1786\/revisions"}],"predecessor-version":[{"id":2848,"href":"https:\/\/labonsale.com\/de\/wp-json\/wp\/v2\/pages\/1786\/revisions\/2848"}],"wp:attachment":[{"href":"https:\/\/labonsale.com\/de\/wp-json\/wp\/v2\/media?parent=1786"}],"curies":[{"name":"wp","href":"https:\/\/api.w.org\/{rel}","templated":true}]}}